{"id":287,"date":"2020-09-12T12:28:07","date_gmt":"2020-09-12T14:28:07","guid":{"rendered":"https:\/\/sites.usp.br\/tributario\/?page_id=287"},"modified":"2024-02-24T21:14:13","modified_gmt":"2024-02-24T23:14:13","slug":"tributacaodoagronegocio","status":"publish","type":"page","link":"https:\/\/sites.usp.br\/tributario\/tributacaodoagronegocio\/","title":{"rendered":"Tributa\u00e7\u00e3o do Agroneg\u00f3cio"},"content":{"rendered":"<p><!-- <meta http-equiv=\"Content-Type\" content=\"text\/html; charset=UTF-8\" \/>--><\/p>\n<div id=\"wrapper\" class=\"bg-3\">\n<div id=\"header\">\n<div id=\"header_content\"><\/div>\n<\/div>\n<div id=\"menu\">\n<div id=\"nav\" class=\"site-navigation primary-navigation\">\n<div class=\"menu-principal-container\"><\/div>\n<\/div>\n<\/div>\n<div id=\"container\">\n<div id=\"conteudo-pagina-sidebar\">\n<div id=\"texto-pagina-sidebar\">\n<p style=\"text-align: center;\"><strong>Realiza\u00e7\u00e3o:\u00a0<\/strong><br \/>\nUNIVERSIDADE DE S\u00c3O PAULO \u2013 FACULDADE DE DIREITO DE RIBEIR\u00c3O PRETO E FADEP (CONV\u00caNIO DE GEST\u00c3O: FADEP-FDRP-USP)<\/p>\n<p>&nbsp;<\/p>\n<p><strong>Contato FADEP:\u00a0<\/strong><br \/>\n(16) 3329-9100 e 99346-9097 | E-mail: academico@fadeprp.org.br<\/p>\n<p>&nbsp;<\/p>\n<p><strong>T\u00edtulo do curso:<\/strong><\/p>\n<p><strong>CURSO DE ATUALIZA\u00c7\u00c3O \u2013 TRIBUTA\u00c7\u00c3O DO AGRONEG\u00d3CIO (EAD) \u20132\u00aa Edi\u00e7\u00e3o<\/strong><\/p>\n<p>&nbsp;<\/p>\n<p><strong>SEGUNDA EDI\u00c7\u00c3O \u2013 2023<\/strong><\/p>\n<p>&nbsp;<\/p>\n<p><span style=\"color: #ff0000;\"><br \/>\n<strong>BOLSISTAS \u2013SEGUNDA CHAMADA PARA MATR\u00cdCULA (09 a 14\/08\/2023, at\u00e9 as 15h00)\u00a0<\/strong><br \/>\n<\/span><\/p>\n<p><a href=\"https:\/\/www.direitorp.usp.br\/wp-content\/uploads\/2023\/08\/Lista-de-aprovados-com-bolsa-2a-Chamada.pdf\">Lista de aprovados com bolsa \u20132\u00aa Chamada<\/a><\/p>\n<p>&nbsp;<\/p>\n<h2><span style=\"color: #ff0000;\"><br \/>\n<strong>Sele\u00e7\u00e3o para vagas remanescentes:<\/strong><br \/>\n<\/span><\/h2>\n<p>Informamos que o processo seletivo para o curso foi reaberto, em raz\u00e3o de 5 (cinco) vagas remanescentes para alunos pagantes.<\/p>\n<p>Os interessados devem entrar em contado direto com a Funda\u00e7\u00e3o pelo telefone (016) 3329-9100, pois a matr\u00edcula ser\u00e1 realizada por ordem de apresenta\u00e7\u00e3o da documenta\u00e7\u00e3o prevista no edital at\u00e9 o t\u00e9rmino das vagas.<\/p>\n<p>&nbsp;<\/p>\n<p><span style=\"color: #ff0000;\"><br \/>\n<strong>DOCUMENTOS PARA MATR\u00cdCULA<\/strong><br \/>\n<\/span><\/p>\n<p><a href=\"https:\/\/www.direitorp.usp.br\/wp-content\/uploads\/2023\/07\/LISTA-DE-DOCUMENTOS-E-PROCEDIMENTOS-PARA-MATRICULA-1.pdf\">LISTA DE DOCUMENTOS E PROCEDIMENTOS PARA MATR\u00cdCULA<\/a><\/p>\n<p><a href=\"https:\/\/www.direitorp.usp.br\/wp-content\/uploads\/2023\/07\/FICHA-DE-MATRICULA-TRIBUTACAO-DO-AGRONEGOCIO-2a-EDICAO.pdf\">FICHA DE MATR\u00cdCULA \u2013TRIBUTA\u00c7\u00c3O DO AGRONEG\u00d3CIO 2\u00aa EDI\u00c7\u00c3O<\/a><\/p>\n<p><a href=\"https:\/\/www.direitorp.usp.br\/wp-content\/uploads\/2023\/07\/Contrato-de-Pestacao-de-Servicos-PAGANTE-Curso-de-Atualizacao-Tributacao-do-Agronegocio.pdf\">Contrato de Pesta\u00e7\u00e3o de Servi\u00e7os \u2013PAGANTE \u2013Curso de Atualiza\u00e7\u00e3o Tributa\u00e7\u00e3o do Agroneg\u00f3cio<\/a><\/p>\n<p><a href=\"https:\/\/www.direitorp.usp.br\/wp-content\/uploads\/2023\/07\/Contrato-de-Pestacao-de-Servicos-BOLSISTA-Curso-de-Atualizacao-Tributacao-do-Agronegocio.pdf\">Contrato de Pesta\u00e7\u00e3o de Servi\u00e7os \u2013BOLSISTA \u2013Curso de Atualiza\u00e7\u00e3o Tributa\u00e7\u00e3o do Agroneg\u00f3cio<\/a><\/p>\n<p>&nbsp;<\/p>\n<p><span style=\"color: #ff0000;\"><br \/>\n<strong>REABERTURA DE INSCRI\u00c7\u00d5ES PARA BOLSISTAS<\/strong><br \/>\n<\/span><\/p>\n<p>Est\u00e3o reabertas as inscri\u00e7\u00f5es, de 01 a 07 de agosto, para 3 (tr\u00eas) bolsas remanescentes pelos mesmos crit\u00e9rios do edital.<\/p>\n<p>&nbsp;<\/p>\n<p>CHAMADA PARA MATR\u00cdCULA<\/p>\n<p><a href=\"https:\/\/www.direitorp.usp.br\/wp-content\/uploads\/2023\/07\/Lista-de-aprovados-pagantes-1a-Chamada.pdf\"><br \/>\n<span style=\"color: #000000;\">Lista de aprovados pagantes \u20131\u00aa Chamada<\/span><br \/>\n<\/a><\/p>\n<p><span style=\"color: #000000;\"><br \/>\n<a style=\"color: #000000;\" href=\"https:\/\/www.direitorp.usp.br\/wp-content\/uploads\/2023\/07\/Lista-de-aprovados-com-bolsa-1a-Chamada.pdf\">Lista de aprovados com bolsa \u20131\u00aa Chamada<\/a><br \/>\n<\/span><\/p>\n<p><span style=\"color: #000000;\"><br \/>\n<a style=\"color: #000000;\" href=\"https:\/\/www.direitorp.usp.br\/wp-content\/uploads\/2023\/08\/Lista-de-aprovados-pagantes-2a-Chamada.pdf\">Lista de aprovados pagantes \u20132\u00aa Chamada<\/a><br \/>\n<\/span><\/p>\n<p>&nbsp;<\/p>\n<p>&nbsp;<\/p>\n<p><strong>Aulas<\/strong><\/p>\n<p>Semanalmente, \u00e0s ter\u00e7as-feiras, das 19h00 \u00e0s 22h00<\/p>\n<p>In\u00edcio (previs\u00e3o): 15\/08\/2023<\/p>\n<p>&nbsp;<\/p>\n<p><strong>EDITAIS<\/strong><\/p>\n<p><a href=\"https:\/\/www.direitorp.usp.br\/wp-content\/uploads\/2023\/06\/Edital-Tributacao-do-Agronegocio-2023.pdf\">Edital 14\/2023<\/a><\/p>\n<p>&nbsp;<\/p>\n<p><strong>FOMUL\u00c1RIO DE INSCRI\u00c7\u00c3O<\/strong><\/p>\n<p><a href=\"https:\/\/forms.gle\/LMChYpKYiU2iYsa57\">Link do formul\u00e1rio<\/a><\/p>\n<p>&nbsp;<\/p>\n<p><strong>Bolsas de Estudo<\/strong><\/p>\n<p>Ser\u00e3o oferecidas 06 bolsas de estudo, conforme crit\u00e9rios previstos no edital.<\/p>\n<p>&nbsp;<\/p>\n<p><strong>Forma de oferta:\u00a0<\/strong><br \/>\no curso \u00e9<br \/>\n100% no formato \u201cEnsino a Dist\u00e2ncia (EAD)\u201d, com as atividades, inclusive aulas, em ambiente remoto.<\/p>\n<p>&nbsp;<\/p>\n<p><strong>P\u00fablico Alvo:<\/strong><\/p>\n<p>Graduados em qualquer \u00e1rea, empres\u00e1rios e profissionais atuantes no campo tribut\u00e1rio e empresarial do setor do agroneg\u00f3cio, que buscam aperfei\u00e7oamento e progresso profissional em face dos novos desafios do mercado de trabalho.<\/p>\n<p>&nbsp;<\/p>\n<p><strong>OBJETIVOS DO CURSO\u00a0<\/strong><\/p>\n<p>\u2013Oferecer, aos participantes, s\u00f3lido conhecimento dos esteios do tratamento tribut\u00e1rio do agroneg\u00f3cio;<br \/>\n\u2013Apresentar as raz\u00f5es socioecon\u00f4micas para fomento do setor e a an\u00e1lise cr\u00edtica da sua fun\u00e7\u00e3o;<br \/>\n\u2013Promover a an\u00e1lise da tributa\u00e7\u00e3o do agroneg\u00f3cio \u00e0 luz dos diversos segmentos que o comp\u00f5em, sejam eles \u201cantes da porteira \u201d(fornecimento de insumos, por exemplo), sejam \u201cdentro da porteira \u201d(produ\u00e7\u00e3o agropecu\u00e1ria propriamente dita), ou \u201cap\u00f3s a porteira \u201d(com\u00e9rcio, industrializa\u00e7\u00e3o e log\u00edstica, por exemplo);<br \/>\n\u2013Analisar as peculiaridades dos tributos com regimes espec\u00edficos sobre o setor (ex: a deprecia\u00e7\u00e3o acelerada incentivada);<br \/>\n\u2013Formar e aperfei\u00e7oar profissionais que atuam nos diversos polos da lide tribut\u00e1ria \u2013na organiza\u00e7\u00e3o empresarial, na defesa dos contribuintes, na defesa da Fazenda e no julgamento \u2013com especial aten\u00e7\u00e3o para as quest\u00f5es espec\u00edficas do agroneg\u00f3cio;<br \/>\n\u2013Possibilitar o debate construtivo entre profissionais que atuam em posi\u00e7\u00f5es opostas na lide tribut\u00e1ria.<\/p>\n<p>&nbsp;<\/p>\n<p><strong>CONTE\u00daDO PROGRAM\u00c1TICO<\/strong><\/p>\n<p>Conceito e abrang\u00eancia do termo agroneg\u00f3cio. Tratamento tribut\u00e1rio conferido ao agroneg\u00f3cio. Previs\u00f5es legais de favorecimento em fun\u00e7\u00e3o das peculiaridades do setor e das diversas cadeias agroindustriais que o comp\u00f5em. Tributa\u00e7\u00e3o da Renda, do patrim\u00f4nio e do consumo.<br \/>\nConte\u00fado program\u00e1tico: O conceito de agroneg\u00f3cio. Bases epistemol\u00f3gicas para o tratamento tribut\u00e1rio diferenciado. Imposto de Renda das pessoas F\u00edsicas e das Pessoas Jur\u00eddicas e Contribui\u00e7\u00e3o Social Sobre o Lucro L\u00edquido na atividade rural. Contratos do agroneg\u00f3cio e seus impactos fiscais. Parceria, arrendamento, integra\u00e7\u00e3o, comodato, cons\u00f3rcio, entre outros; Tributa\u00e7\u00e3o sobre a propriedade de im\u00f3veis rurais (ITR, Imposto de Renda sobre Ganhos de Capital, ITBI, e ITCMD). Tributa\u00e7\u00e3o do consumo no agroneg\u00f3cio. Funrural e outras contribui\u00e7\u00f5es. No\u00e7\u00e3o de Holding Rural e an\u00e1lise de viabilidade. O ato cooperado e a tributa\u00e7\u00e3o das cooperativas do agroneg\u00f3cio.<br \/>\nConte\u00fado program\u00e1tico: Tributa\u00e7\u00e3o sobre o consumo no agroneg\u00f3cio I: ICMS, IPI, II e IE. Imunidade, al\u00edquota zero, isen\u00e7\u00f5es, suspens\u00f5es e diferimentos. Tributa\u00e7\u00e3o sobre o consumo no agroneg\u00f3cio II: PIS\/COFINS. Imunidade, al\u00edquota zero, isen\u00e7\u00f5es, suspens\u00f5es e diferimentos. Contribui\u00e7\u00f5es no agroneg\u00f3cio: INCRA, SENAR, CNA e contribui\u00e7\u00e3o para terceiros. Contribui\u00e7\u00f5es Previdenci\u00e1rias no agroneg\u00f3cio: o \u201cFunrural\u201d. Tributa\u00e7\u00e3o das cooperativas do agroneg\u00f3cio. Holding Rural, opera\u00e7\u00f5es societ\u00e1rias e impactos na tributa\u00e7\u00e3o do agroneg\u00f3cio.<\/p>\n<p>&nbsp;<\/p>\n<p><strong>DESENVOLVIMENTO DAS AULAS E METODOLOGIAS DE APRENDIZAGEM<\/strong><\/p>\n<p>O curso ser\u00e1 integralmente executado por meio de ensino \u00e0 dist\u00e2ncia. Sua carga hor\u00e1ria de 48 horas ser\u00e1 dividida em 16 (dezesseis) encontros semanais de 3 (tr\u00eas) horas cada. Os encontros s\u00e3o divididos em expositivos e aqueles desenvolvidos pelo m\u00e9todo de aprendizagem one-for-all, em que os alunos receber\u00e3o previamente um roteiro de estudos com duas bibliografias obrigat\u00f3rias (textos e\/ou v\u00eddeos) e mais algumas de acesso suplementar. A bibliografia obrigat\u00f3ria ser\u00e1 oferecida em ambiente virtual. Esse roteiro de cada aula conter\u00e1, al\u00e9m da bibliografia, duas a quatro quest\u00f5es com grau crescente de dificuldade que dever\u00e3o ser respondidas, no aplicativo google classroom, at\u00e9 o in\u00edcio do encontro correspondente. A primeira hora de cada encontro na modalidade ativa ser\u00e1 dedicada ao debate das mesmas quest\u00f5es entre os alunos em grupos de 4 (quatro) a 5 (cinco) e \u00e0 confec\u00e7\u00e3o de nova resposta tamb\u00e9m no aplicativo google classroom, desta vez em nome do grupo. Os grupos ser\u00e3o organizados no google meet e os debates ser\u00e3o supervisionados obrigatoriamente pelo professor ministrante da aula do respectivo encontro e eventualmente tamb\u00e9m por monitores e pelo coordenador. A segunda hora ser\u00e1 dedicada a se debater, com o professor respons\u00e1vel pelo encontro, as respostas formuladas pelos alunos e demais quest\u00f5es correlatas ao tema. Por fim, na terceira hora, o professor respons\u00e1vel pelo encontro ir\u00e1 proferir, por meio do google meet uma aula expositiva sobre o tema do encontro.<\/p>\n<p>&nbsp;<\/p>\n<p><strong>Coordenadores<\/strong><\/p>\n<p>Prof. Dr. Guilherme Adolfo dos Santos Mendes<\/p>\n<p>Prof. Dr. Alexandre Naoki Nishioka<\/p>\n<p>&nbsp;<\/p>\n<p><strong>Docentes<\/strong><\/p>\n<p>Professor Doutor Guilherme Adolfo dos Santos Mendes<\/p>\n<p><a href=\"http:\/\/lattes.cnpq.br\/8179718482243437\">Curr\u00edculo<\/a><\/p>\n<p>Professoe Doutor Alexandre Naoki Nishioka<\/p>\n<p><a href=\"http:\/\/lattes.cnpq.br\/6582694872753976\">Curr\u00edculo<\/a><\/p>\n<p>Professor Doutor Amaury Jos\u00e9 Rezende<\/p>\n<p><a href=\"http:\/\/lattes.cnpq.br\/8601479989110069\">Curr\u00edculo<\/a><\/p>\n<p>Professor Mestre Lucas Issa Halah<\/p>\n<p><strong><br \/>\n<a href=\"http:\/\/lattes.cnpq.br\/3377244473700566\">Curr\u00edculo<\/a><br \/>\n<\/strong><\/p>\n<p>Professora Doutora Florence Cronemberger Haret Drago<\/p>\n<p><strong><br \/>\n<a href=\"http:\/\/lattes.cnpq.br\/3501079760539568\">Curr\u00edculo<\/a><br \/>\n<\/strong><\/p>\n<p>Professor Doutor F\u00e1bio Pallaretti Calcini<\/p>\n<p><strong><br \/>\n<a href=\"http:\/\/lattes.cnpq.br\/3224882420900158\">Curr\u00edculo<\/a><br \/>\n<\/strong><\/p>\n<p>Professor Doutor Maur\u00edcio Cezar Ara\u00fajo Fortes<\/p>\n<p><strong><br \/>\n<a href=\"http:\/\/lattes.cnpq.br\/8313406271660788\">Curr\u00edculo<\/a><br \/>\n<\/strong><\/p>\n<p>&nbsp;<\/p>\n<p><strong>Carga hor\u00e1ria do Curso:<\/strong><\/p>\n<p>48 (quarenta) horas.<\/p>\n<p>&nbsp;<\/p>\n<p><strong>Diploma:<\/strong><\/p>\n<p>O certificado ser\u00e1 emitido pela Universidade de S\u00e3o Paulo, respons\u00e1vel pelo planejamento, execu\u00e7\u00e3o e avalia\u00e7\u00e3o do Curso.<\/p>\n<p>&nbsp;<\/p>\n<p><strong>Investimento:\u00a0<\/strong><\/p>\n<p>O investimento para participar do curso \u00e9 de R$ 889,00 (oitocentos e oitenta e nove reais) pagos no ato da matr\u00edcula, mais tr\u00eas parcelas de R$ 889,00 (oitocentos e oitenta e nove\u00a0 reais) pagos at\u00e9 o dia 10 (dez) dos meses subsequentes, correspondentes ao valor total de R$ 3.556,00 (tr\u00eas mil, quinhentos e cinquenta e seis reais).<\/p>\n<p>&nbsp;<\/p>\n<p><strong>CRONOGRAMA<\/strong><\/p>\n<table width=\"703\">\n<tbody>\n<tr>\n<td width=\"460\"><strong>EVENTO\u00a0<\/strong><\/td>\n<td width=\"243\"><strong>DATA\/PER\u00cdODO<\/strong><\/td>\n<\/tr>\n<tr>\n<td width=\"460\">Divulga\u00e7\u00e3o do Edital de abertura do processo seletivo<\/td>\n<td width=\"243\">31\/05\/2023<\/td>\n<\/tr>\n<tr>\n<td width=\"460\">Inscri\u00e7\u00e3o on-line para o processo seletivo (n\u00e3o concorrente a bolsa)<\/td>\n<td width=\"243\">01\/06\/2023 a 24\/07\/2023<\/td>\n<\/tr>\n<tr>\n<td width=\"460\">Inscri\u00e7\u00e3o online para o processo seletivo (concorrente a bolsa)<\/td>\n<td width=\"243\">01\/06\/2023 a 03\/07\/2023<\/td>\n<\/tr>\n<tr>\n<td width=\"460\">Convoca\u00e7\u00e3o da primeira chamada dos candidatos selecionados<\/td>\n<td width=\"243\">25\/07\/2023<\/td>\n<\/tr>\n<tr>\n<td width=\"460\">Matr\u00edcula e envio de documentos da primeira chamada<\/td>\n<td width=\"243\">25\/07\/2023 a 31\/07\/2023 at\u00e9 as 15h00<\/td>\n<\/tr>\n<tr>\n<td width=\"460\">Previs\u00e3o do in\u00edcio das aulas<\/td>\n<td width=\"243\">15\/08\/2023<\/td>\n<\/tr>\n<tr>\n<td width=\"460\"><\/td>\n<td width=\"243\"><\/td>\n<\/tr>\n<\/tbody>\n<\/table>\n<p>&nbsp;<\/p>\n<p><strong>Informa\u00e7\u00f5es n\u00e3o acad\u00eamicas (documentos, matr\u00edcula, procedimentos, etc):<\/strong><\/p>\n<p>(16) 3329-9100 99346-9097 | E-mail: academico@fadeprp.org.br<\/p>\n<p>&nbsp;<\/p>\n<p><strong>Informa\u00e7\u00f5es acad\u00eamicas:<\/strong><\/p>\n<p>| e-mail: tributario@usp.br<\/p>\n<\/div>\n<\/div>\n<\/div>\n<\/div>\n","protected":false},"excerpt":{"rendered":"<p>Realiza\u00e7\u00e3o:\u00a0 UNIVERSIDADE DE S\u00c3O PAULO \u2013 FACULDADE DE DIREITO DE RIBEIR\u00c3O PRETO E FADEP (CONV\u00caNIO DE GEST\u00c3O: FADEP-FDRP-USP) &nbsp; Contato FADEP:\u00a0 (16) 3329-9100 e 99346-9097 | E-mail: academico@fadeprp.org.br &nbsp; T\u00edtulo do curso: CURSO DE ATUALIZA\u00c7\u00c3O \u2013 TRIBUTA\u00c7\u00c3O DO AGRONEG\u00d3CIO (EAD) \u20132\u00aa Edi\u00e7\u00e3o &nbsp; SEGUNDA EDI\u00c7\u00c3O \u2013 2023 &nbsp; BOLSISTAS \u2013SEGUNDA CHAMADA PARA MATR\u00cdCULA (09 a [&hellip;]<\/p>\n","protected":false},"author":22058,"featured_media":0,"parent":0,"menu_order":0,"comment_status":"closed","ping_status":"closed","template":"","meta":{"footnotes":"","_links_to":"","_links_to_target":""},"class_list":["post-287","page","type-page","status-publish","hentry"],"_links":{"self":[{"href":"https:\/\/sites.usp.br\/tributario\/wp-json\/wp\/v2\/pages\/287","targetHints":{"allow":["GET"]}}],"collection":[{"href":"https:\/\/sites.usp.br\/tributario\/wp-json\/wp\/v2\/pages"}],"about":[{"href":"https:\/\/sites.usp.br\/tributario\/wp-json\/wp\/v2\/types\/page"}],"author":[{"embeddable":true,"href":"https:\/\/sites.usp.br\/tributario\/wp-json\/wp\/v2\/users\/22058"}],"replies":[{"embeddable":true,"href":"https:\/\/sites.usp.br\/tributario\/wp-json\/wp\/v2\/comments?post=287"}],"version-history":[{"count":4,"href":"https:\/\/sites.usp.br\/tributario\/wp-json\/wp\/v2\/pages\/287\/revisions"}],"predecessor-version":[{"id":626,"href":"https:\/\/sites.usp.br\/tributario\/wp-json\/wp\/v2\/pages\/287\/revisions\/626"}],"wp:attachment":[{"href":"https:\/\/sites.usp.br\/tributario\/wp-json\/wp\/v2\/media?parent=287"}],"curies":[{"name":"wp","href":"https:\/\/api.w.org\/{rel}","templated":true}]}}