{"id":346,"date":"2020-09-13T12:02:17","date_gmt":"2020-09-13T14:02:17","guid":{"rendered":"https:\/\/sites.usp.br\/tributario\/?page_id=346"},"modified":"2024-02-24T19:33:13","modified_gmt":"2024-02-24T21:33:13","slug":"congresso","status":"publish","type":"page","link":"https:\/\/sites.usp.br\/tributario\/congresso\/","title":{"rendered":"I Congresso Internacional de Direito Tribut\u00e1rio da FDRP\/USP"},"content":{"rendered":"<p>&nbsp;<\/p>\n<p>Nos dias 19, 20, 21, 22 e 26 de outubro de 2020, o Setor de Direito Tribut\u00e1rio da Faculdade de Direito de Ribeir\u00e3o Preto da Universidade de S\u00e3o Paulo (FDRP\/USP) <strong>realizou<\/strong><strong>\u00a0seu I Congresso Internacional de Direito Tribut\u00e1rio.<\/strong><\/p>\n<p><a href=\"https:\/\/sites.usp.br\/tributario\/wp-content\/uploads\/sites\/805\/2020\/09\/WhatsApp-Image-2020-08-26-at-09.33.36.jpeg\"><img loading=\"lazy\" decoding=\"async\" class=\" wp-image-325 alignleft\" src=\"https:\/\/sites.usp.br\/tributario\/wp-content\/uploads\/sites\/805\/2020\/09\/WhatsApp-Image-2020-08-26-at-09.33.36-300x300.jpeg\" alt=\"\" width=\"230\" height=\"230\" srcset=\"https:\/\/sites.usp.br\/tributario\/wp-content\/uploads\/sites\/805\/2020\/09\/WhatsApp-Image-2020-08-26-at-09.33.36-300x300.jpeg 300w, https:\/\/sites.usp.br\/tributario\/wp-content\/uploads\/sites\/805\/2020\/09\/WhatsApp-Image-2020-08-26-at-09.33.36-1024x1024.jpeg 1024w, https:\/\/sites.usp.br\/tributario\/wp-content\/uploads\/sites\/805\/2020\/09\/WhatsApp-Image-2020-08-26-at-09.33.36-150x150.jpeg 150w, https:\/\/sites.usp.br\/tributario\/wp-content\/uploads\/sites\/805\/2020\/09\/WhatsApp-Image-2020-08-26-at-09.33.36-768x768.jpeg 768w, https:\/\/sites.usp.br\/tributario\/wp-content\/uploads\/sites\/805\/2020\/09\/WhatsApp-Image-2020-08-26-at-09.33.36-45x45.jpeg 45w, https:\/\/sites.usp.br\/tributario\/wp-content\/uploads\/sites\/805\/2020\/09\/WhatsApp-Image-2020-08-26-at-09.33.36-200x200.jpeg 200w, https:\/\/sites.usp.br\/tributario\/wp-content\/uploads\/sites\/805\/2020\/09\/WhatsApp-Image-2020-08-26-at-09.33.36-400x400.jpeg 400w, https:\/\/sites.usp.br\/tributario\/wp-content\/uploads\/sites\/805\/2020\/09\/WhatsApp-Image-2020-08-26-at-09.33.36.jpeg 1080w\" sizes=\"auto, (max-width: 230px) 100vw, 230px\" \/><\/a><\/p>\n<p style=\"text-align: left;\">O evento foi transmitido ao vivo e gratuitamente pelo <strong><a href=\"https:\/\/youtube.com\/channel\/UClxXPZSNRFTIrujOQIHQE1w\">YouTube (clique aqui)<\/a><\/strong>.<\/p>\n<p>Al\u00e9m dos tradicionais pain\u00e9is de debates sobre temas atuais e relevantes do direito tribut\u00e1rio, o evento contou com espa\u00e7o para apresenta\u00e7\u00e3o de trabalhos acad\u00eamicos.<\/p>\n<p>Nos dias 19 a 22 de outubro, ocorreram as cerim\u00f4nias de abertura e encerramento do evento, al\u00e9m das mesas de debates, com a participa\u00e7\u00e3o de palestrantes renomados no cen\u00e1rio nacional e internacional. No dia 26 de outubro, o evento seguiu com as apresenta\u00e7\u00f5es dos trabalhos dos autores que submeteram resumos expandidos e que foram selecionados.<\/p>\n<p>As informa\u00e7\u00f5es detalhadas do evento est\u00e3o dispon\u00edveis no edital. <strong>[download id=&#8221;408&#8243;]<\/strong><\/p>\n<p>Ainda, a organiza\u00e7\u00e3o do evento comunica que foram selecionados nove trabalhos para apresenta\u00e7\u00e3o no I Congresso Internacional de Direito Tribut\u00e1rio da FDRP\/USP. Os trabalhos foram apresentados em dois hor\u00e1rios (09:00\/11:00 e 14:00\/16:00) na segunda-feira (26\/10), divididos em virtude da \u00e1rea tem\u00e1tica (<strong>Processo e Planejamento Tribut\u00e1rio<\/strong> ou <strong>Tributa\u00e7\u00e3o, Desenvolvimento e Desigualdade<\/strong>) nos grupos de trabalho (GT). A apresenta\u00e7\u00e3o ocorreu na plataforma virtual google meet. Os autores e trabalhos selecionados <strong>est\u00e3o descritos no documento para download [download id=&#8221;505&#8243;].<\/strong><\/p>\n<hr \/>\n<h3><span style=\"color: #ff0000;\">Palestras e Mesas de Debates<\/span><\/h3>\n<hr \/>\n<h4><\/h4>\n<h6>Dia 19\/10\/2020 &#8211; 18:00 &#8211; Abertura &#8211; Prof. Catedr\u00e1tico Jos\u00e9 Casalta Nabais<\/h6>\n<div class=\"su-row\"><div class=\"su-column su-column-size-1-2\"><div class=\"su-column-inner su-u-clearfix su-u-trim\"><div class=\"su-youtube su-u-responsive-media-yes\"><iframe loading=\"lazy\" width=\"300\" height=\"300\" src=\"https:\/\/www.youtube.com\/embed\/qYVsS3yhxNw?\" frameborder=\"0\" allowfullscreen allow=\"autoplay; encrypted-media; picture-in-picture\" title=\"Abertura\"><\/iframe><\/div><\/div><\/div> <div class=\"su-column su-column-size-1-2\"><div class=\"su-column-inner su-u-clearfix su-u-trim\">Na abertura do I Congresso Internacional de Direito Tribut\u00e1rio da FDRP\/USP, <strong>Jos\u00e9 Casalta Nabais <\/strong>(Professor Catedr\u00e1tico da Faculdade de Direito da Universidade de Coimbra &#8211; Portugal), ministrar\u00e1 palestra com o tema &#8220;Que reforma tribut\u00e1ria para o s\u00e9culo XXI?&#8221;. <\/div><\/div><\/div>\n<hr \/>\n<h6>Dia 19\/10\/2020 &#8211; 20:00 &#8211; Tributa\u00e7\u00e3o e desigualdade<\/h6>\n<div class=\"su-row\"><div class=\"su-column su-column-size-1-2\"><div class=\"su-column-inner su-u-clearfix su-u-trim\"><div class=\"su-youtube su-u-responsive-media-yes\"><iframe loading=\"lazy\" width=\"300\" height=\"300\" src=\"https:\/\/www.youtube.com\/embed\/YAy1wUFFkJM?\" frameborder=\"0\" allowfullscreen allow=\"autoplay; encrypted-media; picture-in-picture\" title=\"Tributa\u00e7\u00e3o e desigualdade\"><\/iframe><\/div><\/div><\/div> <div class=\"su-column su-column-size-1-2\"><div class=\"su-column-inner su-u-clearfix su-u-trim\">No primeiro painel de debates do I Congresso Internacional de Direito Tribut\u00e1rio da FDRP\/USP, os conferencistas <strong>Ricardo Lodi <\/strong>(Reitor da UERJ), <strong>Tathiane Piscitelli <\/strong>(Professora da FGV Direito SP) e <strong>Carolina Silva Campos <\/strong>(Mestre pela FDRP\/USP) debater\u00e3o sobre o tema &#8220;Tributa\u00e7\u00e3o e desigualdade&#8221;, sob a media\u00e7\u00e3o de <strong>Guilherme Adolfo dos Santos Mendes <\/strong>(Professor da FDRP\/USP). <\/div><\/div><\/div>\n<hr \/>\n<h6>Dia 20\/10\/2020 &#8211; 08:30 &#8211; Direito tribut\u00e1rio e interdisciplinaridade<\/h6>\n<div class=\"su-row\"><div class=\"su-column su-column-size-1-2\"><div class=\"su-column-inner su-u-clearfix su-u-trim\"><div class=\"su-youtube su-u-responsive-media-yes\"><iframe loading=\"lazy\" width=\"300\" height=\"300\" src=\"https:\/\/www.youtube.com\/embed\/OH4PbaBmDMQ?\" frameborder=\"0\" allowfullscreen allow=\"autoplay; encrypted-media; picture-in-picture\" title=\"Direito tribut\u00e1rio e interdisciplinaridade\"><\/iframe><\/div><\/div><\/div> <div class=\"su-column su-column-size-1-2\"><div class=\"su-column-inner su-u-clearfix su-u-trim\">No segundo painel de debates do I Congresso Internacional de Direito Tribut\u00e1rio da FDRP\/USP, os conferencistas <strong>Paulo Ayres Barreto<\/strong><strong>\u00a0<\/strong>(Professor associado da FD\/USP), <strong>Amaury Rezende <\/strong>(Professora Associado da FEARP\/USP) e <strong>Valter Lobato <\/strong>(Professor de Direito Tribut\u00e1rio da UFMG) debater\u00e3o sobre o tema &#8220;Direito tribut\u00e1rio e interdisciplinaridade&#8221;, sob a media\u00e7\u00e3o de <strong>Maur\u00edcio Cezar Ara\u00fajo Fortes <\/strong>(Doutor em Direito Tribut\u00e1rio pela FD\/USP). <\/div><\/div><\/div>\n<hr \/>\n<h6>Dia 20\/10\/2020 &#8211; 11:00 &#8211; Tributa\u00e7\u00e3o e concorr\u00eancia<\/h6>\n<div class=\"su-row\"><div class=\"su-column su-column-size-1-2\"><div class=\"su-column-inner su-u-clearfix su-u-trim\"><div class=\"su-youtube su-u-responsive-media-yes\"><iframe loading=\"lazy\" width=\"300\" height=\"300\" src=\"https:\/\/www.youtube.com\/embed\/EDC3URBCHhA?\" frameborder=\"0\" allowfullscreen allow=\"autoplay; encrypted-media; picture-in-picture\" title=\"Tributa\u00e7\u00e3o e concorr\u00eancia\"><\/iframe><\/div><\/div><\/div> <div class=\"su-column su-column-size-1-2\"><div class=\"su-column-inner su-u-clearfix su-u-trim\">No terceiro painel de debates do I Congresso Internacional de Direito Tribut\u00e1rio da FDRP\/USP, os conferencistas <strong>Juliana Domingues <\/strong>(Professora da FDRP\/USP), <strong>Jos\u00e9 Maria Arruda de Andrade <\/strong>(Professor Associado da FD\/USP) e <strong>Rodrigo Maito da Silveira <\/strong>(Professor convidado de Direito Tribut\u00e1rio na IBDT, FGV-SP, FUCAPE e FBT) debater\u00e3o sobre o tema &#8220;Tributa\u00e7\u00e3o e concorr\u00eancia&#8221;, sob a media\u00e7\u00e3o de <strong>Gabriel Lochagin <\/strong>(Professor da FDRP\/USP). <\/div><\/div><\/div>\n<hr \/>\n<h6>Dia 20\/10\/2020 &#8211; 16:30 &#8211; Tributa\u00e7\u00e3o do agroneg\u00f3cio<\/h6>\n<div class=\"su-row\"><div class=\"su-column su-column-size-1-2\"><div class=\"su-column-inner su-u-clearfix su-u-trim\"><div class=\"su-youtube su-u-responsive-media-yes\"><iframe loading=\"lazy\" width=\"300\" height=\"300\" src=\"https:\/\/www.youtube.com\/embed\/FW67qN0EbZ4?\" frameborder=\"0\" allowfullscreen allow=\"autoplay; encrypted-media; picture-in-picture\" title=\"Tributa\u00e7\u00e3o do agroneg\u00f3cio\"><\/iframe><\/div><\/div><\/div> <div class=\"su-column su-column-size-1-2\"><div class=\"su-column-inner su-u-clearfix su-u-trim\">No quarto painel de debates do I Congresso Internacional de Direito Tribut\u00e1rio da FDRP\/USP, os conferencistas <strong>Heleno Taveira Torres <\/strong>(Professor Titular da FD\/USP), <strong>Lucas Issa Halah <\/strong>(Mestre pela FDRP\/USP) e <strong>Bruna Camargo <\/strong>(Professora convidada da FGV-SP) debater\u00e3o sobre o tema &#8220;Tributa\u00e7\u00e3o do agroneg\u00f3cio&#8221;, sob a media\u00e7\u00e3o de <strong>F\u00e1bio Pallaretti Calcini <\/strong>(Professor da FGV-Direito, IBET, Insper e FAUEL). <\/div><\/div><\/div>\n<hr \/>\n<h6>Dia 20\/10\/2020 &#8211; 19:00 &#8211; Tributa\u00e7\u00e3o do terceiro setor<\/h6>\n<div class=\"su-row\"><div class=\"su-column su-column-size-1-2\"><div class=\"su-column-inner su-u-clearfix su-u-trim\"><div class=\"su-youtube su-u-responsive-media-yes\"><iframe loading=\"lazy\" width=\"300\" height=\"300\" src=\"https:\/\/www.youtube.com\/embed\/ql2sH5MD3PA?\" frameborder=\"0\" allowfullscreen allow=\"autoplay; encrypted-media; picture-in-picture\" title=\"Tributa\u00e7\u00e3o do terceiro setor\"><\/iframe><\/div><\/div><\/div> <div class=\"su-column su-column-size-1-2\"><div class=\"su-column-inner su-u-clearfix su-u-trim\">No quinto painel de debates do I Congresso Internacional de Direito Tribut\u00e1rio da FDRP\/USP, os conferencistas <strong>Jos\u00e9 Levi Mello do Amaral Junior <\/strong>(Advogado Geral da Uni\u00e3o e Professor Associado da FD\/USP), <strong>Alexandre Naoki Nishioka <\/strong>(Professor da FDRP\/USP) e <strong>Karem Jureidini Dias <\/strong>(Professora do IBET e Doutora em Direito pela PUC\/SP) debater\u00e3o sobre o tema &#8220;Tributa\u00e7\u00e3o do terceiro setor&#8221;, sob a media\u00e7\u00e3o de <strong>Guilherme Adolfo dos Santos Mendes <\/strong>(Professor da FDRP\/USP). <\/div><\/div><\/div>\n<hr \/>\n<h6>Dia 21\/10\/2020 &#8211; 08:30 &#8211; Tributa\u00e7\u00e3o internacional<\/h6>\n<div class=\"su-row\"><div class=\"su-column su-column-size-1-2\"><div class=\"su-column-inner su-u-clearfix su-u-trim\"><div class=\"su-youtube su-u-responsive-media-yes\"><iframe loading=\"lazy\" width=\"300\" height=\"300\" src=\"https:\/\/www.youtube.com\/embed\/ugfsO0eUawo?\" frameborder=\"0\" allowfullscreen allow=\"autoplay; encrypted-media; picture-in-picture\" title=\"Tributa\u00e7\u00e3o internacional\"><\/iframe><\/div><\/div><\/div> <div class=\"su-column su-column-size-1-2\"><div class=\"su-column-inner su-u-clearfix su-u-trim\">No sexto painel de debates do I Congresso Internacional de Direito Tribut\u00e1rio da FDRP\/USP, os conferencistas <strong>Luis Eduardo Schoueri <\/strong>(Professor Titular da FD\/USP), <strong>Alexandre Alkmim Teixeira <\/strong>(Doutor pela FD\/USP) e <strong>Ana Cl\u00e1udia Utumi <\/strong>(Professora convidada do IBET, IBDT e da FIPECAFI) debater\u00e3o sobre o tema &#8220;Tributa\u00e7\u00e3o internacional&#8221;, sob a media\u00e7\u00e3o de <strong>Umberto Celli Junior <\/strong>(Professor Titular da FDRP\/USP). <\/div><\/div><\/div>\n<hr \/>\n<h6>Dia 21\/10\/2020 &#8211; 11:00 &#8211; Tributa\u00e7\u00e3o das pequenas empresas<\/h6>\n<div class=\"su-row\"><div class=\"su-column su-column-size-1-2\"><div class=\"su-column-inner su-u-clearfix su-u-trim\"><div class=\"su-youtube su-u-responsive-media-yes\"><iframe loading=\"lazy\" width=\"300\" height=\"300\" src=\"https:\/\/www.youtube.com\/embed\/tBsUnjRtLVM?\" frameborder=\"0\" allowfullscreen allow=\"autoplay; encrypted-media; picture-in-picture\" title=\"Tributa\u00e7\u00e3o das pequenas empesas\"><\/iframe><\/div><\/div><\/div> <div class=\"su-column su-column-size-1-2\"><div class=\"su-column-inner su-u-clearfix su-u-trim\">No s\u00e9timo painel de debates do I Congresso Internacional de Direito Tribut\u00e1rio da FDRP\/USP, os conferencistas <strong>Guilherme Adolfo dos Santos Mendes <\/strong>(Professor da FDRP\/USP), <strong>Pilar Coutinho El\u00f3i <\/strong>(Professora da PUC-MG) e <strong>Ana Laura Javaroni Patton <\/strong>(Mestre pela FDRP\/USP) debater\u00e3o sobre o tema &#8220;Tributa\u00e7\u00e3o das pequenas empresas&#8221;,\u00a0sob a media\u00e7\u00e3o de <strong>Fabiana Severi <\/strong>(Professor da FDRP\/USP). <\/div><\/div><\/div>\n<hr \/>\n<h6>Dia 21\/10\/2020 &#8211; 16:30 &#8211; Direito penal tribut\u00e1rio<\/h6>\n<div class=\"su-row\"><div class=\"su-column su-column-size-1-2\"><div class=\"su-column-inner su-u-clearfix su-u-trim\"><div class=\"su-youtube su-u-responsive-media-yes\"><iframe loading=\"lazy\" width=\"300\" height=\"300\" src=\"https:\/\/www.youtube.com\/embed\/3qizDBJfL_w?\" frameborder=\"0\" allowfullscreen allow=\"autoplay; encrypted-media; picture-in-picture\" title=\"Direito penal tribut\u00e1rio\"><\/iframe><\/div><\/div><\/div> <div class=\"su-column su-column-size-1-2\"><div class=\"su-column-inner su-u-clearfix su-u-trim\">No oitavo painel de debates do I Congresso Internacional de Direito Tribut\u00e1rio da FDRP\/USP, os conferencistas <strong>Nino Toldo <\/strong>(Desembargador Federal no Tribunal Regional Federal da Terceira Regi\u00e3o), <strong>Florence Haret Drago <\/strong>(Professora do IBET, PUC-SP) e <strong>Eduardo Molan Gaban <\/strong>(Professor de Direito Econ\u00f4mico, L\u00edder do N\u00facleo de Estudos e Pesquisa em Concorr\u00eancia e Inova\u00e7\u00e3o da PUC\/SP) debater\u00e3o sobre o tema &#8220;Direito penal tribut\u00e1rio&#8221;, sob a media\u00e7\u00e3o de <strong>Eduardo Saad Diniz<\/strong><strong>\u00a0<\/strong>(Professor da FDRP\/USP). <\/div><\/div><\/div>\n<hr \/>\n<h6>Dia 21\/10\/2020 &#8211; 19:00 &#8211; Reforma tribut\u00e1ria<\/h6>\n<div class=\"su-row\"><div class=\"su-column su-column-size-1-2\"><div class=\"su-column-inner su-u-clearfix su-u-trim\"><div class=\"su-youtube su-u-responsive-media-yes\"><iframe loading=\"lazy\" width=\"300\" height=\"300\" src=\"https:\/\/www.youtube.com\/embed\/La06un_Rb_M?\" frameborder=\"0\" allowfullscreen allow=\"autoplay; encrypted-media; picture-in-picture\" title=\"Reforma tribut\u00e1ria\"><\/iframe><\/div><\/div><\/div> <div class=\"su-column su-column-size-1-2\"><div class=\"su-column-inner su-u-clearfix su-u-trim\">No nono painel de debates do I Congresso Internacional de Direito Tribut\u00e1rio da FDRP\/USP, os conferencistas <strong>S\u00e9rgio Andr\u00e9 Rocha <\/strong>(Professor Associado de Direito Financeiro e Tribut\u00e1rio da UERJ), <strong>Alberto Macedo <\/strong>(Professor no INSPER, FIPECAFI, IBDT e IBET) e <strong>Fernando Facury Scaff <\/strong>(Professor Titular da FD\/USP) debater\u00e3o sobre o tema &#8220;Reforma tribut\u00e1ria&#8221;, sob a media\u00e7\u00e3o de <strong>Alexandre Naoki Nishioka <\/strong>(Professor da FDRP\/USP). <\/div><\/div><\/div>\n<hr \/>\n<h6>Dia 22\/10\/2020 &#8211; 08:30 &#8211; Processo tribut\u00e1rio<\/h6>\n<div class=\"su-row\"><div class=\"su-column su-column-size-1-2\"><div class=\"su-column-inner su-u-clearfix su-u-trim\"><div class=\"su-youtube su-u-responsive-media-yes\"><iframe loading=\"lazy\" width=\"300\" height=\"300\" src=\"https:\/\/www.youtube.com\/embed\/3gVGvIfvy3g?\" frameborder=\"0\" allowfullscreen allow=\"autoplay; encrypted-media; picture-in-picture\" title=\"Processo Tribut\u00e1rio\"><\/iframe><\/div><\/div><\/div> <div class=\"su-column su-column-size-1-2\"><div class=\"su-column-inner su-u-clearfix su-u-trim\">No d\u00e9cimo painel de debates do I Congresso Internacional de Direito Tribut\u00e1rio da FDRP\/USP, os conferencistas <strong>Jos\u00e9 Carlos Francisco <\/strong>(Desembargador Federal do Tribunal Regional Federal da Terceira Regi\u00e3o e Professor da Universidade Mackenzie), <strong>Suzana Soares Melo <\/strong>(Doutora pela FD\/USP) e <strong>Robson Maia Lins <\/strong>(Professor da PUC\/SP e do IBET) debater\u00e3o sobre o tema &#8220;Processo Tribut\u00e1rio&#8221;, sob a media\u00e7\u00e3o de <strong>S\u00e9rgio Nojiri<\/strong><strong>\u00a0<\/strong>(Professor da FDRP\/USP). <\/div><\/div><\/div>\n<hr \/>\n<h6>Dia 22\/10\/2020 &#8211; 11:00 &#8211; Tributa\u00e7\u00e3o e novas tecnologias<\/h6>\n<div class=\"su-row\"><div class=\"su-column su-column-size-1-2\"><div class=\"su-column-inner su-u-clearfix su-u-trim\"><div class=\"su-youtube su-u-responsive-media-yes\"><iframe loading=\"lazy\" width=\"300\" height=\"300\" src=\"https:\/\/www.youtube.com\/embed\/foQs9qdjtzI?\" frameborder=\"0\" allowfullscreen allow=\"autoplay; encrypted-media; picture-in-picture\" title=\"Tributa\u00e7\u00e3o e novas tecnologias\"><\/iframe><\/div><\/div><\/div> <div class=\"su-column su-column-size-1-2\"><div class=\"su-column-inner su-u-clearfix su-u-trim\">No d\u00e9cimo primeiro painel de debates do I Congresso Internacional de Direito Tribut\u00e1rio da FDRP\/USP, os conferencistas <strong>Gisele Barra Bossa <\/strong>(Doutoranda em Direito pela Universidade de Coimbra), <strong>Gustavo da Gama Vital de Oliveira <\/strong>(Professor Adjunto de Direito Financeiro na UERJ) e <strong>Gustavo Vettori <\/strong>(Professor da FEA\/USP) debater\u00e3o sobre o tema &#8220;Tributa\u00e7\u00e3o e novas tecnologias&#8221;, sob a media\u00e7\u00e3o de <strong>Rangel Fiorin<\/strong><strong>\u00a0<\/strong>(Doutorando pela PUC\/SP e Professor da Universidade Mackenzie). <\/div><\/div><\/div>\n<hr \/>\n<h6>Dia 22\/10\/2020 &#8211; 16:30 &#8211; Novas tend\u00eancias e o direito tribut\u00e1rio<\/h6>\n<div class=\"su-row\"><div class=\"su-column su-column-size-1-2\"><div class=\"su-column-inner su-u-clearfix su-u-trim\"><div class=\"su-youtube su-u-responsive-media-yes\"><iframe loading=\"lazy\" width=\"300\" height=\"300\" src=\"https:\/\/www.youtube.com\/embed\/42iYiKj7XZc?\" frameborder=\"0\" allowfullscreen allow=\"autoplay; encrypted-media; picture-in-picture\" title=\"Novas tend\u00eancias e o direito tribut\u00e1rio\"><\/iframe><\/div><\/div><\/div> <div class=\"su-column su-column-size-1-2\"><div class=\"su-column-inner su-u-clearfix su-u-trim\">No d\u00e9cimo segundo painel de debates do I Congresso Internacional de Direito Tribut\u00e1rio da FDRP\/USP, os conferencistas <strong>Marco Aur\u00e9lio Greco <\/strong>(Ex-Professor da PUC-SP), <strong>Roberto Quiroga Mosquera <\/strong>(Professor da FD\/USP) e <strong>Juliana Ferretti Lomba <\/strong>(Mestre pela FDRP\/USP) debater\u00e3o sobre o tema &#8220;Novas tend\u00eancias e o direito tribut\u00e1rio&#8221;, sob a media\u00e7\u00e3o de <strong>Eliana Franco Neme<\/strong><strong>\u00a0<\/strong>(Professor da FDRP\/USP). <\/div><\/div><\/div>\n<hr \/>\n<h6>Dia 22\/10\/2020 &#8211; 19:00 &#8211; Encerramento<\/h6>\n<div class=\"su-row\"><div class=\"su-column su-column-size-1-2\"><div class=\"su-column-inner su-u-clearfix su-u-trim\"><div class=\"su-youtube su-u-responsive-media-yes\"><iframe loading=\"lazy\" width=\"300\" height=\"300\" src=\"https:\/\/www.youtube.com\/embed\/XmXccDQHdSM?\" frameborder=\"0\" allowfullscreen allow=\"autoplay; encrypted-media; picture-in-picture\" title=\"Encerramento\"><\/iframe><\/div><\/div><\/div> <div class=\"su-column su-column-size-1-2\"><div class=\"su-column-inner su-u-clearfix su-u-trim\">No encerramento do I Congresso Internacional de Direito Tribut\u00e1rio da FDRP\/USP, os coordenadores do evento <strong>Alexandre Naoki Nishioka <\/strong>(Professor da FDRP\/USP), <strong>F\u00e1bio Pallaretti Calcini<\/strong> (Professor da FGV-Direito, IBET, Insper e FAUEL) e <strong>Guilherme Adolfo dos Santos Mendes<\/strong> (Professor da FDRP\/USP) debater\u00e3o, respectivamente, sobre os temas &#8220;Planejamento tribut\u00e1rio e a ADIN 2.446&#8221;, &#8220;Direitos fundamentais e legalidade&#8221; e &#8220;Reforma, tributa\u00e7\u00e3o e desigualdade&#8221;.\u00a0<\/div><\/div><\/div>\n<hr \/>\n<div class=\"su-row\"><div class=\"su-column su-column-size-1-2\"><div class=\"su-column-inner su-u-clearfix su-u-trim\">\n<h6>Coordenadores<\/h6>\n<p>Prof. Dr. Alexandre Naoki Nishioka (FDRP\/USP)<\/p>\n<p>Prof. Dr. F\u00e1bio Pallaretti Calcini (IBET)<\/p>\n<p>Prof. Dr. Guilherme Adolfo dos Santos Mendes (FDRP\/USP)<\/p>\n<\/div><\/div> <div class=\"su-column su-column-size-1-2\"><div class=\"su-column-inner su-u-clearfix su-u-trim\">\n<h6>Organizadores<\/h6>\n<p>Graduando Breno Vieira dos Reis<\/p>\n<p>Mestrando Denison Lehr Unglaub<\/p>\n<p>Graduando Gabriel Stankevitius Takamiya<\/p>\n<p>Mestrando Henrique Nimer Chamas<\/p>\n<p>Mestrando Jo\u00e3o Jos\u00e9 Turri Brufatto<\/p>\n<p>Graduando Jo\u00e3o V\u00edtor Lopes Cunha<\/p>\n<p>Mestranda Laura Charallo Grisolia Elias<\/p>\n<p>Mestranda Let\u00edcia Salomon Sesso<\/p>\n<p>Mestrando Marco Aur\u00e9lio Ferreira Coelho<\/p>\n<p>Mestrando Roberto Monson Quatrini Neto<\/p>\n<p>Mestrando Tiago Lucena Figueiredo<\/p>\n<\/div><\/div><\/div>\n","protected":false},"excerpt":{"rendered":"<p>&nbsp; Nos dias 19, 20, 21, 22 e 26 de outubro de 2020, o Setor de Direito Tribut\u00e1rio da Faculdade de Direito de Ribeir\u00e3o Preto da Universidade de S\u00e3o Paulo (FDRP\/USP) realizou\u00a0seu I Congresso Internacional de Direito Tribut\u00e1rio. O evento foi transmitido ao vivo e gratuitamente pelo YouTube (clique aqui). Al\u00e9m dos tradicionais pain\u00e9is de [&hellip;]<\/p>\n","protected":false},"author":22077,"featured_media":0,"parent":0,"menu_order":0,"comment_status":"closed","ping_status":"closed","template":"","meta":{"footnotes":"","_links_to":"","_links_to_target":""},"class_list":["post-346","page","type-page","status-publish","hentry"],"_links":{"self":[{"href":"https:\/\/sites.usp.br\/tributario\/wp-json\/wp\/v2\/pages\/346","targetHints":{"allow":["GET"]}}],"collection":[{"href":"https:\/\/sites.usp.br\/tributario\/wp-json\/wp\/v2\/pages"}],"about":[{"href":"https:\/\/sites.usp.br\/tributario\/wp-json\/wp\/v2\/types\/page"}],"author":[{"embeddable":true,"href":"https:\/\/sites.usp.br\/tributario\/wp-json\/wp\/v2\/users\/22077"}],"replies":[{"embeddable":true,"href":"https:\/\/sites.usp.br\/tributario\/wp-json\/wp\/v2\/comments?post=346"}],"version-history":[{"count":5,"href":"https:\/\/sites.usp.br\/tributario\/wp-json\/wp\/v2\/pages\/346\/revisions"}],"predecessor-version":[{"id":656,"href":"https:\/\/sites.usp.br\/tributario\/wp-json\/wp\/v2\/pages\/346\/revisions\/656"}],"wp:attachment":[{"href":"https:\/\/sites.usp.br\/tributario\/wp-json\/wp\/v2\/media?parent=346"}],"curies":[{"name":"wp","href":"https:\/\/api.w.org\/{rel}","templated":true}]}}