{"id":347,"date":"2020-09-13T12:02:17","date_gmt":"2020-09-13T14:02:17","guid":{"rendered":"https:\/\/sites.usp.br\/tributario\/?page_id=347"},"modified":"2024-02-24T19:34:18","modified_gmt":"2024-02-24T21:34:18","slug":"webinars","status":"publish","type":"page","link":"https:\/\/sites.usp.br\/tributario\/eventos-e-congressos\/webinars\/","title":{"rendered":"Webinars 2020"},"content":{"rendered":"<p>Ao longo de 2020, os Professores Doutores Alexandre Naoki Nishioka e Guilherme Adolfo dos Santos Mendes receberam renomados convidados para debater temas relevantes e atuais do direito tribut\u00e1rio em Webinares realizados pelo Departamento de Direito P\u00fablico (DDP) da Faculdade de Direito de Ribeir\u00e3o Preto da Universidade de S\u00e3o Paulo (FDRP\/USP) e apoiado pelo Projeto de Pesquisa &#8220;\u00c9tica e Desenvolvimento&#8221; do Programa de Mestrado da mesma Entidade de Ensino.<\/p>\n<hr \/>\n<h6>Direito Tribut\u00e1rio e contabilidade<\/h6>\n<div class=\"su-row\"><div class=\"su-column su-column-size-1-2\"><div class=\"su-column-inner su-u-clearfix su-u-trim\"><div class=\"su-youtube su-u-responsive-media-yes\"><iframe loading=\"lazy\" width=\"300\" height=\"300\" src=\"https:\/\/www.youtube.com\/embed\/xL6KyK_q1Os?\" frameborder=\"0\" allowfullscreen allow=\"autoplay; encrypted-media; picture-in-picture\" title=\"Direito Tribut\u00e1rio e contabilidade\"><\/iframe><\/div><\/div><\/div> <div class=\"su-column su-column-size-1-2\"><div class=\"su-column-inner su-u-clearfix su-u-trim\">No dia 29 de setembro de 2020, os convidados Alexandre Evaristo Pinto (Doutorando pela Universidade de S\u00e3o Paulo), Amaury Jos\u00e9 Rezende (Professor Associado da FEARP\/USP) e Roberto Quiroga Mosquera (Professor Doutor da FD\/USP) debateram sobre o tema &#8220;Direito Tribut\u00e1rio e contabilidade&#8221;. <\/div><\/div><\/div>\n<hr \/>\n<h6>Tributa\u00e7\u00e3o e economia digital<\/h6>\n<div class=\"su-row\"><div class=\"su-column su-column-size-1-2\"><div class=\"su-column-inner su-u-clearfix su-u-trim\"><div class=\"su-youtube su-u-responsive-media-yes\"><iframe loading=\"lazy\" width=\"300\" height=\"300\" src=\"https:\/\/www.youtube.com\/embed\/5e8bCoTdUrw?\" frameborder=\"0\" allowfullscreen allow=\"autoplay; encrypted-media; picture-in-picture\" title=\"Tributa\u00e7\u00e3o e economia digital\"><\/iframe><\/div><\/div><\/div> <div class=\"su-column su-column-size-1-2\"><div class=\"su-column-inner su-u-clearfix su-u-trim\">No dia 22 de setembro de 2020, os convidados Felipe Renaut (Doutor pela Universidade Estadual do Rio de Janeiro), Gisele Bossa (Doutoranda pela Universidade de Coimbra) e Gustavo Vettori (Professor Doutor da FEA\/USP) debateram sobre o tema &#8220;Tributa\u00e7\u00e3o e economia digital&#8221;. <\/div><\/div><\/div>\n<hr \/>\n<h6>Tributa\u00e7\u00e3o do agroneg\u00f3cio &#8211; Incentivos fiscais<\/h6>\n<div class=\"su-row\"><div class=\"su-column su-column-size-1-2\"><div class=\"su-column-inner su-u-clearfix su-u-trim\"><div class=\"su-youtube su-u-responsive-media-yes\"><iframe loading=\"lazy\" width=\"300\" height=\"300\" src=\"https:\/\/www.youtube.com\/embed\/7G-g01njxQY?\" frameborder=\"0\" allowfullscreen allow=\"autoplay; encrypted-media; picture-in-picture\" title=\"Tributa\u00e7\u00e3o do agroneg\u00f3cio - Incentivos fiscais\"><\/iframe><\/div><\/div><\/div> <div class=\"su-column su-column-size-1-2\"><div class=\"su-column-inner su-u-clearfix su-u-trim\">No dia 25 de agosto de 2020, os convidados F\u00e1bio Calcini (Doutor em Direito PUC\/SP), Florence Cronemberger Haret Drago (Doutora e P\u00f3s-doutora em Direito Tribut\u00e1rio pela USP) e Lucas Issa Halah (Mestre em Direito Tribut\u00e1rio pela FDRP\/USP) debateram sobre o tema &#8220;Tributa\u00e7\u00e3o do agroneg\u00f3cio &#8211; Incentivos fiscais&#8221;. <\/div><\/div><\/div>\n<hr \/>\n<h6>Tax Compliance<\/h6>\n<div class=\"su-row\"><div class=\"su-column su-column-size-1-2\"><div class=\"su-column-inner su-u-clearfix su-u-trim\"><div class=\"su-youtube su-u-responsive-media-yes\"><iframe loading=\"lazy\" width=\"300\" height=\"300\" src=\"https:\/\/www.youtube.com\/embed\/TXowDnMwqc0?\" frameborder=\"0\" allowfullscreen allow=\"autoplay; encrypted-media; picture-in-picture\" title=\"Tax Compliance\"><\/iframe><\/div><\/div><\/div> <div class=\"su-column su-column-size-1-2\"><div class=\"su-column-inner su-u-clearfix su-u-trim\">No dia 11 de agosto de 2020, os convidados Eduardo Saad-Diniz (Professor Associado da Faculdade de Direito de Ribeir\u00e3o Preto e do Programa de Integra\u00e7\u00e3o da Am\u00e9rica Latina da USP), Karem Jureidini Dias (Professora, Doutora e Mestre em Direito P\u00fablico pela PUC\/SP) e Marcos Vinicius Neder (Professor, Doutor em Direito Tribut\u00e1rio pela PUC\/SP) debateram sobre o tema &#8220;Tax Compliance&#8221;. <\/div><\/div><\/div>\n<hr \/>\n<h6>Reforma tribut\u00e1ria<\/h6>\n<div class=\"su-row\"><div class=\"su-column su-column-size-1-2\"><div class=\"su-column-inner su-u-clearfix su-u-trim\"><div class=\"su-youtube su-u-responsive-media-yes\"><iframe loading=\"lazy\" width=\"300\" height=\"300\" src=\"https:\/\/www.youtube.com\/embed\/zJGSDVNO9Cg?\" frameborder=\"0\" allowfullscreen allow=\"autoplay; encrypted-media; picture-in-picture\" title=\"Reforma Tribut\u00e1ria\"><\/iframe><\/div><\/div><\/div> <div class=\"su-column su-column-size-1-2\"><div class=\"su-column-inner su-u-clearfix su-u-trim\">No dia 28 de julho de 2020, os convidados Ana Cl\u00e1udia Akie Utumi (Doutora pela USP), Everardo Maciel (Ex-Secret\u00e1rio da Receita Federal do Brasil) e Fernando Facury Scaff (Professor Titular de Direito Financeiro da Faculdade de Direito da Universidade de S\u00e3o Paulo) debateram sobre o tema &#8220;Reforma Tribut\u00e1ria&#8221;. <\/div><\/div><\/div>\n<hr \/>\n<h6>Tributa\u00e7\u00e3o e concorr\u00eancia<\/h6>\n<div class=\"su-row\"><div class=\"su-column su-column-size-1-2\"><div class=\"su-column-inner su-u-clearfix su-u-trim\"><div class=\"su-youtube su-u-responsive-media-yes\"><iframe loading=\"lazy\" width=\"300\" height=\"300\" src=\"https:\/\/www.youtube.com\/embed\/IKAcSnEq8aY?\" frameborder=\"0\" allowfullscreen allow=\"autoplay; encrypted-media; picture-in-picture\" title=\"Tributa\u00e7\u00e3o e concorr\u00eancia\"><\/iframe><\/div><\/div><\/div> <div class=\"su-column su-column-size-1-2\"><div class=\"su-column-inner su-u-clearfix su-u-trim\">No dia 14 de julho de 2020, os convidados Eduardo Molan Gaban (Doutor, Mestre e Bacharel em Direito pela PUC\/SP), Jos\u00e9 Maria Arruda de Andrade (Professor Associado do Departamento de Direito Econ\u00f4mico e Financeiro da Faculdade de Direito da Universidade de S\u00e3o Paulo) e Livia Leite Baron Gonzaga (Doutora em Direito Tribut\u00e1rio Internacional pela USP) debateram sobre o tema &#8220;Tributa\u00e7\u00e3o e concorr\u00eancia&#8221;. <\/div><\/div><\/div>\n<hr \/>\n<h6>Tributa\u00e7\u00e3o e desigualdade<\/h6>\n<div class=\"su-row\"><div class=\"su-column su-column-size-1-2\"><div class=\"su-column-inner su-u-clearfix su-u-trim\"><div class=\"su-youtube su-u-responsive-media-yes\"><iframe loading=\"lazy\" width=\"300\" height=\"300\" src=\"https:\/\/www.youtube.com\/embed\/PFx1A9T20LI?\" frameborder=\"0\" allowfullscreen allow=\"autoplay; encrypted-media; picture-in-picture\" title=\"Tributa\u00e7\u00e3o e desigualdade\"><\/iframe><\/div><\/div><\/div> <div class=\"su-column su-column-size-1-2\"><div class=\"su-column-inner su-u-clearfix su-u-trim\">No dia 30 de junho de 2020, os convidados Luiz Gonzaga de Mello Belluzzo (Professor Titular de Economia da UNICAMP), Pilar de Souza e Paula Coutinho El\u00f3i (Doutora em Direito P\u00fablico pela PUC MINAS) e Ricardo Lodi Ribeiro (Professor Adjunto de Direito Financeiro da UERJ) debateram sobre o tema &#8220;Tributa\u00e7\u00e3o e desigualdade&#8221;. <\/div><\/div><\/div>\n<hr \/>\n<h6>Extin\u00e7\u00e3o do recurso volunt\u00e1rio ao CARF para os pequenos contribuintes<\/h6>\n<div class=\"su-row\"><div class=\"su-column su-column-size-1-2\"><div class=\"su-column-inner su-u-clearfix su-u-trim\"><div class=\"su-youtube su-u-responsive-media-yes\"><iframe loading=\"lazy\" width=\"300\" height=\"300\" src=\"https:\/\/www.youtube.com\/embed\/axMUkGEiYBE?\" frameborder=\"0\" allowfullscreen allow=\"autoplay; encrypted-media; picture-in-picture\" title=\"Extin\u00e7\u00e3o do recurso volunt\u00e1rio ao CARF para os pequenos contribuintes\"><\/iframe><\/div><\/div><\/div> <div class=\"su-column su-column-size-1-2\"><div class=\"su-column-inner su-u-clearfix su-u-trim\">No dia 16 de junho de 2020, os convidados Ana Laura Javaroni Patton (Mestre em Direito pela FDRP\/USP), Jos\u00e9 Carlos Francisco (Mestre e Doutor em Direito pela USP) e Peter de Paula Pires (Mestrando em Direito pela FDRP\/USP) debateram sobre o tema &#8220;Extin\u00e7\u00e3o do recurso volunt\u00e1rio ao CARF para os pequenos contribuintes&#8221;. <\/div><\/div><\/div>\n<hr \/>\n<h6>Extin\u00e7\u00e3o do voto de qualidade no CARF<\/h6>\n<div class=\"su-row\"><div class=\"su-column su-column-size-1-2\"><div class=\"su-column-inner su-u-clearfix su-u-trim\"><div class=\"su-youtube su-u-responsive-media-yes\"><iframe loading=\"lazy\" width=\"300\" height=\"300\" src=\"https:\/\/www.youtube.com\/embed\/Hh7aEjxmBkg?\" frameborder=\"0\" allowfullscreen allow=\"autoplay; encrypted-media; picture-in-picture\" title=\"Extin\u00e7\u00e3o do voto de qualidade no CARF\"><\/iframe><\/div><\/div><\/div> <div class=\"su-column su-column-size-1-2\"><div class=\"su-column-inner su-u-clearfix su-u-trim\">No dia 26 de maio de 2020, os convidados Edeli Pereira Bessa (Especialista em Direito Tribut\u00e1rio e Constitucional), L\u00edvia de Carli Germano (Mestre em Direito Tribut\u00e1rio pela Universidade de S\u00e3o Paulo) e Tathiane dos Santos Piscitelli (Professora Doutora de Direito Tribut\u00e1rio da FGV Direito SP) debateram sobre o tema &#8220;Extin\u00e7\u00e3o do voto de qualidade no CARF&#8221;. <\/div><\/div><\/div>\n","protected":false},"excerpt":{"rendered":"<p>Ao longo de 2020, os Professores Doutores Alexandre Naoki Nishioka e Guilherme Adolfo dos Santos Mendes receberam renomados convidados para debater temas relevantes e atuais do direito tribut\u00e1rio em Webinares realizados pelo Departamento de Direito P\u00fablico (DDP) da Faculdade de Direito de Ribeir\u00e3o Preto da Universidade de S\u00e3o Paulo (FDRP\/USP) e apoiado pelo Projeto de [&hellip;]<\/p>\n","protected":false},"author":22077,"featured_media":0,"parent":364,"menu_order":0,"comment_status":"closed","ping_status":"closed","template":"","meta":{"footnotes":"","_links_to":"","_links_to_target":""},"class_list":["post-347","page","type-page","status-publish","hentry"],"_links":{"self":[{"href":"https:\/\/sites.usp.br\/tributario\/wp-json\/wp\/v2\/pages\/347","targetHints":{"allow":["GET"]}}],"collection":[{"href":"https:\/\/sites.usp.br\/tributario\/wp-json\/wp\/v2\/pages"}],"about":[{"href":"https:\/\/sites.usp.br\/tributario\/wp-json\/wp\/v2\/types\/page"}],"author":[{"embeddable":true,"href":"https:\/\/sites.usp.br\/tributario\/wp-json\/wp\/v2\/users\/22077"}],"replies":[{"embeddable":true,"href":"https:\/\/sites.usp.br\/tributario\/wp-json\/wp\/v2\/comments?post=347"}],"version-history":[{"count":4,"href":"https:\/\/sites.usp.br\/tributario\/wp-json\/wp\/v2\/pages\/347\/revisions"}],"predecessor-version":[{"id":607,"href":"https:\/\/sites.usp.br\/tributario\/wp-json\/wp\/v2\/pages\/347\/revisions\/607"}],"up":[{"embeddable":true,"href":"https:\/\/sites.usp.br\/tributario\/wp-json\/wp\/v2\/pages\/364"}],"wp:attachment":[{"href":"https:\/\/sites.usp.br\/tributario\/wp-json\/wp\/v2\/media?parent=347"}],"curies":[{"name":"wp","href":"https:\/\/api.w.org\/{rel}","templated":true}]}}