{"id":369,"date":"2020-09-13T13:12:21","date_gmt":"2020-09-13T15:12:21","guid":{"rendered":"https:\/\/sites.usp.br\/tributario\/?page_id=369"},"modified":"2024-02-24T21:06:29","modified_gmt":"2024-02-24T23:06:29","slug":"tributacaodaspequenasempresas","status":"publish","type":"page","link":"https:\/\/sites.usp.br\/tributario\/tributacaodaspequenasempresas\/","title":{"rendered":"Tributa\u00e7\u00e3o das Pequenas Empresas"},"content":{"rendered":"<p><!-- <meta http-equiv=\"Content-Type\" content=\"text\/html; charset=UTF-8\" \/>--><\/p>\n<div id=\"wrapper\" class=\"bg-2\">\n<div id=\"header\">\n<div id=\"header_content\"><\/div>\n<\/div>\n<div id=\"container\">\n<div id=\"conteudo-padrao\">\n<div class=\"texto-conteudo-padrao-pagina\">\n<p style=\"text-align: center;\"><a href=\"https:\/\/www.direitorp.usp.br\/wp-content\/uploads\/2019\/10\/Pequenas-empresas-4.png\"><br \/>\n<img loading=\"lazy\" decoding=\"async\" class=\"alignnone size-medium wp-image-24735\" src=\"https:\/\/www.direitorp.usp.br\/wp-content\/uploads\/2019\/10\/Pequenas-empresas-4-300x162.png\" sizes=\"auto, (max-width: 300px) 100vw, 300px\" srcset=\"https:\/\/www.direitorp.usp.br\/wp-content\/uploads\/2019\/10\/Pequenas-empresas-4-300x162.png 300w, https:\/\/www.direitorp.usp.br\/wp-content\/uploads\/2019\/10\/Pequenas-empresas-4-768x414.png 768w, https:\/\/www.direitorp.usp.br\/wp-content\/uploads\/2019\/10\/Pequenas-empresas-4-50x27.png 50w, https:\/\/www.direitorp.usp.br\/wp-content\/uploads\/2019\/10\/Pequenas-empresas-4.png 786w\" alt=\"\" width=\"300\" height=\"162\" data-id=\"24735\" \/><br \/>\n<\/a><\/p>\n<p>&nbsp;<\/p>\n<p><strong>Realiza\u00e7\u00e3o:\u00a0<\/strong><br \/>\nUNIVERSIDADE DE S\u00c3O PAULO \u2013 FACULDADE DE DIREITO DE RIBEIR\u00c3O PRETO E FADEP (CONV\u00caNIO DE GEST\u00c3O: FADEP-FDRP-USP)<\/p>\n<p><strong>Contato FADEP:\u00a0<\/strong><br \/>\n(16) 3329-9100 | E-mail: <a href=\"mailto:academico@fadeprp.org.br\">academico@fadeprp.org.br<\/a><\/p>\n<p>&nbsp;<\/p>\n<p><strong>T\u00edtulo do curso:<\/strong><\/p>\n<p><strong>CURSO DE DIFUS\u00c3O \u2013 TRIBUTA\u00c7\u00c3O DAS PEQUENAS EMPRESAS (EAD)<\/strong><\/p>\n<p><span style=\"color: #000000;\"><br \/>\n<strong>SEGUNDA EDI\u00c7\u00c3O\u00a0<\/strong><br \/>\n<\/span><\/p>\n<h2><span style=\"color: #ff0000;\"><strong>Sele\u00e7\u00e3o para vagas remanescentes:<\/strong><br \/>\n<\/span><\/h2>\n<p>Informamos que o processo seletivo para o curso foi reaberto, em raz\u00e3o de vagas remanescentes para alunos pagantes.<\/p>\n<p>Os interessados devem entrar em contado direto com a Funda\u00e7\u00e3o pelo telefone (016) 3329-9100, pois a matr\u00edcula ser\u00e1 realizada por ordem de apresenta\u00e7\u00e3o da documenta\u00e7\u00e3o prevista no edital at\u00e9 o t\u00e9rmino das vagas.<\/p>\n<p>&nbsp;<\/p>\n<p><span style=\"color: #000000;\"><strong>CHAMADA PARA MATR\u00cdCULA (22 a 28\/03\/2023)<\/strong><br \/>\n<\/span><\/p>\n<p><span style=\"color: #000000;\"><br \/>\n<a style=\"color: #000000;\" href=\"https:\/\/www.direitorp.usp.br\/wp-content\/uploads\/2023\/03\/LISTA-DE-APROVADOS-PAGANTES-2a-CHAMADA-PARA-MATRICULA.pdf\">LISTA DE APROVADOS PAGANTES \u20132\u00aa CHAMADA PARA MATR\u00cdCULA<\/a><br \/>\n<strong>(22 a 28\/03\/2023)<\/strong><\/span><\/p>\n<p><a href=\"https:\/\/www.direitorp.usp.br\/wp-content\/uploads\/2023\/03\/Lista-de-aprovados-pagantes-1a-Chamada.pdf\"><br \/>\n<span style=\"color: #000000;\">Lista de aprovados pagantes \u20131\u00aa Chamada<\/span><br \/>\n<\/a><\/p>\n<p><span style=\"color: #000000;\"><br \/>\n<a style=\"color: #000000;\" href=\"https:\/\/www.direitorp.usp.br\/wp-content\/uploads\/2023\/03\/Lista-de-aprovados-com-bolsa-1a-Chamada.pdf\">Lista de aprovados com bolsa \u20131\u00aa Chamada<\/a><br \/>\n<\/span><\/p>\n<p><span style=\"color: #ff0000;\"><strong><br \/>\nDOCUMENTOS PARA MATR\u00cdCULA<br \/>\n<\/strong><br \/>\n<\/span><\/p>\n<p><a href=\"https:\/\/www.direitorp.usp.br\/wp-content\/uploads\/2023\/03\/LISTA-DE-DOCUMENTOS-E-PROCEDIMENTOS-PARA-MATRICULA-1.pdf\">LISTA DE DOCUMENTOS E PROCEDIMENTOS PARA MATR\u00cdCULA<\/a><\/p>\n<p><a href=\"https:\/\/www.direitorp.usp.br\/wp-content\/uploads\/2023\/03\/FICHA-DE-MATRICULA-1.pdf\">FICHA DE MATR\u00cdCULA<\/a><\/p>\n<p><a href=\"https:\/\/www.direitorp.usp.br\/wp-content\/uploads\/2023\/03\/Contrato-de-Prestacao-de-Servico-da-Especializacao-PAGANTE.pdf\">Contrato de Presta\u00e7\u00e3o de Servi\u00e7o da Especializa\u00e7\u00e3o \u2013PAGANTE<\/a><\/p>\n<p><a href=\"https:\/\/www.direitorp.usp.br\/wp-content\/uploads\/2023\/03\/Contrato-de-Prestacao-de-Servico-da-Especializacao-BOLSISTA.pdf\">Contrato de Presta\u00e7\u00e3o de Servi\u00e7o da Especializa\u00e7\u00e3o \u2013BOLSISTA<\/a><\/p>\n<p>&nbsp;<\/p>\n<p><strong>Vagas: 60 vagas<\/strong><\/p>\n<p>&nbsp;<\/p>\n<p><strong>Aulas<\/strong><\/p>\n<p>Semanalmente, \u00e0s ter\u00e7as-feiras, das 19h00 \u00e0s 22h00<\/p>\n<p>In\u00edcio (previs\u00e3o): 18\/04\/2023<\/p>\n<p>&nbsp;<\/p>\n<p><strong>EDITAIS<\/strong><\/p>\n<p><a href=\"https:\/\/www.direitorp.usp.br\/wp-content\/uploads\/2023\/01\/Edital-Curso-de-Difusao-Tributacao-das-Pequenas-Empresas-02-2023-v.2.pdf\">Edital 02-2023<\/a><\/p>\n<p>&nbsp;<\/p>\n<p><strong>FOMUL\u00c1RIO DE INSCRI\u00c7\u00c3O<\/strong><\/p>\n<p><a href=\"https:\/\/forms.gle\/xsJf1KDaMUu6gkch6\">Link do formul\u00e1rio<\/a><\/p>\n<p>&nbsp;<\/p>\n<p><strong>Bolsas de Estudo<\/strong><\/p>\n<p>Ser\u00e3o oferecidas 06 bolsas de estudo, conforme crit\u00e9rios previstos no edital.<\/p>\n<p>&nbsp;<\/p>\n<p><strong>Forma de oferta:\u00a0<\/strong><br \/>\no curso \u00e9 100% no formato \u201cEnsino a Dist\u00e2ncia (EAD)\u201d, com as atividades, inclusive aulas, em ambiente remoto.<\/p>\n<p>&nbsp;<\/p>\n<p><strong>P\u00fablico Alvo:<\/strong><\/p>\n<p>Estudantes, pequenos empres\u00e1rios e profissionais atuantes no campo tribut\u00e1rio e empresarial, que buscam aperfei\u00e7oamento e progresso profissional em face dos novos desafios do mercado de trabalho.<\/p>\n<p>&nbsp;<\/p>\n<p><strong>OBJETIVOS DO CURSO\u00a0<\/strong><\/p>\n<p>\u2013 Oferecer, aos participantes, s\u00f3lido conhecimento dos esteios constitucionais do tratamento favorecido das pequenas empresas;<\/p>\n<p>\u2013 Apresentar as raz\u00f5es socioecon\u00f4micas para fomento de empresas de pequeno porte e a an\u00e1lise cr\u00edtica da sua fun\u00e7\u00e3o na reestrutura\u00e7\u00e3o do sistema capitalista;<\/p>\n<p>\u2013 Promover a an\u00e1lise da tributa\u00e7\u00e3o do Simples Nacional;<\/p>\n<p>\u2013 Analisar as peculiaridades dos tributos n\u00e3o abarcados pelo Simples Nacional em fun\u00e7\u00e3o do porte das empresas;<\/p>\n<p>\u2013 Formar e aperfei\u00e7oar profissionais que atuam nos diversos polos da lide tribut\u00e1ria \u2013 na organiza\u00e7\u00e3o empresarial, na defesa dos contribuintes, na defesa da Fazenda e no julgamento \u2013 com especial aten\u00e7\u00e3o para as quest\u00f5es espec\u00edficas das pequenas empresas;<\/p>\n<p>\u2013 Possibilitar o debate construtivo entre profissionais que atuam em posi\u00e7\u00f5es opostas na lide tribut\u00e1ria.<\/p>\n<p>&nbsp;<\/p>\n<p><strong>CONTE\u00daDO PROGRAM\u00c1TICO<\/strong><\/p>\n<p>Previs\u00f5es constitucionais de tratamento para pequenas empresas: princ\u00edpio do favorecimento; incentivo por meio de redu\u00e7\u00f5es, elimina\u00e7\u00f5es e simplifica\u00e7\u00f5es de deveres jur\u00eddicos; defini\u00e7\u00e3o do tratamento diferenciado e regime unificado; perd\u00e3o de d\u00edvidas; diferencia\u00e7\u00e3o de contribui\u00e7\u00f5es quanto ao porte empresarial. Instrumentos de est\u00edmulo. Efeitos jur\u00eddicos das normas program\u00e1ticas do favorecimento. Car\u00e1ter teleol\u00f3gico do favorecimento: ison\u00f4mico, social e econ\u00f4mico. Empreendedorismo e precariza\u00e7\u00e3o do trabalho. Natureza jur\u00eddica do tratamento favorecido. Vantagens e desvantagens, f\u00e1ticas e jur\u00eddicas, quanto ao porte da empresa. Regras ison\u00f4micas e discriminat\u00f3rias. Conceito de pequena empresa: absoluto e relativo. Tipos de pequena empresa: perif\u00e9ricas e satelit\u00e1rias. Hist\u00f3rico da tributa\u00e7\u00e3o de pequenas empresas. Simples Nacional: defini\u00e7\u00e3o de microempresa e empresa de pequeno porte; microempreendedor individual; Comit\u00ea Gestor; tributos abarcados; regime \u00fanico de obriga\u00e7\u00f5es principais e acess\u00f3rias; apura\u00e7\u00e3o; encargos legais \u2013 multas e juros; inclus\u00e3o e exclus\u00e3o do regime; isen\u00e7\u00f5es de taxas e contribui\u00e7\u00f5es; distribui\u00e7\u00e3o do lucro; aproveitamento e glosa de cr\u00e9ditos; presun\u00e7\u00f5es de omiss\u00e3o de receita; fiscaliza\u00e7\u00e3o e cobran\u00e7a; processo administrativo fiscal contencioso; processo de consulta tribut\u00e1ria; parcelamento, restitui\u00e7\u00e3o e compensa\u00e7\u00e3o; processo judicial tribut\u00e1rio. An\u00e1lise cr\u00edtica do Simples Nacional: retrocessos; efeito constritivo da lei complementar; regras desfavor\u00e1veis dentro do sistema; modelos de diferencia\u00e7\u00e3o \u2013 pacote e cesta; car\u00e1ter opcional e seus efeitos; exclus\u00f5es setoriais; empresa simples de cr\u00e9dito e demais modelos de financiamento. Tributa\u00e7\u00e3o das Startups e seus investidores. Quest\u00f5es tribut\u00e1rias relativas a pequenas empresas fora do Simples Nacional: tributa\u00e7\u00e3o da propriedade imobili\u00e1ria; tributa\u00e7\u00e3o do com\u00e9rcio exterior; diferencia\u00e7\u00f5es tribut\u00e1rias prejudiciais a formas jur\u00eddicas adotadas por pequenas empresas; regimes favorecidos previstos apenas para grandes empresas.<\/p>\n<p>&nbsp;<\/p>\n<p><strong>DESENVOLVIMENTO DAS AULAS E METODOLOGIAS DE APRENDIZAGEM<\/strong><\/p>\n<p>O curso ser\u00e1 integralmente executado por meio de ensino \u00e0 dist\u00e2ncia. Sua carga hor\u00e1ria de 30 horas ser\u00e1 dividida em 10 (dez) encontros semanais de 3 (tr\u00eas) horas cada. Com exce\u00e7\u00e3o do primeiro encontro que corresponder\u00e1 a uma aula expositiva do coordenador, os demais (nove, portanto) ser\u00e3o desenvolvidos pela metodologia de aprendizagem one-for-all, em que os alunos receber\u00e3o previamente um roteiro de estudos com duas bibliografias obrigat\u00f3rias (textos e\/ou v\u00eddeos) e mais algumas de acesso suplementar. A bibliografia obrigat\u00f3ria ser\u00e1 oferecida em ambiente virtual. Esse roteiro de cada aula conter\u00e1, al\u00e9m da bibliografia, quest\u00f5es com grau crescente de dificuldade que dever\u00e3o ser respondidas, no aplicativo google classroom, at\u00e9 o in\u00edcio do encontro correspondente. A primeira hora de cada encontro ser\u00e1 dedicada ao debate das mesmas quest\u00f5es entre os alunos em grupos de 4 (quatro) a 5 (cinco) e \u00e0 confec\u00e7\u00e3o de nova resposta tamb\u00e9m no aplicativo google classroom, desta vez em nome do grupo. Os grupos ser\u00e3o organizados no google meet e os debates ser\u00e3o supervisionados obrigatoriamente pelo professor ministrante da aula do respectivo encontro e eventualmente tamb\u00e9m por monitores e pelo coordenador. A segunda hora ser\u00e1 dedicada a se debater, com o professor respons\u00e1vel pelo encontro, as respostas formuladas pelos alunos e demais quest\u00f5es correlatas ao tema. Por fim, na terceira hora, o professor respons\u00e1vel pelo encontro ir\u00e1 proferir, por meio do google meet uma aula expositiva sobre o tema do encontro.<\/p>\n<p>&nbsp;<\/p>\n<p><strong>Coordenador<\/strong><\/p>\n<p>Prof. Dr.\u00a0 Guilherme Adolfo dos Santos Mendes<\/p>\n<p>&nbsp;<\/p>\n<p><strong>Docentes<\/strong><\/p>\n<p>Professor Doutor Guilherme Adolfo dos Santos Mendes<\/p>\n<p><a href=\"http:\/\/lattes.cnpq.br\/8179718482243437\">Curr\u00edculo<\/a><\/p>\n<p>Professora Mestra Ana Laura Javaroni\u00a0Patton<\/p>\n<p><a href=\"http:\/\/lattes.cnpq.br\/6929475828200396\">Curr\u00edculo<\/a><\/p>\n<p>Professora Mestra Carolina Silva Campos<\/p>\n<p><a href=\"http:\/\/lattes.cnpq.br\/4701706252510150\">Curr\u00edculo<\/a><\/p>\n<p>Professor Mestre Henrique Nimer Chamas<\/p>\n<p><strong><br \/>\n<a href=\"http:\/\/lattes.cnpq.br\/7585271251474451\">Curr\u00edculo<\/a><br \/>\n<\/strong><\/p>\n<p>Professora Mestra Laura Charallo Grisolia Elias<\/p>\n<p><strong><br \/>\n<a href=\"http:\/\/lattes.cnpq.br\/9367176449033864\">Curr\u00edculo<\/a><br \/>\n<\/strong><\/p>\n<p>Professor Mestre Tiago Lucena Figueiredo<\/p>\n<p><strong><br \/>\n<a href=\"http:\/\/lattes.cnpq.br\/7391374370167600\">Curr\u00edculo<\/a><br \/>\n<\/strong><\/p>\n<p>&nbsp;<\/p>\n<p><strong>Carga hor\u00e1ria do Curso:<\/strong><\/p>\n<p>30 (trinta) horas.<\/p>\n<p>&nbsp;<\/p>\n<p><strong>Diploma:<\/strong><\/p>\n<p>O certificado ser\u00e1 emitido pela Universidade de S\u00e3o Paulo, respons\u00e1vel pelo planejamento, execu\u00e7\u00e3o e avalia\u00e7\u00e3o do Curso.<\/p>\n<p>&nbsp;<\/p>\n<p><strong>Investimento:\u00a0<\/strong><\/p>\n<p>O investimento para participar do curso \u00e9 de R$ 620,00 (seiscentos e vinte reais) pagos no ato da matr\u00edcula, mais tr\u00eas parcelas de R$ 620,00 (seiscentos e vinte reais) pagos at\u00e9 o dia 10 (dez) dos meses subsequentes, correspondentes ao valor total de R$ 2.480,00 (dois mil, quatrocentos e oitenta reais).<\/p>\n<p>&nbsp;<\/p>\n<p><strong>CRONOGRAMA<\/strong><\/p>\n<table width=\"703\">\n<tbody>\n<tr>\n<td width=\"460\"><strong>EVENTO\u00a0<\/strong><\/td>\n<td width=\"243\"><strong>DATA\/PER\u00cdODO<\/strong><\/td>\n<\/tr>\n<tr>\n<td width=\"460\">Divulga\u00e7\u00e3o do Edital de abertura do processo seletivo<\/td>\n<td width=\"243\">23\/01\/2023<\/td>\n<\/tr>\n<tr>\n<td width=\"460\">Inscri\u00e7\u00e3o on-line para o processo seletivo (n\u00e3o concorrente a bolsa)<\/td>\n<td width=\"243\">23\/01\/2023 a 13\/03\/2023<\/td>\n<\/tr>\n<tr>\n<td width=\"460\">Inscri\u00e7\u00e3o online para o processo seletivo (concorrente a bolsa)<\/td>\n<td width=\"243\">23\/01\/2023 a 28\/02\/2023<\/td>\n<\/tr>\n<tr>\n<td width=\"460\">Convoca\u00e7\u00e3o da primeira chamada dos candidatos selecionados<\/td>\n<td width=\"243\">15\/03\/2023<\/td>\n<\/tr>\n<tr>\n<td width=\"460\">Matr\u00edcula e envio de documentos da primeira chamada<\/td>\n<td width=\"243\">15\/03\/2023 a 21\/03\/2023 at\u00e9 as 15h00<\/td>\n<\/tr>\n<tr>\n<td width=\"460\">Previs\u00e3o do in\u00edcio das aulas<\/td>\n<td width=\"243\">18\/04\/2023<\/td>\n<\/tr>\n<tr>\n<td width=\"460\"><\/td>\n<td width=\"243\"><\/td>\n<\/tr>\n<\/tbody>\n<\/table>\n<p>&nbsp;<\/p>\n<p>__________________________________________________________________<\/p>\n<p>__________________________________________________________________<\/p>\n<p>&nbsp;<\/p>\n<p>&nbsp;<\/p>\n<p><strong>Informa\u00e7\u00f5es n\u00e3o acad\u00eamicas (documentos, matr\u00edcula, procedimentos, etc):<\/strong><\/p>\n<p>(16) 3329-9100 | e-mail:\u00a0<a href=\"mailto:posfadepfdrp@gmail.com\">posfadepfdrp@gmail.com<\/a><\/p>\n<p>&nbsp;<\/p>\n<p><strong>Informa\u00e7\u00f5es acad\u00eamicas:<\/strong><\/p>\n<p>| e-mail: tributario@usp.br<\/p>\n<\/div>\n<\/div>\n<\/div>\n<\/div>\n","protected":false},"excerpt":{"rendered":"<p>&nbsp; Realiza\u00e7\u00e3o:\u00a0 UNIVERSIDADE DE S\u00c3O PAULO \u2013 FACULDADE DE DIREITO DE RIBEIR\u00c3O PRETO E FADEP (CONV\u00caNIO DE GEST\u00c3O: FADEP-FDRP-USP) Contato FADEP:\u00a0 (16) 3329-9100 | E-mail: academico@fadeprp.org.br &nbsp; T\u00edtulo do curso: CURSO DE DIFUS\u00c3O \u2013 TRIBUTA\u00c7\u00c3O DAS PEQUENAS EMPRESAS (EAD) SEGUNDA EDI\u00c7\u00c3O\u00a0 Sele\u00e7\u00e3o para vagas remanescentes: Informamos que o processo seletivo para o curso foi reaberto, [&hellip;]<\/p>\n","protected":false},"author":22077,"featured_media":0,"parent":0,"menu_order":0,"comment_status":"closed","ping_status":"closed","template":"","meta":{"footnotes":"","_links_to":"","_links_to_target":""},"class_list":["post-369","page","type-page","status-publish","hentry"],"_links":{"self":[{"href":"https:\/\/sites.usp.br\/tributario\/wp-json\/wp\/v2\/pages\/369","targetHints":{"allow":["GET"]}}],"collection":[{"href":"https:\/\/sites.usp.br\/tributario\/wp-json\/wp\/v2\/pages"}],"about":[{"href":"https:\/\/sites.usp.br\/tributario\/wp-json\/wp\/v2\/types\/page"}],"author":[{"embeddable":true,"href":"https:\/\/sites.usp.br\/tributario\/wp-json\/wp\/v2\/users\/22077"}],"replies":[{"embeddable":true,"href":"https:\/\/sites.usp.br\/tributario\/wp-json\/wp\/v2\/comments?post=369"}],"version-history":[{"count":3,"href":"https:\/\/sites.usp.br\/tributario\/wp-json\/wp\/v2\/pages\/369\/revisions"}],"predecessor-version":[{"id":624,"href":"https:\/\/sites.usp.br\/tributario\/wp-json\/wp\/v2\/pages\/369\/revisions\/624"}],"wp:attachment":[{"href":"https:\/\/sites.usp.br\/tributario\/wp-json\/wp\/v2\/media?parent=369"}],"curies":[{"name":"wp","href":"https:\/\/api.w.org\/{rel}","templated":true}]}}