{"id":525,"date":"2021-07-12T20:38:04","date_gmt":"2021-07-12T22:38:04","guid":{"rendered":"https:\/\/sites.usp.br\/tributario\/?page_id=525"},"modified":"2024-02-24T20:28:19","modified_gmt":"2024-02-24T22:28:19","slug":"reformadoir","status":"publish","type":"page","link":"https:\/\/sites.usp.br\/tributario\/reformadoir\/","title":{"rendered":"Reforma do Imposto de Renda: avan\u00e7os, retrocessos e oportunidades perdidas"},"content":{"rendered":"<p>A Faculdade de Direito de Ribeir\u00e3o Preto da Universidade de S\u00e3o Paulo (FDRP\/USP) e a Faculdade de Economia, Administra\u00e7\u00e3o e Contabilidade de Ribeir\u00e3o Preto (FEA-RP\/USP) teve a satisfa\u00e7\u00e3o de organizar o evento <strong>Reforma do Imposto de Renda: avan\u00e7os, retrocessos e oportunidades perdidas<\/strong>, com enfoque na reforma do imposto de renda em tr\u00e2mite no Congresso Nacional.<\/p>\n<p>Foram realizados debates, <strong>entre os dias 02 a 05 de agosto de 2021, <\/strong>sobre o tema da reforma do imposto de renda, com imparcialidade, esperando-se demonstrar seus avan\u00e7os, retrocessos e oportunidades perdidas com riqueza de detalhes.<\/p>\n<p><a href=\"https:\/\/sites.usp.br\/tributario\/wp-content\/uploads\/sites\/805\/2021\/07\/WhatsApp-Image-2021-07-23-at-14.39.34.jpeg\"><img loading=\"lazy\" decoding=\"async\" class=\"alignnone size-medium wp-image-557\" src=\"https:\/\/sites.usp.br\/tributario\/wp-content\/uploads\/sites\/805\/2021\/07\/WhatsApp-Image-2021-07-23-at-14.39.34-300x300.jpeg\" alt=\"\" width=\"300\" height=\"300\" srcset=\"https:\/\/sites.usp.br\/tributario\/wp-content\/uploads\/sites\/805\/2021\/07\/WhatsApp-Image-2021-07-23-at-14.39.34-300x300.jpeg 300w, https:\/\/sites.usp.br\/tributario\/wp-content\/uploads\/sites\/805\/2021\/07\/WhatsApp-Image-2021-07-23-at-14.39.34-1024x1024.jpeg 1024w, https:\/\/sites.usp.br\/tributario\/wp-content\/uploads\/sites\/805\/2021\/07\/WhatsApp-Image-2021-07-23-at-14.39.34-150x150.jpeg 150w, https:\/\/sites.usp.br\/tributario\/wp-content\/uploads\/sites\/805\/2021\/07\/WhatsApp-Image-2021-07-23-at-14.39.34-768x768.jpeg 768w, https:\/\/sites.usp.br\/tributario\/wp-content\/uploads\/sites\/805\/2021\/07\/WhatsApp-Image-2021-07-23-at-14.39.34-45x45.jpeg 45w, https:\/\/sites.usp.br\/tributario\/wp-content\/uploads\/sites\/805\/2021\/07\/WhatsApp-Image-2021-07-23-at-14.39.34-200x200.jpeg 200w, https:\/\/sites.usp.br\/tributario\/wp-content\/uploads\/sites\/805\/2021\/07\/WhatsApp-Image-2021-07-23-at-14.39.34-400x400.jpeg 400w, https:\/\/sites.usp.br\/tributario\/wp-content\/uploads\/sites\/805\/2021\/07\/WhatsApp-Image-2021-07-23-at-14.39.34.jpeg 1080w\" sizes=\"auto, (max-width: 300px) 100vw, 300px\" \/><\/a><\/p>\n<hr \/>\n<p><b>Programa\u00e7\u00e3o do Evento<\/b>:<\/p>\n<p><strong><span style=\"color: #ff0000;\">Segunda-feira (02\/08\/2021)<\/span><\/strong><\/p>\n<p><strong>1. Abertura com os Coordenadores: &#8220;De onde estamos partindo?&#8221;<\/strong> (09h-11h)<\/p>\n<div class=\"su-row\"><div class=\"su-column su-column-size-1-2\"><div class=\"su-column-inner su-u-clearfix su-u-trim\"><div class=\"su-youtube su-u-responsive-media-yes\"><iframe loading=\"lazy\" width=\"300\" height=\"300\" src=\"https:\/\/www.youtube.com\/embed\/YvgDfAiNgWk?\" frameborder=\"0\" allowfullscreen allow=\"autoplay; encrypted-media; picture-in-picture\" title=\"Abertura\"><\/iframe><\/div><\/div><\/div> <div class=\"su-column su-column-size-1-2\"><div class=\"su-column-inner su-u-clearfix su-u-trim\">Ser\u00e1 feita uma introdu\u00e7\u00e3o acerca do tema da reforma do imposto sobre a renda.<br \/>\nNessa introdu\u00e7\u00e3o, ser\u00e1 dado enfoque \u00e0 quest\u00e3o \u201cDe onde estamos partindo?\u201d.\u00a0<\/div><\/div><\/div>\n<p>&nbsp;<\/p>\n<p><strong>2. Premissas e Estrutura do Projeto do Governo<\/strong> (19h30-21h30)<\/p>\n<div class=\"su-row\"><div class=\"su-column su-column-size-1-2\"><div class=\"su-column-inner su-u-clearfix su-u-trim\"><div class=\"su-youtube su-u-responsive-media-yes\"><iframe loading=\"lazy\" width=\"300\" height=\"300\" src=\"https:\/\/www.youtube.com\/embed\/dS0ZgPOEA7c?\" frameborder=\"0\" allowfullscreen allow=\"autoplay; encrypted-media; picture-in-picture\" title=\"Abertura\"><\/iframe><\/div><\/div><\/div> <div class=\"su-column su-column-size-1-2\"><div class=\"su-column-inner su-u-clearfix su-u-trim\">\n<p><strong>Palestrante: Prof. Dr. Isaias Coelho<\/strong><\/p>\n<p>Assessor Especial do Minist\u00e9rio da Economia; Formado em Economia (UCC); Mestre (UFB) e doutor (Universidade de Rochester \u2013 EUA) em Economia.<\/p>\n<\/div><\/div><\/div>\n<hr \/>\n<p><strong><span style=\"color: #ff0000;\">Ter\u00e7a-feira (03\/08\/2021)<\/span><\/strong><\/p>\n<p><strong>3. Tributa\u00e7\u00e3o dos Mercados Financeiros e de Capital<\/strong> (09h-11h)<\/p>\n<div class=\"su-row\"><div class=\"su-column su-column-size-1-2\"><div class=\"su-column-inner su-u-clearfix su-u-trim\"><div class=\"su-youtube su-u-responsive-media-yes\"><iframe loading=\"lazy\" width=\"300\" height=\"300\" src=\"https:\/\/www.youtube.com\/embed\/ah9p5ga0WSc?\" frameborder=\"0\" allowfullscreen allow=\"autoplay; encrypted-media; picture-in-picture\" title=\"Abertura\"><\/iframe><\/div><\/div><\/div> <div class=\"su-column su-column-size-1-2\"><div class=\"su-column-inner su-u-clearfix su-u-trim\">\n<p><strong>Palestrante: Prof. Me. Peter de Paula Pires<\/strong><\/p>\n<p>Mestre em Direito (FDRP\/USP); Juiz Federal; Ex-procurador da Fazenda Nacional; e Ex-procurador da Susep.<\/p>\n<p><strong>Prof. Dra. Joanilia Neide de Sales Cia<\/strong><\/p>\n<p>\u00c9 doutora e mestre em Administra\u00e7\u00e3o de Empresas pela Funda\u00e7\u00e3o Getulio Vargas &#8211; SP (1998 e 1993) graduada em Ci\u00eancias Cont\u00e1beis pela Universidade de Fortaleza (1985) . Atualmente \u00e9 professora doutora da Universidade de S\u00e3o Paulo. Tem experi\u00eancia na \u00e1rea Cont\u00e1bil e Financeira, com \u00eanfase em Contabilidade de Institui\u00e7\u00f5es Financeiras e Internacional.<\/p>\n<\/div><\/div><\/div>\n<p>&nbsp;<\/p>\n<p><strong>4. Tributa\u00e7\u00e3o da Pessoa F\u00edsica<\/strong> (19h30-21h30)<\/p>\n<div class=\"su-row\"><div class=\"su-column su-column-size-1-2\"><div class=\"su-column-inner su-u-clearfix su-u-trim\"><div class=\"su-youtube su-u-responsive-media-yes\"><iframe loading=\"lazy\" width=\"300\" height=\"300\" src=\"https:\/\/www.youtube.com\/embed\/BZydfC_RFBY?\" frameborder=\"0\" allowfullscreen allow=\"autoplay; encrypted-media; picture-in-picture\" title=\"Abertura\"><\/iframe><\/div><\/div><\/div> <div class=\"su-column su-column-size-1-2\"><div class=\"su-column-inner su-u-clearfix su-u-trim\">\n<p><strong>Palestrante: Prof. Me. Paulo P\u00eagas<\/strong><\/p>\n<p>Contador pela UFF; P\u00f3s Gradua\u00e7\u00e3o Lato Sensu em Contabilidade e Auditoria pela UFF; e mestrado em Ci\u00eancias Cont\u00e1beis pela\u00a0 UERJ; Professor em Contabilidade e Planejamento Tribut\u00e1rio no curso de Gradua\u00e7\u00e3o em Ci\u00eancias Cont\u00e1beis no IBMEC-RJ.<\/p>\n<p><strong>Palestrante: Prof. Dr. Leandro Paulsen<\/strong><\/p>\n<p>Desembargador (TRF4); Mestre em Direito (UFRGS); Doutor em Direito (USAL\/Espanha); e Professor da PUCRS.<\/p>\n<\/div><\/div><\/div>\n<hr \/>\n<p><span style=\"color: #ff0000;\"><strong>Quarta-feira (04\/08\/2021)<\/strong><\/span><\/p>\n<p><strong>5. Tributa\u00e7\u00e3o Internacional<\/strong> (09h-11h)<\/p>\n<div class=\"su-row\"><div class=\"su-column su-column-size-1-2\"><div class=\"su-column-inner su-u-clearfix su-u-trim\"><div class=\"su-youtube su-u-responsive-media-yes\"><iframe loading=\"lazy\" width=\"300\" height=\"300\" src=\"https:\/\/www.youtube.com\/embed\/lcbGCeX93xk?\" frameborder=\"0\" allowfullscreen allow=\"autoplay; encrypted-media; picture-in-picture\" title=\"Abertura\"><\/iframe><\/div><\/div><\/div> <div class=\"su-column su-column-size-1-2\"><div class=\"su-column-inner su-u-clearfix su-u-trim\">\n<p><strong>Palestrante: Prof. Dr. Sergio Andr\u00e9 Rocha<\/strong><\/p>\n<p>Mestre e Doutor em Direito (UGF); Livre-docente em Direito (USP); Gradua\u00e7\u00e3o em Direito pela Universidade C\u00e2ndido Mendes; Professor da UERJ.<\/p>\n<p><strong>Palestrante: Washington Juarez de Brito Filho<\/strong><\/p>\n<p>Doutor em Ci\u00eancias Cont\u00e1beis &#8211; UFRJ; Doutor em Direito Econ\u00f4mico, Financeiro e Tribut\u00e1rio &#8211; USP; Mestre e Doutor em Direito Internacional e da Integra\u00e7\u00e3o Econ\u00f4mica &#8211; UERJ;\u00a0 Juiz Federal na Se\u00e7\u00e3o Judici\u00e1ria do Rio de Janeiro.<\/p>\n<\/div><\/div><\/div>\n<p>&nbsp;<\/p>\n<p><strong>6. Tributa\u00e7\u00e3o da Pessoa Jur\u00eddica I<\/strong>\u00a0(19h30-21h30)<\/p>\n<div class=\"su-row\"><div class=\"su-column su-column-size-1-2\"><div class=\"su-column-inner su-u-clearfix su-u-trim\"><div class=\"su-youtube su-u-responsive-media-yes\"><iframe loading=\"lazy\" width=\"300\" height=\"300\" src=\"https:\/\/www.youtube.com\/embed\/uhg-3dmqm9E?\" frameborder=\"0\" allowfullscreen allow=\"autoplay; encrypted-media; picture-in-picture\" title=\"Abertura\"><\/iframe><\/div><\/div><\/div> <div class=\"su-column su-column-size-1-2\"><div class=\"su-column-inner su-u-clearfix su-u-trim\">\n<p><em><strong>6.1. Mais-valia e goodwill<\/strong><\/em><\/p>\n<p><em><strong>6.2. Distribui\u00e7\u00e3o disfar\u00e7ada de lucros (DDL)<\/strong><\/em><\/p>\n<p><em><strong>6.3. Tributa\u00e7\u00e3o das sociedades em conta de participa\u00e7\u00e3o (SCP)<\/strong><\/em><\/p>\n<p><strong>Palestrante: Prof. Dr. Mauro Jacob<\/strong><\/p>\n<p>Graduado pela Universidade Est\u00e1cio de S\u00e1 (RJ) e P\u00f3s-graduado em Finan\u00e7as pela Universidade Federal Fluminense; Professor em cursos de gradua\u00e7\u00e3o e de cursos de P\u00f3s-Gradua\u00e7\u00e3o no Rio de Janeiro; e S\u00f3cio da Gaia no RJ.<\/p>\n<p><strong>Palestrante: Prof. Dr. Alexandre Evaristo Pinto<\/strong><\/p>\n<p>Bacharel em Direito (Universidade Presbiteriana Mackenzie) e Contabilidade (USP); Mestre e doutor em Direito (USP); Conselheiro do CARF<\/p>\n<\/div><\/div><\/div>\n<hr \/>\n<p><strong><span style=\"color: #ff0000;\">Quinta-feira (05\/08\/2021)<\/span><\/strong><\/p>\n<div class=\"su-row\"><div class=\"su-column su-column-size-1-2\"><div class=\"su-column-inner su-u-clearfix su-u-trim\"><div class=\"su-youtube su-u-responsive-media-yes\"><iframe loading=\"lazy\" width=\"300\" height=\"300\" src=\"https:\/\/www.youtube.com\/embed\/Rw7zvP4_oek?\" frameborder=\"0\" allowfullscreen allow=\"autoplay; encrypted-media; picture-in-picture\" title=\"Abertura\"><\/iframe><\/div><\/div><\/div> <div class=\"su-column su-column-size-1-2\"><div class=\"su-column-inner su-u-clearfix su-u-trim\">\n<p><em><strong>7. Tributa\u00e7\u00e3o da Pessoa Jur\u00eddica II<\/strong> (09h-11h)<\/em><\/p>\n<p><em><strong>7.1. Redu\u00e7\u00e3o da al\u00edquota<\/strong><\/em><\/p>\n<p><em><strong>7.2. Extin\u00e7\u00e3o dos juros sobre capital pr\u00f3prio (JCP)<\/strong><\/em><\/p>\n<p><em><strong>7.3. Tributa\u00e7\u00e3o dos dividendos<\/strong><\/em><\/p>\n<p><strong>Palestrante: Prof. Dr. Emanoel Marcos Lima<\/strong><\/p>\n<p>Mestre e doutor em contabilidade pela USP e professor doutor pela Universidade Federal de Mato Grosso do Sul.<\/p>\n<p><strong>Palestrante: Prof. Dr. Guilherme Mendes<\/strong><\/p>\n<p>Bacharel em Direito pela Universidade de S\u00e3o Paulo; Mestre e doutor em Direito pela Universidade de S\u00e3o Paulo; Professor de Gradua\u00e7\u00e3o e P\u00f3s Gradua\u00e7\u00e3o da FDRP-USP.<\/p>\n<\/div><\/div><\/div>\n<p>&nbsp;<\/p>\n<p><strong>8. Encerramento: &#8220;Para onde queremos ir?&#8221;<\/strong>(19h30-21h30)<\/p>\n<div class=\"su-row\"><div class=\"su-column su-column-size-1-2\"><div class=\"su-column-inner su-u-clearfix su-u-trim\"><div class=\"su-youtube su-u-responsive-media-yes\"><iframe loading=\"lazy\" width=\"300\" height=\"300\" src=\"https:\/\/www.youtube.com\/embed\/Jj8aExaJKgk?\" frameborder=\"0\" allowfullscreen allow=\"autoplay; encrypted-media; picture-in-picture\" title=\"Abertura\"><\/iframe><\/div><\/div><\/div> <div class=\"su-column su-column-size-1-2\"><div class=\"su-column-inner su-u-clearfix su-u-trim\">\n<p><strong>Coordenadores do evento<\/strong><\/p>\n<p><strong>Ser\u00e3o apresentadas as conclus\u00f5es do evento<\/strong>, oportunidade em que pretenderemos responder \u00e0s indaga\u00e7\u00f5es <strong>\u201cPara onde queremos ir?\u201d<\/strong> e <strong>\u201cAs medidas adotadas nos levam a esse destino?\u201d<\/strong>.<\/p>\n<\/div><\/div><\/div>\n<hr \/>\n<div class=\"su-row\"><div class=\"su-column su-column-size-1-2\"><div class=\"su-column-inner su-u-clearfix su-u-trim\">\n<h6>Coordenadores<\/h6>\n<p>Prof. Dr. Amaury Jos\u00e9 Rezende (FEARP\/USP)<\/p>\n<p>Prof. Dr. Guilherme Adolfo dos Santos Mendes (FDRP\/USP)<\/p>\n<p>Prof. Me. Paulo Henrique P\u00eagas (IBMEC-RJ)<\/p>\n<\/div><\/div> <div class=\"su-column su-column-size-1-2\"><div class=\"su-column-inner su-u-clearfix su-u-trim\">\n<h6>Organizadores<\/h6>\n<p>Mestre Henrique Nimer Chamas<\/p>\n<p>Mestrando Jo\u00e3o Jos\u00e9 Turri Brufatto<\/p>\n<p>Mestrando Tiago Lucena Figueiredo<\/p>\n<p>Mestrando Matheus Guilherme dos Santos Morais<\/p>\n<p>Graduanda Giovanna Bassani Bidoia<\/p>\n<p>Graduanda Camile Sabrina Ribeiro Mendes<\/p>\n<p>Graduando Athos Emanuel Alkimim Veloso<\/p>\n<p>Graduanda Beatriz Alves Teot\u00f4nio<\/p>\n<\/div><\/div><\/div>\n","protected":false},"excerpt":{"rendered":"<p>A Faculdade de Direito de Ribeir\u00e3o Preto da Universidade de S\u00e3o Paulo (FDRP\/USP) e a Faculdade de Economia, Administra\u00e7\u00e3o e Contabilidade de Ribeir\u00e3o Preto (FEA-RP\/USP) teve a satisfa\u00e7\u00e3o de organizar o evento Reforma do Imposto de Renda: avan\u00e7os, retrocessos e oportunidades perdidas, com enfoque na reforma do imposto de renda em tr\u00e2mite no Congresso Nacional. [&hellip;]<\/p>\n","protected":false},"author":22077,"featured_media":0,"parent":0,"menu_order":0,"comment_status":"closed","ping_status":"closed","template":"","meta":{"footnotes":"","_links_to":"","_links_to_target":""},"class_list":["post-525","page","type-page","status-publish","hentry"],"_links":{"self":[{"href":"https:\/\/sites.usp.br\/tributario\/wp-json\/wp\/v2\/pages\/525","targetHints":{"allow":["GET"]}}],"collection":[{"href":"https:\/\/sites.usp.br\/tributario\/wp-json\/wp\/v2\/pages"}],"about":[{"href":"https:\/\/sites.usp.br\/tributario\/wp-json\/wp\/v2\/types\/page"}],"author":[{"embeddable":true,"href":"https:\/\/sites.usp.br\/tributario\/wp-json\/wp\/v2\/users\/22077"}],"replies":[{"embeddable":true,"href":"https:\/\/sites.usp.br\/tributario\/wp-json\/wp\/v2\/comments?post=525"}],"version-history":[{"count":4,"href":"https:\/\/sites.usp.br\/tributario\/wp-json\/wp\/v2\/pages\/525\/revisions"}],"predecessor-version":[{"id":608,"href":"https:\/\/sites.usp.br\/tributario\/wp-json\/wp\/v2\/pages\/525\/revisions\/608"}],"wp:attachment":[{"href":"https:\/\/sites.usp.br\/tributario\/wp-json\/wp\/v2\/media?parent=525"}],"curies":[{"name":"wp","href":"https:\/\/api.w.org\/{rel}","templated":true}]}}