{"id":641,"date":"2025-10-18T13:09:38","date_gmt":"2025-10-18T15:09:38","guid":{"rendered":"https:\/\/sites.usp.br\/tributario\/?page_id=641"},"modified":"2025-10-18T13:09:38","modified_gmt":"2025-10-18T15:09:38","slug":"tributacao-do-agronegocio","status":"publish","type":"page","link":"https:\/\/sites.usp.br\/tributario\/tributacao-do-agronegocio\/","title":{"rendered":"Tributa\u00e7\u00e3o do Agroneg\u00f3cio"},"content":{"rendered":"","protected":false},"excerpt":{"rendered":"","protected":false},"author":22058,"featured_media":0,"parent":0,"menu_order":0,"comment_status":"closed","ping_status":"closed","template":"","meta":{"footnotes":"","_links_to":"","_links_to_target":""},"class_list":["post-641","page","type-page","status-publish","hentry"],"_links":{"self":[{"href":"https:\/\/sites.usp.br\/tributario\/wp-json\/wp\/v2\/pages\/641","targetHints":{"allow":["GET"]}}],"collection":[{"href":"https:\/\/sites.usp.br\/tributario\/wp-json\/wp\/v2\/pages"}],"about":[{"href":"https:\/\/sites.usp.br\/tributario\/wp-json\/wp\/v2\/types\/page"}],"author":[{"embeddable":true,"href":"https:\/\/sites.usp.br\/tributario\/wp-json\/wp\/v2\/users\/22058"}],"replies":[{"embeddable":true,"href":"https:\/\/sites.usp.br\/tributario\/wp-json\/wp\/v2\/comments?post=641"}],"version-history":[{"count":1,"href":"https:\/\/sites.usp.br\/tributario\/wp-json\/wp\/v2\/pages\/641\/revisions"}],"predecessor-version":[{"id":645,"href":"https:\/\/sites.usp.br\/tributario\/wp-json\/wp\/v2\/pages\/641\/revisions\/645"}],"wp:attachment":[{"href":"https:\/\/sites.usp.br\/tributario\/wp-json\/wp\/v2\/media?parent=641"}],"curies":[{"name":"wp","href":"https:\/\/api.w.org\/{rel}","templated":true}]}}