{"id":79,"date":"2014-02-24T16:51:20","date_gmt":"2014-02-24T18:51:20","guid":{"rendered":"http:\/\/sites.usp.br\/tributario\/?page_id=79"},"modified":"2025-11-15T18:44:56","modified_gmt":"2025-11-15T20:44:56","slug":"pagina-inicial","status":"publish","type":"page","link":"https:\/\/sites.usp.br\/tributario\/","title":{"rendered":"Bem-vindos \u00e0 p\u00e1gina de Direito Tribut\u00e1rio da FDRP\/USP"},"content":{"rendered":"<div id=\"pl-79\"  class=\"panel-layout\" >\n<div id=\"pg-79-0\"  class=\"panel-grid panel-no-style\"  data-style=\"{&quot;background_image_attachment&quot;:false,&quot;background_display&quot;:&quot;tile&quot;,&quot;full_height&quot;:&quot;&quot;,&quot;cell_alignment&quot;:&quot;flex-start&quot;}\" >\n<div id=\"pgc-79-0-0\"  class=\"panel-grid-cell\"  data-style=\"{&quot;background_image_attachment&quot;:false,&quot;background_display&quot;:&quot;tile&quot;,&quot;vertical_alignment&quot;:&quot;auto&quot;}\"  data-weight=\"0.5\" >\n<div id=\"panel-79-0-0-0\" class=\"so-panel widget widget_sow-slider panel-first-child panel-last-child\" data-index=\"0\" data-style=\"{&quot;background_image_attachment&quot;:false,&quot;background_display&quot;:&quot;tile&quot;,&quot;background_image_size&quot;:&quot;full&quot;,&quot;background_image_opacity&quot;:&quot;100&quot;,&quot;border_thickness&quot;:&quot;1px&quot;}\" ><div\n\t\t\t\n\t\t\tclass=\"so-widget-sow-slider so-widget-sow-slider-default-328511d86f04\"\n\t\t\t\n\t\t>\t\t\t\t<div class=\"sow-slider-base\" style=\"display: none\" tabindex=\"0\">\n\t\t\t\t\t<ul\n\t\t\t\t\tclass=\"sow-slider-images\"\n\t\t\t\t\tdata-settings=\"{&quot;pagination&quot;:true,&quot;speed&quot;:&quot;800&quot;,&quot;timeout&quot;:&quot;8000&quot;,&quot;paused&quot;:false,&quot;pause_on_hover&quot;:false,&quot;swipe&quot;:&quot;1&quot;,&quot;nav_always_show_desktop&quot;:&quot;&quot;,&quot;nav_always_show_mobile&quot;:&quot;&quot;,&quot;breakpoint&quot;:&quot;780px&quot;,&quot;unmute&quot;:false,&quot;anchor&quot;:null}\"\n\t\t\t\t\t\t\t\t\t\tdata-anchor-id=\"\"\n\t\t\t\t>\t\t<li class=\"sow-slider-image\" style=\"visibility: visible;;cursor: pointer;\" data-url=\"{&quot;url&quot;:&quot;https:\\\/\\\/sites.usp.br\\\/tributario\\\/quem-somos\\\/&quot;,&quot;new_window&quot;:false}\" >\n\t\t\t\t\t\t\t\t\t\t<a href=\"https:\/\/sites.usp.br\/tributario\/quem-somos\/\"\n\t\t\t\t>\n\t\t\t<img loading=\"lazy\" decoding=\"async\" width=\"1080\" height=\"1080\" src=\"https:\/\/sites.usp.br\/tributario\/wp-content\/uploads\/sites\/805\/2020\/09\/logo-direito-tribut\u00e1rio-preto.png\" class=\"sow-slider-background-image\" alt=\"\" style=\"\" srcset=\"https:\/\/sites.usp.br\/tributario\/wp-content\/uploads\/sites\/805\/2020\/09\/logo-direito-tribut\u00e1rio-preto.png 1080w, https:\/\/sites.usp.br\/tributario\/wp-content\/uploads\/sites\/805\/2020\/09\/logo-direito-tribut\u00e1rio-preto-300x300.png 300w, https:\/\/sites.usp.br\/tributario\/wp-content\/uploads\/sites\/805\/2020\/09\/logo-direito-tribut\u00e1rio-preto-1024x1024.png 1024w, https:\/\/sites.usp.br\/tributario\/wp-content\/uploads\/sites\/805\/2020\/09\/logo-direito-tribut\u00e1rio-preto-150x150.png 150w, https:\/\/sites.usp.br\/tributario\/wp-content\/uploads\/sites\/805\/2020\/09\/logo-direito-tribut\u00e1rio-preto-768x768.png 768w, https:\/\/sites.usp.br\/tributario\/wp-content\/uploads\/sites\/805\/2020\/09\/logo-direito-tribut\u00e1rio-preto-250x250.png 250w, https:\/\/sites.usp.br\/tributario\/wp-content\/uploads\/sites\/805\/2020\/09\/logo-direito-tribut\u00e1rio-preto-174x174.png 174w, https:\/\/sites.usp.br\/tributario\/wp-content\/uploads\/sites\/805\/2020\/09\/logo-direito-tribut\u00e1rio-preto-45x45.png 45w, https:\/\/sites.usp.br\/tributario\/wp-content\/uploads\/sites\/805\/2020\/09\/logo-direito-tribut\u00e1rio-preto-200x200.png 200w, https:\/\/sites.usp.br\/tributario\/wp-content\/uploads\/sites\/805\/2020\/09\/logo-direito-tribut\u00e1rio-preto-400x400.png 400w\" sizes=\"auto, (max-width: 1080px) 100vw, 1080px\" \/><\/a>\t\t<\/li>\n\t\t<\/ul>\t\t\t\t<ol class=\"sow-slider-pagination\">\n\t\t\t\t\t\t\t\t\t\t\t<li><a href=\"#\" data-goto=\"0\" aria-label=\"Display slide 1\"><\/a><\/li>\n\t\t\t\t\t\t\t\t\t<\/ol>\n\n\t\t\t\t<div class=\"sow-slide-nav sow-slide-nav-next\">\n\t\t\t\t\t<a href=\"#\" data-goto=\"next\" aria-label=\"Next slide\" data-action=\"next\">\n\t\t\t\t\t\t<em class=\"sow-sld-icon-thin-right\"><\/em>\n\t\t\t\t\t<\/a>\n\t\t\t\t<\/div>\n\n\t\t\t\t<div class=\"sow-slide-nav sow-slide-nav-prev\">\n\t\t\t\t\t<a href=\"#\" data-goto=\"previous\" aria-label=\"Previous slide\" data-action=\"prev\">\n\t\t\t\t\t\t<em class=\"sow-sld-icon-thin-left\"><\/em>\n\t\t\t\t\t<\/a>\n\t\t\t\t<\/div>\n\t\t\t\t<\/div><\/div><\/div>\n<\/div>\n<div id=\"pgc-79-0-1\"  class=\"panel-grid-cell\"  data-weight=\"0.5\" >\n<div id=\"panel-79-0-1-0\" class=\"so-panel widget widget_sow-slider panel-first-child panel-last-child\" data-index=\"1\" data-style=\"{&quot;background_image_attachment&quot;:false,&quot;background_display&quot;:&quot;tile&quot;,&quot;background_image_size&quot;:&quot;full&quot;,&quot;background_image_opacity&quot;:&quot;100&quot;,&quot;border_thickness&quot;:&quot;1px&quot;}\" ><div\n\t\t\t\n\t\t\tclass=\"so-widget-sow-slider so-widget-sow-slider-default-328511d86f04\"\n\t\t\t\n\t\t>\t\t\t\t<div class=\"sow-slider-base\" style=\"display: none\" tabindex=\"0\">\n\t\t\t\t\t<ul\n\t\t\t\t\tclass=\"sow-slider-images\"\n\t\t\t\t\tdata-settings=\"{&quot;pagination&quot;:true,&quot;speed&quot;:&quot;800&quot;,&quot;timeout&quot;:&quot;8000&quot;,&quot;paused&quot;:false,&quot;pause_on_hover&quot;:false,&quot;swipe&quot;:&quot;1&quot;,&quot;nav_always_show_desktop&quot;:&quot;&quot;,&quot;nav_always_show_mobile&quot;:&quot;&quot;,&quot;breakpoint&quot;:&quot;780px&quot;,&quot;unmute&quot;:false,&quot;anchor&quot;:null}\"\n\t\t\t\t\t\t\t\t\t\tdata-anchor-id=\"\"\n\t\t\t\t>\t\t<li class=\"sow-slider-image\" style=\"visibility: visible;;cursor: pointer;\" data-url=\"{&quot;url&quot;:&quot;https:\\\/\\\/sites.usp.br\\\/tributario\\\/reforma-tributaria\\\/&quot;,&quot;new_window&quot;:false}\" >\n\t\t\t\t\t\t\t\t\t\t<a href=\"https:\/\/sites.usp.br\/tributario\/reforma-tributaria\/\"\n\t\t\t\t>\n\t\t\t<img loading=\"lazy\" decoding=\"async\" width=\"1150\" height=\"600\" src=\"https:\/\/sites.usp.br\/tributario\/wp-content\/uploads\/sites\/805\/2025\/11\/6ebcb49a-5c80-4f66-8f01-c74b29f90e42.png\" class=\"sow-slider-background-image\" alt=\"\" style=\"\" srcset=\"https:\/\/sites.usp.br\/tributario\/wp-content\/uploads\/sites\/805\/2025\/11\/6ebcb49a-5c80-4f66-8f01-c74b29f90e42.png 1150w, https:\/\/sites.usp.br\/tributario\/wp-content\/uploads\/sites\/805\/2025\/11\/6ebcb49a-5c80-4f66-8f01-c74b29f90e42-300x157.png 300w, https:\/\/sites.usp.br\/tributario\/wp-content\/uploads\/sites\/805\/2025\/11\/6ebcb49a-5c80-4f66-8f01-c74b29f90e42-1024x534.png 1024w\" sizes=\"auto, (max-width: 1150px) 100vw, 1150px\" \/><\/a>\t\t<\/li>\n\t\t<\/ul>\t\t\t\t<ol class=\"sow-slider-pagination\">\n\t\t\t\t\t\t\t\t\t\t\t<li><a href=\"#\" data-goto=\"0\" aria-label=\"Display slide 1\"><\/a><\/li>\n\t\t\t\t\t\t\t\t\t<\/ol>\n\n\t\t\t\t<div class=\"sow-slide-nav sow-slide-nav-next\">\n\t\t\t\t\t<a href=\"#\" data-goto=\"next\" aria-label=\"Next slide\" data-action=\"next\">\n\t\t\t\t\t\t<em class=\"sow-sld-icon-thin-right\"><\/em>\n\t\t\t\t\t<\/a>\n\t\t\t\t<\/div>\n\n\t\t\t\t<div class=\"sow-slide-nav sow-slide-nav-prev\">\n\t\t\t\t\t<a href=\"#\" data-goto=\"previous\" aria-label=\"Previous slide\" data-action=\"prev\">\n\t\t\t\t\t\t<em class=\"sow-sld-icon-thin-left\"><\/em>\n\t\t\t\t\t<\/a>\n\t\t\t\t<\/div>\n\t\t\t\t<\/div><\/div><\/div>\n<\/div>\n<\/div>\n<\/div>\n","protected":false},"excerpt":{"rendered":"","protected":false},"author":1,"featured_media":0,"parent":0,"menu_order":0,"comment_status":"closed","ping_status":"closed","template":"","meta":{"footnotes":"","_links_to":"","_links_to_target":""},"class_list":["post-79","page","type-page","status-publish","hentry"],"_links":{"self":[{"href":"https:\/\/sites.usp.br\/tributario\/wp-json\/wp\/v2\/pages\/79","targetHints":{"allow":["GET"]}}],"collection":[{"href":"https:\/\/sites.usp.br\/tributario\/wp-json\/wp\/v2\/pages"}],"about":[{"href":"https:\/\/sites.usp.br\/tributario\/wp-json\/wp\/v2\/types\/page"}],"author":[{"embeddable":true,"href":"https:\/\/sites.usp.br\/tributario\/wp-json\/wp\/v2\/users\/1"}],"replies":[{"embeddable":true,"href":"https:\/\/sites.usp.br\/tributario\/wp-json\/wp\/v2\/comments?post=79"}],"version-history":[{"count":7,"href":"https:\/\/sites.usp.br\/tributario\/wp-json\/wp\/v2\/pages\/79\/revisions"}],"predecessor-version":[{"id":354,"href":"https:\/\/sites.usp.br\/tributario\/wp-json\/wp\/v2\/pages\/79\/revisions\/354"}],"wp:attachment":[{"href":"https:\/\/sites.usp.br\/tributario\/wp-json\/wp\/v2\/media?parent=79"}],"curies":[{"name":"wp","href":"https:\/\/api.w.org\/{rel}","templated":true}]}}