{"id":238,"date":"2022-01-24T14:32:07","date_gmt":"2022-01-24T17:32:07","guid":{"rendered":"https:\/\/sites.usp.br\/maniadeensinar\/?page_id=238"},"modified":"2024-03-05T18:34:52","modified_gmt":"2024-03-05T21:34:52","slug":"equipe","status":"publish","type":"page","link":"https:\/\/sites.usp.br\/tune\/nova-inicial\/equipe\/","title":{"rendered":"Equipe"},"content":{"rendered":"<p>A equipe conta com estudantes do IAG\/USP atuando como monitores nos atendimentos de plant\u00f5es de d\u00favidas em tempo real, e participando das atividades relacionadas com: comunica\u00e7\u00e3o com o p\u00fablico alvo e produ\u00e7\u00e3o de material para publica\u00e7\u00f5es, e produ\u00e7\u00e3o de conte\u00fados.<\/p>\n<h3>Coordena\u00e7\u00e3o<\/h3>\n<p><img loading=\"lazy\" decoding=\"async\" class=\"alignnone size-medium wp-image-240\" src=\"https:\/\/sites.usp.br\/tune\/wp-content\/uploads\/sites\/819\/2022\/01\/foto_jgh-300x271.png\" alt=\"\" width=\"240\" height=\"217\" srcset=\"https:\/\/sites.usp.br\/tune\/wp-content\/uploads\/sites\/819\/2022\/01\/foto_jgh-300x271.png 300w, https:\/\/sites.usp.br\/tune\/wp-content\/uploads\/sites\/819\/2022\/01\/foto_jgh-768x694.png 768w, https:\/\/sites.usp.br\/tune\/wp-content\/uploads\/sites\/819\/2022\/01\/foto_jgh.png 832w\" sizes=\"auto, (max-width: 240px) 100vw, 240px\" \/> Professora Jane Gregorio-Hetem<\/p>\n<p><img loading=\"lazy\" decoding=\"async\" class=\"alignnone size-medium wp-image-242\" src=\"https:\/\/sites.usp.br\/maniadeensinar\/wp-content\/uploads\/sites\/819\/2022\/01\/Fabri\u0301cia-300x300.jpg\" alt=\"\" width=\"240\" height=\"240\" srcset=\"https:\/\/sites.usp.br\/tune\/wp-content\/uploads\/sites\/819\/2022\/01\/Fabri\u0301cia-300x300.jpg 300w, https:\/\/sites.usp.br\/tune\/wp-content\/uploads\/sites\/819\/2022\/01\/Fabri\u0301cia-1024x1024.jpg 1024w, https:\/\/sites.usp.br\/tune\/wp-content\/uploads\/sites\/819\/2022\/01\/Fabri\u0301cia-150x150.jpg 150w, https:\/\/sites.usp.br\/tune\/wp-content\/uploads\/sites\/819\/2022\/01\/Fabri\u0301cia-768x768.jpg 768w, https:\/\/sites.usp.br\/tune\/wp-content\/uploads\/sites\/819\/2022\/01\/Fabri\u0301cia-1536x1536.jpg 1536w, https:\/\/sites.usp.br\/tune\/wp-content\/uploads\/sites\/819\/2022\/01\/Fabri\u0301cia-45x45.jpg 45w, https:\/\/sites.usp.br\/tune\/wp-content\/uploads\/sites\/819\/2022\/01\/Fabri\u0301cia.jpg 1836w\" sizes=\"auto, (max-width: 240px) 100vw, 240px\" \/> Fabr\u00edcia Barbosa (p\u00f3s-gradua\u00e7\u00e3o).<\/p>\n<h3>Monitores<\/h3>\n<p><img loading=\"lazy\" decoding=\"async\" class=\"alignnone size-medium wp-image-295\" src=\"https:\/\/sites.usp.br\/tune\/wp-content\/uploads\/sites\/819\/2024\/03\/Julia_Miyazato-scaled.jpg\" alt=\"\" width=\"184\" height=\"300\" \/> Julia Fernandes Miyazato,<\/p>\n<p><img loading=\"lazy\" decoding=\"async\" class=\"alignnone size-medium wp-image-295\" src=\"https:\/\/sites.usp.br\/tune\/wp-content\/uploads\/sites\/819\/2022\/11\/Eduardo_Batista-184x300.jpg\" alt=\"\" width=\"184\" height=\"300\" srcset=\"https:\/\/sites.usp.br\/tune\/wp-content\/uploads\/sites\/819\/2022\/11\/Eduardo_Batista-184x300.jpg 184w, https:\/\/sites.usp.br\/tune\/wp-content\/uploads\/sites\/819\/2022\/11\/Eduardo_Batista-630x1024.jpg 630w, https:\/\/sites.usp.br\/tune\/wp-content\/uploads\/sites\/819\/2022\/11\/Eduardo_Batista-768x1249.jpg 768w, https:\/\/sites.usp.br\/tune\/wp-content\/uploads\/sites\/819\/2022\/11\/Eduardo_Batista.jpg 787w\" sizes=\"auto, (max-width: 184px) 100vw, 184px\" \/> Eduardo Batista,<\/p>\n<p><img decoding=\"async\" class=\"alignnone size-medium wp-image-244\" src=\"https:\/\/sites.usp.br\/tune\/wp-content\/uploads\/sites\/819\/2022\/01\/LucasMRV-225x300.jpeg\" alt=\"\" width=\"184\" srcset=\"https:\/\/sites.usp.br\/tune\/wp-content\/uploads\/sites\/819\/2022\/01\/LucasMRV-225x300.jpeg 225w, https:\/\/sites.usp.br\/tune\/wp-content\/uploads\/sites\/819\/2022\/01\/LucasMRV.jpeg 768w\" sizes=\"(max-width: 225px) 100vw, 225px\" \/> Lucas Volpe,<\/p>\n<p><img decoding=\"async\" class=\"alignnone size-medium wp-image-280\" src=\"https:\/\/sites.usp.br\/tune\/wp-content\/uploads\/sites\/819\/2022\/02\/Matheus_Lima-300x300.jpg\" alt=\"\" width=\"184\" srcset=\"https:\/\/sites.usp.br\/tune\/wp-content\/uploads\/sites\/819\/2022\/02\/Matheus_Lima-300x300.jpg 300w, https:\/\/sites.usp.br\/tune\/wp-content\/uploads\/sites\/819\/2022\/02\/Matheus_Lima-150x150.jpg 150w, https:\/\/sites.usp.br\/tune\/wp-content\/uploads\/sites\/819\/2022\/02\/Matheus_Lima-45x45.jpg 45w, https:\/\/sites.usp.br\/tune\/wp-content\/uploads\/sites\/819\/2022\/02\/Matheus_Lima.jpg 640w\" sizes=\"(max-width: 300px) 100vw, 300px\" \/> Matheus de Lima Pinho<\/p>\n<h3>Ex-monitores<\/h3>\n<p>Nossos agradecimentos aos monitores que atuaram anteriormente no projeto<\/p>\n<table id=\"agradece\" border=\"0\" width=\"100%\" cellspacing=\"1\" cellpadding=\"5\">\n<tbody>\n<tr title=\"Ex_Monitores1\">\n<td><img decoding=\"async\" class=\"alignnone size-medium wp-image-241\" src=\"https:\/\/sites.usp.br\/tune\/wp-content\/uploads\/sites\/819\/2022\/01\/Adeildo-300x225.jpg\" alt=\"\" width=\"100%\" srcset=\"https:\/\/sites.usp.br\/tune\/wp-content\/uploads\/sites\/819\/2022\/01\/Adeildo-300x225.jpg 300w, https:\/\/sites.usp.br\/tune\/wp-content\/uploads\/sites\/819\/2022\/01\/Adeildo-1024x768.jpg 1024w, https:\/\/sites.usp.br\/tune\/wp-content\/uploads\/sites\/819\/2022\/01\/Adeildo-768x576.jpg 768w, https:\/\/sites.usp.br\/tune\/wp-content\/uploads\/sites\/819\/2022\/01\/Adeildo-80x60.jpg 80w, https:\/\/sites.usp.br\/tune\/wp-content\/uploads\/sites\/819\/2022\/01\/Adeildo.jpg 1280w\" sizes=\"(max-width: 300px) 100vw, 300px\" \/> Adeildo S. de Jesus<\/td>\n<td><img loading=\"lazy\" decoding=\"async\" class=\"alignnone size-medium wp-image-249\" src=\"https:\/\/sites.usp.br\/tune\/wp-content\/uploads\/sites\/819\/2022\/01\/Augusto-Lima-J.-300x300.jpg\" alt=\"\" width=\"180\" height=\"180\" srcset=\"https:\/\/sites.usp.br\/tune\/wp-content\/uploads\/sites\/819\/2022\/01\/Augusto-Lima-J.-300x300.jpg 300w, https:\/\/sites.usp.br\/tune\/wp-content\/uploads\/sites\/819\/2022\/01\/Augusto-Lima-J.-150x150.jpg 150w, https:\/\/sites.usp.br\/tune\/wp-content\/uploads\/sites\/819\/2022\/01\/Augusto-Lima-J.-45x45.jpg 45w, https:\/\/sites.usp.br\/tune\/wp-content\/uploads\/sites\/819\/2022\/01\/Augusto-Lima-J..jpg 640w\" sizes=\"auto, (max-width: 180px) 100vw, 180px\" \/> Augusto L. Jardim<\/td>\n<td><img loading=\"lazy\" decoding=\"async\" class=\"alignnone size-medium wp-image-294\" src=\"https:\/\/sites.usp.br\/tune\/wp-content\/uploads\/sites\/819\/2022\/11\/Bethania-300x300.jpg\" alt=\"\" width=\"180\" height=\"180\" srcset=\"https:\/\/sites.usp.br\/tune\/wp-content\/uploads\/sites\/819\/2022\/11\/Bethania-300x300.jpg 300w, https:\/\/sites.usp.br\/tune\/wp-content\/uploads\/sites\/819\/2022\/11\/Bethania-1024x1024.jpg 1024w, https:\/\/sites.usp.br\/tune\/wp-content\/uploads\/sites\/819\/2022\/11\/Bethania-150x150.jpg 150w, https:\/\/sites.usp.br\/tune\/wp-content\/uploads\/sites\/819\/2022\/11\/Bethania-768x768.jpg 768w, https:\/\/sites.usp.br\/tune\/wp-content\/uploads\/sites\/819\/2022\/11\/Bethania-1536x1536.jpg 1536w, https:\/\/sites.usp.br\/tune\/wp-content\/uploads\/sites\/819\/2022\/11\/Bethania-600x600.jpg 600w, https:\/\/sites.usp.br\/tune\/wp-content\/uploads\/sites\/819\/2022\/11\/Bethania-45x45.jpg 45w, https:\/\/sites.usp.br\/tune\/wp-content\/uploads\/sites\/819\/2022\/11\/Bethania.jpg 1600w\" sizes=\"auto, (max-width: 180px) 100vw, 180px\" \/> Beth\u00e2nia Marques de Carvalho,<\/td>\n<td><img loading=\"lazy\" decoding=\"async\" class=\"alignnone size-medium wp-image-269\" src=\"https:\/\/sites.usp.br\/tune\/wp-content\/uploads\/sites\/819\/2022\/02\/Daniele-300x300.jpeg\" alt=\"\" width=\"180\" height=\"180\" srcset=\"https:\/\/sites.usp.br\/tune\/wp-content\/uploads\/sites\/819\/2022\/02\/Daniele-300x300.jpeg 300w, https:\/\/sites.usp.br\/tune\/wp-content\/uploads\/sites\/819\/2022\/02\/Daniele-150x150.jpeg 150w, https:\/\/sites.usp.br\/tune\/wp-content\/uploads\/sites\/819\/2022\/02\/Daniele-45x45.jpeg 45w, https:\/\/sites.usp.br\/tune\/wp-content\/uploads\/sites\/819\/2022\/02\/Daniele.jpeg 750w\" sizes=\"auto, (max-width: 180px) 100vw, 180px\" \/> Daniele Honorato Pereira<\/td>\n<td><img loading=\"lazy\" decoding=\"async\" class=\"alignnone wp-image-312 size-medium\" src=\"https:\/\/sites.usp.br\/tune\/wp-content\/uploads\/sites\/819\/2024\/03\/Giovana-225x300.jpg\" alt=\"\" width=\"180\" height=\"180\" srcset=\"https:\/\/sites.usp.br\/tune\/wp-content\/uploads\/sites\/819\/2024\/03\/Giovana-150x150.jpg 150w, https:\/\/sites.usp.br\/tune\/wp-content\/uploads\/sites\/819\/2024\/03\/Giovana-600x600.jpg 600w, https:\/\/sites.usp.br\/tune\/wp-content\/uploads\/sites\/819\/2024\/03\/Giovana-45x45.jpg 45w\" sizes=\"auto, (max-width: 180px) 100vw, 180px\" \/> Giovana Monteiro Nascimento<\/td>\n<\/tr>\n<tr title=\"Ex_Monitores2\">\n<td><img loading=\"lazy\" decoding=\"async\" class=\"alignnone size-medium wp-image-272\" src=\"https:\/\/sites.usp.br\/tune\/wp-content\/uploads\/sites\/819\/2022\/02\/Henrique_Sousa-255x300.png\" alt=\"\" width=\"153\" height=\"180\" srcset=\"https:\/\/sites.usp.br\/tune\/wp-content\/uploads\/sites\/819\/2022\/02\/Henrique_Sousa-255x300.png 255w, https:\/\/sites.usp.br\/tune\/wp-content\/uploads\/sites\/819\/2022\/02\/Henrique_Sousa-768x902.png 768w, https:\/\/sites.usp.br\/tune\/wp-content\/uploads\/sites\/819\/2022\/02\/Henrique_Sousa.png 868w\" sizes=\"auto, (max-width: 153px) 100vw, 153px\" \/> Henrique de Sousa Borges<\/td>\n<td><img decoding=\"async\" class=\"alignnone size-medium wp-image-255\" src=\"https:\/\/sites.usp.br\/tune\/wp-content\/uploads\/sites\/819\/2022\/01\/Larissa-300x245.jpg\" alt=\"\" width=\"100%\" srcset=\"https:\/\/sites.usp.br\/tune\/wp-content\/uploads\/sites\/819\/2022\/01\/Larissa-300x245.jpg 300w, https:\/\/sites.usp.br\/tune\/wp-content\/uploads\/sites\/819\/2022\/01\/Larissa-1024x836.jpg 1024w, https:\/\/sites.usp.br\/tune\/wp-content\/uploads\/sites\/819\/2022\/01\/Larissa-768x627.jpg 768w, https:\/\/sites.usp.br\/tune\/wp-content\/uploads\/sites\/819\/2022\/01\/Larissa-1536x1254.jpg 1536w, https:\/\/sites.usp.br\/tune\/wp-content\/uploads\/sites\/819\/2022\/01\/Larissa-2048x1672.jpg 2048w\" sizes=\"(max-width: 300px) 100vw, 300px\" \/> Larissa Magalh\u00e3es<\/td>\n<td><img loading=\"lazy\" decoding=\"async\" class=\"alignnone size-medium wp-image-256\" src=\"https:\/\/sites.usp.br\/tune\/wp-content\/uploads\/sites\/819\/2022\/01\/Lucas-Gabriel-235x300.jpg\" alt=\"\" width=\"141\" height=\"180\" srcset=\"https:\/\/sites.usp.br\/tune\/wp-content\/uploads\/sites\/819\/2022\/01\/Lucas-Gabriel-235x300.jpg 235w, https:\/\/sites.usp.br\/tune\/wp-content\/uploads\/sites\/819\/2022\/01\/Lucas-Gabriel-802x1024.jpg 802w, https:\/\/sites.usp.br\/tune\/wp-content\/uploads\/sites\/819\/2022\/01\/Lucas-Gabriel-768x981.jpg 768w, https:\/\/sites.usp.br\/tune\/wp-content\/uploads\/sites\/819\/2022\/01\/Lucas-Gabriel.jpg 1002w\" sizes=\"auto, (max-width: 141px) 100vw, 141px\" \/> Lucas Gabriel Silva<\/td>\n<td><img loading=\"lazy\" decoding=\"async\" width=\"259\" height=\"300\" class=\"alignnone size-medium wp-image-245\" src=\"https:\/\/sites.usp.br\/tune\/wp-content\/uploads\/sites\/819\/2022\/01\/Marcele-259x300.jpg\" alt=\"\" srcset=\"https:\/\/sites.usp.br\/tune\/wp-content\/uploads\/sites\/819\/2022\/01\/Marcele-259x300.jpg 259w, https:\/\/sites.usp.br\/tune\/wp-content\/uploads\/sites\/819\/2022\/01\/Marcele-884x1024.jpg 884w, https:\/\/sites.usp.br\/tune\/wp-content\/uploads\/sites\/819\/2022\/01\/Marcele-768x890.jpg 768w, https:\/\/sites.usp.br\/tune\/wp-content\/uploads\/sites\/819\/2022\/01\/Marcele-1326x1536.jpg 1326w, https:\/\/sites.usp.br\/tune\/wp-content\/uploads\/sites\/819\/2022\/01\/Marcele-1768x2048.jpg 1768w, https:\/\/sites.usp.br\/tune\/wp-content\/uploads\/sites\/819\/2022\/01\/Marcele.jpg 1920w\" sizes=\"auto, (max-width: 259px) 100vw, 259px\" \/> Marcele Nunes<\/td>\n<td><img loading=\"lazy\" decoding=\"async\" class=\"alignnone size-medium wp-image-254\" src=\"https:\/\/sites.usp.br\/tune\/wp-content\/uploads\/sites\/819\/2022\/01\/Maria-Fernanda-240x300.jpeg\" alt=\"\" width=\"144\" height=\"180\" srcset=\"https:\/\/sites.usp.br\/tune\/wp-content\/uploads\/sites\/819\/2022\/01\/Maria-Fernanda-240x300.jpeg 240w, https:\/\/sites.usp.br\/tune\/wp-content\/uploads\/sites\/819\/2022\/01\/Maria-Fernanda-820x1024.jpeg 820w, https:\/\/sites.usp.br\/tune\/wp-content\/uploads\/sites\/819\/2022\/01\/Maria-Fernanda-768x959.jpeg 768w, https:\/\/sites.usp.br\/tune\/wp-content\/uploads\/sites\/819\/2022\/01\/Maria-Fernanda.jpeg 1025w\" sizes=\"auto, (max-width: 144px) 100vw, 144px\" \/> Maria Fernanda de Assis<\/td>\n<\/tr>\n<tr title=\"Ex_Monitores3\">\n<td><img loading=\"lazy\" decoding=\"async\" class=\"alignnone size-medium wp-image-246\" src=\"https:\/\/sites.usp.br\/tune\/wp-content\/uploads\/sites\/819\/2022\/01\/Pa\u0302mela-Querido-223x300.jpg\" alt=\"\" width=\"134\" height=\"180\" srcset=\"https:\/\/sites.usp.br\/tune\/wp-content\/uploads\/sites\/819\/2022\/01\/Pa\u0302mela-Querido-223x300.jpg 223w, https:\/\/sites.usp.br\/tune\/wp-content\/uploads\/sites\/819\/2022\/01\/Pa\u0302mela-Querido-760x1024.jpg 760w, https:\/\/sites.usp.br\/tune\/wp-content\/uploads\/sites\/819\/2022\/01\/Pa\u0302mela-Querido-768x1034.jpg 768w, https:\/\/sites.usp.br\/tune\/wp-content\/uploads\/sites\/819\/2022\/01\/Pa\u0302mela-Querido-1140x1536.jpg 1140w, https:\/\/sites.usp.br\/tune\/wp-content\/uploads\/sites\/819\/2022\/01\/Pa\u0302mela-Querido-1520x2048.jpg 1520w, https:\/\/sites.usp.br\/tune\/wp-content\/uploads\/sites\/819\/2022\/01\/Pa\u0302mela-Querido-scaled.jpg 1901w\" sizes=\"auto, (max-width: 134px) 100vw, 134px\" \/> P\u00e2mela Querido<\/td>\n<td><img decoding=\"async\" class=\"alignnone size-medium wp-image-247\" src=\"https:\/\/sites.usp.br\/tune\/wp-content\/uploads\/sites\/819\/2022\/01\/Tai\u0301sa-287x300.jpeg\" alt=\"\" width=\"100%\" srcset=\"https:\/\/sites.usp.br\/tune\/wp-content\/uploads\/sites\/819\/2022\/01\/Tai\u0301sa-287x300.jpeg 287w, https:\/\/sites.usp.br\/tune\/wp-content\/uploads\/sites\/819\/2022\/01\/Tai\u0301sa.jpeg 722w\" sizes=\"(max-width: 287px) 100vw, 287px\" \/> Ta\u00edsa Oliveira<\/td>\n<td><img loading=\"lazy\" decoding=\"async\" class=\"alignnone size-medium wp-image-271\" src=\"https:\/\/sites.usp.br\/tune\/wp-content\/uploads\/sites\/819\/2022\/02\/Vagner-212x300.jpg\" alt=\"\" width=\"127\" height=\"180\" srcset=\"https:\/\/sites.usp.br\/tune\/wp-content\/uploads\/sites\/819\/2022\/02\/Vagner-212x300.jpg 212w, https:\/\/sites.usp.br\/tune\/wp-content\/uploads\/sites\/819\/2022\/02\/Vagner-722x1024.jpg 722w, https:\/\/sites.usp.br\/tune\/wp-content\/uploads\/sites\/819\/2022\/02\/Vagner-768x1089.jpg 768w, https:\/\/sites.usp.br\/tune\/wp-content\/uploads\/sites\/819\/2022\/02\/Vagner-1083x1536.jpg 1083w, https:\/\/sites.usp.br\/tune\/wp-content\/uploads\/sites\/819\/2022\/02\/Vagner-1444x2048.jpg 1444w, https:\/\/sites.usp.br\/tune\/wp-content\/uploads\/sites\/819\/2022\/02\/Vagner-scaled.jpg 1805w\" sizes=\"auto, (max-width: 127px) 100vw, 127px\" \/> Vagner Prado Gomes<\/td>\n<td><img loading=\"lazy\" decoding=\"async\" class=\"alignnone size-medium wp-image-248\" src=\"https:\/\/sites.usp.br\/tune\/wp-content\/uploads\/sites\/819\/2022\/01\/Yasmmin-226x300.jpeg\" alt=\"\" width=\"136\" height=\"180\" srcset=\"https:\/\/sites.usp.br\/tune\/wp-content\/uploads\/sites\/819\/2022\/01\/Yasmmin-226x300.jpeg 226w, https:\/\/sites.usp.br\/tune\/wp-content\/uploads\/sites\/819\/2022\/01\/Yasmmin-768x1021.jpeg 768w, https:\/\/sites.usp.br\/tune\/wp-content\/uploads\/sites\/819\/2022\/01\/Yasmmin.jpeg 770w\" sizes=\"auto, (max-width: 136px) 100vw, 136px\" \/> Yasmmin Tamburus<\/td>\n<\/tr>\n<\/tbody>\n<\/table>\n","protected":false},"excerpt":{"rendered":"<p>A equipe conta com estudantes do IAG\/USP atuando como monitores nos atendimentos de plant\u00f5es de d\u00favidas em tempo real, e participando das atividades relacionadas com: comunica\u00e7\u00e3o com o p\u00fablico alvo e produ\u00e7\u00e3o de material para publica\u00e7\u00f5es, e produ\u00e7\u00e3o de conte\u00fados. Coordena\u00e7\u00e3o Professora Jane Gregorio-Hetem Fabr\u00edcia Barbosa (p\u00f3s-gradua\u00e7\u00e3o). Monitores Julia Fernandes Miyazato, Eduardo Batista, Lucas Volpe, [&hellip;]<\/p>\n","protected":false},"author":22094,"featured_media":0,"parent":55,"menu_order":0,"comment_status":"closed","ping_status":"closed","template":"","meta":{"ocean_post_layout":"","ocean_both_sidebars_style":"","ocean_both_sidebars_content_width":0,"ocean_both_sidebars_sidebars_width":0,"ocean_sidebar":"0","ocean_second_sidebar":"0","ocean_disable_margins":"enable","ocean_add_body_class":"","ocean_shortcode_before_top_bar":"","ocean_shortcode_after_top_bar":"","ocean_shortcode_before_header":"","ocean_shortcode_after_header":"","ocean_has_shortcode":"","ocean_shortcode_after_title":"","ocean_shortcode_before_footer_widgets":"","ocean_shortcode_after_footer_widgets":"","ocean_shortcode_before_footer_bottom":"","ocean_shortcode_after_footer_bottom":"","ocean_display_top_bar":"default","ocean_display_header":"default","ocean_header_style":"","ocean_center_header_left_menu":"0","ocean_custom_header_template":"0","ocean_custom_logo":0,"ocean_custom_retina_logo":0,"ocean_custom_logo_max_width":0,"ocean_custom_logo_tablet_max_width":0,"ocean_custom_logo_mobile_max_width":0,"ocean_custom_logo_max_height":0,"ocean_custom_logo_tablet_max_height":0,"ocean_custom_logo_mobile_max_height":0,"ocean_header_custom_menu":"0","ocean_menu_typo_font_family":"0","ocean_menu_typo_font_subset":"","ocean_menu_typo_font_size":0,"ocean_menu_typo_font_size_tablet":0,"ocean_menu_typo_font_size_mobile":0,"ocean_menu_typo_font_size_unit":"px","ocean_menu_typo_font_weight":"","ocean_menu_typo_font_weight_tablet":"","ocean_menu_typo_font_weight_mobile":"","ocean_menu_typo_transform":"","ocean_menu_typo_transform_tablet":"","ocean_menu_typo_transform_mobile":"","ocean_menu_typo_line_height":0,"ocean_menu_typo_line_height_tablet":0,"ocean_menu_typo_line_height_mobile":0,"ocean_menu_typo_line_height_unit":"","ocean_menu_typo_spacing":0,"ocean_menu_typo_spacing_tablet":0,"ocean_menu_typo_spacing_mobile":0,"ocean_menu_typo_spacing_unit":"","ocean_menu_link_color":"","ocean_menu_link_color_hover":"","ocean_menu_link_color_active":"","ocean_menu_link_background":"","ocean_menu_link_hover_background":"","ocean_menu_link_active_background":"","ocean_menu_social_links_bg":"","ocean_menu_social_hover_links_bg":"","ocean_menu_social_links_color":"","ocean_menu_social_hover_links_color":"","ocean_disable_title":"default","ocean_disable_heading":"default","ocean_post_title":"","ocean_post_subheading":"","ocean_post_title_style":"","ocean_post_title_background_color":"","ocean_post_title_background":0,"ocean_post_title_bg_image_position":"","ocean_post_title_bg_image_attachment":"","ocean_post_title_bg_image_repeat":"","ocean_post_title_bg_image_size":"","ocean_post_title_height":0,"ocean_post_title_bg_overlay":0.5,"ocean_post_title_bg_overlay_color":"","ocean_disable_breadcrumbs":"default","ocean_breadcrumbs_color":"","ocean_breadcrumbs_separator_color":"","ocean_breadcrumbs_links_color":"","ocean_breadcrumbs_links_hover_color":"","ocean_display_footer_widgets":"default","ocean_display_footer_bottom":"default","ocean_custom_footer_template":"0","footnotes":"","_links_to":"","_links_to_target":""},"class_list":["post-238","page","type-page","status-publish","hentry","entry"],"_links":{"self":[{"href":"https:\/\/sites.usp.br\/tune\/wp-json\/wp\/v2\/pages\/238","targetHints":{"allow":["GET"]}}],"collection":[{"href":"https:\/\/sites.usp.br\/tune\/wp-json\/wp\/v2\/pages"}],"about":[{"href":"https:\/\/sites.usp.br\/tune\/wp-json\/wp\/v2\/types\/page"}],"author":[{"embeddable":true,"href":"https:\/\/sites.usp.br\/tune\/wp-json\/wp\/v2\/users\/22094"}],"replies":[{"embeddable":true,"href":"https:\/\/sites.usp.br\/tune\/wp-json\/wp\/v2\/comments?post=238"}],"version-history":[{"count":5,"href":"https:\/\/sites.usp.br\/tune\/wp-json\/wp\/v2\/pages\/238\/revisions"}],"predecessor-version":[{"id":316,"href":"https:\/\/sites.usp.br\/tune\/wp-json\/wp\/v2\/pages\/238\/revisions\/316"}],"up":[{"embeddable":true,"href":"https:\/\/sites.usp.br\/tune\/wp-json\/wp\/v2\/pages\/55"}],"wp:attachment":[{"href":"https:\/\/sites.usp.br\/tune\/wp-json\/wp\/v2\/media?parent=238"}],"curies":[{"name":"wp","href":"https:\/\/api.w.org\/{rel}","templated":true}]}}