{"id":1232,"date":"2018-06-15T11:40:45","date_gmt":"2018-06-15T14:40:45","guid":{"rendered":"http:\/\/sites.usp.br\/uspcidades\/?page_id=1232"},"modified":"2018-08-30T11:44:36","modified_gmt":"2018-08-30T14:44:36","slug":"profa-dra-renata-mare","status":"publish","type":"page","link":"https:\/\/sites.usp.br\/uspcidades\/profa-dra-renata-mare\/","title":{"rendered":"Dra. Renata Mar\u00e8"},"content":{"rendered":"<p>Doutora em Engenharia El\u00e9trica (2017), modalidade Engenharia de Computa\u00e7\u00e3o, pela Escola Polit\u00e9cnica da USP (EPUSP) com pesquisa voltada ao sistema de comunica\u00e7\u00e3o wireless por luz vis\u00edvel de LED (Visible Light Communication &#8211; VLC &#8211; LiFi &#8211; Li-Fi) aplicada aos Sistemas Inteligentes de Transporte (Intelligent Transport Systems &#8211; ITS) no contexto urbano (cidades inteligentes). P\u00f3s-gradua\u00e7\u00e3o em Gest\u00e3o Empresarial pelo Instituto Mau\u00e1 de Tecnologia (2011). Mestrado em Engenharia de Constru\u00e7\u00e3o Civil e Urbana pela EPUSP (2010), com \u00eanfase em qualidade do ar de interiores em ambientes com sistemas de ar condicionado com distribui\u00e7\u00e3o de ar pelo piso. Gradua\u00e7\u00e3o em Engenharia Civil pela Escola de Engenharia Mau\u00e1 (1985). Coordenadora do Curso de Especializa\u00e7\u00e3o (Modular) em Internet das Coisas (Internet of Things) no Instituto Mau\u00e1 de Tecnologia. Docente convidada no Curso de Especializa\u00e7\u00e3o Planejamento e Gest\u00e3o de Cidades do Programa de Educa\u00e7\u00e3o Continuada em Engenharia da EPUSP. Docente no Master Degree IoT &#8211; Internet of Things na Sustentare Escola de Neg\u00f3cios. Orientadora nos Cursos MBA EaD do PECEGE. \u00c9 diretora comercial da Abili Tecnologia da Informa\u00e7\u00e3o Ltda. desde 1996, empresa especializada no desenvolvimento de sistemas corporativos customizados baseados em Internet. Co-autora e pesquisadora principal no Projeto PIPE Fapesp intitulado Sistema Monitorar, apoiado pela Funda\u00e7\u00e3o de Amparo \u00e0 Pesquisa do Estado de S\u00e3o Paulo (Fapesp) e pela Financiadora de Estudos e Projetos (FINEP). Principais linhas de pesquisa: cidades inteligentes; sistema de comunica\u00e7\u00e3o wireless por luz vis\u00edvel de LED (Visible Light Communication &#8211; VLC &#8211; LiFi &#8211; Li-Fi); Internet das Coisas (Internet of Things &#8211; IoT); sistemas inteligentes de transporte (Intelligent Transport Systems &#8211; ITS). <strong>(Texto informado pelo autora)<\/strong><\/p>\n","protected":false},"excerpt":{"rendered":"<p>Doutora em Engenharia El\u00e9trica (2017), modalidade Engenharia de Computa\u00e7\u00e3o, pela Escola Polit\u00e9cnica da USP (EPUSP) com pesquisa voltada ao sistema de comunica\u00e7\u00e3o wireless por luz vis\u00edvel de LED (Visible Light Communication &#8211; VLC &#8211; LiFi &#8211; Li-Fi) aplicada aos Sistemas Inteligentes de Transporte (Intelligent Transport Systems &#8211; ITS) no contexto urbano (cidades inteligentes). P\u00f3s-gradua\u00e7\u00e3o em [&hellip;]<\/p>\n","protected":false},"author":480,"featured_media":0,"parent":0,"menu_order":0,"comment_status":"closed","ping_status":"closed","template":"","meta":{"footnotes":"","_links_to":"","_links_to_target":""},"class_list":["post-1232","page","type-page","status-publish","hentry"],"_links":{"self":[{"href":"https:\/\/sites.usp.br\/uspcidades\/wp-json\/wp\/v2\/pages\/1232","targetHints":{"allow":["GET"]}}],"collection":[{"href":"https:\/\/sites.usp.br\/uspcidades\/wp-json\/wp\/v2\/pages"}],"about":[{"href":"https:\/\/sites.usp.br\/uspcidades\/wp-json\/wp\/v2\/types\/page"}],"author":[{"embeddable":true,"href":"https:\/\/sites.usp.br\/uspcidades\/wp-json\/wp\/v2\/users\/480"}],"replies":[{"embeddable":true,"href":"https:\/\/sites.usp.br\/uspcidades\/wp-json\/wp\/v2\/comments?post=1232"}],"version-history":[{"count":3,"href":"https:\/\/sites.usp.br\/uspcidades\/wp-json\/wp\/v2\/pages\/1232\/revisions"}],"predecessor-version":[{"id":1435,"href":"https:\/\/sites.usp.br\/uspcidades\/wp-json\/wp\/v2\/pages\/1232\/revisions\/1435"}],"wp:attachment":[{"href":"https:\/\/sites.usp.br\/uspcidades\/wp-json\/wp\/v2\/media?parent=1232"}],"curies":[{"name":"wp","href":"https:\/\/api.w.org\/{rel}","templated":true}]}}