{"id":1768,"date":"2020-03-02T09:35:00","date_gmt":"2020-03-02T12:35:00","guid":{"rendered":"http:\/\/sites.usp.br\/uspcidades\/?page_id=1768"},"modified":"2022-07-01T11:10:31","modified_gmt":"2022-07-01T14:10:31","slug":"fernando-fernandes-de-araujo-souza","status":"publish","type":"page","link":"https:\/\/sites.usp.br\/uspcidades\/fernando-fernandes-de-araujo-souza\/","title":{"rendered":"Fernando Fernandes de Ara\u00fajo Souza"},"content":{"rendered":"<p>Graduado em engenharia de produ\u00e7\u00e3o pela Escola de Engenharia Mau\u00e1 (2006) e mestre em Real Estate pela Universidade de S\u00e3o Paulo (2011). No setor privado, trabalhou em grandes empresas de projetos de engenharia e arquitetura, e no setor p\u00fablico integrou o corpo t\u00e9cnico da Secretaria Municipal de Desenvolvimento Urbano e da SPUrbanismo. Atualmente \u00e9 s\u00f3cio-fundador da empresa KOLX ENGENHARIA E SOFTWARE. <strong>(<\/strong><strong>E<\/strong><strong>xtra\u00eddo do Escavador com informa\u00e7\u00f5es coletadas do Lattes ).<\/strong><\/p>\n","protected":false},"excerpt":{"rendered":"<p>Graduado em engenharia de produ\u00e7\u00e3o pela Escola de Engenharia Mau\u00e1 (2006) e mestre em Real Estate pela Universidade de S\u00e3o Paulo (2011). No setor privado, trabalhou em grandes empresas de projetos de engenharia e arquitetura, e no setor p\u00fablico integrou o corpo t\u00e9cnico da Secretaria Municipal de Desenvolvimento Urbano e da SPUrbanismo. Atualmente \u00e9 s\u00f3cio-fundador [&hellip;]<\/p>\n","protected":false},"author":480,"featured_media":0,"parent":0,"menu_order":0,"comment_status":"closed","ping_status":"closed","template":"","meta":{"footnotes":"","_links_to":"","_links_to_target":""},"class_list":["post-1768","page","type-page","status-publish","hentry"],"_links":{"self":[{"href":"https:\/\/sites.usp.br\/uspcidades\/wp-json\/wp\/v2\/pages\/1768","targetHints":{"allow":["GET"]}}],"collection":[{"href":"https:\/\/sites.usp.br\/uspcidades\/wp-json\/wp\/v2\/pages"}],"about":[{"href":"https:\/\/sites.usp.br\/uspcidades\/wp-json\/wp\/v2\/types\/page"}],"author":[{"embeddable":true,"href":"https:\/\/sites.usp.br\/uspcidades\/wp-json\/wp\/v2\/users\/480"}],"replies":[{"embeddable":true,"href":"https:\/\/sites.usp.br\/uspcidades\/wp-json\/wp\/v2\/comments?post=1768"}],"version-history":[{"count":1,"href":"https:\/\/sites.usp.br\/uspcidades\/wp-json\/wp\/v2\/pages\/1768\/revisions"}],"predecessor-version":[{"id":1769,"href":"https:\/\/sites.usp.br\/uspcidades\/wp-json\/wp\/v2\/pages\/1768\/revisions\/1769"}],"wp:attachment":[{"href":"https:\/\/sites.usp.br\/uspcidades\/wp-json\/wp\/v2\/media?parent=1768"}],"curies":[{"name":"wp","href":"https:\/\/api.w.org\/{rel}","templated":true}]}}