{"id":1850,"date":"2022-10-06T12:38:16","date_gmt":"2022-10-06T15:38:16","guid":{"rendered":"https:\/\/sites.usp.br\/uspcidades\/?page_id=1850"},"modified":"2022-10-14T09:30:52","modified_gmt":"2022-10-14T12:30:52","slug":"samuel-bertrand-melo-nazareth","status":"publish","type":"page","link":"https:\/\/sites.usp.br\/uspcidades\/samuel-bertrand-melo-nazareth\/","title":{"rendered":"Doutorando Samuel Bertrand Melo Nazareth"},"content":{"rendered":"<p>Arquiteto e Urbanista (2017), consultor em efici\u00eancia energ\u00e9tica e conforto t\u00e9rmico. Mestre em Arquitetura e Urbanismo (Impactos da verticaliza\u00e7\u00e3o no microclima em cidade tropical \u00famida: o centro da cidade de Fortaleza \u2013 CE) pela Universidade Presbiteriana Mackenzie. Doutorando em Tecnologia da Arquitetura pela Faculdade de Arquitetura e Urbanismo da Universidade de S\u00e3o Paulo (2021 -) Professor convidado (2020 -) na p\u00f3s-gradua\u00e7\u00e3o Lato Sensu da Universidade Presbiteriana Mackenzie, Professor (2022 -) na Faculdade das Am\u00e9ricas. Integrante do N\u00facleo de Apoio \u00e0 Pesquisa (NAP) &#8211; USP CIDADES e do Laborat\u00f3rio de Conforto Ambiental e Efici\u00eancia Energ\u00e9tica (LABAUT) da FAUUSP. Atuante na \u00e1rea de Tecnologia de Arquitetura Urbanismo, com \u00eanfase em Ventila\u00e7\u00e3o Fluidodin\u00e2mica. Atua principalmente nos temas: Simula\u00e7\u00e3o Termo energ\u00e9tica; Simula\u00e7\u00e3o de Ilumina\u00e7\u00e3o Natural; Simula\u00e7\u00e3o Fluidodin\u00e2mica; Simula\u00e7\u00e3o Microclim\u00e1tica; Desenho param\u00e9trico <strong>(Texto informado pelo autor).<\/strong><\/p>\n","protected":false},"excerpt":{"rendered":"<p>Arquiteto e Urbanista (2017), consultor em efici\u00eancia energ\u00e9tica e conforto t\u00e9rmico. Mestre em Arquitetura e Urbanismo (Impactos da verticaliza\u00e7\u00e3o no microclima em cidade tropical \u00famida: o centro da cidade de Fortaleza \u2013 CE) pela Universidade Presbiteriana Mackenzie. Doutorando em Tecnologia da Arquitetura pela Faculdade de Arquitetura e Urbanismo da Universidade de S\u00e3o Paulo (2021 -) [&hellip;]<\/p>\n","protected":false},"author":480,"featured_media":0,"parent":0,"menu_order":0,"comment_status":"closed","ping_status":"closed","template":"","meta":{"footnotes":"","_links_to":"","_links_to_target":""},"class_list":["post-1850","page","type-page","status-publish","hentry"],"_links":{"self":[{"href":"https:\/\/sites.usp.br\/uspcidades\/wp-json\/wp\/v2\/pages\/1850","targetHints":{"allow":["GET"]}}],"collection":[{"href":"https:\/\/sites.usp.br\/uspcidades\/wp-json\/wp\/v2\/pages"}],"about":[{"href":"https:\/\/sites.usp.br\/uspcidades\/wp-json\/wp\/v2\/types\/page"}],"author":[{"embeddable":true,"href":"https:\/\/sites.usp.br\/uspcidades\/wp-json\/wp\/v2\/users\/480"}],"replies":[{"embeddable":true,"href":"https:\/\/sites.usp.br\/uspcidades\/wp-json\/wp\/v2\/comments?post=1850"}],"version-history":[{"count":4,"href":"https:\/\/sites.usp.br\/uspcidades\/wp-json\/wp\/v2\/pages\/1850\/revisions"}],"predecessor-version":[{"id":1859,"href":"https:\/\/sites.usp.br\/uspcidades\/wp-json\/wp\/v2\/pages\/1850\/revisions\/1859"}],"wp:attachment":[{"href":"https:\/\/sites.usp.br\/uspcidades\/wp-json\/wp\/v2\/media?parent=1850"}],"curies":[{"name":"wp","href":"https:\/\/api.w.org\/{rel}","templated":true}]}}