{"id":1886,"date":"2023-03-22T12:43:46","date_gmt":"2023-03-22T15:43:46","guid":{"rendered":"https:\/\/sites.usp.br\/uspcidades\/?page_id=1886"},"modified":"2023-03-22T12:54:31","modified_gmt":"2023-03-22T15:54:31","slug":"michele-marta-rossi","status":"publish","type":"page","link":"https:\/\/sites.usp.br\/uspcidades\/michele-marta-rossi\/","title":{"rendered":"Profa. Dra. Michele Marta Rossi"},"content":{"rendered":"<header class=\"with-resume bv_header\">\n<div class=\"table padding-table pa5 block-table\">\n<div class=\"row\">\n<div><\/div>\n<div>\n<p class=\"bv_p\">Professora Doutora do Departamento de Tecnologia da Arquitetura (AUT) da Faculdade de Arquitetura e Urbanismo da Universidade de S\u00e3o Paulo (FAUUSP). Arquiteta e Urbanista formada pela Universidade de S\u00e3o Paulo, campus de S\u00e3o Carlos (IAUUSP). Doutora em Ci\u00eancias, na \u00e1rea de Arquitetura, Urbanismo e Tecnologia pela mesma institui\u00e7\u00e3o. Realizou est\u00e1gios de pesquisa, com dura\u00e7\u00e3o de seis meses, na North Carolina State University (NCSU) e no Laborat\u00f3rio Nacional de Engenharia Civil (LNEC). Possui experi\u00eancia acad\u00eamica na \u00e1rea de Arquitetura, Urbanismo e Tecnologia com \u00eanfase em: conforto ambiental, conforto t\u00e9rmico, ventila\u00e7\u00e3o natural, ensaios em t\u00fanel de vento, simula\u00e7\u00e3o do desempenho termo-energ\u00e9tico de edifica\u00e7\u00f5es (<strong>Texto informado pela autora<\/strong><strong>\u00a0no Lattes<\/strong>).<\/p>\n<\/div>\n<\/div>\n<\/div>\n<\/header>\n","protected":false},"excerpt":{"rendered":"<p>Professora Doutora do Departamento de Tecnologia da Arquitetura (AUT) da Faculdade de Arquitetura e Urbanismo da Universidade de S\u00e3o Paulo (FAUUSP). Arquiteta e Urbanista formada pela Universidade de S\u00e3o Paulo, campus de S\u00e3o Carlos (IAUUSP). Doutora em Ci\u00eancias, na \u00e1rea de Arquitetura, Urbanismo e Tecnologia pela mesma institui\u00e7\u00e3o. Realizou est\u00e1gios de pesquisa, com dura\u00e7\u00e3o de [&hellip;]<\/p>\n","protected":false},"author":480,"featured_media":0,"parent":0,"menu_order":0,"comment_status":"closed","ping_status":"closed","template":"","meta":{"footnotes":"","_links_to":"","_links_to_target":""},"class_list":["post-1886","page","type-page","status-publish","hentry"],"_links":{"self":[{"href":"https:\/\/sites.usp.br\/uspcidades\/wp-json\/wp\/v2\/pages\/1886","targetHints":{"allow":["GET"]}}],"collection":[{"href":"https:\/\/sites.usp.br\/uspcidades\/wp-json\/wp\/v2\/pages"}],"about":[{"href":"https:\/\/sites.usp.br\/uspcidades\/wp-json\/wp\/v2\/types\/page"}],"author":[{"embeddable":true,"href":"https:\/\/sites.usp.br\/uspcidades\/wp-json\/wp\/v2\/users\/480"}],"replies":[{"embeddable":true,"href":"https:\/\/sites.usp.br\/uspcidades\/wp-json\/wp\/v2\/comments?post=1886"}],"version-history":[{"count":3,"href":"https:\/\/sites.usp.br\/uspcidades\/wp-json\/wp\/v2\/pages\/1886\/revisions"}],"predecessor-version":[{"id":1890,"href":"https:\/\/sites.usp.br\/uspcidades\/wp-json\/wp\/v2\/pages\/1886\/revisions\/1890"}],"wp:attachment":[{"href":"https:\/\/sites.usp.br\/uspcidades\/wp-json\/wp\/v2\/media?parent=1886"}],"curies":[{"name":"wp","href":"https:\/\/api.w.org\/{rel}","templated":true}]}}