{"id":741,"date":"2015-09-14T10:31:34","date_gmt":"2015-09-14T13:31:34","guid":{"rendered":"http:\/\/sites.usp.br\/uspcidades\/?page_id=741"},"modified":"2019-05-13T11:31:09","modified_gmt":"2019-05-13T14:31:09","slug":"home","status":"publish","type":"page","link":"https:\/\/sites.usp.br\/uspcidades\/","title":{"rendered":"Conhe\u00e7a o USP Cidades"},"content":{"rendered":"<div id=\"attachment_1239\" style=\"width: 310px\" class=\"wp-caption alignright\"><a href=\"https:\/\/sites.usp.br\/uspcidades\/wp-content\/uploads\/sites\/302\/2015\/09\/Slider-Evento_300dpis1a-1.jpg\"><img loading=\"lazy\" decoding=\"async\" aria-describedby=\"caption-attachment-1239\" class=\"wp-image-1239 size-medium\" src=\"http:\/\/sites.usp.br\/uspcidades\/wp-content\/uploads\/sites\/302\/2015\/09\/Slider-Evento_300dpis1a-1-300x200.jpg\" alt=\"\" width=\"300\" height=\"200\" data-id=\"1239\" srcset=\"https:\/\/sites.usp.br\/uspcidades\/wp-content\/uploads\/sites\/302\/2015\/09\/Slider-Evento_300dpis1a-1-300x200.jpg 300w, https:\/\/sites.usp.br\/uspcidades\/wp-content\/uploads\/sites\/302\/2015\/09\/Slider-Evento_300dpis1a-1-768x513.jpg 768w, https:\/\/sites.usp.br\/uspcidades\/wp-content\/uploads\/sites\/302\/2015\/09\/Slider-Evento_300dpis1a-1-1024x684.jpg 1024w, https:\/\/sites.usp.br\/uspcidades\/wp-content\/uploads\/sites\/302\/2015\/09\/Slider-Evento_300dpis1a-1-400x267.jpg 400w, https:\/\/sites.usp.br\/uspcidades\/wp-content\/uploads\/sites\/302\/2015\/09\/Slider-Evento_300dpis1a-1.jpg 1026w\" sizes=\"auto, (max-width: 300px) 100vw, 300px\" \/><\/a><p id=\"caption-attachment-1239\" class=\"wp-caption-text\">Foto: Thiago Leite<\/p><\/div>\n<p>O <strong>N\u00facleo de Apoio \u00e0 Pesquisa &#8211; USP Cidades<\/strong> pretende, por meio da pesquisa aplicada, colaborar para o enfrentamento dos principais desafios das cidades no pa\u00eds. Tem, tamb\u00e9m, a finalidade\u00a0 de servir como ponto de refer\u00eancia para a articula\u00e7\u00e3o entre a gest\u00e3o p\u00fablica, a pesquisa aplicada e o setor privado. A iniciativa \u201cCidades Brasileiras Melhores\u201d com foco no planejamento e na gest\u00e3o de cidades ser\u00e1 o elemento estruturador e integrador das atividades do N\u00facleo. O <strong>NAP USP Cidades<\/strong> busca a partir da pesquisa, incidir no debate p\u00fablico, colaborando para transformar conhecimento em inova\u00e7\u00e3o para a implementa\u00e7\u00e3o de solu\u00e7\u00f5es urbanas.<\/p>\n","protected":false},"excerpt":{"rendered":"<p>O N\u00facleo de Apoio \u00e0 Pesquisa &#8211; USP Cidades pretende, por meio da pesquisa aplicada, colaborar para o enfrentamento dos principais desafios das cidades no pa\u00eds. Tem, tamb\u00e9m, a finalidade\u00a0 de servir como ponto de refer\u00eancia para a articula\u00e7\u00e3o entre a gest\u00e3o p\u00fablica, a pesquisa aplicada e o setor privado. A iniciativa \u201cCidades Brasileiras Melhores\u201d [&hellip;]<\/p>\n","protected":false},"author":1,"featured_media":0,"parent":0,"menu_order":0,"comment_status":"open","ping_status":"closed","template":"","meta":{"footnotes":"","_links_to":"","_links_to_target":""},"class_list":["post-741","page","type-page","status-publish","hentry"],"_links":{"self":[{"href":"https:\/\/sites.usp.br\/uspcidades\/wp-json\/wp\/v2\/pages\/741","targetHints":{"allow":["GET"]}}],"collection":[{"href":"https:\/\/sites.usp.br\/uspcidades\/wp-json\/wp\/v2\/pages"}],"about":[{"href":"https:\/\/sites.usp.br\/uspcidades\/wp-json\/wp\/v2\/types\/page"}],"author":[{"embeddable":true,"href":"https:\/\/sites.usp.br\/uspcidades\/wp-json\/wp\/v2\/users\/1"}],"replies":[{"embeddable":true,"href":"https:\/\/sites.usp.br\/uspcidades\/wp-json\/wp\/v2\/comments?post=741"}],"version-history":[{"count":5,"href":"https:\/\/sites.usp.br\/uspcidades\/wp-json\/wp\/v2\/pages\/741\/revisions"}],"predecessor-version":[{"id":1706,"href":"https:\/\/sites.usp.br\/uspcidades\/wp-json\/wp\/v2\/pages\/741\/revisions\/1706"}],"wp:attachment":[{"href":"https:\/\/sites.usp.br\/uspcidades\/wp-json\/wp\/v2\/media?parent=741"}],"curies":[{"name":"wp","href":"https:\/\/api.w.org\/{rel}","templated":true}]}}