{"id":885,"date":"2017-11-09T16:50:36","date_gmt":"2017-11-09T18:50:36","guid":{"rendered":"http:\/\/sites.usp.br\/uspcidades\/?page_id=885"},"modified":"2018-08-22T09:10:09","modified_gmt":"2018-08-22T12:10:09","slug":"nucleo","status":"publish","type":"page","link":"https:\/\/sites.usp.br\/uspcidades\/nucleo\/","title":{"rendered":"N\u00facleo"},"content":{"rendered":"<p>O NAP<strong> USP Cidades<\/strong> \u00e9 um <strong>N<\/strong>\u00facleo de<strong> A<\/strong>poio \u00e0 <strong>P<\/strong>esquisa da Universidade de S\u00e3o Paulo, criado por Resolu\u00e7\u00e3o do Conselho de Pesquisa da USP, em agosto de 2017. Tem como precursor, o N\u00facleo de Estudos das Cidades &#8211; USP Cidades, que esteve em funcionamento desde 2013 at\u00e9 a cria\u00e7\u00e3o\u00a0 deste NAP.<\/p>\n","protected":false},"excerpt":{"rendered":"<p>O NAP USP Cidades \u00e9 um N\u00facleo de Apoio \u00e0 Pesquisa da Universidade de S\u00e3o Paulo, criado por Resolu\u00e7\u00e3o do Conselho de Pesquisa da USP, em agosto de 2017. Tem como precursor, o N\u00facleo de Estudos das Cidades &#8211; USP Cidades, que esteve em funcionamento desde 2013 at\u00e9 a cria\u00e7\u00e3o\u00a0 deste NAP.<\/p>\n","protected":false},"author":480,"featured_media":0,"parent":0,"menu_order":0,"comment_status":"closed","ping_status":"closed","template":"","meta":{"footnotes":"","_links_to":"","_links_to_target":""},"class_list":["post-885","page","type-page","status-publish","hentry"],"_links":{"self":[{"href":"https:\/\/sites.usp.br\/uspcidades\/wp-json\/wp\/v2\/pages\/885","targetHints":{"allow":["GET"]}}],"collection":[{"href":"https:\/\/sites.usp.br\/uspcidades\/wp-json\/wp\/v2\/pages"}],"about":[{"href":"https:\/\/sites.usp.br\/uspcidades\/wp-json\/wp\/v2\/types\/page"}],"author":[{"embeddable":true,"href":"https:\/\/sites.usp.br\/uspcidades\/wp-json\/wp\/v2\/users\/480"}],"replies":[{"embeddable":true,"href":"https:\/\/sites.usp.br\/uspcidades\/wp-json\/wp\/v2\/comments?post=885"}],"version-history":[{"count":4,"href":"https:\/\/sites.usp.br\/uspcidades\/wp-json\/wp\/v2\/pages\/885\/revisions"}],"predecessor-version":[{"id":1341,"href":"https:\/\/sites.usp.br\/uspcidades\/wp-json\/wp\/v2\/pages\/885\/revisions\/1341"}],"wp:attachment":[{"href":"https:\/\/sites.usp.br\/uspcidades\/wp-json\/wp\/v2\/media?parent=885"}],"curies":[{"name":"wp","href":"https:\/\/api.w.org\/{rel}","templated":true}]}}