{"id":889,"date":"2017-11-09T16:51:04","date_gmt":"2017-11-09T18:51:04","guid":{"rendered":"http:\/\/sites.usp.br\/uspcidades\/?page_id=889"},"modified":"2020-07-06T11:33:18","modified_gmt":"2020-07-06T14:33:18","slug":"conselho-consultivo","status":"publish","type":"page","link":"https:\/\/sites.usp.br\/uspcidades\/conselho-consultivo\/","title":{"rendered":"Conselho Deliberativo"},"content":{"rendered":"<p>O Conselho Deliberativo \u00e9 o \u00f3rg\u00e3o da estrutura administrativa composto pelos docentes:<\/p>\n<ul>\n<li><a href=\"http:\/\/sites.usp.br\/uspcidades\/prof-dr-miguel-luiz-bucalem\/\">Prof.\u00a0Dr. Miguel Luiz Bucalem<\/a> \u2013 EP\u00a0(Coordenador Cient\u00edfico)<\/li>\n<li><a href=\"http:\/\/sites.usp.br\/uspcidades\/curriculo-roberta_kronka\/\">Profa.\u00a0Dra. Roberta Consentino Kronka M\u00fclfart<\/a> \u2013 FAU (Vice-Coordenadora Cient\u00edfica)<\/li>\n<li><a href=\"http:\/\/sites.usp.br\/uspcidades\/curriculo-amarilis\/\">Profa. Dra. Amarilis Lucia Casteli Figueiredo Gallardo<\/a> \u2013 EP (membro)<\/li>\n<li><a href=\"http:\/\/sites.usp.br\/uspcidades\/prof-dr-carlos-eduardo-cugnasca\/\">Prof.\u00a0Dr.\u00a0 Carlos Eduardo Cugnasca<\/a>\u00a0\u2013 EP (membro)<\/li>\n<li><a href=\"http:\/\/sites.usp.br\/uspcidades\/curriculo-claudio_barbieri\/\">Prof.\u00a0Dr. Claudio Barbieri da Cunha<\/a>\u00a0\u2013\u00a0EP (membro)<\/li>\n<li><a href=\"http:\/\/sites.usp.br\/uspcidades\/curriculo-danilo_igliori\/\">Prof.\u00a0Dr. Danilo Camargo Igliori<\/a>\u00a0\u2013 FEA (membro)<\/li>\n<li><a href=\"http:\/\/sites.usp.br\/uspcidades\/curriculo-marcelo_romero\/\">Prof.\u00a0Dr. Marcelo de Andrade Romero<\/a> \u2013 FAU (colaborador convidado do Conselho Deliberativo)<\/li>\n<li><a href=\"http:\/\/sites.usp.br\/uspcidades\/curriculo-monica_porto\/\">Profa.\u00a0Dra. Monica Ferreira do Amaral Porto<\/a> \u2013 EP (colaboradora convidada do Conselho Deliberativo)<\/li>\n<li><a href=\"http:\/\/sites.usp.br\/uspcidades\/curriculo-orlando_strambi\/\">Prof.\u00a0Dr. Orlando Strambi <\/a>\u00a0\u2013 EP (colaborador\u00a0 convidado do Conselho Deliberativo)<\/li>\n<\/ul>\n","protected":false},"excerpt":{"rendered":"<p>O Conselho Deliberativo \u00e9 o \u00f3rg\u00e3o da estrutura administrativa composto pelos docentes: Prof.\u00a0Dr. Miguel Luiz Bucalem \u2013 EP\u00a0(Coordenador Cient\u00edfico) Profa.\u00a0Dra. Roberta Consentino Kronka M\u00fclfart \u2013 FAU (Vice-Coordenadora Cient\u00edfica) Profa. Dra. Amarilis Lucia Casteli Figueiredo Gallardo \u2013 EP (membro) Prof.\u00a0Dr.\u00a0 Carlos Eduardo Cugnasca\u00a0\u2013 EP (membro) Prof.\u00a0Dr. Claudio Barbieri da Cunha\u00a0\u2013\u00a0EP (membro) Prof.\u00a0Dr. Danilo Camargo Igliori\u00a0\u2013 FEA [&hellip;]<\/p>\n","protected":false},"author":480,"featured_media":0,"parent":0,"menu_order":0,"comment_status":"closed","ping_status":"closed","template":"","meta":{"footnotes":"","_links_to":"","_links_to_target":""},"class_list":["post-889","page","type-page","status-publish","hentry"],"_links":{"self":[{"href":"https:\/\/sites.usp.br\/uspcidades\/wp-json\/wp\/v2\/pages\/889","targetHints":{"allow":["GET"]}}],"collection":[{"href":"https:\/\/sites.usp.br\/uspcidades\/wp-json\/wp\/v2\/pages"}],"about":[{"href":"https:\/\/sites.usp.br\/uspcidades\/wp-json\/wp\/v2\/types\/page"}],"author":[{"embeddable":true,"href":"https:\/\/sites.usp.br\/uspcidades\/wp-json\/wp\/v2\/users\/480"}],"replies":[{"embeddable":true,"href":"https:\/\/sites.usp.br\/uspcidades\/wp-json\/wp\/v2\/comments?post=889"}],"version-history":[{"count":5,"href":"https:\/\/sites.usp.br\/uspcidades\/wp-json\/wp\/v2\/pages\/889\/revisions"}],"predecessor-version":[{"id":1778,"href":"https:\/\/sites.usp.br\/uspcidades\/wp-json\/wp\/v2\/pages\/889\/revisions\/1778"}],"wp:attachment":[{"href":"https:\/\/sites.usp.br\/uspcidades\/wp-json\/wp\/v2\/media?parent=889"}],"curies":[{"name":"wp","href":"https:\/\/api.w.org\/{rel}","templated":true}]}}