{"id":936,"date":"2017-11-13T15:08:51","date_gmt":"2017-11-13T17:08:51","guid":{"rendered":"http:\/\/sites.usp.br\/uspcidades\/?page_id=936"},"modified":"2019-05-02T11:05:57","modified_gmt":"2019-05-02T14:05:57","slug":"apoio","status":"publish","type":"page","link":"https:\/\/sites.usp.br\/uspcidades\/apoio\/","title":{"rendered":"Apoio \u00e0s cidades"},"content":{"rendered":"<p>De forma complementar \u00e0s atividades de pesquisa aplicada, pretende-se apoiar as cidades brasileiras no enfretamento de seus desafios. Projetos de apoio ao setor privado ser\u00e3o tamb\u00e9m considerados, desde que,\u00a0 alinhados com a miss\u00e3o do NAP.<\/p>\n<p>O <strong>N\u00facleo de Estudos das Cidades &#8211; USP Cidades<\/strong>, precursor deste <strong>NAP<\/strong>, desenvolveu as seguintes iniciativas de apoio:<\/p>\n<ul>\n<li>Apoio a Prefeitura Municipal da Salvador para a constru\u00e7\u00e3o de um Plano Estrat\u00e9gico de Longo Prazo \u2013 Salvador 500, bem como a revis\u00e3o do Plano Diretor e da Lei de Ordenamento, Uso e Ocupa\u00e7\u00e3o do Solo. Realizado entre 2015 e 2016 por meio da FIPE.<\/li>\n<li>Apoio a Prefeitura Municipal de S\u00e3o Jo\u00e3o da Boa Vista para a constru\u00e7\u00e3o de um Plano Estrat\u00e9gico de Longo Prazo \u2013 S\u00e3o Jo\u00e3o da Boa Vista 2050 e revis\u00e3o do Plano Diretor. Realizado entre 2015 e 2016 por meio da FDTE.<\/li>\n<li>Apoio a empresa FIAT (Ind\u00fastria Automobil\u00edstica) para o desenvolvimento do projeto de pesquisa aplicada \u201cCidade e Mobilidade Urbana\u201d\u00a0 que tinha como objetivo explorar as din\u00e2micas das cidades sob o prisma da mobilidade, principalmente das cidades brasileiras. Realizado em 2014 por meio da FDTE.<\/li>\n<li>Apoio a empresa GTIS Partners para o desenvolvimento do projeto de pesquisa aplicada <strong>\u201c<\/strong>Promo\u00e7\u00e3o p\u00fablica e privada de habita\u00e7\u00e3o de interesse social no munic\u00edpio de S\u00e3o Paulo: alcances e limites<strong>\u201d <\/strong>por meio da FDTE.<\/li>\n<\/ul>\n","protected":false},"excerpt":{"rendered":"<p>De forma complementar \u00e0s atividades de pesquisa aplicada, pretende-se apoiar as cidades brasileiras no enfretamento de seus desafios. Projetos de apoio ao setor privado ser\u00e3o tamb\u00e9m considerados, desde que,\u00a0 alinhados com a miss\u00e3o do NAP. O N\u00facleo de Estudos das Cidades &#8211; USP Cidades, precursor deste NAP, desenvolveu as seguintes iniciativas de apoio: Apoio a [&hellip;]<\/p>\n","protected":false},"author":480,"featured_media":0,"parent":0,"menu_order":0,"comment_status":"closed","ping_status":"closed","template":"","meta":{"footnotes":"","_links_to":"","_links_to_target":""},"class_list":["post-936","page","type-page","status-publish","hentry"],"_links":{"self":[{"href":"https:\/\/sites.usp.br\/uspcidades\/wp-json\/wp\/v2\/pages\/936","targetHints":{"allow":["GET"]}}],"collection":[{"href":"https:\/\/sites.usp.br\/uspcidades\/wp-json\/wp\/v2\/pages"}],"about":[{"href":"https:\/\/sites.usp.br\/uspcidades\/wp-json\/wp\/v2\/types\/page"}],"author":[{"embeddable":true,"href":"https:\/\/sites.usp.br\/uspcidades\/wp-json\/wp\/v2\/users\/480"}],"replies":[{"embeddable":true,"href":"https:\/\/sites.usp.br\/uspcidades\/wp-json\/wp\/v2\/comments?post=936"}],"version-history":[{"count":5,"href":"https:\/\/sites.usp.br\/uspcidades\/wp-json\/wp\/v2\/pages\/936\/revisions"}],"predecessor-version":[{"id":1605,"href":"https:\/\/sites.usp.br\/uspcidades\/wp-json\/wp\/v2\/pages\/936\/revisions\/1605"}],"wp:attachment":[{"href":"https:\/\/sites.usp.br\/uspcidades\/wp-json\/wp\/v2\/media?parent=936"}],"curies":[{"name":"wp","href":"https:\/\/api.w.org\/{rel}","templated":true}]}}