{"id":210,"date":"2019-05-03T17:53:48","date_gmt":"2019-05-03T19:53:48","guid":{"rendered":"https:\/\/sites.usp.br\/uspmunicipios_pirassununga\/?page_id=210"},"modified":"2019-09-24T17:15:11","modified_gmt":"2019-09-24T19:15:11","slug":"lancamento-do-programa","status":"publish","type":"page","link":"https:\/\/sites.usp.br\/uspmunicipios_pirassununga\/lancamento-do-programa\/","title":{"rendered":"Lan\u00e7amento do Programa"},"content":{"rendered":"<div id=\"pl-210\"  class=\"panel-layout\" ><div id=\"pg-210-0\"  class=\"panel-grid panel-no-style\" ><div id=\"pgc-210-0-0\"  class=\"panel-grid-cell\" ><div id=\"panel-210-0-0-0\" class=\"so-panel widget widget_sow-editor panel-first-child panel-last-child\" data-index=\"0\" ><div\n\t\t\t\n\t\t\tclass=\"so-widget-sow-editor so-widget-sow-editor-base\"\n\t\t\t\n\t\t>\n<div class=\"siteorigin-widget-tinymce textwidget\">\n\t<p style=\"text-align: justify;\">Foi lan\u00e7ado no dia 16 de outubro de 2019,\u00a0 no Campus USP \u201cFernando Costa\u201d,\u00a0 o programa USP Munic\u00edpios: Pirassununga.<br \/>\nA cerim\u00f4nia contou com a participa\u00e7\u00e3o do Vice-Reitor, Prof. Antonio Carlos Hernandes; do\u00a0secret\u00e1rio Estadual de Agricultura e Abastecimento, Francisco Jardim; do prefeito de Pirassununga, Ademir Alves Lindo; da prefeita de Santa Cruz da Concei\u00e7\u00e3o, Patricia Capodifoglio Landgraf, al\u00e9m de outros prefeitos, secret\u00e1rios e representantes de outras cidades da regi\u00e3o. Tamb\u00e9m participaram da cerim\u00f4nia, dentre outros dirigentes, o coordenador geral do programa, Marcelo Jos\u00e9 Chueiri; o prefeito do Campus USP \u201cFernando Costa\u201d, Arlindo Saran Netto; a diretora da Faculdade de Zootecnia e Engenharia de Alimentos (FZEA), Elisabete Maria Macedo Viegas; e o diretor da Faculdade de Medicina Veterin\u00e1ria e Zootecnia (FMVZ), Jos\u00e9 Antonio Visintin.\u00a0 Contamos tamb\u00e9m com a presen\u00e7a de in\u00fameras pessoas da comunidade, como os\u00a0 representantes da Academia da For\u00e7a A\u00e9rea; da Cia Muller de Bebidas \u2013 51; da VPJ Alimentos; da Cervejaria Lola; da Ind\u00fastria de Bebidas Pirassununga \u2013 21;\u00a0 da Dom Della\u00a0 Pratos Prontos; da Latic\u00ednios Jamava,\u00a0 entre outros.<\/p>\n<\/div>\n<\/div><\/div><\/div><div id=\"pgc-210-0-1\"  class=\"panel-grid-cell\" ><div id=\"panel-210-0-1-0\" class=\"so-panel widget widget_sow-editor panel-first-child panel-last-child\" data-index=\"1\" ><div\n\t\t\t\n\t\t\tclass=\"so-widget-sow-editor so-widget-sow-editor-base\"\n\t\t\t\n\t\t>\n<div class=\"siteorigin-widget-tinymce textwidget\">\n\t\r\n\t<div class=\"slideshow_container slideshow_container_style-light\" style=\"height: 292px; \" data-slideshow-id=\"160\" data-style-name=\"style-light\" data-style-version=\"2.3.1\" >\r\n\r\n\t\t\t\t\t<div class=\"slideshow_loading_icon\"><\/div>\r\n\t\t\r\n\t\t<div class=\"slideshow_content\" style=\"display: none;\">\r\n\r\n\t\t\t<div class=\"slideshow_view\">\r\n\t\t\t\t<div class=\"slideshow_slide slideshow_slide_image\">\r\n\t\t\t\t\t\t\t\t\t\t\t<img src=\"https:\/\/sites.usp.br\/uspmunicipios_pirassununga\/wp-content\/uploads\/sites\/517\/2019\/05\/Lan\u00e7amento-Pirassununga-IMG_5494.jpg\" alt=\"Lan\u00e7amento Pirassununga IMG_5494\" width=\"3264\" height=\"2448\" \/>\r\n\t\t\t\t\t\t\t\t\t\t<div class=\"slideshow_description_box slideshow_transparent\">\r\n\t\t\t\t\t\t<div class=\"slideshow_title\">Lan\u00e7amento Pirassununga IMG_5494<\/div>\t\t\t\t\t\t\t\t\t\t\t<\/div>\r\n\t\t\t\t<\/div>\r\n\r\n\t\t\t\t\t\t\r\n\t\t\t\t<div class=\"slideshow_slide slideshow_slide_image\">\r\n\t\t\t\t\t\t\t\t\t\t\t<img src=\"https:\/\/sites.usp.br\/uspmunicipios_pirassununga\/wp-content\/uploads\/sites\/517\/2019\/05\/Lan\u00e7amento-Pirassununga-IMG_5495.jpg\" alt=\"Lan\u00e7amento Pirassununga IMG_5495\" width=\"3264\" height=\"2448\" \/>\r\n\t\t\t\t\t\t\t\t\t\t<div class=\"slideshow_description_box slideshow_transparent\">\r\n\t\t\t\t\t\t<div class=\"slideshow_title\">Lan\u00e7amento Pirassununga IMG_5495<\/div>\t\t\t\t\t\t\t\t\t\t\t<\/div>\r\n\t\t\t\t<\/div>\r\n\r\n\t\t\t\t\t\t\r\n\t\t\t\t<div class=\"slideshow_slide slideshow_slide_image\">\r\n\t\t\t\t\t\t\t\t\t\t\t<img src=\"https:\/\/sites.usp.br\/uspmunicipios_pirassununga\/wp-content\/uploads\/sites\/517\/2019\/05\/Lan\u00e7amento-Pirassununga-IMG_5496.jpg\" alt=\"Lan\u00e7amento Pirassununga IMG_5496\" width=\"3264\" height=\"2448\" \/>\r\n\t\t\t\t\t\t\t\t\t\t<div class=\"slideshow_description_box slideshow_transparent\">\r\n\t\t\t\t\t\t<div class=\"slideshow_title\">Lan\u00e7amento Pirassununga IMG_5496<\/div>\t\t\t\t\t\t\t\t\t\t\t<\/div>\r\n\t\t\t\t<\/div>\r\n\r\n\t\t\t\t\t\t<div style=\"clear: both;\"><\/div><\/div><div class=\"slideshow_view\">\r\n\t\t\t\t<div class=\"slideshow_slide slideshow_slide_image\">\r\n\t\t\t\t\t\t\t\t\t\t\t<img src=\"https:\/\/sites.usp.br\/uspmunicipios_pirassununga\/wp-content\/uploads\/sites\/517\/2019\/05\/Lan\u00e7amento-Pirassununga-IMG_5497.jpg\" alt=\"Lan\u00e7amento Pirassununga IMG_5497\" width=\"3264\" height=\"2448\" \/>\r\n\t\t\t\t\t\t\t\t\t\t<div class=\"slideshow_description_box slideshow_transparent\">\r\n\t\t\t\t\t\t<div class=\"slideshow_title\">Lan\u00e7amento Pirassununga IMG_5497<\/div>\t\t\t\t\t\t\t\t\t\t\t<\/div>\r\n\t\t\t\t<\/div>\r\n\r\n\t\t\t\t\t\t\r\n\t\t\t\t<div class=\"slideshow_slide slideshow_slide_image\">\r\n\t\t\t\t\t\t\t\t\t\t\t<img src=\"https:\/\/sites.usp.br\/uspmunicipios_pirassununga\/wp-content\/uploads\/sites\/517\/2019\/05\/Lan\u00e7amento-Pirassununga-IMG_5498.jpg\" alt=\"Lan\u00e7amento Pirassununga IMG_5498\" width=\"3264\" height=\"2448\" \/>\r\n\t\t\t\t\t\t\t\t\t\t<div class=\"slideshow_description_box slideshow_transparent\">\r\n\t\t\t\t\t\t<div class=\"slideshow_title\">Lan\u00e7amento Pirassununga IMG_5498<\/div>\t\t\t\t\t\t\t\t\t\t\t<\/div>\r\n\t\t\t\t<\/div>\r\n\r\n\t\t\t\t\t\t\r\n\t\t\t\t<div class=\"slideshow_slide slideshow_slide_image\">\r\n\t\t\t\t\t\t\t\t\t\t\t<img src=\"https:\/\/sites.usp.br\/uspmunicipios_pirassununga\/wp-content\/uploads\/sites\/517\/2019\/05\/Lan\u00e7amento-Pirassununga-IMG_5501.jpg\" alt=\"Lan\u00e7amento Pirassununga IMG_5501\" width=\"3264\" height=\"2448\" \/>\r\n\t\t\t\t\t\t\t\t\t\t<div class=\"slideshow_description_box slideshow_transparent\">\r\n\t\t\t\t\t\t<div class=\"slideshow_title\">Lan\u00e7amento Pirassununga IMG_5501<\/div>\t\t\t\t\t\t\t\t\t\t\t<\/div>\r\n\t\t\t\t<\/div>\r\n\r\n\t\t\t\t\t\t<div style=\"clear: both;\"><\/div><\/div><div class=\"slideshow_view\">\r\n\t\t\t\t<div class=\"slideshow_slide slideshow_slide_image\">\r\n\t\t\t\t\t\t\t\t\t\t\t<img src=\"https:\/\/sites.usp.br\/uspmunicipios_pirassununga\/wp-content\/uploads\/sites\/517\/2019\/05\/Lan\u00e7amento-Pirassununga-IMG_5503.jpg\" alt=\"Lan\u00e7amento Pirassununga IMG_5503\" width=\"3264\" height=\"2448\" \/>\r\n\t\t\t\t\t\t\t\t\t\t<div class=\"slideshow_description_box slideshow_transparent\">\r\n\t\t\t\t\t\t<div class=\"slideshow_title\">Lan\u00e7amento Pirassununga IMG_5503<\/div>\t\t\t\t\t\t\t\t\t\t\t<\/div>\r\n\t\t\t\t<\/div>\r\n\r\n\t\t\t\t\t\t\r\n\t\t\t\t<div class=\"slideshow_slide slideshow_slide_image\">\r\n\t\t\t\t\t\t\t\t\t\t\t<img src=\"https:\/\/sites.usp.br\/uspmunicipios_pirassununga\/wp-content\/uploads\/sites\/517\/2019\/05\/Lan\u00e7amento-Pirassununga-IMG_5505.jpg\" alt=\"Lan\u00e7amento Pirassununga IMG_5505\" width=\"3264\" height=\"2448\" \/>\r\n\t\t\t\t\t\t\t\t\t\t<div class=\"slideshow_description_box slideshow_transparent\">\r\n\t\t\t\t\t\t<div class=\"slideshow_title\">Lan\u00e7amento Pirassununga IMG_5505<\/div>\t\t\t\t\t\t\t\t\t\t\t<\/div>\r\n\t\t\t\t<\/div>\r\n\r\n\t\t\t\t\t\t\r\n\t\t\t\t<div class=\"slideshow_slide slideshow_slide_image\">\r\n\t\t\t\t\t\t\t\t\t\t\t<img src=\"https:\/\/sites.usp.br\/uspmunicipios_pirassununga\/wp-content\/uploads\/sites\/517\/2019\/05\/Lan\u00e7amento-Pirassununga-IMG_5506.jpg\" alt=\"Lan\u00e7amento Pirassununga IMG_5506\" width=\"2448\" height=\"3264\" \/>\r\n\t\t\t\t\t\t\t\t\t\t<div class=\"slideshow_description_box slideshow_transparent\">\r\n\t\t\t\t\t\t<div class=\"slideshow_title\">Lan\u00e7amento Pirassununga IMG_5506<\/div>\t\t\t\t\t\t\t\t\t\t\t<\/div>\r\n\t\t\t\t<\/div>\r\n\r\n\t\t\t\t\t\t<div style=\"clear: both;\"><\/div><\/div><div class=\"slideshow_view\">\r\n\t\t\t\t<div class=\"slideshow_slide slideshow_slide_image\">\r\n\t\t\t\t\t\t\t\t\t\t\t<img src=\"https:\/\/sites.usp.br\/uspmunicipios_pirassununga\/wp-content\/uploads\/sites\/517\/2019\/05\/Lan\u00e7amento-Pirassununga-IMG_5494.jpg\" alt=\"Lan\u00e7amento Pirassununga IMG_5494\" width=\"3264\" height=\"2448\" \/>\r\n\t\t\t\t\t\t\t\t\t\t<div class=\"slideshow_description_box slideshow_transparent\">\r\n\t\t\t\t\t\t<div class=\"slideshow_title\">Lan\u00e7amento Pirassununga IMG_5494<\/div>\t\t\t\t\t\t\t\t\t\t\t<\/div>\r\n\t\t\t\t<\/div>\r\n\r\n\t\t\t\t\t\t\r\n\t\t\t\t<div class=\"slideshow_slide slideshow_slide_image\">\r\n\t\t\t\t\t\t\t\t\t\t\t<img src=\"https:\/\/sites.usp.br\/uspmunicipios_pirassununga\/wp-content\/uploads\/sites\/517\/2019\/05\/Lan\u00e7amento-Pirassununga-IMG_5495.jpg\" alt=\"Lan\u00e7amento Pirassununga IMG_5495\" width=\"3264\" height=\"2448\" \/>\r\n\t\t\t\t\t\t\t\t\t\t<div class=\"slideshow_description_box slideshow_transparent\">\r\n\t\t\t\t\t\t<div class=\"slideshow_title\">Lan\u00e7amento Pirassununga IMG_5495<\/div>\t\t\t\t\t\t\t\t\t\t\t<\/div>\r\n\t\t\t\t<\/div>\r\n\r\n\t\t\t\t\t\t\r\n\t\t\t\t<div class=\"slideshow_slide slideshow_slide_image\">\r\n\t\t\t\t\t\t\t\t\t\t\t<img src=\"https:\/\/sites.usp.br\/uspmunicipios_pirassununga\/wp-content\/uploads\/sites\/517\/2019\/05\/Lan\u00e7amento-Pirassununga-IMG_5496.jpg\" alt=\"Lan\u00e7amento Pirassununga IMG_5496\" width=\"3264\" height=\"2448\" \/>\r\n\t\t\t\t\t\t\t\t\t\t<div class=\"slideshow_description_box slideshow_transparent\">\r\n\t\t\t\t\t\t<div class=\"slideshow_title\">Lan\u00e7amento Pirassununga IMG_5496<\/div>\t\t\t\t\t\t\t\t\t\t\t<\/div>\r\n\t\t\t\t<\/div>\r\n\r\n\t\t\t\t\t\t<div style=\"clear: both;\"><\/div><\/div><div class=\"slideshow_view\">\r\n\t\t\t\t<div class=\"slideshow_slide slideshow_slide_image\">\r\n\t\t\t\t\t\t\t\t\t\t\t<img src=\"https:\/\/sites.usp.br\/uspmunicipios_pirassununga\/wp-content\/uploads\/sites\/517\/2019\/05\/Lan\u00e7amento-Pirassununga-IMG_5497.jpg\" alt=\"Lan\u00e7amento Pirassununga IMG_5497\" width=\"3264\" height=\"2448\" \/>\r\n\t\t\t\t\t\t\t\t\t\t<div class=\"slideshow_description_box slideshow_transparent\">\r\n\t\t\t\t\t\t<div class=\"slideshow_title\">Lan\u00e7amento Pirassununga IMG_5497<\/div>\t\t\t\t\t\t\t\t\t\t\t<\/div>\r\n\t\t\t\t<\/div>\r\n\r\n\t\t\t\t\t\t\r\n\t\t\t\t<div class=\"slideshow_slide slideshow_slide_image\">\r\n\t\t\t\t\t\t\t\t\t\t\t<img src=\"https:\/\/sites.usp.br\/uspmunicipios_pirassununga\/wp-content\/uploads\/sites\/517\/2019\/05\/Lan\u00e7amento-Pirassununga-IMG_5498.jpg\" alt=\"Lan\u00e7amento Pirassununga IMG_5498\" width=\"3264\" height=\"2448\" \/>\r\n\t\t\t\t\t\t\t\t\t\t<div class=\"slideshow_description_box slideshow_transparent\">\r\n\t\t\t\t\t\t<div class=\"slideshow_title\">Lan\u00e7amento Pirassununga IMG_5498<\/div>\t\t\t\t\t\t\t\t\t\t\t<\/div>\r\n\t\t\t\t<\/div>\r\n\r\n\t\t\t\t\t\t\r\n\t\t\t\t<div class=\"slideshow_slide slideshow_slide_image\">\r\n\t\t\t\t\t\t\t\t\t\t\t<img src=\"https:\/\/sites.usp.br\/uspmunicipios_pirassununga\/wp-content\/uploads\/sites\/517\/2019\/05\/Lan\u00e7amento-Pirassununga-IMG_5501.jpg\" alt=\"Lan\u00e7amento Pirassununga IMG_5501\" width=\"3264\" height=\"2448\" \/>\r\n\t\t\t\t\t\t\t\t\t\t<div class=\"slideshow_description_box slideshow_transparent\">\r\n\t\t\t\t\t\t<div class=\"slideshow_title\">Lan\u00e7amento Pirassununga IMG_5501<\/div>\t\t\t\t\t\t\t\t\t\t\t<\/div>\r\n\t\t\t\t<\/div>\r\n\r\n\t\t\t\t\t\t<div style=\"clear: both;\"><\/div><\/div><div class=\"slideshow_view\">\r\n\t\t\t\t<div class=\"slideshow_slide slideshow_slide_image\">\r\n\t\t\t\t\t\t\t\t\t\t\t<img src=\"https:\/\/sites.usp.br\/uspmunicipios_pirassununga\/wp-content\/uploads\/sites\/517\/2019\/05\/Lan\u00e7amento-Pirassununga-IMG_5503.jpg\" alt=\"Lan\u00e7amento Pirassununga IMG_5503\" width=\"3264\" height=\"2448\" \/>\r\n\t\t\t\t\t\t\t\t\t\t<div class=\"slideshow_description_box slideshow_transparent\">\r\n\t\t\t\t\t\t<div class=\"slideshow_title\">Lan\u00e7amento Pirassununga IMG_5503<\/div>\t\t\t\t\t\t\t\t\t\t\t<\/div>\r\n\t\t\t\t<\/div>\r\n\r\n\t\t\t\t\t\t\r\n\t\t\t\t<div class=\"slideshow_slide slideshow_slide_image\">\r\n\t\t\t\t\t\t\t\t\t\t\t<img src=\"https:\/\/sites.usp.br\/uspmunicipios_pirassununga\/wp-content\/uploads\/sites\/517\/2019\/05\/Lan\u00e7amento-Pirassununga-IMG_5505.jpg\" alt=\"Lan\u00e7amento Pirassununga IMG_5505\" width=\"3264\" height=\"2448\" \/>\r\n\t\t\t\t\t\t\t\t\t\t<div class=\"slideshow_description_box slideshow_transparent\">\r\n\t\t\t\t\t\t<div class=\"slideshow_title\">Lan\u00e7amento Pirassununga IMG_5505<\/div>\t\t\t\t\t\t\t\t\t\t\t<\/div>\r\n\t\t\t\t<\/div>\r\n\r\n\t\t\t\t\t\t\r\n\t\t\t\t<div class=\"slideshow_slide slideshow_slide_image\">\r\n\t\t\t\t\t\t\t\t\t\t\t<img src=\"https:\/\/sites.usp.br\/uspmunicipios_pirassununga\/wp-content\/uploads\/sites\/517\/2019\/05\/Lan\u00e7amento-Pirassununga-IMG_5506.jpg\" alt=\"Lan\u00e7amento Pirassununga IMG_5506\" width=\"2448\" height=\"3264\" \/>\r\n\t\t\t\t\t\t\t\t\t\t<div class=\"slideshow_description_box slideshow_transparent\">\r\n\t\t\t\t\t\t<div class=\"slideshow_title\">Lan\u00e7amento Pirassununga IMG_5506<\/div>\t\t\t\t\t\t\t\t\t\t\t<\/div>\r\n\t\t\t\t<\/div>\r\n\r\n\t\t\t\t\t\t<div style=\"clear: both;\"><\/div><\/div><div class=\"slideshow_view\">\r\n\t\t\t\t<div class=\"slideshow_slide slideshow_slide_image\">\r\n\t\t\t\t\t\t\t\t\t\t\t<img src=\"https:\/\/sites.usp.br\/uspmunicipios_pirassununga\/wp-content\/uploads\/sites\/517\/2019\/05\/Lan\u00e7amento-Pirassununga-IMG_5497.jpg\" alt=\"Lan\u00e7amento Pirassununga IMG_5497\" width=\"3264\" height=\"2448\" \/>\r\n\t\t\t\t\t\t\t\t\t\t<div class=\"slideshow_description_box slideshow_transparent\">\r\n\t\t\t\t\t\t<div class=\"slideshow_title\">Lan\u00e7amento Pirassununga IMG_5497<\/div>\t\t\t\t\t\t\t\t\t\t\t<\/div>\r\n\t\t\t\t<\/div>\r\n\r\n\t\t\t\t\t\t<div style=\"clear: both;\"><\/div><\/div>\r\n\t\t<\/div>\r\n\r\n\t\t<div class=\"slideshow_controlPanel slideshow_transparent\" style=\"display: none;\"><ul><li class=\"slideshow_togglePlay\" data-play-text=\"Acionar\" data-pause-text=\"Pausar\"><\/li><\/ul><\/div>\r\n\r\n\t\t<div class=\"slideshow_button slideshow_previous slideshow_transparent\" role=\"button\" data-previous-text=\"Anterior\" style=\"display: none;\"><\/div>\r\n\t\t<div class=\"slideshow_button slideshow_next slideshow_transparent\" role=\"button\" data-next-text=\"Pr\u00f3ximo\" style=\"display: none;\"><\/div>\r\n\r\n\t\t<div class=\"slideshow_pagination\" style=\"display: none;\" data-go-to-text=\"Ir para o slide\"><div class=\"slideshow_pagination_center\"><\/div><\/div>\r\n\r\n\t\t<!-- WordPress Slideshow Version 2.3.1 -->\r\n\r\n\t\t\t<\/div>\r\n\r\n\n<p><strong><em>Acesse aqui a reportagem completa Jornal da USP:<\/em><\/strong><\/p>\n<p><a href=\"https:\/\/jornal.usp.br\/institucional\/universidade-lanca-programa-usp-municipios-em-pirassununga\/\" target=\"_blank\" rel=\"noopener noreferrer\"> https:\/\/jornal.usp.br\/institucional\/universidade-lanca-programa-usp-municipios-em-pirassununga\/\u00a0<\/a><\/p>\n<\/div>\n<\/div><\/div><\/div><\/div><div id=\"pg-210-1\"  class=\"panel-grid panel-no-style\" ><div id=\"pgc-210-1-0\"  class=\"panel-grid-cell\" ><div id=\"panel-210-1-0-0\" class=\"so-panel widget widget_sow-editor panel-first-child\" data-index=\"2\" ><div\n\t\t\t\n\t\t\tclass=\"so-widget-sow-editor so-widget-sow-editor-base\"\n\t\t\t\n\t\t>\n<div class=\"siteorigin-widget-tinymce textwidget\">\n\t<h1>Organiza\u00e7\u00e3o<\/h1>\n<\/div>\n<\/div><\/div><div id=\"panel-210-1-0-1\" class=\"so-panel widget widget_sow-image\" data-index=\"3\" ><div\n\t\t\t\n\t\t\tclass=\"so-widget-sow-image so-widget-sow-image-default-8b5b6f678277-210\"\n\t\t\t\n\t\t>\n<div class=\"sow-image-container\">\n\t\t<img \n\tsrc=\"https:\/\/sites.usp.br\/uspmunicipios_pirassununga\/wp-content\/uploads\/sites\/517\/2019\/05\/Organiza\u00e7\u00e3o-Lan\u00e7amento-Pirassununga-6186f3ee-d613-4ca2-8bca-9f235a455e27.jpg\" width=\"1247\" height=\"819\" srcset=\"https:\/\/sites.usp.br\/uspmunicipios_pirassununga\/wp-content\/uploads\/sites\/517\/2019\/05\/Organiza\u00e7\u00e3o-Lan\u00e7amento-Pirassununga-6186f3ee-d613-4ca2-8bca-9f235a455e27.jpg 1247w, https:\/\/sites.usp.br\/uspmunicipios_pirassununga\/wp-content\/uploads\/sites\/517\/2019\/05\/Organiza\u00e7\u00e3o-Lan\u00e7amento-Pirassununga-6186f3ee-d613-4ca2-8bca-9f235a455e27-300x197.jpg 300w, https:\/\/sites.usp.br\/uspmunicipios_pirassununga\/wp-content\/uploads\/sites\/517\/2019\/05\/Organiza\u00e7\u00e3o-Lan\u00e7amento-Pirassununga-6186f3ee-d613-4ca2-8bca-9f235a455e27-768x504.jpg 768w, https:\/\/sites.usp.br\/uspmunicipios_pirassununga\/wp-content\/uploads\/sites\/517\/2019\/05\/Organiza\u00e7\u00e3o-Lan\u00e7amento-Pirassununga-6186f3ee-d613-4ca2-8bca-9f235a455e27-1024x673.jpg 1024w, https:\/\/sites.usp.br\/uspmunicipios_pirassununga\/wp-content\/uploads\/sites\/517\/2019\/05\/Organiza\u00e7\u00e3o-Lan\u00e7amento-Pirassununga-6186f3ee-d613-4ca2-8bca-9f235a455e27-400x263.jpg 400w\" sizes=\"(max-width: 1247px) 100vw, 1247px\" title=\"Organiza\u00e7\u00e3o Lan\u00e7amento Pirassununga 6186f3ee-d613-4ca2-8bca-9f235a455e27\" alt=\"\" \t\tclass=\"so-widget-image\"\/>\n\t<\/div>\n\n<\/div><\/div><div id=\"panel-210-1-0-2\" class=\"so-panel widget widget_sow-editor panel-last-child\" data-index=\"4\" ><div\n\t\t\t\n\t\t\tclass=\"so-widget-sow-editor so-widget-sow-editor-base\"\n\t\t\t\n\t\t>\n<div class=\"siteorigin-widget-tinymce textwidget\">\n\t<p>Equipe respons\u00e1vel pela organiza\u00e7\u00e3o do lan\u00e7amento do Programa USP Munic\u00edpios: Pirassununga<\/p>\n<\/div>\n<\/div><\/div><\/div><div id=\"pgc-210-1-1\"  class=\"panel-grid-cell\" ><div id=\"panel-210-1-1-0\" class=\"so-panel widget widget_sow-editor panel-first-child panel-last-child\" data-index=\"5\" ><div\n\t\t\t\n\t\t\tclass=\"so-widget-sow-editor so-widget-sow-editor-base\"\n\t\t\t\n\t\t>\n<div class=\"siteorigin-widget-tinymce textwidget\">\n\t<p>&nbsp;<\/p>\n<p><strong>Grupo respons\u00e1vel pelo Programa USP Munic\u00edpios em Pirassununga:<\/strong><\/p>\n<p>Profa. Dra. Carmen Silvia F\u00e1varo Trindade \u2013 Coordenadora<br \/>\n<a>carmenft@usp.br<\/a><\/p>\n<p>Profa. Dra. Vivian Lara dos Santos Silva<br \/>\n<a>vivianlara@usp.br<\/a><\/p>\n<p>Profa. Dra. Fernanda Maria Vanin<br \/>\n<a>fernanda.vanin@usp.br<\/a><\/p>\n<p>Profa. Dra. Fabiana Cunha Viana Leonelli<br \/>\n<a>fabiana.leonelli@usp.br<\/a><\/p>\n<p>Profa. Dra. Ana Maria Centola Vidal<br \/>\n<a>anavidal@usp.br<\/a><\/p>\n<\/div>\n<\/div><\/div><\/div><\/div><\/div>","protected":false},"excerpt":{"rendered":"<p>Foi lan\u00e7ado no dia 16 de outubro de 2019,\u00a0 no Campus USP \u201cFernando Costa\u201d,\u00a0 o programa USP Munic\u00edpios: Pirassununga. A cerim\u00f4nia contou com a participa\u00e7\u00e3o do Vice-Reitor, Prof. Antonio Carlos Hernandes; do\u00a0secret\u00e1rio Estadual de Agricultura e Abastecimento, Francisco Jardim; do prefeito de Pirassununga, Ademir Alves Lindo; da prefeita de Santa Cruz da Concei\u00e7\u00e3o, Patricia Capodifoglio&hellip;<\/p>\n","protected":false},"author":967,"featured_media":0,"parent":0,"menu_order":0,"comment_status":"closed","ping_status":"closed","template":"","meta":{"footnotes":"","_links_to":"","_links_to_target":""},"class_list":["post-210","page","type-page","status-publish","hentry","post"],"_links":{"self":[{"href":"https:\/\/sites.usp.br\/uspmunicipios_pirassununga\/wp-json\/wp\/v2\/pages\/210","targetHints":{"allow":["GET"]}}],"collection":[{"href":"https:\/\/sites.usp.br\/uspmunicipios_pirassununga\/wp-json\/wp\/v2\/pages"}],"about":[{"href":"https:\/\/sites.usp.br\/uspmunicipios_pirassununga\/wp-json\/wp\/v2\/types\/page"}],"author":[{"embeddable":true,"href":"https:\/\/sites.usp.br\/uspmunicipios_pirassununga\/wp-json\/wp\/v2\/users\/967"}],"replies":[{"embeddable":true,"href":"https:\/\/sites.usp.br\/uspmunicipios_pirassununga\/wp-json\/wp\/v2\/comments?post=210"}],"version-history":[{"count":5,"href":"https:\/\/sites.usp.br\/uspmunicipios_pirassununga\/wp-json\/wp\/v2\/pages\/210\/revisions"}],"predecessor-version":[{"id":763,"href":"https:\/\/sites.usp.br\/uspmunicipios_pirassununga\/wp-json\/wp\/v2\/pages\/210\/revisions\/763"}],"wp:attachment":[{"href":"https:\/\/sites.usp.br\/uspmunicipios_pirassununga\/wp-json\/wp\/v2\/media?parent=210"}],"curies":[{"name":"wp","href":"https:\/\/api.w.org\/{rel}","templated":true}]}}