{"id":331,"date":"2019-05-16T21:09:47","date_gmt":"2019-05-16T23:09:47","guid":{"rendered":"https:\/\/sites.usp.br\/uspmunicipios_pirassununga\/?page_id=331"},"modified":"2019-09-24T21:36:57","modified_gmt":"2019-09-24T23:36:57","slug":"workshops","status":"publish","type":"page","link":"https:\/\/sites.usp.br\/uspmunicipios_pirassununga\/workshops\/","title":{"rendered":"Workshops"},"content":{"rendered":"<div class=\"gmail_default\"><span style=\"font-family: arial, sans-serif;\">Aconteceram nos <b>dias 30 e 31 de agosto<\/b>, os workshops:<\/span><\/div>\n<div class=\"gmail_default\"><span style=\"font-family: arial, sans-serif;\">\u00a0<\/span><\/div>\n<ul>\n<li class=\"gmail_default\"><span style=\"font-family: arial, sans-serif;\"><a href=\"https:\/\/sites.usp.br\/uspmunicipios_pirassununga\/workshop-producao-de-leite-organico\/\">Produ\u00e7\u00e3o de leite org\u00e2nico<\/a>\u00a0<\/span>(manh\u00e3 do dia 30\/08)<\/li>\n<li class=\"gmail_default\"><a href=\"https:\/\/sites.usp.br\/uspmunicipios_pirassununga\/workshop-inovacao-em-alimentos-transformando-ideias-em-produtos\/\">Inova\u00e7\u00e3o de Alimentos: Transformando Ideias em Produtos<\/a> (dia 31\/08)<\/li>\n<\/ul>\n","protected":false},"excerpt":{"rendered":"<p>Aconteceram nos dias 30 e 31 de agosto, os workshops: \u00a0 Produ\u00e7\u00e3o de leite org\u00e2nico\u00a0(manh\u00e3 do dia 30\/08) Inova\u00e7\u00e3o de Alimentos: Transformando Ideias em Produtos (dia 31\/08)<\/p>\n","protected":false},"author":967,"featured_media":0,"parent":0,"menu_order":2,"comment_status":"closed","ping_status":"closed","template":"","meta":{"footnotes":"","_links_to":"","_links_to_target":""},"class_list":["post-331","page","type-page","status-publish","hentry","post"],"_links":{"self":[{"href":"https:\/\/sites.usp.br\/uspmunicipios_pirassununga\/wp-json\/wp\/v2\/pages\/331","targetHints":{"allow":["GET"]}}],"collection":[{"href":"https:\/\/sites.usp.br\/uspmunicipios_pirassununga\/wp-json\/wp\/v2\/pages"}],"about":[{"href":"https:\/\/sites.usp.br\/uspmunicipios_pirassununga\/wp-json\/wp\/v2\/types\/page"}],"author":[{"embeddable":true,"href":"https:\/\/sites.usp.br\/uspmunicipios_pirassununga\/wp-json\/wp\/v2\/users\/967"}],"replies":[{"embeddable":true,"href":"https:\/\/sites.usp.br\/uspmunicipios_pirassununga\/wp-json\/wp\/v2\/comments?post=331"}],"version-history":[{"count":5,"href":"https:\/\/sites.usp.br\/uspmunicipios_pirassununga\/wp-json\/wp\/v2\/pages\/331\/revisions"}],"predecessor-version":[{"id":801,"href":"https:\/\/sites.usp.br\/uspmunicipios_pirassununga\/wp-json\/wp\/v2\/pages\/331\/revisions\/801"}],"wp:attachment":[{"href":"https:\/\/sites.usp.br\/uspmunicipios_pirassununga\/wp-json\/wp\/v2\/media?parent=331"}],"curies":[{"name":"wp","href":"https:\/\/api.w.org\/{rel}","templated":true}]}}