{"id":490,"date":"2019-05-30T11:54:44","date_gmt":"2019-05-30T13:54:44","guid":{"rendered":"https:\/\/sites.usp.br\/uspmunicipios_pirassununga\/?page_id=490"},"modified":"2019-09-24T21:38:37","modified_gmt":"2019-09-24T23:38:37","slug":"o-programa","status":"publish","type":"page","link":"https:\/\/sites.usp.br\/uspmunicipios_pirassununga\/o-programa\/","title":{"rendered":"O Programa"},"content":{"rendered":"<div id=\"pl-490\"  class=\"panel-layout\" ><div id=\"pg-490-0\"  class=\"panel-grid panel-no-style\" ><div id=\"pgc-490-0-0\"  class=\"panel-grid-cell\" ><div id=\"panel-490-0-0-0\" class=\"so-panel widget widget_text panel-first-child\" data-index=\"0\" ><div class=\"panel-widget-style panel-widget-style-for-490-0-0-0\" >\t\t\t<div class=\"textwidget\"><div class=\"entry-content\">\n<p><strong>Veja o v\u00eddeo: Vice-Reitor da USP visita a cidade de Pirassununga e anuncia o Programa USP Munic\u00edpios:<\/strong><\/p>\n<\/div>\n<\/div>\n\t\t<\/div><\/div><div id=\"panel-490-0-0-1\" class=\"so-panel widget widget_media_video panel-last-child\" data-index=\"1\" ><div style=\"width:100%;\" class=\"wp-video\"><video class=\"wp-video-shortcode\" id=\"video-490-1\" preload=\"metadata\" controls=\"controls\"><source type=\"video\/youtube\" src=\"https:\/\/youtu.be\/QjtnbSL2Syk?_=1\" \/><a href=\"https:\/\/youtu.be\/QjtnbSL2Syk\">https:\/\/youtu.be\/QjtnbSL2Syk<\/a><\/video><\/div><\/div><\/div><div id=\"pgc-490-0-1\"  class=\"panel-grid-cell\" ><div id=\"panel-490-0-1-0\" class=\"so-panel widget widget_text panel-first-child panel-last-child\" data-index=\"2\" >\t\t\t<div class=\"textwidget\"><div class=\"entry-content\">\n<p>&nbsp;<\/p>\n<p>&nbsp;<\/p>\n<p>O Programa USP Munic\u00edpios representa uma a\u00e7\u00e3o institucional da Universidade de S\u00e3o Paulo, com o objetivo de fomentar Projetos que promovam o desenvolvimento de munic\u00edpios e suas regi\u00f5es. O que passa pela contribui\u00e7\u00e3o da universidade nos processos de fortalecimento das economias criativas e da qualifica\u00e7\u00e3o profissional, em especial de jovens.<\/p>\n<p>Desse anseio maior e considerando as compet\u00eancias do Campus USP \u201cFernando Costa\u201d, o projeto USP munic\u00edpios em Pirassununga procura estimular inova\u00e7\u00e3o e empreendedorismo em alimentos.<\/p>\n<p>Para tanto, uma rica e diversificada agenda de a\u00e7\u00f5es e iniciativas est\u00e3o sendo programadas.<\/p>\n<\/div>\n<\/div>\n\t\t<\/div><\/div><\/div><\/div>","protected":false},"excerpt":{"rendered":"<p>Veja o v\u00eddeo: Vice-Reitor da USP visita a cidade de Pirassununga e anuncia o Programa USP Munic\u00edpios: &nbsp; &nbsp; O Programa USP Munic\u00edpios representa uma a\u00e7\u00e3o institucional da Universidade de S\u00e3o Paulo, com o objetivo de fomentar Projetos que promovam o desenvolvimento de munic\u00edpios e suas regi\u00f5es. O que passa pela contribui\u00e7\u00e3o da universidade nos&hellip;<\/p>\n","protected":false},"author":967,"featured_media":0,"parent":0,"menu_order":0,"comment_status":"closed","ping_status":"closed","template":"","meta":{"footnotes":"","_links_to":"","_links_to_target":""},"class_list":["post-490","page","type-page","status-publish","hentry","post"],"_links":{"self":[{"href":"https:\/\/sites.usp.br\/uspmunicipios_pirassununga\/wp-json\/wp\/v2\/pages\/490","targetHints":{"allow":["GET"]}}],"collection":[{"href":"https:\/\/sites.usp.br\/uspmunicipios_pirassununga\/wp-json\/wp\/v2\/pages"}],"about":[{"href":"https:\/\/sites.usp.br\/uspmunicipios_pirassununga\/wp-json\/wp\/v2\/types\/page"}],"author":[{"embeddable":true,"href":"https:\/\/sites.usp.br\/uspmunicipios_pirassununga\/wp-json\/wp\/v2\/users\/967"}],"replies":[{"embeddable":true,"href":"https:\/\/sites.usp.br\/uspmunicipios_pirassununga\/wp-json\/wp\/v2\/comments?post=490"}],"version-history":[{"count":4,"href":"https:\/\/sites.usp.br\/uspmunicipios_pirassununga\/wp-json\/wp\/v2\/pages\/490\/revisions"}],"predecessor-version":[{"id":805,"href":"https:\/\/sites.usp.br\/uspmunicipios_pirassununga\/wp-json\/wp\/v2\/pages\/490\/revisions\/805"}],"wp:attachment":[{"href":"https:\/\/sites.usp.br\/uspmunicipios_pirassununga\/wp-json\/wp\/v2\/media?parent=490"}],"curies":[{"name":"wp","href":"https:\/\/api.w.org\/{rel}","templated":true}]}}