{"id":504,"date":"2019-05-30T12:07:49","date_gmt":"2019-05-30T14:07:49","guid":{"rendered":"https:\/\/sites.usp.br\/uspmunicipios_pirassununga\/?page_id=504"},"modified":"2019-05-30T12:10:22","modified_gmt":"2019-05-30T14:10:22","slug":"workshop-inovacao-em-alimentos","status":"publish","type":"page","link":"https:\/\/sites.usp.br\/uspmunicipios_pirassununga\/workshop-inovacao-em-alimentos\/","title":{"rendered":""},"content":{"rendered":"<div id=\"pl-504\"  class=\"panel-layout\" ><div id=\"pg-504-0\"  class=\"panel-grid panel-no-style\" ><div id=\"pgc-504-0-0\"  class=\"panel-grid-cell\" ><div id=\"panel-504-0-0-0\" class=\"so-panel widget widget_text panel-first-child panel-last-child\" data-index=\"0\" >\t\t\t<div class=\"textwidget\"><header class=\"entry-header\">\n<h1 class=\"entry-title\">Workshop Inova\u00e7\u00e3o em alimentos<\/h1>\n<\/header>\n<div class=\"entry-content\">\n<p>Como primeira atividade do Programa USP Munic\u00edpios: Pirassununga, foi realizado o Workshop Inova\u00e7\u00e3o em alimentos, que contou com a participa\u00e7\u00e3o dos seguintes palestrantes:<\/p>\n<ul>\n<li>Cristina Veiga, gerente de agroneg\u00f3cio da PepsiCo;<\/li>\n<li>Mirela Fernandes, analista de assuntos regulat\u00f3rios da Danone;<\/li>\n<li>Antonio Augusto F. Miranda, gerente da VPJ Alimentos;<\/li>\n<li>Carla Bruzzi, chefe de inova\u00e7\u00e3o da Unilever;<\/li>\n<li>Pedro Ivo de Oliveira Pedrosa, mestre cervejeiro da Cervejaria Colorado;<\/li>\n<\/ul>\n<\/div>\n<\/div>\n\t\t<\/div><\/div><div id=\"pgc-504-0-1\"  class=\"panel-grid-cell\" ><div id=\"panel-504-0-1-0\" class=\"so-panel widget widget_media_image panel-first-child panel-last-child\" data-index=\"1\" ><img loading=\"lazy\" decoding=\"async\" width=\"227\" height=\"300\" src=\"https:\/\/sites.usp.br\/uspmunicipios_pirassununga\/wp-content\/uploads\/sites\/517\/2019\/05\/cartaz_workshop_inovacao_em_alimentos_out_2018-240x300-227x300.png\" class=\"image wp-image-187  attachment-medium size-medium\" alt=\"\" style=\"max-width: 100%; height: auto;\" srcset=\"https:\/\/sites.usp.br\/uspmunicipios_pirassununga\/wp-content\/uploads\/sites\/517\/2019\/05\/cartaz_workshop_inovacao_em_alimentos_out_2018-240x300-227x300.png 227w, https:\/\/sites.usp.br\/uspmunicipios_pirassununga\/wp-content\/uploads\/sites\/517\/2019\/05\/cartaz_workshop_inovacao_em_alimentos_out_2018-240x300-400x529.png 400w, https:\/\/sites.usp.br\/uspmunicipios_pirassununga\/wp-content\/uploads\/sites\/517\/2019\/05\/cartaz_workshop_inovacao_em_alimentos_out_2018-240x300.png 520w\" sizes=\"auto, (max-width: 227px) 100vw, 227px\" \/><\/div><\/div><\/div><div id=\"pg-504-1\"  class=\"panel-grid panel-no-style\" ><div id=\"pgc-504-1-0\"  class=\"panel-grid-cell\" ><div id=\"panel-504-1-0-0\" class=\"so-panel widget widget_slideshowwidget SlideshowWidget panel-first-child panel-last-child\" data-index=\"2\" ><h3 class=\"widget-title\">Fotos do workshop<\/h3>\r\n\t<div class=\"slideshow_container slideshow_container_style-light\" style=\"height: 292px; \" data-slideshow-id=\"316\" data-style-name=\"style-light\" data-style-version=\"2.3.1\" >\r\n\r\n\t\t\t\t\t<div class=\"slideshow_loading_icon\"><\/div>\r\n\t\t\r\n\t\t<div class=\"slideshow_content\" style=\"display: none;\">\r\n\r\n\t\t\t<div class=\"slideshow_view\">\r\n\t\t\t\t<div class=\"slideshow_slide slideshow_slide_image\">\r\n\t\t\t\t\t\t\t\t\t\t\t<img loading=\"lazy\" decoding=\"async\" src=\"https:\/\/sites.usp.br\/uspmunicipios_pirassununga\/wp-content\/uploads\/sites\/517\/2019\/05\/Workshop-Debate-palestrantes-Lan\u00e7amento-Pirassununga-IMG_5536.jpg\" alt=\"Workshop -Debate palestrantes -Lan\u00e7amento Pirassununga IMG_5536\" width=\"3264\" height=\"2448\" \/>\r\n\t\t\t\t\t\t\t\t\t\t<div class=\"slideshow_description_box slideshow_transparent\">\r\n\t\t\t\t\t\t<div class=\"slideshow_title\">Workshop -Debate palestrantes -Lan\u00e7amento Pirassununga IMG_5536<\/div>\t\t\t\t\t\t\t\t\t\t\t<\/div>\r\n\t\t\t\t<\/div>\r\n\r\n\t\t\t\t\t\t\r\n\t\t\t\t<div class=\"slideshow_slide slideshow_slide_image\">\r\n\t\t\t\t\t\t\t\t\t\t\t<img loading=\"lazy\" decoding=\"async\" src=\"https:\/\/sites.usp.br\/uspmunicipios_pirassununga\/wp-content\/uploads\/sites\/517\/2019\/05\/Workshop-Lan\u00e7amento-Pirassununga-IMG_5570.jpg\" alt=\"Workshop Lan\u00e7amento Pirassununga IMG_5570\" width=\"528\" height=\"720\" \/>\r\n\t\t\t\t\t\t\t\t\t\t<div class=\"slideshow_description_box slideshow_transparent\">\r\n\t\t\t\t\t\t<div class=\"slideshow_title\">Workshop Lan\u00e7amento Pirassununga IMG_5570<\/div>\t\t\t\t\t\t\t\t\t\t\t<\/div>\r\n\t\t\t\t<\/div>\r\n\r\n\t\t\t\t\t\t\r\n\t\t\t\t<div class=\"slideshow_slide slideshow_slide_image\">\r\n\t\t\t\t\t\t\t\t\t\t\t<img loading=\"lazy\" decoding=\"async\" src=\"https:\/\/sites.usp.br\/uspmunicipios_pirassununga\/wp-content\/uploads\/sites\/517\/2019\/05\/Workshop-Lan\u00e7amento-Pirassununga-IMG_5572.jpg\" alt=\"Workshop Lan\u00e7amento Pirassununga IMG_5572\" width=\"3024\" height=\"4032\" \/>\r\n\t\t\t\t\t\t\t\t\t\t<div class=\"slideshow_description_box slideshow_transparent\">\r\n\t\t\t\t\t\t<div class=\"slideshow_title\">Workshop Lan\u00e7amento Pirassununga IMG_5572<\/div>\t\t\t\t\t\t\t\t\t\t\t<\/div>\r\n\t\t\t\t<\/div>\r\n\r\n\t\t\t\t\t\t<div style=\"clear: both;\"><\/div><\/div><div class=\"slideshow_view\">\r\n\t\t\t\t<div class=\"slideshow_slide slideshow_slide_image\">\r\n\t\t\t\t\t\t\t\t\t\t\t<img loading=\"lazy\" decoding=\"async\" src=\"https:\/\/sites.usp.br\/uspmunicipios_pirassununga\/wp-content\/uploads\/sites\/517\/2019\/05\/Workshop-Lan\u00e7amento-Pirassununga-IMG_5573.jpg\" alt=\"Workshop Lan\u00e7amento Pirassununga IMG_5573\" width=\"3024\" height=\"4032\" \/>\r\n\t\t\t\t\t\t\t\t\t\t<div class=\"slideshow_description_box slideshow_transparent\">\r\n\t\t\t\t\t\t<div class=\"slideshow_title\">Workshop Lan\u00e7amento Pirassununga IMG_5573<\/div>\t\t\t\t\t\t\t\t\t\t\t<\/div>\r\n\t\t\t\t<\/div>\r\n\r\n\t\t\t\t\t\t\r\n\t\t\t\t<div class=\"slideshow_slide slideshow_slide_image\">\r\n\t\t\t\t\t\t\t\t\t\t\t<img loading=\"lazy\" decoding=\"async\" src=\"https:\/\/sites.usp.br\/uspmunicipios_pirassununga\/wp-content\/uploads\/sites\/517\/2019\/05\/Workshop-Lan\u00e7amento-Pirassununga-IMG_5575.jpg\" alt=\"Workshop Lan\u00e7amento Pirassununga IMG_5575\" width=\"3024\" height=\"4032\" \/>\r\n\t\t\t\t\t\t\t\t\t\t<div class=\"slideshow_description_box slideshow_transparent\">\r\n\t\t\t\t\t\t<div class=\"slideshow_title\">Workshop Lan\u00e7amento Pirassununga IMG_5575<\/div>\t\t\t\t\t\t\t\t\t\t\t<\/div>\r\n\t\t\t\t<\/div>\r\n\r\n\t\t\t\t\t\t\r\n\t\t\t\t<div class=\"slideshow_slide slideshow_slide_image\">\r\n\t\t\t\t\t\t\t\t\t\t\t<img loading=\"lazy\" decoding=\"async\" src=\"https:\/\/sites.usp.br\/uspmunicipios_pirassununga\/wp-content\/uploads\/sites\/517\/2019\/05\/Workshop-Lan\u00e7amento-Pirassununga-IMG_5576.jpg\" alt=\"Workshop Lan\u00e7amento Pirassununga IMG_5576\" width=\"4032\" height=\"3024\" \/>\r\n\t\t\t\t\t\t\t\t\t\t<div class=\"slideshow_description_box slideshow_transparent\">\r\n\t\t\t\t\t\t<div class=\"slideshow_title\">Workshop Lan\u00e7amento Pirassununga IMG_5576<\/div>\t\t\t\t\t\t\t\t\t\t\t<\/div>\r\n\t\t\t\t<\/div>\r\n\r\n\t\t\t\t\t\t<div style=\"clear: both;\"><\/div><\/div><div class=\"slideshow_view\">\r\n\t\t\t\t<div class=\"slideshow_slide slideshow_slide_image\">\r\n\t\t\t\t\t\t\t\t\t\t\t<img loading=\"lazy\" decoding=\"async\" src=\"https:\/\/sites.usp.br\/uspmunicipios_pirassununga\/wp-content\/uploads\/sites\/517\/2019\/05\/Workshop-Lan\u00e7amento-Pirassununga-IMG_5577.jpg\" alt=\"Workshop Lan\u00e7amento Pirassununga IMG_5577\" width=\"3024\" height=\"4032\" \/>\r\n\t\t\t\t\t\t\t\t\t\t<div class=\"slideshow_description_box slideshow_transparent\">\r\n\t\t\t\t\t\t<div class=\"slideshow_title\">Workshop Lan\u00e7amento Pirassununga IMG_5577<\/div>\t\t\t\t\t\t\t\t\t\t\t<\/div>\r\n\t\t\t\t<\/div>\r\n\r\n\t\t\t\t\t\t\r\n\t\t\t\t<div class=\"slideshow_slide slideshow_slide_image\">\r\n\t\t\t\t\t\t\t\t\t\t\t<img loading=\"lazy\" decoding=\"async\" src=\"https:\/\/sites.usp.br\/uspmunicipios_pirassununga\/wp-content\/uploads\/sites\/517\/2019\/05\/Workshop-Lan\u00e7amento-Pirassununga-IMG_5578.jpg\" alt=\"Workshop Lan\u00e7amento Pirassununga IMG_5578\" width=\"4032\" height=\"3024\" \/>\r\n\t\t\t\t\t\t\t\t\t\t<div class=\"slideshow_description_box slideshow_transparent\">\r\n\t\t\t\t\t\t<div class=\"slideshow_title\">Workshop Lan\u00e7amento Pirassununga IMG_5578<\/div>\t\t\t\t\t\t\t\t\t\t\t<\/div>\r\n\t\t\t\t<\/div>\r\n\r\n\t\t\t\t\t\t<div style=\"clear: both;\"><\/div><\/div>\r\n\t\t<\/div>\r\n\r\n\t\t<div class=\"slideshow_controlPanel slideshow_transparent\" style=\"display: none;\"><ul><li class=\"slideshow_togglePlay\" data-play-text=\"Acionar\" data-pause-text=\"Pausar\"><\/li><\/ul><\/div>\r\n\r\n\t\t<div class=\"slideshow_button slideshow_previous slideshow_transparent\" role=\"button\" data-previous-text=\"Anterior\" style=\"display: none;\"><\/div>\r\n\t\t<div class=\"slideshow_button slideshow_next slideshow_transparent\" role=\"button\" data-next-text=\"Pr\u00f3ximo\" style=\"display: none;\"><\/div>\r\n\r\n\t\t<div class=\"slideshow_pagination\" style=\"display: none;\" data-go-to-text=\"Ir para o slide\"><div class=\"slideshow_pagination_center\"><\/div><\/div>\r\n\r\n\t\t<!-- WordPress Slideshow Version 2.3.1 -->\r\n\r\n\t\t\t<\/div>\r\n\r\n<\/div><\/div><\/div><\/div>","protected":false},"excerpt":{"rendered":"<p>Workshop Inova\u00e7\u00e3o em alimentos Como primeira atividade do Programa USP Munic\u00edpios: Pirassununga, foi realizado o Workshop Inova\u00e7\u00e3o em alimentos, que contou com a participa\u00e7\u00e3o dos seguintes palestrantes: Cristina Veiga, gerente de agroneg\u00f3cio da PepsiCo; Mirela Fernandes, analista de assuntos regulat\u00f3rios da Danone; Antonio Augusto F. Miranda, gerente da VPJ Alimentos; Carla Bruzzi, chefe de inova\u00e7\u00e3o&hellip;<\/p>\n","protected":false},"author":967,"featured_media":0,"parent":0,"menu_order":0,"comment_status":"closed","ping_status":"closed","template":"","meta":{"footnotes":"","_links_to":"","_links_to_target":""},"class_list":["post-504","page","type-page","status-publish","hentry","post"],"_links":{"self":[{"href":"https:\/\/sites.usp.br\/uspmunicipios_pirassununga\/wp-json\/wp\/v2\/pages\/504","targetHints":{"allow":["GET"]}}],"collection":[{"href":"https:\/\/sites.usp.br\/uspmunicipios_pirassununga\/wp-json\/wp\/v2\/pages"}],"about":[{"href":"https:\/\/sites.usp.br\/uspmunicipios_pirassununga\/wp-json\/wp\/v2\/types\/page"}],"author":[{"embeddable":true,"href":"https:\/\/sites.usp.br\/uspmunicipios_pirassununga\/wp-json\/wp\/v2\/users\/967"}],"replies":[{"embeddable":true,"href":"https:\/\/sites.usp.br\/uspmunicipios_pirassununga\/wp-json\/wp\/v2\/comments?post=504"}],"version-history":[{"count":4,"href":"https:\/\/sites.usp.br\/uspmunicipios_pirassununga\/wp-json\/wp\/v2\/pages\/504\/revisions"}],"predecessor-version":[{"id":512,"href":"https:\/\/sites.usp.br\/uspmunicipios_pirassununga\/wp-json\/wp\/v2\/pages\/504\/revisions\/512"}],"wp:attachment":[{"href":"https:\/\/sites.usp.br\/uspmunicipios_pirassununga\/wp-json\/wp\/v2\/media?parent=504"}],"curies":[{"name":"wp","href":"https:\/\/api.w.org\/{rel}","templated":true}]}}