{"id":613,"date":"2019-06-24T19:33:33","date_gmt":"2019-06-24T21:33:33","guid":{"rendered":"https:\/\/sites.usp.br\/uspmunicipios_pirassununga\/?page_id=613"},"modified":"2019-06-27T17:32:11","modified_gmt":"2019-06-27T19:32:11","slug":"producao-de-queijos-teoria-e-pratica","status":"publish","type":"page","link":"https:\/\/sites.usp.br\/uspmunicipios_pirassununga\/producao-de-queijos-teoria-e-pratica\/","title":{"rendered":"Produ\u00e7\u00e3o de queijos: teoria e pr\u00e1tica"},"content":{"rendered":"<p><a href=\"https:\/\/sites.usp.br\/uspmunicipios_pirassununga\/wp-content\/uploads\/sites\/517\/2019\/06\/c8_whats.jpg\" target=\"_blank\" rel=\"noopener\">Arte para divulga\u00e7\u00e3o<\/a>\u00a0&#8211; <a href=\"https:\/\/fealq.org.br\/informacoes-do-evento\/?id=864\">Link para inscri\u00e7\u00e3o<\/a><\/p>\n<p><strong>Ministrantes<\/strong>: Professores Ana Maria Centola Vidal e Arlindo Saran Netto e a Mestre queijeira Silvia Elaine Trepador<\/p>\n<p><strong>P\u00fablico alvo<br \/>\n<\/strong>Profissionais da \u00e1rea, comerciantes e pequenos empres\u00e1rios do setor de produ\u00e7\u00e3o de queijos,\u00a0al\u00e9m de estudantes (a partir do ensino m\u00e9dio) e pessoas da comunidade\u00a0interessados\u00a0em conhecer as tecnologias que podem ser aplicadas no processamento de queijos.<\/p>\n<p><strong>Temas que ser\u00e3o abordados\u00a0<\/strong><\/p>\n<p>Tecnologias que podem ser aplicadas para o processamento dos queijos.<br \/>\nPar\u00e2metros de qualidade de queijos.<br \/>\nPr\u00e1ticas: produ\u00e7\u00e3o dos queijos Minas frescal, Minas padr\u00e3o e Mu\u00e7arela<\/p>\n<p><strong>Datas e Hor\u00e1rios <\/strong><\/p>\n<p>26\/8 &#8211; das 8 \u00e0s 12 h<br \/>\n27 e 28\/8 &#8211; das 8 \u00e0s 12 h e das 13 \u00e0s 15 h<\/p>\n<p><a href=\"https:\/\/sites.usp.br\/uspmunicipios_pirassununga\/wp-content\/uploads\/sites\/517\/2019\/06\/queijo1.png\"><img loading=\"lazy\" decoding=\"async\" class=\"alignnone wp-image-617\" src=\"https:\/\/sites.usp.br\/uspmunicipios_pirassununga\/wp-content\/uploads\/sites\/517\/2019\/06\/queijo1-300x205.png\" alt=\"\" width=\"268\" height=\"183\" data-id=\"617\" srcset=\"https:\/\/sites.usp.br\/uspmunicipios_pirassununga\/wp-content\/uploads\/sites\/517\/2019\/06\/queijo1-300x205.png 300w, https:\/\/sites.usp.br\/uspmunicipios_pirassununga\/wp-content\/uploads\/sites\/517\/2019\/06\/queijo1.png 395w\" sizes=\"auto, (max-width: 268px) 100vw, 268px\" \/><\/a> <a href=\"https:\/\/sites.usp.br\/uspmunicipios_pirassununga\/wp-content\/uploads\/sites\/517\/2019\/06\/queijo2.png\"><img loading=\"lazy\" decoding=\"async\" class=\"alignnone size-medium wp-image-618\" src=\"https:\/\/sites.usp.br\/uspmunicipios_pirassununga\/wp-content\/uploads\/sites\/517\/2019\/06\/queijo2.png\" alt=\"\" width=\"275\" height=\"183\" data-id=\"618\" srcset=\"https:\/\/sites.usp.br\/uspmunicipios_pirassununga\/wp-content\/uploads\/sites\/517\/2019\/06\/queijo2.png 275w, https:\/\/sites.usp.br\/uspmunicipios_pirassununga\/wp-content\/uploads\/sites\/517\/2019\/06\/queijo2-247x163.png 247w, https:\/\/sites.usp.br\/uspmunicipios_pirassununga\/wp-content\/uploads\/sites\/517\/2019\/06\/queijo2-272x182.png 272w\" sizes=\"auto, (max-width: 275px) 100vw, 275px\" \/><\/a> <a href=\"https:\/\/sites.usp.br\/uspmunicipios_pirassununga\/wp-content\/uploads\/sites\/517\/2019\/06\/queijo3.png\"><img loading=\"lazy\" decoding=\"async\" class=\"alignnone wp-image-619\" src=\"https:\/\/sites.usp.br\/uspmunicipios_pirassununga\/wp-content\/uploads\/sites\/517\/2019\/06\/queijo3-225x300.png\" alt=\"\" width=\"137\" height=\"183\" data-id=\"619\" srcset=\"https:\/\/sites.usp.br\/uspmunicipios_pirassununga\/wp-content\/uploads\/sites\/517\/2019\/06\/queijo3-225x300.png 225w, https:\/\/sites.usp.br\/uspmunicipios_pirassununga\/wp-content\/uploads\/sites\/517\/2019\/06\/queijo3.png 341w\" sizes=\"auto, (max-width: 137px) 100vw, 137px\" \/><\/a> <a href=\"https:\/\/sites.usp.br\/uspmunicipios_pirassununga\/wp-content\/uploads\/sites\/517\/2019\/06\/queijo4.png\"><img loading=\"lazy\" decoding=\"async\" class=\"alignnone wp-image-620\" src=\"https:\/\/sites.usp.br\/uspmunicipios_pirassununga\/wp-content\/uploads\/sites\/517\/2019\/06\/queijo4-225x300.png\" alt=\"\" width=\"136\" height=\"181\" data-id=\"620\" srcset=\"https:\/\/sites.usp.br\/uspmunicipios_pirassununga\/wp-content\/uploads\/sites\/517\/2019\/06\/queijo4-225x300.png 225w, https:\/\/sites.usp.br\/uspmunicipios_pirassununga\/wp-content\/uploads\/sites\/517\/2019\/06\/queijo4.png 272w\" sizes=\"auto, (max-width: 136px) 100vw, 136px\" \/><\/a><\/p>\n","protected":false},"excerpt":{"rendered":"<p>Arte para divulga\u00e7\u00e3o\u00a0&#8211; Link para inscri\u00e7\u00e3o Ministrantes: Professores Ana Maria Centola Vidal e Arlindo Saran Netto e a Mestre queijeira Silvia Elaine Trepador P\u00fablico alvo Profissionais da \u00e1rea, comerciantes e pequenos empres\u00e1rios do setor de produ\u00e7\u00e3o de queijos,\u00a0al\u00e9m de estudantes (a partir do ensino m\u00e9dio) e pessoas da comunidade\u00a0interessados\u00a0em conhecer as tecnologias que podem ser&hellip;<\/p>\n","protected":false},"author":967,"featured_media":0,"parent":0,"menu_order":0,"comment_status":"closed","ping_status":"closed","template":"","meta":{"footnotes":"","_links_to":"","_links_to_target":""},"class_list":["post-613","page","type-page","status-publish","hentry","post"],"_links":{"self":[{"href":"https:\/\/sites.usp.br\/uspmunicipios_pirassununga\/wp-json\/wp\/v2\/pages\/613","targetHints":{"allow":["GET"]}}],"collection":[{"href":"https:\/\/sites.usp.br\/uspmunicipios_pirassununga\/wp-json\/wp\/v2\/pages"}],"about":[{"href":"https:\/\/sites.usp.br\/uspmunicipios_pirassununga\/wp-json\/wp\/v2\/types\/page"}],"author":[{"embeddable":true,"href":"https:\/\/sites.usp.br\/uspmunicipios_pirassununga\/wp-json\/wp\/v2\/users\/967"}],"replies":[{"embeddable":true,"href":"https:\/\/sites.usp.br\/uspmunicipios_pirassununga\/wp-json\/wp\/v2\/comments?post=613"}],"version-history":[{"count":4,"href":"https:\/\/sites.usp.br\/uspmunicipios_pirassununga\/wp-json\/wp\/v2\/pages\/613\/revisions"}],"predecessor-version":[{"id":655,"href":"https:\/\/sites.usp.br\/uspmunicipios_pirassununga\/wp-json\/wp\/v2\/pages\/613\/revisions\/655"}],"wp:attachment":[{"href":"https:\/\/sites.usp.br\/uspmunicipios_pirassununga\/wp-json\/wp\/v2\/media?parent=613"}],"curies":[{"name":"wp","href":"https:\/\/api.w.org\/{rel}","templated":true}]}}