{"id":765,"date":"2019-09-24T17:17:53","date_gmt":"2019-09-24T19:17:53","guid":{"rendered":"https:\/\/sites.usp.br\/uspmunicipios_pirassununga\/?page_id=765"},"modified":"2020-03-17T13:24:09","modified_gmt":"2020-03-17T15:24:09","slug":"marco-2020","status":"publish","type":"page","link":"https:\/\/sites.usp.br\/uspmunicipios_pirassununga\/marco-2020\/","title":{"rendered":"Mar\u00e7o\/2020"},"content":{"rendered":"<div id=\"pl-765\" class=\"panel-layout\">\n<div id=\"pg-765-0\" class=\"panel-grid panel-no-style\" data-style=\"{&quot;background_image_attachment&quot;:false,&quot;background_display&quot;:&quot;tile&quot;,&quot;cell_alignment&quot;:&quot;flex-start&quot;,&quot;use_background_video&quot;:&quot;&quot;,&quot;video_overlay&quot;:&quot;none&quot;,&quot;overlay_pattern&quot;:&quot;dots&quot;,&quot;fade_in&quot;:true,&quot;pause_after&quot;:&quot;120&quot;,&quot;pause_play_button&quot;:true,&quot;pauseplay_xpos&quot;:&quot;right&quot;,&quot;pauseplay_ypos&quot;:&quot;top&quot;}\" data-ratio=\"1\" data-ratio-direction=\"right\">\n<div id=\"pgc-765-0-0\" class=\"panel-grid-cell\" data-weight=\"1\">\n<div id=\"panel-765-0-0-0\" class=\"so-panel widget widget_sow-editor panel-first-child panel-last-child\" data-index=\"0\" data-style=\"{&quot;background_image_attachment&quot;:false,&quot;background_display&quot;:&quot;tile&quot;}\">\n<div class=\"so-widget-sow-editor so-widget-sow-editor-base\">\n<div class=\"siteorigin-widget-tinymce textwidget\">\n<p><span style=\"color: #ff0000;\"><strong>COMUNICADO<\/strong><\/span><\/p>\n<p><strong>Em conson\u00e2ncia com as medidas preventivas adotadas para minimizar a dissemina\u00e7\u00e3o \u00a0do \u00a0COVID-19, preconizadas inclusive\u00a0 \u00a0pela \u00a0\u00a0reitoria da Universidade de S\u00e3o Paulo, informamos que \u00a0decidimos \u00a0pelo adiamento dos cursos\u00a0 que seriam ministrados\u00a0 na \u00faltima semana de mar\u00e7o.<\/strong><\/p>\n<p><strong>Estamos confiantes que em breve teremos uma nova data.<\/strong><\/p>\n<p>&nbsp;<\/p>\n<p><strong>Para maiores informa\u00e7\u00f5es:<\/strong><\/p>\n<\/div>\n<\/div>\n<\/div>\n<\/div>\n<\/div>\n<\/div>\n<div id=\"pl-765\" class=\"panel-layout\">\n<div id=\"pg-765-0\" class=\"panel-grid panel-no-style\" data-style=\"{&quot;background_image_attachment&quot;:false,&quot;background_display&quot;:&quot;tile&quot;,&quot;cell_alignment&quot;:&quot;flex-start&quot;,&quot;use_background_video&quot;:&quot;&quot;,&quot;video_overlay&quot;:&quot;none&quot;,&quot;overlay_pattern&quot;:&quot;dots&quot;,&quot;fade_in&quot;:true,&quot;pause_after&quot;:&quot;120&quot;,&quot;pause_play_button&quot;:true,&quot;pauseplay_xpos&quot;:&quot;right&quot;,&quot;pauseplay_ypos&quot;:&quot;top&quot;}\" data-ratio=\"1\" data-ratio-direction=\"right\">\n<div id=\"pgc-765-0-0\" class=\"panel-grid-cell\" data-weight=\"1\">\n<div id=\"panel-765-0-0-0\" class=\"so-panel widget widget_sow-editor panel-first-child panel-last-child\" data-index=\"0\" data-style=\"{&quot;background_image_attachment&quot;:false,&quot;background_display&quot;:&quot;tile&quot;}\">\n<div class=\"so-widget-sow-editor so-widget-sow-editor-base\">\n<div class=\"siteorigin-widget-tinymce textwidget\">\n<p><strong>usp.municipios@usp.br<\/strong><b><br \/>\n<strong>(19) 3565.4390<\/strong><br \/>\n<strong>Av. Duque de Caxias Norte, 225 \u2013 Pirassununga\/SP \u2013 CEP:13.635-900<\/strong><\/b><\/p>\n<p>&nbsp;<\/p>\n<\/div>\n<\/div>\n<\/div>\n<\/div>\n<\/div>\n<\/div>\n","protected":false},"excerpt":{"rendered":"<p>COMUNICADO Em conson\u00e2ncia com as medidas preventivas adotadas para minimizar a dissemina\u00e7\u00e3o \u00a0do \u00a0COVID-19, preconizadas inclusive\u00a0 \u00a0pela \u00a0\u00a0reitoria da Universidade de S\u00e3o Paulo, informamos que \u00a0decidimos \u00a0pelo adiamento dos cursos\u00a0 que seriam ministrados\u00a0 na \u00faltima semana de mar\u00e7o. Estamos confiantes que em breve teremos uma nova data. &nbsp; Para maiores informa\u00e7\u00f5es: usp.municipios@usp.br (19) 3565.4390 Av.&hellip;<\/p>\n","protected":false},"author":967,"featured_media":0,"parent":0,"menu_order":0,"comment_status":"closed","ping_status":"closed","template":"","meta":{"footnotes":"","_links_to":"","_links_to_target":""},"class_list":["post-765","page","type-page","status-publish","hentry","post"],"_links":{"self":[{"href":"https:\/\/sites.usp.br\/uspmunicipios_pirassununga\/wp-json\/wp\/v2\/pages\/765","targetHints":{"allow":["GET"]}}],"collection":[{"href":"https:\/\/sites.usp.br\/uspmunicipios_pirassununga\/wp-json\/wp\/v2\/pages"}],"about":[{"href":"https:\/\/sites.usp.br\/uspmunicipios_pirassununga\/wp-json\/wp\/v2\/types\/page"}],"author":[{"embeddable":true,"href":"https:\/\/sites.usp.br\/uspmunicipios_pirassununga\/wp-json\/wp\/v2\/users\/967"}],"replies":[{"embeddable":true,"href":"https:\/\/sites.usp.br\/uspmunicipios_pirassununga\/wp-json\/wp\/v2\/comments?post=765"}],"version-history":[{"count":5,"href":"https:\/\/sites.usp.br\/uspmunicipios_pirassununga\/wp-json\/wp\/v2\/pages\/765\/revisions"}],"predecessor-version":[{"id":1086,"href":"https:\/\/sites.usp.br\/uspmunicipios_pirassununga\/wp-json\/wp\/v2\/pages\/765\/revisions\/1086"}],"wp:attachment":[{"href":"https:\/\/sites.usp.br\/uspmunicipios_pirassununga\/wp-json\/wp\/v2\/media?parent=765"}],"curies":[{"name":"wp","href":"https:\/\/api.w.org\/{rel}","templated":true}]}}