{"id":206,"date":"2020-05-25T22:42:56","date_gmt":"2020-05-26T00:42:56","guid":{"rendered":"https:\/\/sites.usp.br\/uspnaescolinha\/?page_id=206"},"modified":"2026-03-06T19:57:08","modified_gmt":"2026-03-06T21:57:08","slug":"publicacoes","status":"publish","type":"page","link":"https:\/\/sites.usp.br\/uspnaescolinha\/publicacoes\/","title":{"rendered":"PUBLICA\u00c7\u00d5ES"},"content":{"rendered":"<h5 style=\"text-align: center;\"><span style=\"color: #3366ff;\"><em><strong>Na m\u00eddia<\/strong><\/em><\/span><\/h5>\n<p style=\"text-align: center;\"><a href=\"https:\/\/sites.usp.br\/uspnaescolinha\/?p=474&amp;preview=true\">\u00a0Entrevista R\u00e1dio Kerigma FM 87,9 _Pirassununga- SP -2025<\/a><\/p>\n<p style=\"text-align: center;\"><a href=\"https:\/\/sites.usp.br\/uspnaescolinha\/programa-abordagem-especial-trajetorias-que-transformam\/\">\u00a0Entrevista Jornal do Povo TV &#8211; Porto Ferreira-SP 2025<\/a><\/p>\n<h5 style=\"text-align: center;\"><span style=\"color: #3366ff;\"><em><strong>Premia\u00e7\u00e3o<\/strong><\/em><\/span><\/h5>\n<p style=\"text-align: center;\"><a href=\"https:\/\/ccex.fzea.usp.br\/curricularizacao\/projetos\/usp-na-escolinha\/premio-impacto-social-2024\"><strong>\u00a0<\/strong>\u00a0USP de Impacto Social 2024, classifica\u00e7\u00e3o na Categoria Educa\u00e7\u00e3o de Qualidade. Programa USP na Escolinha \u2013 FZEA USP<\/a><\/p>\n<p style=\"text-align: center;\">Pr\u00eamio: Maio 2025<\/p>\n<h5 style=\"text-align: center;\"><span style=\"color: #3366ff;\"><em><strong>Pr\u00eamio\u00a0<\/strong><\/em><\/span><\/h5>\n<p style=\"text-align: center;\"><a href=\"https:\/\/e.usp.br\/rwd\"><strong>\u00a0<\/strong>1\u00ba colocado no Edital 02\/2024 Pr\u00eamio USP de Impacto Social 2024, classifica\u00e7\u00e3o na Categoria Educa\u00e7\u00e3o de Qualidade. Programa USP na Escolinha \u2013 FZEA USP<\/a><\/p>\n<p style=\"text-align: center;\">Pr\u00eamio: Outubro 2024<\/p>\n<h5 style=\"text-align: center;\"><span style=\"color: #3366ff;\"><em><strong>Artigos completos publicados em peri\u00f3dicos<\/strong><\/em><\/span><\/h5>\n<p style=\"text-align: center;\"><a href=\"https:\/\/www.bing.com\/ck\/a?!&amp;&amp;p=20a3e1641fdb5ab641ebfece57ff0add7aa72b074bcfb0f3153c34fdbe35ee98JmltdHM9MTc3Mjc1NTIwMA&amp;ptn=3&amp;ver=2&amp;hsh=4&amp;fclid=11c6d8fd-8698-69e1-0aba-cc69873f681d&amp;psq=pecege+usp+na+escolinh&amp;u=a1aHR0cHM6Ly9yZXZpc3RhLmlwZWNlZ2Uub3JnLmJyL3F1YWVzdHVtL2FydGljbGUvZG93bmxvYWQvNzczLzM2Ni82MDAx\"><strong data-start=\"65\" data-end=\"129\">ROCHA, Delaine Goulart da; CAPUCHO, Pablo Henrique Paschoal.<\/strong> Startup social: o programa USP na Escolinha como caso de empreendedorismo e impacto social. <em data-start=\"222\" data-end=\"316\">Social startup: the USP na Escolinha program as a case of entrepreneurship and social impact<\/em>. <strong data-start=\"318\" data-end=\"330\">Quaestum<\/strong>, 2025, v. 6, e2675773. ISSN: 2675-441X. DOI: https:\/\/doi.org\/10.22167\/2675-441X-2025773, 2025<\/a><\/p>\n<p style=\"text-align: center;\"><a href=\"http:\/\/ojs.fatece.edu.br\/index.php\/gestao-inovacao-empreendedorismo\/article\/view\/161\"><b>Rocha, D <\/b>; SANTOS, E. A. ; PAVAO, C. F. . O EMPREENDEDORISMO SOCIALE O DESENVOLVIMENTO DE SOFT SKILLS:ESTUDO DE CASO DE PROJETO DE EXTENS\u00c3O ?USP NA ESCOLINHA?. Empreendedorismo, Gest\u00e3o e Neg\u00f3cios, v. 12, p. 1-17-17, 2023.<\/a><\/p>\n<p style=\"text-align: center;\"><a href=\"http:\/\/e.usp.br\/gs2\">ROCHA, D. G.; MARTELLO, L. S. ; GAMEIRO, M. B. P. ; ZUIN, L. F. S. . Estudo da rela\u00e7\u00e3o de pais de alunos do ensino fundamental da rede p\u00fablica com a Faculdade de Zootecnia e Engenharia de Alimentos FZEA\/USP. Revista de Cultura e Extens\u00e3o &#8211; USP, v. 18, p. 95-107, 2017.<\/a><\/p>\n<h5 style=\"text-align: center;\"><span style=\"color: #3366ff;\"><em>Livros publicados\/organizados ou edi\u00e7\u00f5es<\/em><\/span><\/h5>\n<p style=\"text-align: center;\"><a href=\"https:\/\/www.livrosabertos.abcd.usp.br\/portaldelivrosUSP\/catalog\/book\/1371\">ROCHA, Delaine Goulart da ; PAV\u00c3O, Carolina Fernanda.\u00a0<b>Comece no zero e termine no dez: Dez instru\u00e7\u00f5es para desenvolvimento de projetos de extens\u00e3o baseado em experi\u00eancia pr\u00e1tica<\/b>. . Universidade de S\u00e3o Paulo. Faculdade de Zootecnia e Engenharia de Alimentos, 2024.<\/a><\/p>\n<p style=\"text-align: center;\"><a href=\"http:\/\/e.usp.br\/grz\">ROCHA,D; MARTELLO, L. S. . USP na escolinha: uma visita \u00e0 universidade. 1. ed. Pirassununga: PRCEU, 2018. v. 1. 30p .<\/a><\/p>\n<p style=\"text-align: center;\"><a href=\"http:\/\/e.usp.br\/gry\">ROCHA,D; . USP na escolinha e a Engenharia de Biossistemas. 1. ed. Pirassununga: PRCEU, 2020. v. 1. 30p\u00a0<\/a><\/p>\n<p style=\"text-align: center;\"><a href=\"http:\/\/e.usp.br\/gry\">ROCHA,D; SEGURA, JULIO . USP en la Escuelita y la Ingenier\u00eda de Biosistemas . 1. ed. Pirassununga: PRCEU, 2021. v. 1. 30p .<\/a><\/p>\n<p style=\"text-align: center;\"><a href=\"http:\/\/e.usp.br\/gry\">ROCHA,D; ALMEIDA, RUBENS . &#8220;USP na escolinha&#8221; AND BIOSYSTEMS ENGINEERING. 1. ed. Pirassununga: PRCEU, 2021. v. 1. 30p .<\/a><\/p>\n<p><a href=\"http:\/\/e.usp.br\/jd4\">ROCHA,D; MACHADO, A.C; ROSSI, F ; BORGES, J.G.; GOMES, T.M;. &#8220;USP na escolinha&#8221; AND BIOSYSTEMS ENGINEERING. 1. ed. Pirassununga: PRCEU, 2021. v. 1. 30p .<\/a><\/p>\n<h5 style=\"text-align: center;\"><span style=\"color: #3366ff;\"><em>Capitulo de livro\/organizados ou edi\u00e7\u00f5es<\/em><\/span><\/h5>\n<p style=\"text-align: center;\"><a href=\"https:\/\/pedroejoaoeditores.com\/2020\/10\/29\/topicos-em-gestao-e-inovacao-no-agronegocio\/\">Rocha, Delaine ;\u00a0 Gameiro, Mariana; Silva, Vivian L . PROJETO USP NA ESCOLINHA: INTEGRANDO A COMUNIDADE EXTRAMURO DA FZEA\/USP E PROMOVENDO O ENSINO DO AGRONEG\u00d3CIO4. p85-99._T\u00f3picos em Gest\u00e3o e Inova\u00e7\u00e3o no Agroneg\u00f3cio _ed Pedro e Jo\u00e3o 2020<\/a><\/p>\n<h5 style=\"text-align: center;\"><span style=\"color: #3366ff;\"><em>Textos em jornais de not\u00edcias\/revistas<\/em><\/span><\/h5>\n<p><b><a class=\"tooltip\" tabindex=\"137\" href=\"http:\/\/lattes.cnpq.br\/7272728521916214\" target=\"_blank\" rel=\"noopener\">ROCHA, D. G.<\/a><\/b>. PARCERIAS ENTRE PROGRAMAS DA USP PROMOVE MOMENTOS DE INTERA\u00c7\u00c3O E APRENDIZADO PARA 30 IDOSOS. JC REGIONAL, PIRASSUNUNGA, p. 7 &#8211; 8, 07 out. 2022.<\/p>\n<p><a href=\"https:\/\/jornal.usp.br\/universidade\/fzea-completa-30-anos-unindo-ciencia-alimentacao-e-meio-ambiente\/\"><b>ROCHA, D. G.<\/b>. Faculdade de Zootecnia e Engenharia de Alimentos completa 30 anos unindo ci\u00eancia, alimenta\u00e7\u00e3o e meio ambiente. JORNAL DA USP, ABA UNIVERSIDADE, 29 set. 2022.<\/a><\/p>\n<p><b>ROCHA, D. G..<\/b>. PROJETO USP NA ESCOLINHA PROMOVE INTERA\u00c7\u00c3O ENTRE UNIVERSIDADE E COMUNIDADE. JC REGIONAL, PIRASSUNUNGA SP, p. 9 &#8211; 9, 10 jun. 2022.<\/p>\n<p><b>ROCHA, D. G.<\/b>. ROTARY CLUBE REALIZA SEMANA DE PALESTRAS PROFISSIONAIS PARA ALUNOS DA REDE PUBLICA. JORNAL PORTO FERREIRA, PORTO FERREIRA SP, p. 3 &#8211; 3, 27 mar. 2022.<\/p>\n<p style=\"text-align: center;\"><a href=\"http:\/\/e.usp.br\/his\">ROCHA, D. G.;\u00a0 . PROJETO LAN\u00c7A E-BOOK PARA EXPLICAR\u00a0 CURSO DA USP PARA CRIAN\u00c7AS, JORNAL DA USP, 17 out. 2020.<\/a><\/p>\n<p style=\"text-align: center;\"><a href=\"http:\/\/e.usp.br\/gs3\">ROCHA, D. G.; MARTELLO, L. S. . Revista em quadrinhos conta como \u00e9 estudar na USP Pirassununga, JORNAL DA USP, 23 jul. 2018.<\/a><\/p>\n<p style=\"text-align: center;\"><a href=\"http:\/\/e.usp.br\/hit\">ROCHA, D. G.; MARTELLO, L. S. . Na USP Pirassununga, animais aproximam crian\u00e7as do mundo universit\u00e1rio. Na USP Pirassununga, animais aproximam crian\u00e7as do mundo universit\u00e1rio, JORNAL DA USP, 31 out. 2017.<\/a><\/p>\n<p style=\"text-align: center;\"><a href=\"http:\/\/e.usp.br\/gs4\">ROCHA,http:\/\/e.usp.br\/gs3 D. G.. USP NA ESCOLINHA. INDICADORES E DESTAQUES DAS ATIVIDADES DE CULTURA E EXTEN\u00c7\u00c3O UNIVERSIT\u00c1RIA, S\u00c3O PAULO, p. 169 &#8211; 169, 05 jan. 2015.<\/a><\/p>\n<p style=\"text-align: center;\"><a href=\"http:\/\/lattes.cnpq.br\/7272728521916214\">ROCHA, D. G.<\/a>. CRIAN\u00c7AS CONHECEM TEORIA E PR\u00c1RICA DOS CURSOS DA FZEA. JORNAL O MOVIMENTO, PIRASSUNUNGA &#8211; SP, p. A11 &#8211; A11, 06 set. 2013.<\/p>\n<h5 style=\"text-align: center;\"><span style=\"color: #3366ff;\"><em>Resumos expandidos publicados em anais de congressos<\/em><\/span><\/h5>\n<p>ROCHA, D. G; MACHADO, ANA CRISTINA ; BORGES, JOSIANE GON\u00c7ALVES . DIAGNOSTICO DA IMPORTANTE DE MATERIAL DE DIVULGA\u00c7\u00c3O SOBRE PLANTAS ALIMENTICIAS N\u00c3O CONVENCIONAIS (PANC). In: III Congresso Online Internacional de Sustentabilidade, 2023, sao paulo. Anais do III Congresso On-line Internacional de Sustentabilidade, 2023.<\/p>\n<p style=\"text-align: center;\"><a href=\"https:\/\/repositorio.usp.br\/item\/002879786\">ROCHA, D. G.\u00a0; GAMEIRO, M. B. P. ; GAMEIRO, A. H. ; MARTELLO, L. S. ; ZUIN, L. F. S. ;\u00a0ROCHA, D. G.\u00a0. Estudo preliminar da universidade como promotora do agroneg\u00f3cio: o &#8216;USP na Escolinha&#8217; como proposta de inova\u00e7\u00e3o social na FZEA\/USP. In: II Simp\u00f3sio do Mestrado em Gest\u00e3o e Inova\u00e7\u00e3o na Ind\u00fastria Animal FZEA\/USP, 2017, Pirassununga. Simp\u00f3sio do Mestrado em Gest\u00e3o e Inova\u00e7\u00e3o na Ind\u00fastria Animal FZEA\/USP. Pirassununga, 2017. v. 3. p. 42-45.<\/a><\/p>\n<h5 style=\"text-align: center;\"><em><span style=\"color: #3366ff;\">Resumos publicados em anais de congressos<\/span><\/em><\/h5>\n<p style=\"text-align: center;\">Delaine Goulart da Rocha,Rafael Vieira Sousa,Luciane silva Martello,Maria Ang\u00e9lica dos Santos,Yasmim de Carvalho Negrini,Mariane Silva Cometti,Vivian Lara dos Santos Silva.AS PERCEP\u00c7\u00d5ES DAS VULNERABILIDADES DE ACESSIBILIDADE, SUBJETIVIDADES E RESIST\u00caNCIA DE PESSOAS CONTEXTOS PUBLICOS ATRAV\u00c9S DE PROPOSTA USP NA ESCOLINHA, I <span class=\"il\">Congresso<\/span>\u00a0Internacional sobre Defici\u00eancia da USP Diversidade, Direitos e Corpos: Participa\u00e7\u00e3o Social e Barreiras no Mundo Contempor\u00e2neo S\u00e3o Paulo, 2025<\/p>\n<p style=\"text-align: center;\">Delaine Goulart da Rocha, Maria Ang\u00e9lica dos Santos, Yasmim de<br \/>\nCarvalho Negrini, Mariane Silva Cometti, Luciane Silva Martello, Rafael Vieira<br \/>\nde Sousa. Constru\u00e7\u00e3o de uma Educa\u00e7\u00e3o 6.0 Inclusiva: Estudo de Caso \u201cUSP na<br \/>\nEscolinha\u201d 10\u00ba congresso de gradua\u00e7\u00e3o da Universidade de S\u00e3o Paulo, 2025, Pirassununga.<\/p>\n<p style=\"text-align: center;\"><a href=\"http:\/\/e.usp.br\/gs5\">ROCHA, D. G.; CANCIAN, H. ; FERREIRA, L. B. ; GONCALVES, M. N. ; MARTELLO, L. S. . Experi\u00eancia de Ensino Aprendizagem Atrav\u00e9s de Projeto de extens\u00e3o no Campus da USP &#8216;Fernando Costa&#8217;. In: 3\u00ba congresso de gradua\u00e7\u00e3o da Universidade de S\u00e3o Paulo, 2017, S\u00e3o Paulo. 3\u00ba Congresso de Gradua\u00e7\u00e3o da Universidade de S\u00e3o Paulo, 2017. v. 3&#8242;. p. 284-285.<\/a><\/p>\n<p><a href=\"https:\/\/prceu.usp.br\/congresso\/2021\/11\/24\/material-de-divulgacao-sobre-o-campus-fernando-costa-e-fzea-para-escolas-de-ensino-fundamental-de-pirassununga-e-regiao-visando-inclusao-social-cultural-e-educacional\/\">ROCHA, D. G.; ; MARTELLO, L. S. GERRA,J; COSTA, T.D; MACEDO, S.N.; GAMEIRO A.H; GAMEIRO; M.B.P; DISSELLI, T; PEREIRA R. .<\/a>Material de divulga\u00e7\u00e3o sobre o Campus Fernando Costa e FZEA para escolas de Ensino Fundamental de Pirassununga e Regi\u00e3o, visando inclus\u00e3o social, cultural e educacional<a href=\"https:\/\/prceu.usp.br\/congresso\/2021\/11\/24\/material-de-divulgacao-sobre-o-campus-fernando-costa-e-fzea-para-escolas-de-ensino-fundamental-de-pirassununga-e-regiao-visando-inclusao-social-cultural-e-educacional\/\">. In: 1\u00ba Congresso de Cultura e Extens\u00e3o\u00a0 da Universidade de S\u00e3o Paulo, 2021, S\u00e3o Paulo.\u00a0<\/a><\/p>\n<h5 style=\"text-align: center;\"><em><span style=\"color: #3366ff;\">Apresenta\u00e7\u00f5es de Trabalho<\/span><\/em><\/h5>\n<p style=\"text-align: center;\"><a href=\"http:\/\/lattes.cnpq.br\/7272728521916214\">ROCHA, D. G.<\/a>. Sustentabilidade e Reciclagem ? USP na Escolinha. 2017. (Apresenta\u00e7\u00e3o de Trabalho\/Outra).<\/p>\n<p style=\"text-align: center;\"><a href=\"http:\/\/lattes.cnpq.br\/7272728521916214\">ROCHA, D. G.<\/a>. Sustentabilidade e Reciclagem ? USP na Escolinha. 2017. (Apresenta\u00e7\u00e3o de Trabalho\/Outra).<\/p>\n<h5 style=\"text-align: center;\"><em><span style=\"color: #3366ff;\">Outras produ\u00e7\u00f5es bibliogr\u00e1ficas<\/span><\/em><\/h5>\n<p style=\"text-align: center;\"><a href=\"http:\/\/e.usp.br\/gs6\">ROCHA, D. G.\u00a0; MARTELLO, L. S. ; GAMEIRO, M. B. P. ; SILVA, V. L. S. ;\u00a0ROCHA, D. G.\u00a0. A Universidade como promotora do agroneg\u00f3cio desde os primeiros anos escolares:&#8217;USP na Escolinha&#8217; como proposta de inova\u00e7\u00e3o social na FZEA\/USP. PIRASSUNUNGA: fzea\/usp, 2018 (ANAIS &#8211; IV SIMP\u00d3SIO DO MESTRADO EM GEST\u00c3O E IND\u00daSTRIA ANINAL).<\/a><\/p>\n<h5 style=\"text-align: center;\"><span style=\"color: #3366ff;\">Entrevistas, mesas redondas, programas e coment\u00e1rios na m\u00eddia<\/span><\/h5>\n<p style=\"text-align: center;\"><a href=\"http:\/\/lattes.cnpq.br\/7272728521916214\">ROCHA, D. G.<\/a>; NARESSI, A. N. . A VOS DO POVO &#8211; PIRACEMA FM 97,4. 2017. (Programa de r\u00e1dio ou TV\/Entrevista).<\/p>\n<p style=\"text-align: center;\"><a href=\"http:\/\/lattes.cnpq.br\/7272728521916214\">ROCHA, D. G.<\/a>; NARESSI, A. N. . A VOZ DO POV &#8211; PIRACEMA 97,4. 2016. (Programa de r\u00e1dio ou TV\/Entrevista).<\/p>\n<p style=\"text-align: center;\"><a href=\"http:\/\/lattes.cnpq.br\/7272728521916214\">ROCHA, D. G.<\/a>. A VOZ DO POVO &#8211; USP NA ESCOLINHA. 2014. (Programa de r\u00e1dio ou TV\/Entrevista).<\/p>\n<p style=\"text-align: center;\"><a href=\"http:\/\/lattes.cnpq.br\/7272728521916214\">ROCHA, D. G.<\/a>; ROSSINI, J. . A VOZ DO POVO. 2013.<\/p>\n<p style=\"text-align: center;\"><a href=\"http:\/\/lattes.cnpq.br\/7272728521916214\">ROCHA, D. G.<\/a>. Crian\u00e7as conhecem teoria e pr\u00e1tica de cursos da FZEA. 2013. (Programa de r\u00e1dio ou TV\/Entrevista).<\/p>\n<h5 style=\"text-align: center;\"><em><span style=\"color: #3366ff;\">Redes sociais, websites e blogs<\/span><\/em><\/h5>\n<p style=\"text-align: center;\"><a href=\"http:\/\/e.usp.br\/gs1\">ROCHA, D. G.; . USP NA ESCOLINHA. 2013; Tema: PROJETO PARA CRIAN\u00c7AS &#8211; EDUCACIONAL. (Blog).<\/a><\/p>\n","protected":false},"excerpt":{"rendered":"<p>Na m\u00eddia \u00a0Entrevista R\u00e1dio Kerigma FM 87,9 _Pirassununga- SP -2025 \u00a0Entrevista Jornal do Povo TV &#8211; Porto Ferreira-SP 2025 Premia\u00e7\u00e3o \u00a0\u00a0USP de Impacto Social 2024, classifica\u00e7\u00e3o na Categoria Educa\u00e7\u00e3o de Qualidade. Programa USP na Escolinha \u2013 FZEA USP Pr\u00eamio: Maio 2025 Pr\u00eamio\u00a0 \u00a01\u00ba colocado no Edital 02\/2024 Pr\u00eamio USP de Impacto Social 2024, classifica\u00e7\u00e3o na [&hellip;]<\/p>\n","protected":false},"author":21819,"featured_media":0,"parent":0,"menu_order":0,"comment_status":"closed","ping_status":"closed","template":"","meta":{"footnotes":"","_links_to":"","_links_to_target":""},"class_list":["post-206","page","type-page","status-publish","hentry"],"_links":{"self":[{"href":"https:\/\/sites.usp.br\/uspnaescolinha\/wp-json\/wp\/v2\/pages\/206","targetHints":{"allow":["GET"]}}],"collection":[{"href":"https:\/\/sites.usp.br\/uspnaescolinha\/wp-json\/wp\/v2\/pages"}],"about":[{"href":"https:\/\/sites.usp.br\/uspnaescolinha\/wp-json\/wp\/v2\/types\/page"}],"author":[{"embeddable":true,"href":"https:\/\/sites.usp.br\/uspnaescolinha\/wp-json\/wp\/v2\/users\/21819"}],"replies":[{"embeddable":true,"href":"https:\/\/sites.usp.br\/uspnaescolinha\/wp-json\/wp\/v2\/comments?post=206"}],"version-history":[{"count":5,"href":"https:\/\/sites.usp.br\/uspnaescolinha\/wp-json\/wp\/v2\/pages\/206\/revisions"}],"predecessor-version":[{"id":652,"href":"https:\/\/sites.usp.br\/uspnaescolinha\/wp-json\/wp\/v2\/pages\/206\/revisions\/652"}],"wp:attachment":[{"href":"https:\/\/sites.usp.br\/uspnaescolinha\/wp-json\/wp\/v2\/media?parent=206"}],"curies":[{"name":"wp","href":"https:\/\/api.w.org\/{rel}","templated":true}]}}