{"id":230,"date":"2020-05-26T21:06:45","date_gmt":"2020-05-26T23:06:45","guid":{"rendered":"https:\/\/sites.usp.br\/uspnaescolinha\/?page_id=230"},"modified":"2026-03-06T19:14:05","modified_gmt":"2026-03-06T21:14:05","slug":"blog","status":"publish","type":"page","link":"https:\/\/sites.usp.br\/uspnaescolinha\/blog\/","title":{"rendered":"HIST\u00d3RIA"},"content":{"rendered":"<p><a href=\"http:\/\/uspnaescolinha.blogspot.com\/\">\u00a0 \u00a0 <\/a><a href=\"http:\/\/uspnaescolinha.blogspot.com\/\">A nossa\u00a0 hist\u00f3ria foi registrada no\u00a0 blog\u00a0 criado em 2013, por\u00e9m o blog em seu formato tem as suas limita\u00e7\u00f5es de registro <\/a><\/p>\n<p><a href=\"http:\/\/uspnaescolinha.blogspot.com\/\" rel=\"http:\/\/uspnaescolinha.blogspot.com\/\"><img loading=\"lazy\" decoding=\"async\" class=\"wp-image-147 alignleft\" src=\"https:\/\/sites.usp.br\/uspnaescolinha\/wp-content\/uploads\/sites\/717\/2020\/04\/BLOG-300x248.jpg\" alt=\"\" width=\"179\" height=\"148\" srcset=\"https:\/\/sites.usp.br\/uspnaescolinha\/wp-content\/uploads\/sites\/717\/2020\/04\/BLOG-300x248.jpg 300w, https:\/\/sites.usp.br\/uspnaescolinha\/wp-content\/uploads\/sites\/717\/2020\/04\/BLOG-768x636.jpg 768w, https:\/\/sites.usp.br\/uspnaescolinha\/wp-content\/uploads\/sites\/717\/2020\/04\/BLOG-400x331.jpg 400w, https:\/\/sites.usp.br\/uspnaescolinha\/wp-content\/uploads\/sites\/717\/2020\/04\/BLOG.jpg 997w\" sizes=\"auto, (max-width: 179px) 100vw, 179px\" \/><\/a><\/p>\n<h1><a href=\"http:\/\/uspnaescolinha.blogspot.com\/\" target=\"_blank\" rel=\"noopener\">Acesse aqui ao longo dos anos<\/a><\/h1>\n<p><span style=\"font-size: 24pt;\"><a href=\"https:\/\/sites.usp.br\/uspnaescolinha\/1-edicao\/\"><strong>2013<\/strong><\/a> &#8211; <strong><a href=\"https:\/\/sites.usp.br\/uspnaescolinha\/2-edicao\/\">2014<\/a> <\/strong>&#8211;<strong> <a href=\"https:\/\/sites.usp.br\/uspnaescolinha\/3-edicao\/\">2015<\/a><\/strong> &#8211;<strong> <a href=\"https:\/\/sites.usp.br\/uspnaescolinha\/4-edicao\/\">2016<\/a> <\/strong>&#8211;<strong> <a href=\"https:\/\/sites.usp.br\/uspnaescolinha\/5-edicao\/\">2017<\/a> <\/strong>&#8211; <strong><a href=\"https:\/\/sites.usp.br\/uspnaescolinha\/6-edicao\/\">2018<\/a> <\/strong>&#8211; <strong><a href=\"https:\/\/sites.usp.br\/uspnaescolinha\/7-edicao\/\">2019<\/a><\/strong> &#8211; <strong><a href=\"https:\/\/sites.usp.br\/uspnaescolinha\/8-edicao\/\">2020<\/a> &#8211; <a href=\"https:\/\/sites.usp.br\/uspnaescolinha\/9-edicao\/\">2021<\/a> &#8211; <a href=\"https:\/\/sites.usp.br\/uspnaescolinha\/10-edicao\/\">2022<\/a> <\/strong>&#8211; <strong><a href=\"https:\/\/sites.usp.br\/uspnaescolinha\/11-edicao\/\">2023<\/a><\/strong> &#8211; <a href=\"https:\/\/sites.usp.br\/uspnaescolinha\/12-edicao\/\">2024<\/a> &#8211; <a href=\"https:\/\/sites.usp.br\/uspnaescolinha\/13-edicao\/\">2025<\/a> &#8211; <a href=\"https:\/\/sites.usp.br\/uspnaescolinha\/14-edicao\/\">2026 &#8211; <\/a><a href=\"https:\/\/sites.usp.br\/uspnaescolinha\/15-edicao\/\">2027\u00a0<\/a><\/span><\/p>\n<p>&nbsp;<\/p>\n","protected":false},"excerpt":{"rendered":"<p>\u00a0 \u00a0 A nossa\u00a0 hist\u00f3ria foi registrada no\u00a0 blog\u00a0 criado em 2013, por\u00e9m o blog em seu formato tem as suas limita\u00e7\u00f5es de registro Acesse aqui ao longo dos anos 2013 &#8211; 2014 &#8211; 2015 &#8211; 2016 &#8211; 2017 &#8211; 2018 &#8211; 2019 &#8211; 2020 &#8211; 2021 &#8211; 2022 &#8211; 2023 &#8211; 2024 &#8211; 2025 [&hellip;]<\/p>\n","protected":false},"author":21819,"featured_media":0,"parent":0,"menu_order":0,"comment_status":"closed","ping_status":"closed","template":"","meta":{"footnotes":"","_links_to":"","_links_to_target":""},"class_list":["post-230","page","type-page","status-publish","hentry"],"_links":{"self":[{"href":"https:\/\/sites.usp.br\/uspnaescolinha\/wp-json\/wp\/v2\/pages\/230","targetHints":{"allow":["GET"]}}],"collection":[{"href":"https:\/\/sites.usp.br\/uspnaescolinha\/wp-json\/wp\/v2\/pages"}],"about":[{"href":"https:\/\/sites.usp.br\/uspnaescolinha\/wp-json\/wp\/v2\/types\/page"}],"author":[{"embeddable":true,"href":"https:\/\/sites.usp.br\/uspnaescolinha\/wp-json\/wp\/v2\/users\/21819"}],"replies":[{"embeddable":true,"href":"https:\/\/sites.usp.br\/uspnaescolinha\/wp-json\/wp\/v2\/comments?post=230"}],"version-history":[{"count":4,"href":"https:\/\/sites.usp.br\/uspnaescolinha\/wp-json\/wp\/v2\/pages\/230\/revisions"}],"predecessor-version":[{"id":648,"href":"https:\/\/sites.usp.br\/uspnaescolinha\/wp-json\/wp\/v2\/pages\/230\/revisions\/648"}],"wp:attachment":[{"href":"https:\/\/sites.usp.br\/uspnaescolinha\/wp-json\/wp\/v2\/media?parent=230"}],"curies":[{"name":"wp","href":"https:\/\/api.w.org\/{rel}","templated":true}]}}