{"id":302,"date":"2021-12-01T16:05:05","date_gmt":"2021-12-01T18:05:05","guid":{"rendered":"https:\/\/sites.usp.br\/uspnaescolinha\/?page_id=302"},"modified":"2025-08-21T15:25:02","modified_gmt":"2025-08-21T17:25:02","slug":"material-complementar","status":"publish","type":"page","link":"https:\/\/sites.usp.br\/uspnaescolinha\/material\/material-complementar\/","title":{"rendered":"PANC"},"content":{"rendered":"<h1 class=\"entry-title\" style=\"text-align: center;\">Plantas Aliment\u00edcias n\u00e3o Convencionais &#8211; PANC<\/h1>\n<p><a href=\"http:\/\/e.usp.br\/jd4\"><img loading=\"lazy\" decoding=\"async\" class=\"size-medium wp-image-303 aligncenter\" src=\"https:\/\/sites.usp.br\/uspnaescolinha\/wp-content\/uploads\/sites\/717\/2021\/12\/capa-panc-226x300.jpg\" alt=\"\" width=\"226\" height=\"300\" srcset=\"https:\/\/sites.usp.br\/uspnaescolinha\/wp-content\/uploads\/sites\/717\/2021\/12\/capa-panc-226x300.jpg 226w, https:\/\/sites.usp.br\/uspnaescolinha\/wp-content\/uploads\/sites\/717\/2021\/12\/capa-panc-400x531.jpg 400w, https:\/\/sites.usp.br\/uspnaescolinha\/wp-content\/uploads\/sites\/717\/2021\/12\/capa-panc.jpg 556w\" sizes=\"auto, (max-width: 226px) 100vw, 226px\" \/><\/a><a href=\"https:\/\/sites.usp.br\/uspnaescolinha\/wp-content\/uploads\/sites\/717\/2021\/12\/PANC.jpg\"><img loading=\"lazy\" decoding=\"async\" class=\"size-full wp-image-374 aligncenter\" src=\"https:\/\/sites.usp.br\/uspnaescolinha\/wp-content\/uploads\/sites\/717\/2021\/12\/PANC.jpg\" alt=\"PANC\" width=\"144\" height=\"127\" \/><\/a><\/p>\n<h2 style=\"text-align: center;\">O material pode ser baixado<a href=\"http:\/\/e.usp.br\/jd4\" target=\"_blank\" rel=\"noopener\"> aqui\u00a0<\/a><\/h2>\n<pre style=\"text-align: center;\">As PANC s\u00e3o plantas pouco conhecidas e, portanto, pouco consumidas na alimenta\u00e7\u00e3o, por\u00e9m \u00a0ao seu valor nutricional e alimentar \u00e9 rico.\r\nEssas plantas podem ser produzidas em casa e servem como complemento nutricional promovendo a alimenta\u00e7\u00e3o saud\u00e1vel e saborosa.\r\n\r\nO USP na Escolinha incentiva o consumo de uma alimenta\u00e7\u00e3o saud\u00e1vel<\/pre>\n<h2 style=\"text-align: center;\"><\/h2>\n<p style=\"text-align: center;\">\n","protected":false},"excerpt":{"rendered":"<p>Plantas Aliment\u00edcias n\u00e3o Convencionais &#8211; PANC O material pode ser baixado aqui\u00a0 As PANC s\u00e3o plantas pouco conhecidas e, portanto, pouco consumidas na alimenta\u00e7\u00e3o, por\u00e9m \u00a0ao seu valor nutricional e alimentar \u00e9 rico. Essas plantas podem ser produzidas em casa e servem como complemento nutricional promovendo a alimenta\u00e7\u00e3o saud\u00e1vel e saborosa. O USP na Escolinha [&hellip;]<\/p>\n","protected":false},"author":21819,"featured_media":0,"parent":64,"menu_order":1,"comment_status":"closed","ping_status":"closed","template":"","meta":{"footnotes":"","_links_to":"","_links_to_target":""},"class_list":["post-302","page","type-page","status-publish","hentry"],"_links":{"self":[{"href":"https:\/\/sites.usp.br\/uspnaescolinha\/wp-json\/wp\/v2\/pages\/302","targetHints":{"allow":["GET"]}}],"collection":[{"href":"https:\/\/sites.usp.br\/uspnaescolinha\/wp-json\/wp\/v2\/pages"}],"about":[{"href":"https:\/\/sites.usp.br\/uspnaescolinha\/wp-json\/wp\/v2\/types\/page"}],"author":[{"embeddable":true,"href":"https:\/\/sites.usp.br\/uspnaescolinha\/wp-json\/wp\/v2\/users\/21819"}],"replies":[{"embeddable":true,"href":"https:\/\/sites.usp.br\/uspnaescolinha\/wp-json\/wp\/v2\/comments?post=302"}],"version-history":[{"count":4,"href":"https:\/\/sites.usp.br\/uspnaescolinha\/wp-json\/wp\/v2\/pages\/302\/revisions"}],"predecessor-version":[{"id":471,"href":"https:\/\/sites.usp.br\/uspnaescolinha\/wp-json\/wp\/v2\/pages\/302\/revisions\/471"}],"up":[{"embeddable":true,"href":"https:\/\/sites.usp.br\/uspnaescolinha\/wp-json\/wp\/v2\/pages\/64"}],"wp:attachment":[{"href":"https:\/\/sites.usp.br\/uspnaescolinha\/wp-json\/wp\/v2\/media?parent=302"}],"curies":[{"name":"wp","href":"https:\/\/api.w.org\/{rel}","templated":true}]}}