{"id":308,"date":"2021-12-30T09:58:26","date_gmt":"2021-12-30T11:58:26","guid":{"rendered":"https:\/\/sites.usp.br\/uspnaescolinha\/?page_id=308"},"modified":"2026-01-28T20:02:48","modified_gmt":"2026-01-28T22:02:48","slug":"portifolio","status":"publish","type":"page","link":"https:\/\/sites.usp.br\/uspnaescolinha\/material\/portifolio\/","title":{"rendered":"PARCERIAS"},"content":{"rendered":"<h3><strong><em>Dentro do nosso programa temos diversos parceiros no Campus que levam conhecimento a Comunidade<\/em><\/strong><\/h3>\n<p>&nbsp;<\/p>\n<p><a href=\"https:\/\/sites.usp.br\/uspnaescolinha\/wp-content\/uploads\/sites\/717\/2020\/04\/logo-2.jpg\"><img loading=\"lazy\" decoding=\"async\" class=\"wp-image-196 aligncenter\" src=\"https:\/\/sites.usp.br\/uspnaescolinha\/wp-content\/uploads\/sites\/717\/2020\/04\/logo-2-300x191.jpg\" alt=\"\" width=\"129\" height=\"82\" srcset=\"https:\/\/sites.usp.br\/uspnaescolinha\/wp-content\/uploads\/sites\/717\/2020\/04\/logo-2-300x191.jpg 300w, https:\/\/sites.usp.br\/uspnaescolinha\/wp-content\/uploads\/sites\/717\/2020\/04\/logo-2-768x488.jpg 768w, https:\/\/sites.usp.br\/uspnaescolinha\/wp-content\/uploads\/sites\/717\/2020\/04\/logo-2-400x254.jpg 400w, https:\/\/sites.usp.br\/uspnaescolinha\/wp-content\/uploads\/sites\/717\/2020\/04\/logo-2.jpg 796w\" sizes=\"auto, (max-width: 129px) 100vw, 129px\" \/><\/a><\/p>\n<p>&nbsp;<\/p>\n<h4>S\u00e3o temos variados que comp\u00f5em basicamente em:<\/h4>\n<ol>\n<li>\n<h5><span style=\"color: #ff0000;\">\u00a0USP na Escolinha &#8211; padr\u00e3o:\u00a0 Apresenta a Universidade e os cursos ;<\/span><\/h5>\n<\/li>\n<li>\n<h5>\u00a0<a href=\"https:\/\/repositorio.usp.br\/item\/003052143\"><span style=\"color: #0000ff;\">USP na Escolinha e uma alimenta\u00e7\u00e3o mais saud\u00e1vel :\u00a0 Incentiva o consumo de hortali\u00e7as e inclui Panc na alimenta\u00e7\u00e3o;<\/span><\/a><\/h5>\n<\/li>\n<li>\n<h5><span style=\"color: #339966;\">\u00a0<a href=\"https:\/\/sites.google.com\/usp.br\/recicle-e-receba\/home\">USP na Escolinha e a reciclagem: Ajuda voc\u00ea a reciclar na sua escola com recolhimentos de itens espec\u00edficos e apresenta a compostagem como forma de manter um ambiente mais sustent\u00e1vel;<\/a><\/span><\/h5>\n<\/li>\n<li>\n<h5><span style=\"color: #ff00ff;\">\u00a0USP na Escolinha e as energias:\u00a0 Oferece um conhecimento acess\u00edvel sobre a energia e estimula na redu\u00e7\u00e3o do desperd\u00edcio;<\/span><\/h5>\n<\/li>\n<li>\n<h5><span style=\"color: #ff6600;\">\u00a0USP na Escolinha e os animais : apresenta diversos conceitos sobre a posse de animais; e<\/span><\/h5>\n<\/li>\n<li>\n<h5><span style=\"color: #008080;\">USP na Escolinha e o Pet Poliniza: Apresenta conceitos sobre as abelhas e sua import\u00e2ncia.<\/span><\/h5>\n<\/li>\n<\/ol>\n<h5><\/h5>\n<p style=\"text-align: center;\"><strong>\u00a0<\/strong><\/p>\n<p style=\"text-align: center;\"><strong>\u00a0<\/strong><\/p>\n<p>&nbsp;<\/p>\n<p>&nbsp;<\/p>\n<p>&nbsp;<\/p>\n<p>&nbsp;<\/p>\n<p>&nbsp;<\/p>\n<p>&nbsp;<\/p>\n<p>&nbsp;<\/p>\n<p>&nbsp;<\/p>\n<p>&nbsp;<\/p>\n<p>&nbsp;<\/p>\n<p>&nbsp;<\/p>\n<p>&nbsp;<\/p>\n<p>&nbsp;<\/p>\n<p><strong>\u00a0<\/strong><\/p>\n<p>&nbsp;<\/p>\n<p>&nbsp;<\/p>\n<p>&nbsp;<\/p>\n<p>&nbsp;<\/p>\n<p>&nbsp;<\/p>\n<p>&nbsp;<\/p>\n<p>&nbsp;<\/p>\n<p>&nbsp;<\/p>\n<p>&nbsp;<\/p>\n<p>&nbsp;<\/p>\n<p>&nbsp;<\/p>\n<p>&nbsp;<\/p>\n<p>&nbsp;<\/p>\n<p>&nbsp;<\/p>\n<p>&nbsp;<\/p>\n<p>&nbsp;<\/p>\n<p>&nbsp;<\/p>\n<p>&nbsp;<\/p>\n<p>&nbsp;<\/p>\n<p>&nbsp;<\/p>\n<p>&nbsp;<\/p>\n<p>&nbsp;<\/p>\n<p>&nbsp;<\/p>\n<p>&nbsp;<\/p>\n<p>&nbsp;<\/p>\n<p>&nbsp;<\/p>\n<p>&nbsp;<\/p>\n<p>&nbsp;<\/p>\n","protected":false},"excerpt":{"rendered":"<p>Dentro do nosso programa temos diversos parceiros no Campus que levam conhecimento a Comunidade &nbsp; &nbsp; S\u00e3o temos variados que comp\u00f5em basicamente em: \u00a0USP na Escolinha &#8211; padr\u00e3o:\u00a0 Apresenta a Universidade e os cursos ; \u00a0USP na Escolinha e uma alimenta\u00e7\u00e3o mais saud\u00e1vel :\u00a0 Incentiva o consumo de hortali\u00e7as e inclui Panc na alimenta\u00e7\u00e3o; \u00a0USP [&hellip;]<\/p>\n","protected":false},"author":21819,"featured_media":0,"parent":64,"menu_order":0,"comment_status":"closed","ping_status":"closed","template":"","meta":{"footnotes":"","_links_to":"","_links_to_target":""},"class_list":["post-308","page","type-page","status-publish","hentry"],"_links":{"self":[{"href":"https:\/\/sites.usp.br\/uspnaescolinha\/wp-json\/wp\/v2\/pages\/308","targetHints":{"allow":["GET"]}}],"collection":[{"href":"https:\/\/sites.usp.br\/uspnaescolinha\/wp-json\/wp\/v2\/pages"}],"about":[{"href":"https:\/\/sites.usp.br\/uspnaescolinha\/wp-json\/wp\/v2\/types\/page"}],"author":[{"embeddable":true,"href":"https:\/\/sites.usp.br\/uspnaescolinha\/wp-json\/wp\/v2\/users\/21819"}],"replies":[{"embeddable":true,"href":"https:\/\/sites.usp.br\/uspnaescolinha\/wp-json\/wp\/v2\/comments?post=308"}],"version-history":[{"count":4,"href":"https:\/\/sites.usp.br\/uspnaescolinha\/wp-json\/wp\/v2\/pages\/308\/revisions"}],"predecessor-version":[{"id":574,"href":"https:\/\/sites.usp.br\/uspnaescolinha\/wp-json\/wp\/v2\/pages\/308\/revisions\/574"}],"up":[{"embeddable":true,"href":"https:\/\/sites.usp.br\/uspnaescolinha\/wp-json\/wp\/v2\/pages\/64"}],"wp:attachment":[{"href":"https:\/\/sites.usp.br\/uspnaescolinha\/wp-json\/wp\/v2\/media?parent=308"}],"curies":[{"name":"wp","href":"https:\/\/api.w.org\/{rel}","templated":true}]}}