{"id":349,"date":"2021-12-30T11:59:44","date_gmt":"2021-12-30T13:59:44","guid":{"rendered":"https:\/\/sites.usp.br\/uspnaescolinha\/?page_id=349"},"modified":"2021-12-30T12:54:22","modified_gmt":"2021-12-30T14:54:22","slug":"material-2","status":"publish","type":"page","link":"https:\/\/sites.usp.br\/uspnaescolinha\/material-2\/","title":{"rendered":"CURSOS"},"content":{"rendered":"<pre>Nesta se\u00e7\u00e3o apresentamos os cursos de gradua\u00e7\u00e3o\u00a0 da Faculdade de Zootecnia e Engenharia de Alimentos FZEA\/USP\u00a0 que atualmente s\u00e3o quatro, s\u00e3o eles:<\/pre>\n<p><a href=\"https:\/\/sites.usp.br\/uspnaescolinha\/wp-content\/uploads\/sites\/717\/2020\/04\/banner-zoo.jpg\"><img loading=\"lazy\" decoding=\"async\" class=\"aligncenter wp-image-151\" src=\"https:\/\/sites.usp.br\/uspnaescolinha\/wp-content\/uploads\/sites\/717\/2020\/04\/banner-zoo-212x300.jpg\" alt=\"curso de zootecnia FZEA\/USP\" width=\"330\" height=\"467\" srcset=\"https:\/\/sites.usp.br\/uspnaescolinha\/wp-content\/uploads\/sites\/717\/2020\/04\/banner-zoo-212x300.jpg 212w, https:\/\/sites.usp.br\/uspnaescolinha\/wp-content\/uploads\/sites\/717\/2020\/04\/banner-zoo-400x566.jpg 400w, https:\/\/sites.usp.br\/uspnaescolinha\/wp-content\/uploads\/sites\/717\/2020\/04\/banner-zoo.jpg 507w\" sizes=\"auto, (max-width: 330px) 100vw, 330px\" \/><\/a><\/p>\n<p><a href=\"https:\/\/sites.usp.br\/uspnaescolinha\/wp-content\/uploads\/sites\/717\/2020\/04\/banner_ea.jpg\"><img loading=\"lazy\" decoding=\"async\" class=\"aligncenter wp-image-150\" src=\"https:\/\/sites.usp.br\/uspnaescolinha\/wp-content\/uploads\/sites\/717\/2020\/04\/banner_ea-214x300.jpg\" alt=\"curso de Engenharia de Alimentos FZEA\/USP\" width=\"330\" height=\"463\" srcset=\"https:\/\/sites.usp.br\/uspnaescolinha\/wp-content\/uploads\/sites\/717\/2020\/04\/banner_ea-214x300.jpg 214w, https:\/\/sites.usp.br\/uspnaescolinha\/wp-content\/uploads\/sites\/717\/2020\/04\/banner_ea-400x561.jpg 400w, https:\/\/sites.usp.br\/uspnaescolinha\/wp-content\/uploads\/sites\/717\/2020\/04\/banner_ea.jpg 456w\" sizes=\"auto, (max-width: 330px) 100vw, 330px\" \/><\/a><a href=\"https:\/\/sites.usp.br\/uspnaescolinha\/wp-content\/uploads\/sites\/717\/2020\/04\/banner_med.jpg\"><img loading=\"lazy\" decoding=\"async\" class=\"aligncenter wp-image-149\" src=\"https:\/\/sites.usp.br\/uspnaescolinha\/wp-content\/uploads\/sites\/717\/2020\/04\/banner_med-212x300.jpg\" alt=\"curso de medicina veterin\u00e1ria FZEA\/USP\" width=\"330\" height=\"468\" srcset=\"https:\/\/sites.usp.br\/uspnaescolinha\/wp-content\/uploads\/sites\/717\/2020\/04\/banner_med-212x300.jpg 212w, https:\/\/sites.usp.br\/uspnaescolinha\/wp-content\/uploads\/sites\/717\/2020\/04\/banner_med-400x567.jpg 400w, https:\/\/sites.usp.br\/uspnaescolinha\/wp-content\/uploads\/sites\/717\/2020\/04\/banner_med.jpg 439w\" sizes=\"auto, (max-width: 330px) 100vw, 330px\" \/><\/a><a href=\"https:\/\/sites.usp.br\/uspnaescolinha\/wp-content\/uploads\/sites\/717\/2020\/04\/banner_biossistemas.jpg\"><img loading=\"lazy\" decoding=\"async\" class=\"aligncenter wp-image-148\" src=\"https:\/\/sites.usp.br\/uspnaescolinha\/wp-content\/uploads\/sites\/717\/2020\/04\/banner_biossistemas-212x300.jpg\" alt=\"curso de Biossistemas FZEA\/USP\" width=\"330\" height=\"467\" srcset=\"https:\/\/sites.usp.br\/uspnaescolinha\/wp-content\/uploads\/sites\/717\/2020\/04\/banner_biossistemas-212x300.jpg 212w, https:\/\/sites.usp.br\/uspnaescolinha\/wp-content\/uploads\/sites\/717\/2020\/04\/banner_biossistemas-400x566.jpg 400w, https:\/\/sites.usp.br\/uspnaescolinha\/wp-content\/uploads\/sites\/717\/2020\/04\/banner_biossistemas.jpg 512w\" sizes=\"auto, (max-width: 330px) 100vw, 330px\" \/><\/a><\/p>\n<p>&nbsp;<\/p>\n<p><a href=\"http:\/\/www.fzea.usp.br\/\" target=\"_blank\" rel=\"noopener\">SAIBA MAIS SOBRE A FZEA &#8211; CLIQUE AQUI\u00a0<\/a><\/p>\n","protected":false},"excerpt":{"rendered":"<p>Nesta se\u00e7\u00e3o apresentamos os cursos de gradua\u00e7\u00e3o\u00a0 da Faculdade de Zootecnia e Engenharia de Alimentos FZEA\/USP\u00a0 que atualmente s\u00e3o quatro, s\u00e3o eles: &nbsp; SAIBA MAIS SOBRE A FZEA &#8211; CLIQUE AQUI\u00a0<\/p>\n","protected":false},"author":21819,"featured_media":0,"parent":0,"menu_order":0,"comment_status":"closed","ping_status":"closed","template":"","meta":{"footnotes":"","_links_to":"","_links_to_target":""},"class_list":["post-349","page","type-page","status-publish","hentry"],"_links":{"self":[{"href":"https:\/\/sites.usp.br\/uspnaescolinha\/wp-json\/wp\/v2\/pages\/349","targetHints":{"allow":["GET"]}}],"collection":[{"href":"https:\/\/sites.usp.br\/uspnaescolinha\/wp-json\/wp\/v2\/pages"}],"about":[{"href":"https:\/\/sites.usp.br\/uspnaescolinha\/wp-json\/wp\/v2\/types\/page"}],"author":[{"embeddable":true,"href":"https:\/\/sites.usp.br\/uspnaescolinha\/wp-json\/wp\/v2\/users\/21819"}],"replies":[{"embeddable":true,"href":"https:\/\/sites.usp.br\/uspnaescolinha\/wp-json\/wp\/v2\/comments?post=349"}],"version-history":[{"count":4,"href":"https:\/\/sites.usp.br\/uspnaescolinha\/wp-json\/wp\/v2\/pages\/349\/revisions"}],"predecessor-version":[{"id":385,"href":"https:\/\/sites.usp.br\/uspnaescolinha\/wp-json\/wp\/v2\/pages\/349\/revisions\/385"}],"wp:attachment":[{"href":"https:\/\/sites.usp.br\/uspnaescolinha\/wp-json\/wp\/v2\/media?parent=349"}],"curies":[{"name":"wp","href":"https:\/\/api.w.org\/{rel}","templated":true}]}}