{"id":395,"date":"2022-09-06T11:35:15","date_gmt":"2022-09-06T13:35:15","guid":{"rendered":"https:\/\/sites.usp.br\/uspnaescolinha\/?page_id=395"},"modified":"2024-10-24T17:21:20","modified_gmt":"2024-10-24T19:21:20","slug":"compostagem","status":"publish","type":"page","link":"https:\/\/sites.usp.br\/uspnaescolinha\/material\/compostagem\/","title":{"rendered":"COMPOSTAGEM"},"content":{"rendered":"<h2 class=\"entry-title\" style=\"text-align: center;\">A COMPOSTAGEM NO ENSINO FUNDAMENTAL<\/h2>\n<h2><\/h2>\n<h2 class=\"entry-title\" style=\"text-align: center;\"><span style=\"color: #ff0000;\">AVENTURA:<\/span><\/h2>\n<h2 class=\"entry-title\" style=\"text-align: center;\"><span style=\"color: #ff0000;\">SALVAR O PLANETA<\/span><\/h2>\n<p><a href=\"https:\/\/sites.usp.br\/uspnaescolinha\/wp-content\/uploads\/sites\/717\/2022\/09\/COMPOSTAGEM.jpg\"><img loading=\"lazy\" decoding=\"async\" class=\"size-medium wp-image-396 aligncenter\" src=\"https:\/\/sites.usp.br\/uspnaescolinha\/wp-content\/uploads\/sites\/717\/2022\/09\/COMPOSTAGEM-264x300.jpg\" alt=\"\" width=\"264\" height=\"300\" srcset=\"https:\/\/sites.usp.br\/uspnaescolinha\/wp-content\/uploads\/sites\/717\/2022\/09\/COMPOSTAGEM-264x300.jpg 264w, https:\/\/sites.usp.br\/uspnaescolinha\/wp-content\/uploads\/sites\/717\/2022\/09\/COMPOSTAGEM-400x454.jpg 400w, https:\/\/sites.usp.br\/uspnaescolinha\/wp-content\/uploads\/sites\/717\/2022\/09\/COMPOSTAGEM.jpg 571w\" sizes=\"auto, (max-width: 264px) 100vw, 264px\" \/><\/a><\/p>\n<h2 style=\"text-align: center;\"><span style=\"color: #000000;\">O material pode ser baixado<span style=\"color: #ff0000;\"><a style=\"color: #ff0000;\" href=\"http:\/\/e.usp.br\/mnr\" target=\"_blank\" rel=\"noopener\"> aqui\u00a0<\/a><\/span><\/span><\/h2>\n<pre style=\"text-align: center;\">O material oferece aos alunos do Ensino Fundamental uma material l\u00fadico que traz conhecimentos sobre a compostagem\r\n\r\nO USP na Escolinha incentiva o consumo de uma alimenta\u00e7\u00e3o saud\u00e1vel<\/pre>\n<h2 style=\"text-align: center;\"><\/h2>\n<h2 style=\"text-align: center;\"><\/h2>\n","protected":false},"excerpt":{"rendered":"<p>A COMPOSTAGEM NO ENSINO FUNDAMENTAL AVENTURA: SALVAR O PLANETA O material pode ser baixado aqui\u00a0 O material oferece aos alunos do Ensino Fundamental uma material l\u00fadico que traz conhecimentos sobre a compostagem O USP na Escolinha incentiva o consumo de uma alimenta\u00e7\u00e3o saud\u00e1vel<\/p>\n","protected":false},"author":21819,"featured_media":0,"parent":64,"menu_order":0,"comment_status":"closed","ping_status":"closed","template":"","meta":{"footnotes":"","_links_to":"","_links_to_target":""},"class_list":["post-395","page","type-page","status-publish","hentry"],"_links":{"self":[{"href":"https:\/\/sites.usp.br\/uspnaescolinha\/wp-json\/wp\/v2\/pages\/395","targetHints":{"allow":["GET"]}}],"collection":[{"href":"https:\/\/sites.usp.br\/uspnaescolinha\/wp-json\/wp\/v2\/pages"}],"about":[{"href":"https:\/\/sites.usp.br\/uspnaescolinha\/wp-json\/wp\/v2\/types\/page"}],"author":[{"embeddable":true,"href":"https:\/\/sites.usp.br\/uspnaescolinha\/wp-json\/wp\/v2\/users\/21819"}],"replies":[{"embeddable":true,"href":"https:\/\/sites.usp.br\/uspnaescolinha\/wp-json\/wp\/v2\/comments?post=395"}],"version-history":[{"count":4,"href":"https:\/\/sites.usp.br\/uspnaescolinha\/wp-json\/wp\/v2\/pages\/395\/revisions"}],"predecessor-version":[{"id":404,"href":"https:\/\/sites.usp.br\/uspnaescolinha\/wp-json\/wp\/v2\/pages\/395\/revisions\/404"}],"up":[{"embeddable":true,"href":"https:\/\/sites.usp.br\/uspnaescolinha\/wp-json\/wp\/v2\/pages\/64"}],"wp:attachment":[{"href":"https:\/\/sites.usp.br\/uspnaescolinha\/wp-json\/wp\/v2\/media?parent=395"}],"curies":[{"name":"wp","href":"https:\/\/api.w.org\/{rel}","templated":true}]}}