{"id":62,"date":"2014-02-12T11:28:30","date_gmt":"2014-02-12T13:28:30","guid":{"rendered":"http:\/\/sites.usp.br\/uspnaescolinha\/?page_id=62"},"modified":"2021-12-30T12:47:38","modified_gmt":"2021-12-30T14:47:38","slug":"programa","status":"publish","type":"page","link":"https:\/\/sites.usp.br\/uspnaescolinha\/programa\/","title":{"rendered":"O PROGRAMA"},"content":{"rendered":"<h2 style=\"text-align: center;\"><span style=\"color: #000000;\"><b><a href=\"https:\/\/sites.usp.br\/uspnaescolinha\/wp-content\/uploads\/sites\/717\/2021\/12\/foto2-scaled.jpg\"><img loading=\"lazy\" decoding=\"async\" class=\" wp-image-327 alignnone\" src=\"https:\/\/sites.usp.br\/uspnaescolinha\/wp-content\/uploads\/sites\/717\/2021\/12\/foto2-300x123.jpg\" alt=\"\" width=\"449\" height=\"184\" srcset=\"https:\/\/sites.usp.br\/uspnaescolinha\/wp-content\/uploads\/sites\/717\/2021\/12\/foto2-300x123.jpg 300w, https:\/\/sites.usp.br\/uspnaescolinha\/wp-content\/uploads\/sites\/717\/2021\/12\/foto2-1024x420.jpg 1024w, https:\/\/sites.usp.br\/uspnaescolinha\/wp-content\/uploads\/sites\/717\/2021\/12\/foto2-768x315.jpg 768w, https:\/\/sites.usp.br\/uspnaescolinha\/wp-content\/uploads\/sites\/717\/2021\/12\/foto2-1536x630.jpg 1536w, https:\/\/sites.usp.br\/uspnaescolinha\/wp-content\/uploads\/sites\/717\/2021\/12\/foto2-2048x841.jpg 2048w, https:\/\/sites.usp.br\/uspnaescolinha\/wp-content\/uploads\/sites\/717\/2021\/12\/foto2-400x164.jpg 400w\" sizes=\"auto, (max-width: 449px) 100vw, 449px\" \/><\/a><\/b><\/span><\/h2>\n<h2 style=\"text-align: center;\"><span style=\"color: #000000;\"><b>Quem somos:<\/b><\/span><\/h2>\n<pre style=\"text-align: left;\"><span style=\"color: #000000;\"> \u00a0 \u00a0 \u00a0 \u00a0Somos um grupo volunt\u00e1rio de docentes, discentes e funcion\u00e1rios que desenvolvem um projeto de extens\u00e3o no Campus Fernando Costa da Universidade de S\u00e3o Paulo em Pirassununga\/SP desde 2013. O nosso objetivo \u00e9 apresentar conceitos e inspirar nas crian\u00e7as de 06 a 10 anos a curiosidade pelas profiss\u00f5es relativas aos cursos da FZEA visamos igualmente divulgar o campus de Pirassununga para a comunidade local.<\/span><\/pre>\n<h6 style=\"text-align: center;\"><\/h6>\n<h2 style=\"text-align: center;\"><span style=\"color: #000000;\">\u00a0<b>Miss\u00e3o:\u00a0<\/b><\/span><\/h2>\n<pre style=\"text-align: center;\"><span style=\"color: #000000;\">\u00a0Promover a intera\u00e7\u00e3o entre a comunidade externa e interna\u00a0apresentando para os alunos das escolas,\u00a0os cursos da Faculdade de Zootecnia e Engenharia de Alimentos, e bem como o Campus \u201cFernando Costa\u201d.<\/span><\/pre>\n<h2 style=\"text-align: center;\"><span style=\"color: #000000;\"><b>Vis\u00e3o:\u00a0<\/b><\/span><\/h2>\n<pre style=\"text-align: center;\"><span style=\"color: #000000;\">\u00a0Contemplar todas as escolas de Ensino Fundamental da cidade de Pirassununga e Regi\u00e3o.<\/span><\/pre>\n<h2 style=\"text-align: center;\"><span style=\"color: #000000;\"><b>\u00a0Valores:<\/b><\/span><\/h2>\n<pre style=\"text-align: center;\"><span style=\"color: #000000;\">\u00a0Refor\u00e7o dos valores \u00e9ticos, criatividade, inova\u00e7\u00e3o; voluntariado, respeito pela comunidade interna e externa da FZEA.<\/span><\/pre>\n<h2 style=\"text-align: center;\"><span style=\"color: #000000;\"><b>P\u00fablico &#8211; alvo:<\/b><\/span><\/h2>\n<pre style=\"text-align: center;\"><span style=\"color: #000000;\">Escolas, p\u00fablicas e particulares, que oferecem do 1\u00ba ao 5\u00ba ano do ensino fundamental,localizada na cidade de Pirassununga e regi\u00e3o. O projeto \u00e9 voltado para crian\u00e7as 6 a 10 anos.<\/span><\/pre>\n","protected":false},"excerpt":{"rendered":"<p>Quem somos: \u00a0 \u00a0 \u00a0 \u00a0Somos um grupo volunt\u00e1rio de docentes, discentes e funcion\u00e1rios que desenvolvem um projeto de extens\u00e3o no Campus Fernando Costa da Universidade de S\u00e3o Paulo em Pirassununga\/SP desde 2013. O nosso objetivo \u00e9 apresentar conceitos e inspirar nas crian\u00e7as de 06 a 10 anos a curiosidade pelas profiss\u00f5es relativas aos cursos [&hellip;]<\/p>\n","protected":false},"author":1,"featured_media":0,"parent":0,"menu_order":0,"comment_status":"closed","ping_status":"closed","template":"","meta":{"footnotes":"","_links_to":"","_links_to_target":""},"class_list":["post-62","page","type-page","status-publish","hentry"],"_links":{"self":[{"href":"https:\/\/sites.usp.br\/uspnaescolinha\/wp-json\/wp\/v2\/pages\/62","targetHints":{"allow":["GET"]}}],"collection":[{"href":"https:\/\/sites.usp.br\/uspnaescolinha\/wp-json\/wp\/v2\/pages"}],"about":[{"href":"https:\/\/sites.usp.br\/uspnaescolinha\/wp-json\/wp\/v2\/types\/page"}],"author":[{"embeddable":true,"href":"https:\/\/sites.usp.br\/uspnaescolinha\/wp-json\/wp\/v2\/users\/1"}],"replies":[{"embeddable":true,"href":"https:\/\/sites.usp.br\/uspnaescolinha\/wp-json\/wp\/v2\/comments?post=62"}],"version-history":[{"count":5,"href":"https:\/\/sites.usp.br\/uspnaescolinha\/wp-json\/wp\/v2\/pages\/62\/revisions"}],"predecessor-version":[{"id":380,"href":"https:\/\/sites.usp.br\/uspnaescolinha\/wp-json\/wp\/v2\/pages\/62\/revisions\/380"}],"wp:attachment":[{"href":"https:\/\/sites.usp.br\/uspnaescolinha\/wp-json\/wp\/v2\/media?parent=62"}],"curies":[{"name":"wp","href":"https:\/\/api.w.org\/{rel}","templated":true}]}}