{"id":79,"date":"2014-02-24T16:51:20","date_gmt":"2014-02-24T18:51:20","guid":{"rendered":"http:\/\/sites.usp.br\/uspnaescolinha\/?page_id=79"},"modified":"2026-01-23T15:40:16","modified_gmt":"2026-01-23T17:40:16","slug":"pagina-inicial","status":"publish","type":"page","link":"https:\/\/sites.usp.br\/uspnaescolinha\/","title":{"rendered":"O COME\u00c7O"},"content":{"rendered":"<p>&nbsp;<\/p>\n<p><a href=\"https:\/\/sites.usp.br\/uspnaescolinha\/wp-content\/uploads\/sites\/717\/2021\/12\/rosto-1.jpg\"><img loading=\"lazy\" decoding=\"async\" class=\"size-medium wp-image-317 aligncenter\" src=\"https:\/\/sites.usp.br\/uspnaescolinha\/wp-content\/uploads\/sites\/717\/2021\/12\/rosto-1-297x300.jpg\" alt=\"\" width=\"297\" height=\"300\" srcset=\"https:\/\/sites.usp.br\/uspnaescolinha\/wp-content\/uploads\/sites\/717\/2021\/12\/rosto-1-297x300.jpg 297w, https:\/\/sites.usp.br\/uspnaescolinha\/wp-content\/uploads\/sites\/717\/2021\/12\/rosto-1-45x45.jpg 45w, https:\/\/sites.usp.br\/uspnaescolinha\/wp-content\/uploads\/sites\/717\/2021\/12\/rosto-1-400x404.jpg 400w, https:\/\/sites.usp.br\/uspnaescolinha\/wp-content\/uploads\/sites\/717\/2021\/12\/rosto-1.jpg 761w\" sizes=\"auto, (max-width: 297px) 100vw, 297px\" \/><\/a><\/p>\n<pre style=\"text-align: center;\">A ideia do projeto surgiu da necessidade da idealizadora <strong>Delaine Rocha<\/strong> de explicar de forma simples os cursos de gradua\u00e7\u00e3o da FZEA para sua fam\u00edlia e amigos. A idealizadora, desde que passou a morar na cidade de Pirassununga, percebeu entre o c\u00edrculo de amigos naturais da cidade (Carolina e Erick) um total desconhecimento sobre os cursos da FZEA ou mesmo sobre a institui\u00e7\u00e3o. Funcion\u00e1ria da USP desde 2005, resolveu em 2013, com o apoio da chefia do Departamento de Engenharia de Biossistemas, Prof. Dr. Holmer Savastano Junior, apresentar uma proposta \u00e0 Comiss\u00e3o de Cultura e Extens\u00e3o da FZEA (Profa Dra. Alessandra Lopes) para o desenvolvimento de um projeto nas escolas de ensino infantil do munic\u00edpio.\r\nA partir da\u00ed o projeto foi crescendo e se fortalecendo. Ao longo do caminho membros da comunidade se voluntariaram para encorpar a ideia.\r\n A partir de 2017 os funcion\u00e1rios, docentes e discentes contribu\u00edram de forma efetiva para forma\u00e7\u00e3o de uma equipe s\u00f3lida e volunt\u00e1ria que realiza diversas atividades na cidade de Pirassununga e Regi\u00e3o.\r\n\r\n<a href=\"https:\/\/sites.usp.br\/uspnaescolinha\/material\/\">SAIBA MAIS - CLIQUE AQUI<\/a>\r\n\r\n<a href=\"https:\/\/sites.usp.br\/uspnaescolinha\/?p=443&amp;preview=true\">TIME LINE DOS COORDENADORES<\/a>\r\n\r\n\r\n<\/pre>\n","protected":false},"excerpt":{"rendered":"<p>&nbsp; A ideia do projeto surgiu da necessidade da idealizadora Delaine Rocha de explicar de forma simples os cursos de gradua\u00e7\u00e3o da FZEA para sua fam\u00edlia e amigos. A idealizadora, desde que passou a morar na cidade de Pirassununga, percebeu entre o c\u00edrculo de amigos naturais da cidade (Carolina e Erick) um total desconhecimento sobre [&hellip;]<\/p>\n","protected":false},"author":1,"featured_media":0,"parent":0,"menu_order":0,"comment_status":"closed","ping_status":"closed","template":"","meta":{"footnotes":"","_links_to":"","_links_to_target":""},"class_list":["post-79","page","type-page","status-publish","hentry"],"_links":{"self":[{"href":"https:\/\/sites.usp.br\/uspnaescolinha\/wp-json\/wp\/v2\/pages\/79","targetHints":{"allow":["GET"]}}],"collection":[{"href":"https:\/\/sites.usp.br\/uspnaescolinha\/wp-json\/wp\/v2\/pages"}],"about":[{"href":"https:\/\/sites.usp.br\/uspnaescolinha\/wp-json\/wp\/v2\/types\/page"}],"author":[{"embeddable":true,"href":"https:\/\/sites.usp.br\/uspnaescolinha\/wp-json\/wp\/v2\/users\/1"}],"replies":[{"embeddable":true,"href":"https:\/\/sites.usp.br\/uspnaescolinha\/wp-json\/wp\/v2\/comments?post=79"}],"version-history":[{"count":4,"href":"https:\/\/sites.usp.br\/uspnaescolinha\/wp-json\/wp\/v2\/pages\/79\/revisions"}],"predecessor-version":[{"id":535,"href":"https:\/\/sites.usp.br\/uspnaescolinha\/wp-json\/wp\/v2\/pages\/79\/revisions\/535"}],"wp:attachment":[{"href":"https:\/\/sites.usp.br\/uspnaescolinha\/wp-json\/wp\/v2\/media?parent=79"}],"curies":[{"name":"wp","href":"https:\/\/api.w.org\/{rel}","templated":true}]}}