{"id":478,"date":"2024-06-20T23:03:57","date_gmt":"2024-06-21T02:03:57","guid":{"rendered":"https:\/\/sites.usp.br\/uspsustentabilidade\/?page_id=478"},"modified":"2024-06-20T23:25:00","modified_gmt":"2024-06-21T02:25:00","slug":"horta","status":"publish","type":"page","link":"https:\/\/sites.usp.br\/uspsustentabilidade\/horta\/","title":{"rendered":"Horta"},"content":{"rendered":"\t\t<div data-elementor-type=\"wp-page\" data-elementor-id=\"478\" class=\"elementor elementor-478\">\n\t\t\t\t\t\t<section class=\"elementor-section elementor-top-section elementor-element elementor-element-4cd4403 elementor-section-boxed elementor-section-height-default elementor-section-height-default\" data-id=\"4cd4403\" data-element_type=\"section\">\n\t\t\t\t\t\t<div class=\"elementor-container elementor-column-gap-default\">\n\t\t\t\t\t<div class=\"elementor-column elementor-col-100 elementor-top-column elementor-element elementor-element-6c0357c\" data-id=\"6c0357c\" data-element_type=\"column\">\n\t\t\t<div class=\"elementor-widget-wrap elementor-element-populated\">\n\t\t\t\t\t\t<div class=\"elementor-element elementor-element-750081ad elementor-widget elementor-widget-heading\" data-id=\"750081ad\" data-element_type=\"widget\" data-widget_type=\"heading.default\">\n\t\t\t\t<div class=\"elementor-widget-container\">\n\t\t\t<h4 class=\"elementor-heading-title elementor-size-default\">Horta Agroecol\u00f3gica e Compostagem<\/h4>\t\t<\/div>\n\t\t\t\t<\/div>\n\t\t\t\t\t<\/div>\n\t\t<\/div>\n\t\t\t\t\t<\/div>\n\t\t<\/section>\n\t\t\t\t<section class=\"elementor-section elementor-top-section elementor-element elementor-element-661d5448 elementor-section-boxed elementor-section-height-default elementor-section-height-default\" data-id=\"661d5448\" data-element_type=\"section\">\n\t\t\t\t\t\t<div class=\"elementor-container elementor-column-gap-default\">\n\t\t\t\t\t<div class=\"elementor-column elementor-col-50 elementor-top-column elementor-element elementor-element-5c77849b\" data-id=\"5c77849b\" data-element_type=\"column\">\n\t\t\t<div class=\"elementor-widget-wrap elementor-element-populated\">\n\t\t\t\t\t\t<div class=\"elementor-element elementor-element-2b497438 elementor-widget elementor-widget-text-editor\" data-id=\"2b497438\" data-element_type=\"widget\" data-widget_type=\"text-editor.default\">\n\t\t\t\t<div class=\"elementor-widget-container\">\n\t\t\t\t\t\t\t<p><span style=\"font-weight: 400;\">In\u00fameros s\u00e3o os benef\u00edcios de cultivar uma horta, como o acesso a alimentos frescos, agroecol\u00f3gicos e biodiversos. Neste momento em que o pa\u00eds passa por aumento significativo da inseguran\u00e7a alimentar, o cultivo de hortas em diversos tipos de ambientes deve ser ensinado, divulgado e estimulado.<\/span><\/p><p><span style=\"font-weight: 400;\">O contato com a horta faz rever os conceitos de alimenta\u00e7\u00e3o, trazendo est\u00edmulo \u00e0 alimenta\u00e7\u00e3o saud\u00e1vel e ao uso integral dos alimentos. Hortas s\u00e3o ainda locais de exerc\u00edcio ao ar livre.<\/span><\/p><p><span style=\"font-weight: 400;\">Numa cidade, cultivar uma horta contribui para aumentar a biodiversidade de insetos e plantas, tornar o ar mais fresco e diminuir as ilhas de calor. Hortas s\u00e3o excelentes locais de educa\u00e7\u00e3o ambiental e socializa\u00e7\u00e3o com diferentes pessoas, de distintas faixas et\u00e1rias.<\/span><\/p><p><span style=\"font-weight: 400;\">Associada \u00e0 horta, temos uma composteira termof\u00edlica para produzir material (composto org\u00e2nico) para uso nos canteiros da horta, para nutri\u00e7\u00e3o das plantas e melhoria das condi\u00e7\u00f5es do solo.<\/span><\/p><p><span style=\"font-weight: 400;\">O composto \u00e9 feito a partir de res\u00edduos org\u00e2nicos trazidos de suas resid\u00eancias pelos participantes, intercalado com restos de poda (gramados e outros) do CEPE e de outras partes do campus da USP. O processo de compostagem \u00e9 acompanhado semanalmente com medi\u00e7\u00e3o de temperatura e, uma vez completado o processo, o composto pode ser adicionado aos canteiros da horta. Desde 2024, a lanchonete de Poli-Mec\u00e2nica passou a separar e nos fornecer res\u00edduos da prepara\u00e7\u00e3o dos alimentos, permitindo aumentar muito a escala da compostagem<\/span><\/p>\t\t\t\t\t\t<\/div>\n\t\t\t\t<\/div>\n\t\t\t\t<div class=\"elementor-element elementor-element-235a828 elementor-widget-divider--view-line elementor-widget elementor-widget-divider\" data-id=\"235a828\" data-element_type=\"widget\" data-widget_type=\"divider.default\">\n\t\t\t\t<div class=\"elementor-widget-container\">\n\t\t\t\t\t<div class=\"elementor-divider\">\n\t\t\t<span class=\"elementor-divider-separator\">\n\t\t\t\t\t\t<\/span>\n\t\t<\/div>\n\t\t\t\t<\/div>\n\t\t\t\t<\/div>\n\t\t\t\t\t<\/div>\n\t\t<\/div>\n\t\t\t\t<div class=\"elementor-column elementor-col-50 elementor-top-column elementor-element elementor-element-3a8233a5\" data-id=\"3a8233a5\" data-element_type=\"column\">\n\t\t\t<div class=\"elementor-widget-wrap elementor-element-populated\">\n\t\t\t\t\t\t<div class=\"elementor-element elementor-element-717ab83e elementor-arrows-position-inside elementor-pagination-position-outside elementor-widget elementor-widget-image-carousel\" data-id=\"717ab83e\" data-element_type=\"widget\" data-settings=\"{&quot;slides_to_show&quot;:&quot;1&quot;,&quot;navigation&quot;:&quot;both&quot;,&quot;autoplay&quot;:&quot;yes&quot;,&quot;pause_on_hover&quot;:&quot;yes&quot;,&quot;pause_on_interaction&quot;:&quot;yes&quot;,&quot;autoplay_speed&quot;:5000,&quot;infinite&quot;:&quot;yes&quot;,&quot;effect&quot;:&quot;slide&quot;,&quot;speed&quot;:500}\" data-widget_type=\"image-carousel.default\">\n\t\t\t\t<div class=\"elementor-widget-container\">\n\t\t\t\t\t<div class=\"elementor-image-carousel-wrapper swiper\" dir=\"ltr\">\n\t\t\t<div class=\"elementor-image-carousel swiper-wrapper\" aria-live=\"off\">\n\t\t\t\t\t\t\t\t<div class=\"swiper-slide\" role=\"group\" aria-roledescription=\"slide\" aria-label=\"1 de 6\"><figure class=\"swiper-slide-inner\"><img decoding=\"async\" class=\"swiper-slide-image\" src=\"https:\/\/sites.usp.br\/uspsustentabilidade\/wp-content\/uploads\/sites\/1253\/elementor\/thumbs\/20220111_101845-scaled-qb2lfxrqaiwj9r79zrl0afki8kkx7i537gudaxce4o.jpg\" alt=\"20220111_101845\" \/><\/figure><\/div><div class=\"swiper-slide\" role=\"group\" aria-roledescription=\"slide\" aria-label=\"2 de 6\"><figure class=\"swiper-slide-inner\"><img decoding=\"async\" class=\"swiper-slide-image\" src=\"https:\/\/sites.usp.br\/uspsustentabilidade\/wp-content\/uploads\/sites\/1253\/elementor\/thumbs\/20220111_115222-scaled-qb2ljwn75cc4ahfqthcatfikj50pphwaf4068zgjuw.jpg\" alt=\"20220111_115222\" \/><\/figure><\/div><div class=\"swiper-slide\" role=\"group\" aria-roledescription=\"slide\" aria-label=\"3 de 6\"><figure class=\"swiper-slide-inner\"><img decoding=\"async\" class=\"swiper-slide-image\" src=\"https:\/\/sites.usp.br\/uspsustentabilidade\/wp-content\/uploads\/sites\/1253\/elementor\/thumbs\/20220111_103545-scaled-qb2lh0b42qdahrnaqq8pmnueldayz3e30rl9z9r91k.jpg\" alt=\"20220111_103545\" \/><\/figure><\/div><div class=\"swiper-slide\" role=\"group\" aria-roledescription=\"slide\" aria-label=\"4 de 6\"><figure class=\"swiper-slide-inner\"><img decoding=\"async\" class=\"swiper-slide-image\" src=\"https:\/\/sites.usp.br\/uspsustentabilidade\/wp-content\/uploads\/sites\/1253\/elementor\/thumbs\/20220111_102003-scaled-qb2lgl9p1dspc0956jqoirn137d3jxqdmp5iaudjt4.jpg\" alt=\"20220111_102003\" \/><\/figure><\/div><div class=\"swiper-slide\" role=\"group\" aria-roledescription=\"slide\" aria-label=\"5 de 6\"><figure class=\"swiper-slide-inner\"><img decoding=\"async\" class=\"swiper-slide-image\" src=\"https:\/\/sites.usp.br\/uspsustentabilidade\/wp-content\/uploads\/sites\/1253\/elementor\/thumbs\/20211126_141119-scaled-qb2j563chplkxvffazlnqbhb54jdezjz5st5zs2e14.jpg\" alt=\"20211126_141119\" \/><\/figure><\/div><div class=\"swiper-slide\" role=\"group\" aria-roledescription=\"slide\" aria-label=\"6 de 6\"><figure class=\"swiper-slide-inner\"><img decoding=\"async\" class=\"swiper-slide-image\" src=\"https:\/\/sites.usp.br\/uspsustentabilidade\/wp-content\/uploads\/sites\/1253\/elementor\/thumbs\/PHOTO-2021-11-02-19-55-35-qpypkmo3bs5aa6mdlf03ddzryqozjplsbecaj1i2rs.jpg\" alt=\"PHOTO-2021-11-02-19-55-35\" \/><\/figure><\/div>\t\t\t<\/div>\n\t\t\t\t\t\t\t\t\t\t\t\t<div class=\"elementor-swiper-button elementor-swiper-button-prev\" role=\"button\" tabindex=\"0\">\n\t\t\t\t\t\t<i aria-hidden=\"true\" class=\"eicon-chevron-left\"><\/i>\t\t\t\t\t<\/div>\n\t\t\t\t\t<div class=\"elementor-swiper-button elementor-swiper-button-next\" role=\"button\" tabindex=\"0\">\n\t\t\t\t\t\t<i aria-hidden=\"true\" class=\"eicon-chevron-right\"><\/i>\t\t\t\t\t<\/div>\n\t\t\t\t\n\t\t\t\t\t\t\t\t\t<div class=\"swiper-pagination\"><\/div>\n\t\t\t\t\t\t\t\t\t<\/div>\n\t\t\t\t<\/div>\n\t\t\t\t<\/div>\n\t\t\t\t<div class=\"elementor-element elementor-element-d5e4f33 elementor-widget elementor-widget-text-editor\" data-id=\"d5e4f33\" data-element_type=\"widget\" data-widget_type=\"text-editor.default\">\n\t\t\t\t<div class=\"elementor-widget-container\">\n\t\t\t\t\t\t\t<p>Mutir\u00f5es acontecem todas as quintas, das 8:00h \u00e0s 14:00h.<\/p><p style=\"text-align: center;\">Participe!<\/p>\t\t\t\t\t\t<\/div>\n\t\t\t\t<\/div>\n\t\t\t\t<div class=\"elementor-element elementor-element-4063087f elementor-align-center elementor-hidden-desktop elementor-hidden-tablet elementor-hidden-mobile elementor-widget elementor-widget-button\" data-id=\"4063087f\" data-element_type=\"widget\" data-widget_type=\"button.default\">\n\t\t\t\t<div class=\"elementor-widget-container\">\n\t\t\t\t\t\t\t<div class=\"elementor-button-wrapper\">\n\t\t\t\t\t<a class=\"elementor-button elementor-size-sm\" role=\"button\">\n\t\t\t\t\t\t<span class=\"elementor-button-content-wrapper\">\n\t\t\t\t\t\t<span class=\"elementor-button-icon\">\n\t\t\t\t<i aria-hidden=\"true\" class=\"fas fa-external-link-alt\"><\/i>\t\t\t<\/span>\n\t\t\t\t\t\t\t\t\t<span class=\"elementor-button-text\">Saiba Mais<\/span>\n\t\t\t\t\t<\/span>\n\t\t\t\t\t<\/a>\n\t\t\t\t<\/div>\n\t\t\t\t\t\t<\/div>\n\t\t\t\t<\/div>\n\t\t\t\t\t<\/div>\n\t\t<\/div>\n\t\t\t\t\t<\/div>\n\t\t<\/section>\n\t\t\t\t<section class=\"elementor-section elementor-top-section elementor-element elementor-element-64859242 elementor-section-boxed elementor-section-height-default elementor-section-height-default\" data-id=\"64859242\" data-element_type=\"section\">\n\t\t\t\t\t\t<div class=\"elementor-container elementor-column-gap-default\">\n\t\t\t\t\t<div class=\"elementor-column elementor-col-100 elementor-top-column elementor-element elementor-element-4f8a3dab\" data-id=\"4f8a3dab\" data-element_type=\"column\">\n\t\t\t<div class=\"elementor-widget-wrap elementor-element-populated\">\n\t\t\t\t\t\t<div class=\"elementor-element elementor-element-29620b92 elementor-widget elementor-widget-spacer\" data-id=\"29620b92\" data-element_type=\"widget\" data-widget_type=\"spacer.default\">\n\t\t\t\t<div class=\"elementor-widget-container\">\n\t\t\t\t\t<div class=\"elementor-spacer\">\n\t\t\t<div class=\"elementor-spacer-inner\"><\/div>\n\t\t<\/div>\n\t\t\t\t<\/div>\n\t\t\t\t<\/div>\n\t\t\t\t\t<\/div>\n\t\t<\/div>\n\t\t\t\t\t<\/div>\n\t\t<\/section>\n\t\t\t\t<\/div>\n\t\t","protected":false},"excerpt":{"rendered":"<p>Horta Agroecol\u00f3gica e Compostagem In\u00fameros s\u00e3o os benef\u00edcios de cultivar uma horta, como o acesso a alimentos frescos, agroecol\u00f3gicos e biodiversos. Neste momento em que o pa\u00eds passa por aumento significativo da inseguran\u00e7a alimentar, o cultivo de hortas em diversos tipos de ambientes deve ser ensinado, divulgado e estimulado. O contato com a horta faz [&hellip;]<\/p>\n","protected":false},"author":23627,"featured_media":0,"parent":0,"menu_order":0,"comment_status":"closed","ping_status":"closed","template":"","meta":{"ocean_post_layout":"","ocean_both_sidebars_style":"","ocean_both_sidebars_content_width":0,"ocean_both_sidebars_sidebars_width":0,"ocean_sidebar":"0","ocean_second_sidebar":"0","ocean_disable_margins":"enable","ocean_add_body_class":"","ocean_shortcode_before_top_bar":"","ocean_shortcode_after_top_bar":"","ocean_shortcode_before_header":"","ocean_shortcode_after_header":"","ocean_has_shortcode":"","ocean_shortcode_after_title":"","ocean_shortcode_before_footer_widgets":"","ocean_shortcode_after_footer_widgets":"","ocean_shortcode_before_footer_bottom":"","ocean_shortcode_after_footer_bottom":"","ocean_display_top_bar":"default","ocean_display_header":"default","ocean_header_style":"","ocean_center_header_left_menu":"0","ocean_custom_header_template":"0","ocean_custom_logo":0,"ocean_custom_retina_logo":0,"ocean_custom_logo_max_width":0,"ocean_custom_logo_tablet_max_width":0,"ocean_custom_logo_mobile_max_width":0,"ocean_custom_logo_max_height":0,"ocean_custom_logo_tablet_max_height":0,"ocean_custom_logo_mobile_max_height":0,"ocean_header_custom_menu":"0","ocean_menu_typo_font_family":"0","ocean_menu_typo_font_subset":"","ocean_menu_typo_font_size":0,"ocean_menu_typo_font_size_tablet":0,"ocean_menu_typo_font_size_mobile":0,"ocean_menu_typo_font_size_unit":"px","ocean_menu_typo_font_weight":"","ocean_menu_typo_font_weight_tablet":"","ocean_menu_typo_font_weight_mobile":"","ocean_menu_typo_transform":"","ocean_menu_typo_transform_tablet":"","ocean_menu_typo_transform_mobile":"","ocean_menu_typo_line_height":0,"ocean_menu_typo_line_height_tablet":0,"ocean_menu_typo_line_height_mobile":0,"ocean_menu_typo_line_height_unit":"","ocean_menu_typo_spacing":0,"ocean_menu_typo_spacing_tablet":0,"ocean_menu_typo_spacing_mobile":0,"ocean_menu_typo_spacing_unit":"","ocean_menu_link_color":"","ocean_menu_link_color_hover":"","ocean_menu_link_color_active":"","ocean_menu_link_background":"","ocean_menu_link_hover_background":"","ocean_menu_link_active_background":"","ocean_menu_social_links_bg":"","ocean_menu_social_hover_links_bg":"","ocean_menu_social_links_color":"","ocean_menu_social_hover_links_color":"","ocean_disable_title":"default","ocean_disable_heading":"default","ocean_post_title":"","ocean_post_subheading":"","ocean_post_title_style":"","ocean_post_title_background_color":"","ocean_post_title_background":0,"ocean_post_title_bg_image_position":"","ocean_post_title_bg_image_attachment":"","ocean_post_title_bg_image_repeat":"","ocean_post_title_bg_image_size":"","ocean_post_title_height":0,"ocean_post_title_bg_overlay":0.5,"ocean_post_title_bg_overlay_color":"","ocean_disable_breadcrumbs":"default","ocean_breadcrumbs_color":"","ocean_breadcrumbs_separator_color":"","ocean_breadcrumbs_links_color":"","ocean_breadcrumbs_links_hover_color":"","ocean_display_footer_widgets":"default","ocean_display_footer_bottom":"default","ocean_custom_footer_template":"0","footnotes":"","_links_to":"","_links_to_target":""},"class_list":["post-478","page","type-page","status-publish","hentry","entry"],"_links":{"self":[{"href":"https:\/\/sites.usp.br\/uspsustentabilidade\/wp-json\/wp\/v2\/pages\/478","targetHints":{"allow":["GET"]}}],"collection":[{"href":"https:\/\/sites.usp.br\/uspsustentabilidade\/wp-json\/wp\/v2\/pages"}],"about":[{"href":"https:\/\/sites.usp.br\/uspsustentabilidade\/wp-json\/wp\/v2\/types\/page"}],"author":[{"embeddable":true,"href":"https:\/\/sites.usp.br\/uspsustentabilidade\/wp-json\/wp\/v2\/users\/23627"}],"replies":[{"embeddable":true,"href":"https:\/\/sites.usp.br\/uspsustentabilidade\/wp-json\/wp\/v2\/comments?post=478"}],"version-history":[{"count":4,"href":"https:\/\/sites.usp.br\/uspsustentabilidade\/wp-json\/wp\/v2\/pages\/478\/revisions"}],"predecessor-version":[{"id":517,"href":"https:\/\/sites.usp.br\/uspsustentabilidade\/wp-json\/wp\/v2\/pages\/478\/revisions\/517"}],"wp:attachment":[{"href":"https:\/\/sites.usp.br\/uspsustentabilidade\/wp-json\/wp\/v2\/media?parent=478"}],"curies":[{"name":"wp","href":"https:\/\/api.w.org\/{rel}","templated":true}]}}