{"id":96,"date":"2023-07-21T01:22:59","date_gmt":"2023-07-21T04:22:59","guid":{"rendered":"https:\/\/sites.usp.br\/uspsustentabilidade\/?page_id=96"},"modified":"2024-06-20T23:33:01","modified_gmt":"2024-06-21T02:33:01","slug":"proximas-atividades","status":"publish","type":"page","link":"https:\/\/sites.usp.br\/uspsustentabilidade\/proximas-atividades\/","title":{"rendered":"Pr\u00f3ximas Atividades"},"content":{"rendered":"\t\t<div data-elementor-type=\"wp-page\" data-elementor-id=\"96\" class=\"elementor elementor-96\">\n\t\t\t\t\t\t<section class=\"elementor-section elementor-top-section elementor-element elementor-element-4cbdef9 elementor-section-boxed elementor-section-height-default elementor-section-height-default\" data-id=\"4cbdef9\" data-element_type=\"section\">\n\t\t\t\t\t\t<div class=\"elementor-container elementor-column-gap-default\">\n\t\t\t\t\t<div class=\"elementor-column elementor-col-100 elementor-top-column elementor-element elementor-element-b7168da\" data-id=\"b7168da\" data-element_type=\"column\">\n\t\t\t<div class=\"elementor-widget-wrap elementor-element-populated\">\n\t\t\t\t\t\t<section class=\"elementor-section elementor-inner-section elementor-element elementor-element-5316ad5 elementor-section-boxed elementor-section-height-default elementor-section-height-default\" data-id=\"5316ad5\" data-element_type=\"section\">\n\t\t\t\t\t\t<div class=\"elementor-container elementor-column-gap-default\">\n\t\t\t\t\t<div class=\"elementor-column elementor-col-33 elementor-inner-column elementor-element elementor-element-b72986a\" data-id=\"b72986a\" data-element_type=\"column\">\n\t\t\t<div class=\"elementor-widget-wrap elementor-element-populated\">\n\t\t\t\t\t\t<div class=\"elementor-element elementor-element-a8627e9 elementor-widget-divider--view-line elementor-widget elementor-widget-divider\" data-id=\"a8627e9\" data-element_type=\"widget\" data-widget_type=\"divider.default\">\n\t\t\t\t<div class=\"elementor-widget-container\">\n\t\t\t\t\t<div class=\"elementor-divider\">\n\t\t\t<span class=\"elementor-divider-separator\">\n\t\t\t\t\t\t<\/span>\n\t\t<\/div>\n\t\t\t\t<\/div>\n\t\t\t\t<\/div>\n\t\t\t\t\t<\/div>\n\t\t<\/div>\n\t\t\t\t<div class=\"elementor-column elementor-col-33 elementor-inner-column elementor-element elementor-element-8647e73\" data-id=\"8647e73\" data-element_type=\"column\">\n\t\t\t<div class=\"elementor-widget-wrap elementor-element-populated\">\n\t\t\t\t\t\t<div class=\"elementor-element elementor-element-c01663d elementor-widget elementor-widget-heading\" data-id=\"c01663d\" data-element_type=\"widget\" data-widget_type=\"heading.default\">\n\t\t\t\t<div class=\"elementor-widget-container\">\n\t\t\t<h2 class=\"elementor-heading-title elementor-size-default\">Pr\u00f3ximas Atividades<\/h2>\t\t<\/div>\n\t\t\t\t<\/div>\n\t\t\t\t\t<\/div>\n\t\t<\/div>\n\t\t\t\t<div class=\"elementor-column elementor-col-33 elementor-inner-column elementor-element elementor-element-b6b0ebe\" data-id=\"b6b0ebe\" data-element_type=\"column\">\n\t\t\t<div class=\"elementor-widget-wrap elementor-element-populated\">\n\t\t\t\t\t\t<div class=\"elementor-element elementor-element-aa75dfb elementor-widget-divider--view-line elementor-widget elementor-widget-divider\" data-id=\"aa75dfb\" data-element_type=\"widget\" data-widget_type=\"divider.default\">\n\t\t\t\t<div class=\"elementor-widget-container\">\n\t\t\t\t\t<div class=\"elementor-divider\">\n\t\t\t<span class=\"elementor-divider-separator\">\n\t\t\t\t\t\t<\/span>\n\t\t<\/div>\n\t\t\t\t<\/div>\n\t\t\t\t<\/div>\n\t\t\t\t\t<\/div>\n\t\t<\/div>\n\t\t\t\t\t<\/div>\n\t\t<\/section>\n\t\t\t\t\t<\/div>\n\t\t<\/div>\n\t\t\t\t\t<\/div>\n\t\t<\/section>\n\t\t\t\t<section class=\"elementor-section elementor-top-section elementor-element elementor-element-7c2845b elementor-section-boxed elementor-section-height-default elementor-section-height-default\" data-id=\"7c2845b\" data-element_type=\"section\">\n\t\t\t\t\t\t<div class=\"elementor-container elementor-column-gap-default\">\n\t\t\t\t\t<div class=\"elementor-column elementor-col-100 elementor-top-column elementor-element elementor-element-abce150\" data-id=\"abce150\" data-element_type=\"column\">\n\t\t\t<div class=\"elementor-widget-wrap elementor-element-populated\">\n\t\t\t\t\t\t<div class=\"elementor-element elementor-element-d844e9e elementor-widget elementor-widget-text-editor\" data-id=\"d844e9e\" data-element_type=\"widget\" data-widget_type=\"text-editor.default\">\n\t\t\t\t<div class=\"elementor-widget-container\">\n\t\t\t\t\t\t\t<p style=\"text-align: center;\">Em breve | Acompanhe as novidade tamb\u00e9m no<\/p>\t\t\t\t\t\t<\/div>\n\t\t\t\t<\/div>\n\t\t\t\t<div class=\"elementor-element elementor-element-a3aa3c9 elementor-align-center elementor-widget elementor-widget-button\" data-id=\"a3aa3c9\" data-element_type=\"widget\" data-widget_type=\"button.default\">\n\t\t\t\t<div class=\"elementor-widget-container\">\n\t\t\t\t\t\t\t<div class=\"elementor-button-wrapper\">\n\t\t\t\t\t<a class=\"elementor-button elementor-button-link elementor-size-sm\" href=\"https:\/\/www.sympla.com.br\/evento\/oficina-culinaria-paes-e-panc-usp-sustentabilidade\/2124350\">\n\t\t\t\t\t\t<span class=\"elementor-button-content-wrapper\">\n\t\t\t\t\t\t<span class=\"elementor-button-icon\">\n\t\t\t\t<i aria-hidden=\"true\" class=\"fas fa-external-link-alt\"><\/i>\t\t\t<\/span>\n\t\t\t\t\t\t\t\t\t<span class=\"elementor-button-text\">Instagram<\/span>\n\t\t\t\t\t<\/span>\n\t\t\t\t\t<\/a>\n\t\t\t\t<\/div>\n\t\t\t\t\t\t<\/div>\n\t\t\t\t<\/div>\n\t\t\t\t\t<\/div>\n\t\t<\/div>\n\t\t\t\t\t<\/div>\n\t\t<\/section>\n\t\t\t\t<section class=\"elementor-section elementor-top-section elementor-element elementor-element-a5c538d elementor-section-boxed elementor-section-height-default elementor-section-height-default\" data-id=\"a5c538d\" data-element_type=\"section\">\n\t\t\t\t\t\t<div class=\"elementor-container elementor-column-gap-default\">\n\t\t\t\t\t<div class=\"elementor-column elementor-col-100 elementor-top-column elementor-element elementor-element-e330844\" data-id=\"e330844\" data-element_type=\"column\">\n\t\t\t<div class=\"elementor-widget-wrap elementor-element-populated\">\n\t\t\t\t\t\t<div class=\"elementor-element elementor-element-bc1192f elementor-widget elementor-widget-spacer\" data-id=\"bc1192f\" data-element_type=\"widget\" data-widget_type=\"spacer.default\">\n\t\t\t\t<div class=\"elementor-widget-container\">\n\t\t\t\t\t<div class=\"elementor-spacer\">\n\t\t\t<div class=\"elementor-spacer-inner\"><\/div>\n\t\t<\/div>\n\t\t\t\t<\/div>\n\t\t\t\t<\/div>\n\t\t\t\t\t<\/div>\n\t\t<\/div>\n\t\t\t\t\t<\/div>\n\t\t<\/section>\n\t\t\t\t<section class=\"elementor-section elementor-top-section elementor-element elementor-element-5c20c4c4 elementor-section-content-middle elementor-hidden-desktop elementor-hidden-tablet elementor-hidden-mobile elementor-section-boxed elementor-section-height-default elementor-section-height-default\" data-id=\"5c20c4c4\" data-element_type=\"section\">\n\t\t\t\t\t\t<div class=\"elementor-container elementor-column-gap-no\">\n\t\t\t\t\t<div class=\"elementor-column elementor-col-33 elementor-top-column elementor-element elementor-element-921c3ec\" data-id=\"921c3ec\" data-element_type=\"column\">\n\t\t\t<div class=\"elementor-widget-wrap elementor-element-populated\">\n\t\t\t\t\t\t<div class=\"elementor-element elementor-element-1e137090 elementor-widget elementor-widget-text-editor\" data-id=\"1e137090\" data-element_type=\"widget\" data-widget_type=\"text-editor.default\">\n\t\t\t\t<div class=\"elementor-widget-container\">\n\t\t\t\t\t\t\t<p>Oficina Culin\u00e1ria<\/p>\t\t\t\t\t\t<\/div>\n\t\t\t\t<\/div>\n\t\t\t\t<div class=\"elementor-element elementor-element-31a88f8a elementor-widget elementor-widget-heading\" data-id=\"31a88f8a\" data-element_type=\"widget\" data-widget_type=\"heading.default\">\n\t\t\t\t<div class=\"elementor-widget-container\">\n\t\t\t<h3 class=\"elementor-heading-title elementor-size-default\">P\u00e3es &amp; PANC<\/h3>\t\t<\/div>\n\t\t\t\t<\/div>\n\t\t\t\t<div class=\"elementor-element elementor-element-172705fd elementor-widget-divider--view-line elementor-widget elementor-widget-divider\" data-id=\"172705fd\" data-element_type=\"widget\" data-widget_type=\"divider.default\">\n\t\t\t\t<div class=\"elementor-widget-container\">\n\t\t\t\t\t<div class=\"elementor-divider\">\n\t\t\t<span class=\"elementor-divider-separator\">\n\t\t\t\t\t\t<\/span>\n\t\t<\/div>\n\t\t\t\t<\/div>\n\t\t\t\t<\/div>\n\t\t\t\t<div class=\"elementor-element elementor-element-7c57c62 elementor-widget elementor-widget-text-editor\" data-id=\"7c57c62\" data-element_type=\"widget\" data-widget_type=\"text-editor.default\">\n\t\t\t\t<div class=\"elementor-widget-container\">\n\t\t\t\t\t\t\t<p>O USP Sustentabilidade e o Sustentarea apresentam mais uma oficina culin\u00e1ria, que ocorrer\u00e1 dia 24\/08, \u00e0s 13h00, sobre p\u00e3es e plantas aliment\u00edcias n\u00e3o convencionais!<\/p><p>Vem participar com a gente!<\/p>\t\t\t\t\t\t<\/div>\n\t\t\t\t<\/div>\n\t\t\t\t<div class=\"elementor-element elementor-element-3875e76 elementor-align-center elementor-hidden-desktop elementor-hidden-tablet elementor-hidden-mobile elementor-widget elementor-widget-button\" data-id=\"3875e76\" data-element_type=\"widget\" data-widget_type=\"button.default\">\n\t\t\t\t<div class=\"elementor-widget-container\">\n\t\t\t\t\t\t\t<div class=\"elementor-button-wrapper\">\n\t\t\t\t\t<a class=\"elementor-button elementor-button-link elementor-size-sm\" href=\"https:\/\/www.sympla.com.br\/evento\/oficina-culinaria-paes-e-panc-usp-sustentabilidade\/2124350\">\n\t\t\t\t\t\t<span class=\"elementor-button-content-wrapper\">\n\t\t\t\t\t\t\t\t\t<span class=\"elementor-button-text\">Inscreva-se<\/span>\n\t\t\t\t\t<\/span>\n\t\t\t\t\t<\/a>\n\t\t\t\t<\/div>\n\t\t\t\t\t\t<\/div>\n\t\t\t\t<\/div>\n\t\t\t\t\t<\/div>\n\t\t<\/div>\n\t\t\t\t<div class=\"elementor-column elementor-col-33 elementor-top-column elementor-element elementor-element-366bd9f5\" data-id=\"366bd9f5\" data-element_type=\"column\">\n\t\t\t<div class=\"elementor-widget-wrap elementor-element-populated\">\n\t\t\t\t\t\t<div class=\"elementor-element elementor-element-3a8e1747 elementor-widget elementor-widget-image\" data-id=\"3a8e1747\" data-element_type=\"widget\" data-widget_type=\"image.default\">\n\t\t\t\t<div class=\"elementor-widget-container\">\n\t\t\t\t\t\t\t\t\t\t\t\t\t<img fetchpriority=\"high\" decoding=\"async\" width=\"1080\" height=\"1080\" src=\"https:\/\/sites.usp.br\/uspsustentabilidade\/wp-content\/uploads\/sites\/1253\/2023\/08\/Oficina-culinaria-2408.png\" class=\"elementor-animation-grow attachment-full size-full wp-image-362\" alt=\"\" srcset=\"https:\/\/sites.usp.br\/uspsustentabilidade\/wp-content\/uploads\/sites\/1253\/2023\/08\/Oficina-culinaria-2408.png 1080w, https:\/\/sites.usp.br\/uspsustentabilidade\/wp-content\/uploads\/sites\/1253\/2023\/08\/Oficina-culinaria-2408-300x300.png 300w, https:\/\/sites.usp.br\/uspsustentabilidade\/wp-content\/uploads\/sites\/1253\/2023\/08\/Oficina-culinaria-2408-1024x1024.png 1024w, https:\/\/sites.usp.br\/uspsustentabilidade\/wp-content\/uploads\/sites\/1253\/2023\/08\/Oficina-culinaria-2408-150x150.png 150w, https:\/\/sites.usp.br\/uspsustentabilidade\/wp-content\/uploads\/sites\/1253\/2023\/08\/Oficina-culinaria-2408-768x768.png 768w, https:\/\/sites.usp.br\/uspsustentabilidade\/wp-content\/uploads\/sites\/1253\/2023\/08\/Oficina-culinaria-2408-600x600.png 600w, https:\/\/sites.usp.br\/uspsustentabilidade\/wp-content\/uploads\/sites\/1253\/2023\/08\/Oficina-culinaria-2408-64x64.png 64w, https:\/\/sites.usp.br\/uspsustentabilidade\/wp-content\/uploads\/sites\/1253\/2023\/08\/Oficina-culinaria-2408-45x45.png 45w\" sizes=\"(max-width: 1080px) 100vw, 1080px\" \/>\t\t\t\t\t\t\t\t\t\t\t\t\t<\/div>\n\t\t\t\t<\/div>\n\t\t\t\t<div class=\"elementor-element elementor-element-76a17cd1 elementor-widget elementor-widget-text-editor\" data-id=\"76a17cd1\" data-element_type=\"widget\" data-widget_type=\"text-editor.default\">\n\t\t\t\t<div class=\"elementor-widget-container\">\n\t\t\t\t\t\t\t<p>A oficina ser\u00e1 realizada com 20 pessoas, por\u00e9m teremos uma lista de espera. Uma mensagem de confirma\u00e7\u00e3o ser\u00e1 enviada com 3 dias de anteced\u00eancia do evento para confirmar a participa\u00e7\u00e3o. Caso a pessoa n\u00e3o confirme, iremos chamar a pr\u00f3xima da lista.<\/p>\t\t\t\t\t\t<\/div>\n\t\t\t\t<\/div>\n\t\t\t\t\t<\/div>\n\t\t<\/div>\n\t\t\t\t<div class=\"elementor-column elementor-col-33 elementor-top-column elementor-element elementor-element-4798cb7f\" data-id=\"4798cb7f\" data-element_type=\"column\">\n\t\t\t<div class=\"elementor-widget-wrap elementor-element-populated\">\n\t\t\t\t\t\t<div class=\"elementor-element elementor-element-2f9a6e0a elementor-widget elementor-widget-text-editor\" data-id=\"2f9a6e0a\" data-element_type=\"widget\" data-widget_type=\"text-editor.default\">\n\t\t\t\t<div class=\"elementor-widget-container\">\n\t\t\t\t\t\t\t<p style=\"text-align: left;\">P\u00fablico-alvo: Comunidade USP e p\u00fablico em geral<br \/>N\u00famero de vagas: 20<br \/>Local: Espa\u00e7o NURI\/Multiuso do CEPEUSP (ser\u00e1 enviada a instru\u00e7\u00e3o sobre como chegar no local dentro do CEPE, onde a atividade ser\u00e1 realizada, por WhatsApp).<\/p>\t\t\t\t\t\t<\/div>\n\t\t\t\t<\/div>\n\t\t\t\t<div class=\"elementor-element elementor-element-65a7ae51 elementor-widget elementor-widget-image\" data-id=\"65a7ae51\" data-element_type=\"widget\" data-widget_type=\"image.default\">\n\t\t\t\t<div class=\"elementor-widget-container\">\n\t\t\t\t\t\t\t\t\t\t\t\t\t<img decoding=\"async\" width=\"1080\" height=\"1080\" src=\"https:\/\/sites.usp.br\/uspsustentabilidade\/wp-content\/uploads\/sites\/1253\/2023\/08\/Oficina-culinaria-2408-1.png\" class=\"elementor-animation-grow attachment-full size-full wp-image-361\" alt=\"\" srcset=\"https:\/\/sites.usp.br\/uspsustentabilidade\/wp-content\/uploads\/sites\/1253\/2023\/08\/Oficina-culinaria-2408-1.png 1080w, https:\/\/sites.usp.br\/uspsustentabilidade\/wp-content\/uploads\/sites\/1253\/2023\/08\/Oficina-culinaria-2408-1-300x300.png 300w, https:\/\/sites.usp.br\/uspsustentabilidade\/wp-content\/uploads\/sites\/1253\/2023\/08\/Oficina-culinaria-2408-1-1024x1024.png 1024w, https:\/\/sites.usp.br\/uspsustentabilidade\/wp-content\/uploads\/sites\/1253\/2023\/08\/Oficina-culinaria-2408-1-150x150.png 150w, https:\/\/sites.usp.br\/uspsustentabilidade\/wp-content\/uploads\/sites\/1253\/2023\/08\/Oficina-culinaria-2408-1-768x768.png 768w, https:\/\/sites.usp.br\/uspsustentabilidade\/wp-content\/uploads\/sites\/1253\/2023\/08\/Oficina-culinaria-2408-1-600x600.png 600w, https:\/\/sites.usp.br\/uspsustentabilidade\/wp-content\/uploads\/sites\/1253\/2023\/08\/Oficina-culinaria-2408-1-64x64.png 64w, https:\/\/sites.usp.br\/uspsustentabilidade\/wp-content\/uploads\/sites\/1253\/2023\/08\/Oficina-culinaria-2408-1-45x45.png 45w\" sizes=\"(max-width: 1080px) 100vw, 1080px\" \/>\t\t\t\t\t\t\t\t\t\t\t\t\t<\/div>\n\t\t\t\t<\/div>\n\t\t\t\t\t<\/div>\n\t\t<\/div>\n\t\t\t\t\t<\/div>\n\t\t<\/section>\n\t\t\t\t<\/div>\n\t\t","protected":false},"excerpt":{"rendered":"<p>Pr\u00f3ximas Atividades Em breve | Acompanhe as novidade tamb\u00e9m no Instagram Oficina Culin\u00e1ria P\u00e3es &#038; PANC O USP Sustentabilidade e o Sustentarea apresentam mais uma oficina culin\u00e1ria, que ocorrer\u00e1 dia 24\/08, \u00e0s 13h00, sobre p\u00e3es e plantas aliment\u00edcias n\u00e3o convencionais! Vem participar com a gente! Inscreva-se A oficina ser\u00e1 realizada com 20 pessoas, por\u00e9m teremos [&hellip;]<\/p>\n","protected":false},"author":23627,"featured_media":0,"parent":0,"menu_order":0,"comment_status":"closed","ping_status":"closed","template":"elementor_header_footer","meta":{"ocean_post_layout":"","ocean_both_sidebars_style":"","ocean_both_sidebars_content_width":0,"ocean_both_sidebars_sidebars_width":0,"ocean_sidebar":"0","ocean_second_sidebar":"0","ocean_disable_margins":"enable","ocean_add_body_class":"","ocean_shortcode_before_top_bar":"","ocean_shortcode_after_top_bar":"","ocean_shortcode_before_header":"","ocean_shortcode_after_header":"","ocean_has_shortcode":"","ocean_shortcode_after_title":"","ocean_shortcode_before_footer_widgets":"","ocean_shortcode_after_footer_widgets":"","ocean_shortcode_before_footer_bottom":"","ocean_shortcode_after_footer_bottom":"","ocean_display_top_bar":"default","ocean_display_header":"default","ocean_header_style":"","ocean_center_header_left_menu":"0","ocean_custom_header_template":"0","ocean_custom_logo":0,"ocean_custom_retina_logo":0,"ocean_custom_logo_max_width":0,"ocean_custom_logo_tablet_max_width":0,"ocean_custom_logo_mobile_max_width":0,"ocean_custom_logo_max_height":0,"ocean_custom_logo_tablet_max_height":0,"ocean_custom_logo_mobile_max_height":0,"ocean_header_custom_menu":"0","ocean_menu_typo_font_family":"0","ocean_menu_typo_font_subset":"","ocean_menu_typo_font_size":0,"ocean_menu_typo_font_size_tablet":0,"ocean_menu_typo_font_size_mobile":0,"ocean_menu_typo_font_size_unit":"px","ocean_menu_typo_font_weight":"","ocean_menu_typo_font_weight_tablet":"","ocean_menu_typo_font_weight_mobile":"","ocean_menu_typo_transform":"","ocean_menu_typo_transform_tablet":"","ocean_menu_typo_transform_mobile":"","ocean_menu_typo_line_height":0,"ocean_menu_typo_line_height_tablet":0,"ocean_menu_typo_line_height_mobile":0,"ocean_menu_typo_line_height_unit":"","ocean_menu_typo_spacing":0,"ocean_menu_typo_spacing_tablet":0,"ocean_menu_typo_spacing_mobile":0,"ocean_menu_typo_spacing_unit":"","ocean_menu_link_color":"","ocean_menu_link_color_hover":"","ocean_menu_link_color_active":"","ocean_menu_link_background":"","ocean_menu_link_hover_background":"","ocean_menu_link_active_background":"","ocean_menu_social_links_bg":"","ocean_menu_social_hover_links_bg":"","ocean_menu_social_links_color":"","ocean_menu_social_hover_links_color":"","ocean_disable_title":"default","ocean_disable_heading":"default","ocean_post_title":"","ocean_post_subheading":"","ocean_post_title_style":"","ocean_post_title_background_color":"","ocean_post_title_background":0,"ocean_post_title_bg_image_position":"","ocean_post_title_bg_image_attachment":"","ocean_post_title_bg_image_repeat":"","ocean_post_title_bg_image_size":"","ocean_post_title_height":0,"ocean_post_title_bg_overlay":0.5,"ocean_post_title_bg_overlay_color":"","ocean_disable_breadcrumbs":"default","ocean_breadcrumbs_color":"","ocean_breadcrumbs_separator_color":"","ocean_breadcrumbs_links_color":"","ocean_breadcrumbs_links_hover_color":"","ocean_display_footer_widgets":"default","ocean_display_footer_bottom":"default","ocean_custom_footer_template":"0","footnotes":"","_links_to":"","_links_to_target":""},"class_list":["post-96","page","type-page","status-publish","hentry","entry"],"_links":{"self":[{"href":"https:\/\/sites.usp.br\/uspsustentabilidade\/wp-json\/wp\/v2\/pages\/96","targetHints":{"allow":["GET"]}}],"collection":[{"href":"https:\/\/sites.usp.br\/uspsustentabilidade\/wp-json\/wp\/v2\/pages"}],"about":[{"href":"https:\/\/sites.usp.br\/uspsustentabilidade\/wp-json\/wp\/v2\/types\/page"}],"author":[{"embeddable":true,"href":"https:\/\/sites.usp.br\/uspsustentabilidade\/wp-json\/wp\/v2\/users\/23627"}],"replies":[{"embeddable":true,"href":"https:\/\/sites.usp.br\/uspsustentabilidade\/wp-json\/wp\/v2\/comments?post=96"}],"version-history":[{"count":4,"href":"https:\/\/sites.usp.br\/uspsustentabilidade\/wp-json\/wp\/v2\/pages\/96\/revisions"}],"predecessor-version":[{"id":520,"href":"https:\/\/sites.usp.br\/uspsustentabilidade\/wp-json\/wp\/v2\/pages\/96\/revisions\/520"}],"wp:attachment":[{"href":"https:\/\/sites.usp.br\/uspsustentabilidade\/wp-json\/wp\/v2\/media?parent=96"}],"curies":[{"name":"wp","href":"https:\/\/api.w.org\/{rel}","templated":true}]}}