{"id":2325,"date":"2021-07-29T11:56:43","date_gmt":"2021-07-29T14:56:43","guid":{"rendered":"https:\/\/sites.usp.br\/labartemidia\/?page_id=2325"},"modified":"2021-08-20T17:16:11","modified_gmt":"2021-08-20T20:16:11","slug":"rinlo","status":"publish","type":"page","link":"https:\/\/sites.usp.br\/xrealityusp\/2021-mostra-raindance\/rinlo\/","title":{"rendered":"Rinlo by Gurashop"},"content":{"rendered":"\t\t<div data-elementor-type=\"wp-page\" data-elementor-id=\"2325\" class=\"elementor elementor-2325\" data-elementor-post-type=\"page\">\n\t\t\t\t\t\t<section class=\"elementor-section elementor-top-section elementor-element elementor-element-2de1cfd elementor-section-stretched elementor-section-content-middle elementor-section-boxed elementor-section-height-default elementor-section-height-default\" data-id=\"2de1cfd\" data-element_type=\"section\" data-settings=\"{&quot;stretch_section&quot;:&quot;section-stretched&quot;}\">\n\t\t\t\t\t\t<div class=\"elementor-container elementor-column-gap-default\">\n\t\t\t\t\t<div class=\"elementor-column elementor-col-33 elementor-top-column elementor-element elementor-element-a77bdd8\" data-id=\"a77bdd8\" data-element_type=\"column\">\n\t\t\t<div class=\"elementor-widget-wrap elementor-element-populated\">\n\t\t\t\t\t\t<div class=\"elementor-element elementor-element-fff734e elementor-widget elementor-widget-global elementor-global-2418 elementor-widget-image\" data-id=\"fff734e\" data-element_type=\"widget\" data-widget_type=\"image.default\">\n\t\t\t\t<div class=\"elementor-widget-container\">\n\t\t\t\t\t\t\t\t\t\t\t\t\t\t<a href=\"https:\/\/sites.usp.br\/labartemidia\/x-reality-2022\/\">\n\t\t\t\t\t\t\t<img fetchpriority=\"high\" decoding=\"async\" width=\"475\" height=\"135\" src=\"https:\/\/sites.usp.br\/xrealityusp\/wp-content\/uploads\/sites\/1211\/2021\/07\/XREALITY-LOGO-ROXO-1.png\" class=\"attachment-full size-full wp-image-2211\" alt=\"\" srcset=\"https:\/\/sites.usp.br\/xrealityusp\/wp-content\/uploads\/sites\/1211\/2021\/07\/XREALITY-LOGO-ROXO-1.png 475w, https:\/\/sites.usp.br\/xrealityusp\/wp-content\/uploads\/sites\/1211\/2021\/07\/XREALITY-LOGO-ROXO-1-300x85.png 300w\" sizes=\"(max-width: 475px) 100vw, 475px\" \/>\t\t\t\t\t\t\t\t<\/a>\n\t\t\t\t\t\t\t\t\t\t\t\t\t<\/div>\n\t\t\t\t<\/div>\n\t\t\t\t\t<\/div>\n\t\t<\/div>\n\t\t\t\t<div class=\"elementor-column elementor-col-66 elementor-top-column elementor-element elementor-element-34ce52d\" data-id=\"34ce52d\" data-element_type=\"column\">\n\t\t\t<div class=\"elementor-widget-wrap elementor-element-populated\">\n\t\t\t\t\t\t<div class=\"elementor-element elementor-element-4618d51 elementor-nav-menu__align-end elementor-nav-menu--dropdown-tablet elementor-nav-menu__text-align-aside elementor-nav-menu--toggle elementor-nav-menu--burger elementor-widget elementor-widget-global elementor-global-2414 elementor-widget-nav-menu\" data-id=\"4618d51\" data-element_type=\"widget\" data-settings=\"{&quot;layout&quot;:&quot;horizontal&quot;,&quot;submenu_icon&quot;:{&quot;value&quot;:&quot;fas fa-caret-down&quot;,&quot;library&quot;:&quot;fa-solid&quot;},&quot;toggle&quot;:&quot;burger&quot;}\" data-widget_type=\"nav-menu.default\">\n\t\t\t\t<div class=\"elementor-widget-container\">\n\t\t\t\t\t\t<nav aria-label=\"Menu\" class=\"elementor-nav-menu--main elementor-nav-menu__container elementor-nav-menu--layout-horizontal e--pointer-none\">\n\t\t\t\t<ul id=\"menu-1-4618d51\" class=\"elementor-nav-menu\"><li class=\"menu-item menu-item-type-post_type menu-item-object-page menu-item-has-children menu-item-3293\"><a href=\"https:\/\/sites.usp.br\/xrealityusp\/2021-pt\/\" class=\"elementor-item\">Portugu\u00eas<\/a>\n<ul class=\"sub-menu elementor-nav-menu--dropdown\">\n\t<li class=\"menu-item menu-item-type-post_type menu-item-object-page menu-item-2248\"><a href=\"https:\/\/sites.usp.br\/xrealityusp\/2021-pt\/\" class=\"elementor-sub-item\">Sobre<\/a><\/li>\n\t<li class=\"menu-item menu-item-type-post_type menu-item-object-page menu-item-2262\"><a href=\"https:\/\/sites.usp.br\/xrealityusp\/2021-conferencia\/\" class=\"elementor-sub-item\">Confer\u00eancia<\/a><\/li>\n\t<li class=\"menu-item menu-item-type-post_type menu-item-object-page menu-item-2247\"><a href=\"https:\/\/sites.usp.br\/xrealityusp\/2021-mostra-raindance\/\" class=\"elementor-sub-item\">Mostra Raindance<\/a><\/li>\n\t<li class=\"menu-item menu-item-type-post_type menu-item-object-page menu-item-2720\"><a href=\"https:\/\/sites.usp.br\/xrealityusp\/2021-mostra-nacional\/\" class=\"elementor-sub-item\">Mostra Nacional<\/a><\/li>\n<\/ul>\n<\/li>\n<li class=\"menu-item menu-item-type-post_type menu-item-object-page menu-item-has-children menu-item-3292\"><a href=\"https:\/\/sites.usp.br\/xrealityusp\/2021-conference\/\" class=\"elementor-item\">English<\/a>\n<ul class=\"sub-menu elementor-nav-menu--dropdown\">\n\t<li class=\"menu-item menu-item-type-post_type menu-item-object-page menu-item-3290\"><a href=\"https:\/\/sites.usp.br\/xrealityusp\/2021-en\/\" class=\"elementor-sub-item\">About<\/a><\/li>\n\t<li class=\"menu-item menu-item-type-post_type menu-item-object-page menu-item-3291\"><a href=\"https:\/\/sites.usp.br\/xrealityusp\/2021-conference\/\" class=\"elementor-sub-item\">Conference<\/a><\/li>\n\t<li class=\"menu-item menu-item-type-post_type menu-item-object-page menu-item-3289\"><a href=\"https:\/\/sites.usp.br\/xrealityusp\/2021-national-exhibition\/\" class=\"elementor-sub-item\">National Exhibition<\/a><\/li>\n<\/ul>\n<\/li>\n<\/ul>\t\t\t<\/nav>\n\t\t\t\t\t<div class=\"elementor-menu-toggle\" role=\"button\" tabindex=\"0\" aria-label=\"Alternar menu\" aria-expanded=\"false\">\n\t\t\t<i aria-hidden=\"true\" role=\"presentation\" class=\"elementor-menu-toggle__icon--open eicon-menu-bar\"><\/i><i aria-hidden=\"true\" role=\"presentation\" class=\"elementor-menu-toggle__icon--close eicon-close\"><\/i>\t\t\t<span class=\"elementor-screen-only\">Menu<\/span>\n\t\t<\/div>\n\t\t\t\t\t<nav class=\"elementor-nav-menu--dropdown elementor-nav-menu__container\" aria-hidden=\"true\">\n\t\t\t\t<ul id=\"menu-2-4618d51\" class=\"elementor-nav-menu\"><li class=\"menu-item menu-item-type-post_type menu-item-object-page menu-item-has-children menu-item-3293\"><a href=\"https:\/\/sites.usp.br\/xrealityusp\/2021-pt\/\" class=\"elementor-item\" tabindex=\"-1\">Portugu\u00eas<\/a>\n<ul class=\"sub-menu elementor-nav-menu--dropdown\">\n\t<li class=\"menu-item menu-item-type-post_type menu-item-object-page menu-item-2248\"><a href=\"https:\/\/sites.usp.br\/xrealityusp\/2021-pt\/\" class=\"elementor-sub-item\" tabindex=\"-1\">Sobre<\/a><\/li>\n\t<li class=\"menu-item menu-item-type-post_type menu-item-object-page menu-item-2262\"><a href=\"https:\/\/sites.usp.br\/xrealityusp\/2021-conferencia\/\" class=\"elementor-sub-item\" tabindex=\"-1\">Confer\u00eancia<\/a><\/li>\n\t<li class=\"menu-item menu-item-type-post_type menu-item-object-page menu-item-2247\"><a href=\"https:\/\/sites.usp.br\/xrealityusp\/2021-mostra-raindance\/\" class=\"elementor-sub-item\" tabindex=\"-1\">Mostra Raindance<\/a><\/li>\n\t<li class=\"menu-item menu-item-type-post_type menu-item-object-page menu-item-2720\"><a href=\"https:\/\/sites.usp.br\/xrealityusp\/2021-mostra-nacional\/\" class=\"elementor-sub-item\" tabindex=\"-1\">Mostra Nacional<\/a><\/li>\n<\/ul>\n<\/li>\n<li class=\"menu-item menu-item-type-post_type menu-item-object-page menu-item-has-children menu-item-3292\"><a href=\"https:\/\/sites.usp.br\/xrealityusp\/2021-conference\/\" class=\"elementor-item\" tabindex=\"-1\">English<\/a>\n<ul class=\"sub-menu elementor-nav-menu--dropdown\">\n\t<li class=\"menu-item menu-item-type-post_type menu-item-object-page menu-item-3290\"><a href=\"https:\/\/sites.usp.br\/xrealityusp\/2021-en\/\" class=\"elementor-sub-item\" tabindex=\"-1\">About<\/a><\/li>\n\t<li class=\"menu-item menu-item-type-post_type menu-item-object-page menu-item-3291\"><a href=\"https:\/\/sites.usp.br\/xrealityusp\/2021-conference\/\" class=\"elementor-sub-item\" tabindex=\"-1\">Conference<\/a><\/li>\n\t<li class=\"menu-item menu-item-type-post_type menu-item-object-page menu-item-3289\"><a href=\"https:\/\/sites.usp.br\/xrealityusp\/2021-national-exhibition\/\" class=\"elementor-sub-item\" tabindex=\"-1\">National Exhibition<\/a><\/li>\n<\/ul>\n<\/li>\n<\/ul>\t\t\t<\/nav>\n\t\t\t\t<\/div>\n\t\t\t\t<\/div>\n\t\t\t\t\t<\/div>\n\t\t<\/div>\n\t\t\t\t\t<\/div>\n\t\t<\/section>\n\t\t\t\t<section class=\"elementor-section elementor-top-section elementor-element elementor-element-9f4dd4c elementor-section-stretched elementor-section-boxed elementor-section-height-default elementor-section-height-default\" data-id=\"9f4dd4c\" data-element_type=\"section\" data-settings=\"{&quot;stretch_section&quot;:&quot;section-stretched&quot;}\">\n\t\t\t\t\t\t<div class=\"elementor-container elementor-column-gap-default\">\n\t\t\t\t\t<div class=\"elementor-column elementor-col-100 elementor-top-column elementor-element elementor-element-bdef7d1\" data-id=\"bdef7d1\" data-element_type=\"column\">\n\t\t\t<div class=\"elementor-widget-wrap elementor-element-populated\">\n\t\t\t\t\t\t<div class=\"elementor-element elementor-element-56b6172 elementor-widget elementor-widget-video\" data-id=\"56b6172\" data-element_type=\"widget\" data-settings=\"{&quot;youtube_url&quot;:&quot;https:\\\/\\\/www.youtube.com\\\/watch?v=TrB4KC1R9lg&quot;,&quot;modestbranding&quot;:&quot;yes&quot;,&quot;show_image_overlay&quot;:&quot;yes&quot;,&quot;image_overlay&quot;:{&quot;url&quot;:&quot;https:\\\/\\\/sites.usp.br\\\/labartemidia\\\/wp-content\\\/uploads\\\/sites\\\/472\\\/2021\\\/07\\\/image235d45.png&quot;,&quot;id&quot;:2164,&quot;size&quot;:&quot;&quot;,&quot;alt&quot;:&quot;&quot;,&quot;source&quot;:&quot;library&quot;},&quot;video_type&quot;:&quot;youtube&quot;,&quot;controls&quot;:&quot;yes&quot;}\" data-widget_type=\"video.default\">\n\t\t\t\t<div class=\"elementor-widget-container\">\n\t\t\t\t\t<div class=\"elementor-wrapper elementor-open-inline\">\n\t\t\t<div class=\"elementor-video\"><\/div>\t\t\t\t<div class=\"elementor-custom-embed-image-overlay\" style=\"background-image: url(https:\/\/sites.usp.br\/xrealityusp\/wp-content\/uploads\/sites\/1211\/2021\/07\/image235d45.png);\">\n\t\t\t\t\t\t\t\t\t\t\t\t\t\t\t\t<div class=\"elementor-custom-embed-play\" role=\"button\" aria-label=\"Reproduzir v\u00eddeo\" tabindex=\"0\">\n\t\t\t\t\t\t\t<i aria-hidden=\"true\" class=\"eicon-play\"><\/i>\t\t\t\t\t\t\t<span class=\"elementor-screen-only\">Reproduzir v\u00eddeo<\/span>\n\t\t\t\t\t\t<\/div>\n\t\t\t\t\t\t\t\t\t<\/div>\n\t\t\t\t\t<\/div>\n\t\t\t\t<\/div>\n\t\t\t\t<\/div>\n\t\t\t\t<div class=\"elementor-element elementor-element-c9d87bc elementor-widget elementor-widget-spacer\" data-id=\"c9d87bc\" data-element_type=\"widget\" data-widget_type=\"spacer.default\">\n\t\t\t\t<div class=\"elementor-widget-container\">\n\t\t\t\t\t<div class=\"elementor-spacer\">\n\t\t\t<div class=\"elementor-spacer-inner\"><\/div>\n\t\t<\/div>\n\t\t\t\t<\/div>\n\t\t\t\t<\/div>\n\t\t\t\t<div class=\"elementor-element elementor-element-8c16842 elementor-widget elementor-widget-text-editor\" data-id=\"8c16842\" data-element_type=\"widget\" data-widget_type=\"text-editor.default\">\n\t\t\t\t<div class=\"elementor-widget-container\">\n\t\t\t\t\t\t\t<h1 class=\"preFade fadeIn\" style=\"text-align: left;\">RINLO BY GURASHOP<\/h1><p style=\"text-align: left;\">\u00a0<\/p><p class=\"preFade fadeIn\" style=\"text-align: left;\"><strong>Pa\u00eds de produ\u00e7\u00e3o:<\/strong> Espanha<\/p><p class=\"preFade fadeIn\" style=\"text-align: left;\"><strong>Ano de lan\u00e7amento: <\/strong>2020<\/p><p class=\"preFade fadeIn\" style=\"text-align: left;\"><strong>Formato:<\/strong> VR<\/p><p class=\"preFade fadeIn\" style=\"text-align: left;\"><strong>G\u00eanero:<\/strong> Videogame\u00a0<\/p><p class=\"preFade fadeIn\" style=\"text-align: left;\"><strong>Dura\u00e7\u00e3o:<\/strong> 30- 210 min<\/p><p class=\"preFade fadeIn\" style=\"text-align: left;\"><strong>Sinopse: <\/strong>Guie Agatha em sua \u00e9pica aventura resolvendo puzzles e explorando um mundo imersivo nessa distopia steampunk.<\/p><p class=\"preFade fadeIn\" style=\"text-align: left;\"><strong>Criador: <\/strong>Eduardo Cebri\u00e1n<\/p><p class=\"preFade fadeIn\" style=\"text-align: left;\"><strong>Plataformas<\/strong><b>:<\/b> Viveport<\/p><p class=\"preFade fadeIn\" style=\"text-align: left;\"><strong>Sele\u00e7\u00f5es e pr\u00eamios: <\/strong>Discovery Award: Melhor estreia<\/p>\t\t\t\t\t\t<\/div>\n\t\t\t\t<\/div>\n\t\t\t\t<div class=\"elementor-element elementor-element-356ce0e elementor-widget elementor-widget-spacer\" data-id=\"356ce0e\" data-element_type=\"widget\" data-widget_type=\"spacer.default\">\n\t\t\t\t<div class=\"elementor-widget-container\">\n\t\t\t\t\t<div class=\"elementor-spacer\">\n\t\t\t<div class=\"elementor-spacer-inner\"><\/div>\n\t\t<\/div>\n\t\t\t\t<\/div>\n\t\t\t\t<\/div>\n\t\t\t\t\t<\/div>\n\t\t<\/div>\n\t\t\t\t\t<\/div>\n\t\t<\/section>\n\t\t\t\t<\/div>\n\t\t","protected":false},"excerpt":{"rendered":"<p>RINLO BY GURASHOP \u00a0 Pa\u00eds de produ\u00e7\u00e3o: Espanha Ano de lan\u00e7amento: 2020 Formato: VR G\u00eanero: Videogame\u00a0 Dura\u00e7\u00e3o: 30- 210 min Sinopse: Guie Agatha em sua \u00e9pica aventura resolvendo puzzles e explorando um mundo imersivo nessa distopia steampunk. Criador: Eduardo Cebri\u00e1n Plataformas: Viveport Sele\u00e7\u00f5es e pr\u00eamios: Discovery Award: Melhor estreia<\/p>\n","protected":false},"author":856,"featured_media":2164,"parent":2230,"menu_order":0,"comment_status":"closed","ping_status":"closed","template":"elementor_canvas","meta":{"_monsterinsights_skip_tracking":false,"_monsterinsights_sitenote_active":false,"_monsterinsights_sitenote_note":"","_monsterinsights_sitenote_category":0,"footnotes":"","_links_to":"","_links_to_target":""},"class_list":["post-2325","page","type-page","status-publish","has-post-thumbnail","hentry"],"_links":{"self":[{"href":"https:\/\/sites.usp.br\/xrealityusp\/wp-json\/wp\/v2\/pages\/2325","targetHints":{"allow":["GET"]}}],"collection":[{"href":"https:\/\/sites.usp.br\/xrealityusp\/wp-json\/wp\/v2\/pages"}],"about":[{"href":"https:\/\/sites.usp.br\/xrealityusp\/wp-json\/wp\/v2\/types\/page"}],"author":[{"embeddable":true,"href":"https:\/\/sites.usp.br\/xrealityusp\/wp-json\/wp\/v2\/users\/856"}],"replies":[{"embeddable":true,"href":"https:\/\/sites.usp.br\/xrealityusp\/wp-json\/wp\/v2\/comments?post=2325"}],"version-history":[{"count":4,"href":"https:\/\/sites.usp.br\/xrealityusp\/wp-json\/wp\/v2\/pages\/2325\/revisions"}],"predecessor-version":[{"id":2819,"href":"https:\/\/sites.usp.br\/xrealityusp\/wp-json\/wp\/v2\/pages\/2325\/revisions\/2819"}],"up":[{"embeddable":true,"href":"https:\/\/sites.usp.br\/xrealityusp\/wp-json\/wp\/v2\/pages\/2230"}],"wp:featuredmedia":[{"embeddable":true,"href":"https:\/\/sites.usp.br\/xrealityusp\/wp-json\/wp\/v2\/media\/2164"}],"wp:attachment":[{"href":"https:\/\/sites.usp.br\/xrealityusp\/wp-json\/wp\/v2\/media?parent=2325"}],"curies":[{"name":"wp","href":"https:\/\/api.w.org\/{rel}","templated":true}]}}