{"id":3559,"date":"2022-11-09T14:53:47","date_gmt":"2022-11-09T17:53:47","guid":{"rendered":"https:\/\/sites.usp.br\/xrealityuspnew\/?page_id=3559"},"modified":"2024-09-17T13:52:12","modified_gmt":"2024-09-17T16:52:12","slug":"x-reality-usp","status":"publish","type":"page","link":"https:\/\/sites.usp.br\/xrealityusp\/","title":{"rendered":"X-Reality USP"},"content":{"rendered":"\t\t<div data-elementor-type=\"wp-page\" data-elementor-id=\"3559\" class=\"elementor elementor-3559\" data-elementor-post-type=\"page\">\n\t\t\t\t\t\t<section class=\"elementor-section elementor-top-section elementor-element elementor-element-9021bed elementor-section-boxed elementor-section-height-default elementor-section-height-default\" data-id=\"9021bed\" data-element_type=\"section\">\n\t\t\t\t\t\t<div class=\"elementor-container elementor-column-gap-default\">\n\t\t\t\t\t<div class=\"elementor-column elementor-col-100 elementor-top-column elementor-element elementor-element-53efbda\" data-id=\"53efbda\" data-element_type=\"column\">\n\t\t\t<div class=\"elementor-widget-wrap elementor-element-populated\">\n\t\t\t\t\t\t<div class=\"elementor-element elementor-element-8570040 elementor-widget elementor-widget-spacer\" data-id=\"8570040\" data-element_type=\"widget\" data-widget_type=\"spacer.default\">\n\t\t\t\t<div class=\"elementor-widget-container\">\n\t\t\t\t\t<div class=\"elementor-spacer\">\n\t\t\t<div class=\"elementor-spacer-inner\"><\/div>\n\t\t<\/div>\n\t\t\t\t<\/div>\n\t\t\t\t<\/div>\n\t\t\t\t<div class=\"elementor-element elementor-element-bb13002 elementor-widget elementor-widget-heading\" data-id=\"bb13002\" data-element_type=\"widget\" data-widget_type=\"heading.default\">\n\t\t\t\t<div class=\"elementor-widget-container\">\n\t\t\t<h5 class=\"elementor-heading-title elementor-size-default\"><a href=\"http:\/\/sites.usp.br\/labartemidia\">Voltar ao site do LabArteM\u00eddia<\/a><\/h5>\t\t<\/div>\n\t\t\t\t<\/div>\n\t\t\t\t<div class=\"elementor-element elementor-element-10c1f6d elementor-widget elementor-widget-image\" data-id=\"10c1f6d\" data-element_type=\"widget\" data-widget_type=\"image.default\">\n\t\t\t\t<div class=\"elementor-widget-container\">\n\t\t\t\t\t\t\t\t\t\t\t\t\t<img fetchpriority=\"high\" decoding=\"async\" width=\"640\" height=\"183\" src=\"https:\/\/sites.usp.br\/xrealityusp\/wp-content\/uploads\/sites\/1211\/2021\/08\/XREALITY-LOGO-e1668019863609-1024x292.png\" class=\"attachment-large size-large wp-image-2917\" alt=\"\" srcset=\"https:\/\/sites.usp.br\/xrealityusp\/wp-content\/uploads\/sites\/1211\/2021\/08\/XREALITY-LOGO-e1668019863609-1024x292.png 1024w, https:\/\/sites.usp.br\/xrealityusp\/wp-content\/uploads\/sites\/1211\/2021\/08\/XREALITY-LOGO-e1668019863609-300x85.png 300w, https:\/\/sites.usp.br\/xrealityusp\/wp-content\/uploads\/sites\/1211\/2021\/08\/XREALITY-LOGO-e1668019863609-768x219.png 768w, https:\/\/sites.usp.br\/xrealityusp\/wp-content\/uploads\/sites\/1211\/2021\/08\/XREALITY-LOGO-e1668019863609-1536x438.png 1536w, https:\/\/sites.usp.br\/xrealityusp\/wp-content\/uploads\/sites\/1211\/2021\/08\/XREALITY-LOGO-e1668019863609-2048x583.png 2048w\" sizes=\"(max-width: 640px) 100vw, 640px\" \/>\t\t\t\t\t\t\t\t\t\t\t\t\t<\/div>\n\t\t\t\t<\/div>\n\t\t\t\t<div class=\"elementor-element elementor-element-12413dd elementor-widget elementor-widget-text-editor\" data-id=\"12413dd\" data-element_type=\"widget\" data-widget_type=\"text-editor.default\">\n\t\t\t\t<div class=\"elementor-widget-container\">\n\t\t\t\t\t\t\t<div class=\"elementor-element elementor-element-896b6cc elementor-widget elementor-widget-text-editor\" data-id=\"896b6cc\" data-element_type=\"widget\" data-widget_type=\"text-editor.default\"><div class=\"elementor-widget-container\"><div class=\"elementor-text-editor elementor-clearfix\"><p style=\"text-align: left;\"><strong>X-REALITY USP<\/strong>\u00a0\u00e9 um evento dedicado a apresentar e discutir produ\u00e7\u00f5es recentes em X-Reality, nacionais e internacionais, atrav\u00e9s de confer\u00eancias, talks, mesas-redondas, show case e workshops.<\/p><p style=\"text-align: left;\">Pesquisadores, artistas, produtores e representantes do setor de tecnologia analisam e debatem contribui\u00e7\u00f5es na linguagem, desenvolvimento, realiza\u00e7\u00e3o e distribui\u00e7\u00e3o de conte\u00fados audiovisuais em plataformas interativas e imersivas, em experi\u00eancias de realidade virtual, realidade aumentada, realidade mista e video 360.<\/p><\/div><\/div><\/div>\t\t\t\t\t\t<\/div>\n\t\t\t\t<\/div>\n\t\t\t\t<section class=\"elementor-section elementor-inner-section elementor-element elementor-element-94da3b0 elementor-section-boxed elementor-section-height-default elementor-section-height-default\" data-id=\"94da3b0\" data-element_type=\"section\">\n\t\t\t\t\t\t<div class=\"elementor-container elementor-column-gap-default\">\n\t\t\t\t\t<div class=\"elementor-column elementor-col-25 elementor-inner-column elementor-element elementor-element-a0223f1\" data-id=\"a0223f1\" data-element_type=\"column\">\n\t\t\t<div class=\"elementor-widget-wrap elementor-element-populated\">\n\t\t\t\t\t\t<div class=\"elementor-element elementor-element-77f1ae6 elementor-widget elementor-widget-image\" data-id=\"77f1ae6\" data-element_type=\"widget\" data-widget_type=\"image.default\">\n\t\t\t\t<div class=\"elementor-widget-container\">\n\t\t\t\t\t\t\t\t\t\t\t\t\t\t<a href=\"https:\/\/sites.usp.br\/xrealityusp\/2019-pt\/\">\n\t\t\t\t\t\t\t<img decoding=\"async\" width=\"640\" height=\"905\" src=\"https:\/\/sites.usp.br\/xrealityusp\/wp-content\/uploads\/sites\/1211\/2022\/11\/cartaz_com-endereco-724x1024.jpg\" class=\"attachment-large size-large wp-image-3584\" alt=\"\" srcset=\"https:\/\/sites.usp.br\/xrealityusp\/wp-content\/uploads\/sites\/1211\/2022\/11\/cartaz_com-endereco-724x1024.jpg 724w, https:\/\/sites.usp.br\/xrealityusp\/wp-content\/uploads\/sites\/1211\/2022\/11\/cartaz_com-endereco-212x300.jpg 212w, https:\/\/sites.usp.br\/xrealityusp\/wp-content\/uploads\/sites\/1211\/2022\/11\/cartaz_com-endereco-768x1086.jpg 768w, https:\/\/sites.usp.br\/xrealityusp\/wp-content\/uploads\/sites\/1211\/2022\/11\/cartaz_com-endereco.jpg 905w\" sizes=\"(max-width: 640px) 100vw, 640px\" \/>\t\t\t\t\t\t\t\t<\/a>\n\t\t\t\t\t\t\t\t\t\t\t\t\t<\/div>\n\t\t\t\t<\/div>\n\t\t\t\t\t<\/div>\n\t\t<\/div>\n\t\t\t\t<div class=\"elementor-column elementor-col-25 elementor-inner-column elementor-element elementor-element-67369c7\" data-id=\"67369c7\" data-element_type=\"column\">\n\t\t\t<div class=\"elementor-widget-wrap elementor-element-populated\">\n\t\t\t\t\t\t<div class=\"elementor-element elementor-element-0718136 elementor-widget elementor-widget-image\" data-id=\"0718136\" data-element_type=\"widget\" data-widget_type=\"image.default\">\n\t\t\t\t<div class=\"elementor-widget-container\">\n\t\t\t\t\t\t\t\t\t\t\t\t\t\t<a href=\"https:\/\/sites.usp.br\/xrealityusp\/2021-pt\/\">\n\t\t\t\t\t\t\t<img decoding=\"async\" width=\"640\" height=\"897\" src=\"https:\/\/sites.usp.br\/xrealityusp\/wp-content\/uploads\/sites\/1211\/2022\/11\/Cartaz-X-Reality-2021-1-731x1024.jpg\" class=\"attachment-large size-large wp-image-3585\" alt=\"\" srcset=\"https:\/\/sites.usp.br\/xrealityusp\/wp-content\/uploads\/sites\/1211\/2022\/11\/Cartaz-X-Reality-2021-1-731x1024.jpg 731w, https:\/\/sites.usp.br\/xrealityusp\/wp-content\/uploads\/sites\/1211\/2022\/11\/Cartaz-X-Reality-2021-1-214x300.jpg 214w, https:\/\/sites.usp.br\/xrealityusp\/wp-content\/uploads\/sites\/1211\/2022\/11\/Cartaz-X-Reality-2021-1-768x1075.jpg 768w, https:\/\/sites.usp.br\/xrealityusp\/wp-content\/uploads\/sites\/1211\/2022\/11\/Cartaz-X-Reality-2021-1-1097x1536.jpg 1097w, https:\/\/sites.usp.br\/xrealityusp\/wp-content\/uploads\/sites\/1211\/2022\/11\/Cartaz-X-Reality-2021-1-1463x2048.jpg 1463w, https:\/\/sites.usp.br\/xrealityusp\/wp-content\/uploads\/sites\/1211\/2022\/11\/Cartaz-X-Reality-2021-1-scaled.jpg 1828w\" sizes=\"(max-width: 640px) 100vw, 640px\" \/>\t\t\t\t\t\t\t\t<\/a>\n\t\t\t\t\t\t\t\t\t\t\t\t\t<\/div>\n\t\t\t\t<\/div>\n\t\t\t\t\t<\/div>\n\t\t<\/div>\n\t\t\t\t<div class=\"elementor-column elementor-col-25 elementor-inner-column elementor-element elementor-element-8dc7031\" data-id=\"8dc7031\" data-element_type=\"column\">\n\t\t\t<div class=\"elementor-widget-wrap elementor-element-populated\">\n\t\t\t\t\t\t<div class=\"elementor-element elementor-element-77ad32c elementor-widget elementor-widget-image\" data-id=\"77ad32c\" data-element_type=\"widget\" data-widget_type=\"image.default\">\n\t\t\t\t<div class=\"elementor-widget-container\">\n\t\t\t\t\t\t\t\t\t\t\t\t\t\t<a href=\"https:\/\/sites.usp.br\/xrealityusp\/x-reality-usp-2022-sobre\">\n\t\t\t\t\t\t\t<img loading=\"lazy\" decoding=\"async\" width=\"640\" height=\"905\" src=\"https:\/\/sites.usp.br\/xrealityusp\/wp-content\/uploads\/sites\/1211\/2022\/11\/XR2022-CARTAZ-EN-A-724x1024.jpg\" class=\"attachment-large size-large wp-image-3586\" alt=\"\" srcset=\"https:\/\/sites.usp.br\/xrealityusp\/wp-content\/uploads\/sites\/1211\/2022\/11\/XR2022-CARTAZ-EN-A-724x1024.jpg 724w, https:\/\/sites.usp.br\/xrealityusp\/wp-content\/uploads\/sites\/1211\/2022\/11\/XR2022-CARTAZ-EN-A-212x300.jpg 212w, https:\/\/sites.usp.br\/xrealityusp\/wp-content\/uploads\/sites\/1211\/2022\/11\/XR2022-CARTAZ-EN-A-768x1086.jpg 768w, https:\/\/sites.usp.br\/xrealityusp\/wp-content\/uploads\/sites\/1211\/2022\/11\/XR2022-CARTAZ-EN-A-1086x1536.jpg 1086w, https:\/\/sites.usp.br\/xrealityusp\/wp-content\/uploads\/sites\/1211\/2022\/11\/XR2022-CARTAZ-EN-A-1448x2048.jpg 1448w, https:\/\/sites.usp.br\/xrealityusp\/wp-content\/uploads\/sites\/1211\/2022\/11\/XR2022-CARTAZ-EN-A-scaled.jpg 1810w\" sizes=\"(max-width: 640px) 100vw, 640px\" \/>\t\t\t\t\t\t\t\t<\/a>\n\t\t\t\t\t\t\t\t\t\t\t\t\t<\/div>\n\t\t\t\t<\/div>\n\t\t\t\t\t<\/div>\n\t\t<\/div>\n\t\t\t\t<div class=\"elementor-column elementor-col-25 elementor-inner-column elementor-element elementor-element-8bbd20e\" data-id=\"8bbd20e\" data-element_type=\"column\">\n\t\t\t<div class=\"elementor-widget-wrap elementor-element-populated\">\n\t\t\t\t\t\t<div class=\"elementor-element elementor-element-4f39214 elementor-widget elementor-widget-image\" data-id=\"4f39214\" data-element_type=\"widget\" data-widget_type=\"image.default\">\n\t\t\t\t<div class=\"elementor-widget-container\">\n\t\t\t\t\t\t\t\t\t\t\t\t\t\t<a href=\"https:\/\/sites.usp.br\/xrealityusp\/2024-pt\">\n\t\t\t\t\t\t\t<img loading=\"lazy\" decoding=\"async\" width=\"640\" height=\"905\" src=\"https:\/\/sites.usp.br\/xrealityusp\/wp-content\/uploads\/sites\/1211\/2024\/09\/xreality_banner1-724x1024.png\" class=\"attachment-large size-large wp-image-4663\" alt=\"\" srcset=\"https:\/\/sites.usp.br\/xrealityusp\/wp-content\/uploads\/sites\/1211\/2024\/09\/xreality_banner1-724x1024.png 724w, https:\/\/sites.usp.br\/xrealityusp\/wp-content\/uploads\/sites\/1211\/2024\/09\/xreality_banner1-212x300.png 212w, https:\/\/sites.usp.br\/xrealityusp\/wp-content\/uploads\/sites\/1211\/2024\/09\/xreality_banner1-768x1086.png 768w, https:\/\/sites.usp.br\/xrealityusp\/wp-content\/uploads\/sites\/1211\/2024\/09\/xreality_banner1-1086x1536.png 1086w, https:\/\/sites.usp.br\/xrealityusp\/wp-content\/uploads\/sites\/1211\/2024\/09\/xreality_banner1-1448x2048.png 1448w\" sizes=\"(max-width: 640px) 100vw, 640px\" \/>\t\t\t\t\t\t\t\t<\/a>\n\t\t\t\t\t\t\t\t\t\t\t\t\t<\/div>\n\t\t\t\t<\/div>\n\t\t\t\t\t<\/div>\n\t\t<\/div>\n\t\t\t\t\t<\/div>\n\t\t<\/section>\n\t\t\t\t<section class=\"elementor-section elementor-inner-section elementor-element elementor-element-401dede elementor-section-boxed elementor-section-height-default elementor-section-height-default\" data-id=\"401dede\" data-element_type=\"section\">\n\t\t\t\t\t\t<div class=\"elementor-container elementor-column-gap-default\">\n\t\t\t\t\t<div class=\"elementor-column elementor-col-100 elementor-inner-column elementor-element elementor-element-e14f3ba\" data-id=\"e14f3ba\" data-element_type=\"column\">\n\t\t\t<div class=\"elementor-widget-wrap elementor-element-populated\">\n\t\t\t\t\t\t<div class=\"elementor-element elementor-element-af12400 elementor-widget elementor-widget-text-editor\" data-id=\"af12400\" data-element_type=\"widget\" data-widget_type=\"text-editor.default\">\n\t\t\t\t<div class=\"elementor-widget-container\">\n\t\t\t\t\t\t\t<div class=\"elementor-element elementor-element-896b6cc elementor-widget elementor-widget-text-editor\" data-id=\"896b6cc\" data-element_type=\"widget\" data-widget_type=\"text-editor.default\"><div class=\"elementor-widget-container\"><div class=\"elementor-text-editor elementor-clearfix\"><p style=\"text-align: left;\"><strong>X-REALITY USP\u00a0<\/strong>\u00e9 organizado pelo LabArteM\u00eddia \u2013 Laborat\u00f3rio de Arte, M\u00eddia e Tecnologias Digitais, em conjunto com o Departamento de Cinema, R\u00e1dio e Televis\u00e3o (CTR) e o Programa em Meios e Processos Audiovisuais (PPGMPA), da Escola de Comunica\u00e7\u00f5es e Artes (ECA) da Universidade de S\u00e3o Paulo (USP). O evento tem como parceiro internacional o Raindance Film Festival, atrav\u00e9s do Raindance Immersive Stories, e financiamento da CAPES \u2013 Coordena\u00e7\u00e3o de Aperfei\u00e7oamento de Pessoal de N\u00edvel Superior Aux\u00edlio Financeiro, por meio do Programa de Apoio a Eventos no Pa\u00eds (PAEP). O X-Reality USP tem o apoio da Comiss\u00e3o de Cultura e Extens\u00e3o Universit\u00e1ria da ECA\/USP.<\/p><p style=\"text-align: left;\">O objetivo \u00e9 estimular e apoiar parcerias entre grupos de pesquisa, artistas, produtores e empresas, contribuindo para a difus\u00e3o e o aumento da produ\u00e7\u00e3o de obras em X-Reality e a forma\u00e7\u00e3o de novos p\u00fablicos.<\/p><\/div><\/div><\/div>\t\t\t\t\t\t<\/div>\n\t\t\t\t<\/div>\n\t\t\t\t\t<\/div>\n\t\t<\/div>\n\t\t\t\t\t<\/div>\n\t\t<\/section>\n\t\t\t\t<section class=\"elementor-section elementor-inner-section elementor-element elementor-element-62bdac5 elementor-section-boxed elementor-section-height-default elementor-section-height-default\" data-id=\"62bdac5\" data-element_type=\"section\">\n\t\t\t\t\t\t<div class=\"elementor-container elementor-column-gap-default\">\n\t\t\t\t\t<div class=\"elementor-column elementor-col-50 elementor-inner-column elementor-element elementor-element-61adc7d\" data-id=\"61adc7d\" data-element_type=\"column\">\n\t\t\t<div class=\"elementor-widget-wrap elementor-element-populated\">\n\t\t\t\t\t\t<div class=\"elementor-element elementor-element-f4e4bbc elementor-widget elementor-widget-image\" data-id=\"f4e4bbc\" data-element_type=\"widget\" data-widget_type=\"image.default\">\n\t\t\t\t<div class=\"elementor-widget-container\">\n\t\t\t\t\t\t\t\t\t\t\t\t\t<img loading=\"lazy\" decoding=\"async\" width=\"640\" height=\"78\" src=\"https:\/\/sites.usp.br\/xrealityusp\/wp-content\/uploads\/sites\/1211\/2022\/11\/LOGO_LabArteMidia_letra-preta_fundo-alpha-2-1024x125.png\" class=\"attachment-large size-large wp-image-3575\" alt=\"\" srcset=\"https:\/\/sites.usp.br\/xrealityusp\/wp-content\/uploads\/sites\/1211\/2022\/11\/LOGO_LabArteMidia_letra-preta_fundo-alpha-2-1024x125.png 1024w, https:\/\/sites.usp.br\/xrealityusp\/wp-content\/uploads\/sites\/1211\/2022\/11\/LOGO_LabArteMidia_letra-preta_fundo-alpha-2-300x37.png 300w, https:\/\/sites.usp.br\/xrealityusp\/wp-content\/uploads\/sites\/1211\/2022\/11\/LOGO_LabArteMidia_letra-preta_fundo-alpha-2-768x94.png 768w, https:\/\/sites.usp.br\/xrealityusp\/wp-content\/uploads\/sites\/1211\/2022\/11\/LOGO_LabArteMidia_letra-preta_fundo-alpha-2-1536x188.png 1536w, https:\/\/sites.usp.br\/xrealityusp\/wp-content\/uploads\/sites\/1211\/2022\/11\/LOGO_LabArteMidia_letra-preta_fundo-alpha-2-2048x250.png 2048w\" sizes=\"(max-width: 640px) 100vw, 640px\" \/>\t\t\t\t\t\t\t\t\t\t\t\t\t<\/div>\n\t\t\t\t<\/div>\n\t\t\t\t\t<\/div>\n\t\t<\/div>\n\t\t\t\t<div class=\"elementor-column elementor-col-50 elementor-inner-column elementor-element elementor-element-96f44c1\" data-id=\"96f44c1\" data-element_type=\"column\">\n\t\t\t<div class=\"elementor-widget-wrap elementor-element-populated\">\n\t\t\t\t\t\t<div class=\"elementor-element elementor-element-141d58b elementor-widget elementor-widget-image\" data-id=\"141d58b\" data-element_type=\"widget\" data-widget_type=\"image.default\">\n\t\t\t\t<div class=\"elementor-widget-container\">\n\t\t\t\t\t\t\t\t\t\t\t\t\t<img loading=\"lazy\" decoding=\"async\" width=\"640\" height=\"310\" src=\"https:\/\/sites.usp.br\/xrealityusp\/wp-content\/uploads\/sites\/1211\/2022\/11\/ctr-eca-usp-2-1024x496.png\" class=\"attachment-large size-large wp-image-3576\" alt=\"\" srcset=\"https:\/\/sites.usp.br\/xrealityusp\/wp-content\/uploads\/sites\/1211\/2022\/11\/ctr-eca-usp-2-1024x496.png 1024w, https:\/\/sites.usp.br\/xrealityusp\/wp-content\/uploads\/sites\/1211\/2022\/11\/ctr-eca-usp-2-300x145.png 300w, https:\/\/sites.usp.br\/xrealityusp\/wp-content\/uploads\/sites\/1211\/2022\/11\/ctr-eca-usp-2-768x372.png 768w, https:\/\/sites.usp.br\/xrealityusp\/wp-content\/uploads\/sites\/1211\/2022\/11\/ctr-eca-usp-2-1536x744.png 1536w, https:\/\/sites.usp.br\/xrealityusp\/wp-content\/uploads\/sites\/1211\/2022\/11\/ctr-eca-usp-2-2048x993.png 2048w\" sizes=\"(max-width: 640px) 100vw, 640px\" \/>\t\t\t\t\t\t\t\t\t\t\t\t\t<\/div>\n\t\t\t\t<\/div>\n\t\t\t\t\t<\/div>\n\t\t<\/div>\n\t\t\t\t\t<\/div>\n\t\t<\/section>\n\t\t\t\t\t<\/div>\n\t\t<\/div>\n\t\t\t\t\t<\/div>\n\t\t<\/section>\n\t\t\t\t<\/div>\n\t\t","protected":false},"excerpt":{"rendered":"<p>Voltar ao site do LabArteM\u00eddia X-REALITY USP\u00a0\u00e9 um evento dedicado a apresentar e discutir produ\u00e7\u00f5es recentes em X-Reality, nacionais e internacionais, atrav\u00e9s de confer\u00eancias, talks, mesas-redondas, show case e workshops. Pesquisadores, artistas, produtores e representantes do setor de tecnologia analisam e debatem contribui\u00e7\u00f5es na linguagem, desenvolvimento, realiza\u00e7\u00e3o e distribui\u00e7\u00e3o de conte\u00fados audiovisuais em plataformas interativas<a href=\"https:\/\/sites.usp.br\/xrealityusp\/\">[&#8230;]<\/a><\/p>\n","protected":false},"author":856,"featured_media":0,"parent":0,"menu_order":0,"comment_status":"closed","ping_status":"closed","template":"elementor_canvas","meta":{"_monsterinsights_skip_tracking":false,"_monsterinsights_sitenote_active":false,"_monsterinsights_sitenote_note":"","_monsterinsights_sitenote_category":0,"footnotes":"","_links_to":"","_links_to_target":""},"class_list":["post-3559","page","type-page","status-publish","hentry"],"_links":{"self":[{"href":"https:\/\/sites.usp.br\/xrealityusp\/wp-json\/wp\/v2\/pages\/3559","targetHints":{"allow":["GET"]}}],"collection":[{"href":"https:\/\/sites.usp.br\/xrealityusp\/wp-json\/wp\/v2\/pages"}],"about":[{"href":"https:\/\/sites.usp.br\/xrealityusp\/wp-json\/wp\/v2\/types\/page"}],"author":[{"embeddable":true,"href":"https:\/\/sites.usp.br\/xrealityusp\/wp-json\/wp\/v2\/users\/856"}],"replies":[{"embeddable":true,"href":"https:\/\/sites.usp.br\/xrealityusp\/wp-json\/wp\/v2\/comments?post=3559"}],"version-history":[{"count":4,"href":"https:\/\/sites.usp.br\/xrealityusp\/wp-json\/wp\/v2\/pages\/3559\/revisions"}],"predecessor-version":[{"id":4666,"href":"https:\/\/sites.usp.br\/xrealityusp\/wp-json\/wp\/v2\/pages\/3559\/revisions\/4666"}],"wp:attachment":[{"href":"https:\/\/sites.usp.br\/xrealityusp\/wp-json\/wp\/v2\/media?parent=3559"}],"curies":[{"name":"wp","href":"https:\/\/api.w.org\/{rel}","templated":true}]}}