{"id":366,"date":"2019-06-10T17:18:39","date_gmt":"2019-06-10T20:18:39","guid":{"rendered":"http:\/\/sites.usp.br\/xrealityuspnew\/?page_id=366"},"modified":"2019-09-20T13:38:45","modified_gmt":"2019-09-20T16:38:45","slug":"almir-almas","status":"publish","type":"page","link":"https:\/\/sites.usp.br\/xrealityusp\/almir-almas\/","title":{"rendered":"Almir Almas"},"content":{"rendered":"\t\t<div data-elementor-type=\"wp-post\" data-elementor-id=\"366\" class=\"elementor elementor-366\" data-elementor-post-type=\"page\">\n\t\t\t\t\t\t<section class=\"elementor-section elementor-top-section elementor-element elementor-element-7a13da1 elementor-section-boxed elementor-section-height-default elementor-section-height-default\" data-id=\"7a13da1\" data-element_type=\"section\">\n\t\t\t\t\t\t<div class=\"elementor-container elementor-column-gap-default\">\n\t\t\t\t\t<div class=\"elementor-column elementor-col-100 elementor-top-column elementor-element elementor-element-f4fe3c6\" data-id=\"f4fe3c6\" data-element_type=\"column\">\n\t\t\t<div class=\"elementor-widget-wrap elementor-element-populated\">\n\t\t\t\t\t\t<div class=\"elementor-element elementor-element-e91ffab elementor-widget elementor-widget-heading\" data-id=\"e91ffab\" data-element_type=\"widget\" data-widget_type=\"heading.default\">\n\t\t\t\t<div class=\"elementor-widget-container\">\n\t\t\t<h2 class=\"elementor-heading-title elementor-size-default\">Almir Almas<\/h2>\t\t<\/div>\n\t\t\t\t<\/div>\n\t\t\t\t<div class=\"elementor-element elementor-element-32f064d3 elementor-widget elementor-widget-text-editor\" data-id=\"32f064d3\" data-element_type=\"widget\" data-widget_type=\"text-editor.default\">\n\t\t\t\t<div class=\"elementor-widget-container\">\n\t\t\t\t\t\t\t<p><a id=\"u886\" class=\"nonblock nontext clip_frame grpelem\" href=\"http:\/\/lattes.cnpq.br\/9279970444599822\"><!-- image --><img decoding=\"async\" id=\"u886_img\" class=\"block\" src=\"https:\/\/sites.usp.br\/labartemidia\/wp-content\/uploads\/sites\/472\/2019\/06\/lattes.png\" alt=\"\" data-heightwidthratio=\"1\" data-image-width=\"41\" data-image-height=\"41\" \/><\/a><\/p><div id=\"pl-366\" class=\"panel-layout\"><div id=\"pg-366-0\" class=\"panel-grid panel-no-style\" data-style=\"{\"><div id=\"pgc-366-0-0\" class=\"panel-grid-cell\" data-weight=\"1\"><div id=\"panel-366-0-0-0\" class=\"so-panel widget widget_custom_html panel-first-child\" data-index=\"0\" data-style=\"{\"><div id=\"panel-366-0-0-1\" class=\"so-panel widget widget_text panel-last-child\" data-index=\"1\" data-style=\"{\"><div class=\"textwidget\"><p>\u00c9 Coordenador Geral do Grupo de Pesquisa LabArteMidia (Laborat\u00f3rio de Arte, M\u00eddia e Tecnologias Digitais), do Departamento de Cinema, R\u00e1dio e Televis\u00e3o (CTR), e do Programa de P\u00f3s-Gradua\u00e7\u00e3o em Meios e Processos Audiovisuais da Escola de Comunica\u00e7\u00f5es e Artes da Universidade de S\u00e3o Paulo (PPGMPA-ECA-USP), onde atua como professor Livre-Docente e pesquisador.<\/p><p>\u00c9 graduado em Psicologia pela UFMG, Mestre e Doutor em Comunica\u00e7\u00e3o e Semi\u00f3tica pela PUC-SP.<\/p><p>Autor de Televis\u00e3o digital terrestre: sistemas, padr\u00f5es e modelos, editado pela Alameda Editorial em 2012, al\u00e9m de ter publicado diversos artigos sobre tecnologia e TV, arte e v\u00eddeos comunit\u00e1rios, em livros, revistas, jornais e anais de congresso, al\u00e9m de diversos livros de poesias.<\/p><p>Comp\u00f5e a diretoria Sociedade Brasileira de Engenharia de Televis\u00e3o (SET), esteve no Comit\u00ea Editorial da Revista da SET (2010 a 2016) e foi Vice-Diretor de Cinema (2016-2018) na mesma organiza\u00e7\u00e3o. Pesquisa e desenvolve conte\u00fado e Design para IPTV da USP, al\u00e9m de integrar o Grupo Assessor T\u00e9cnico para a Implanta\u00e7\u00e3o do IPTV USP (GAT IPTV). \u00c9 Coordenador do Canal tem\u00e1tico Arte e Cultura, do Sistema IPTV USP, pela ECA\/USP. Fundou e coordena o Observat\u00f3rio Brasileiro de Televis\u00e3o Digital (Obted).<\/p><p>Foi bolsista da Funda\u00e7\u00e3o Jap\u00e3o em estudo de p\u00f3s-gradua\u00e7\u00e3o, em Osaka, Jap\u00e3o, (1999) e, atualmente \u00e9 membro-pesquisador do Centro de Estudos Orientais do Programa de Estudos P\u00f3s-Graduados em Comunica\u00e7\u00e3o e Semi\u00f3tica da PUC\/SP, do programa de estudos em L\u00edngua Japonesa para P\u00f3s-Graduandos. Atuou em Produ\u00e7\u00e3o Televisiva na Terebi Shin Hiroshima, em Hiroshima, Jap\u00e3o (1993\/1994), com apoio da AOTS\/ABK e do MITI\/Governo do Jap\u00e3o (Minist\u00e9rio da Ind\u00fastria e Com\u00e9rcio Exterior (atualmente Minist\u00e9rio da Economia, Com\u00e9rcio e Ind\u00fastria &#8211; METI). Desenvolve o trabalho Namahaiku (cinema expandido, Vjing\/live-image e poesia japonesa)Dirigiu e apresentou BoTuPlaY, programa de Web TV, exibido pela Internet no site <a class=\"waffle-rich-text-link\" href=\"http:\/\/www.alltv.com.br\">http:\/\/www.alltv.com.br<\/a>, em 2007. Integrou a Comiss\u00e3o Profissional e Cultural da Secretaria de Estado da Cultura do Governo do Estado de S\u00e3o Paulo &#8211; Comiss\u00e3o de R\u00e1dio, Televis\u00e3o e V\u00eddeo, como representante do SINDCINE, de 1997 a 1998. Pesquisa e desenvolve conte\u00fado e Design para IPTV da USP, al\u00e9m de integrar o Grupo Assessor T\u00e9cnico para a Implanta\u00e7\u00e3o do IPTV USP (GAT IPTV).<\/p><p>\u00c9 Coordenador do Canal tem\u00e1tico Arte e Cultura, do Sistema IPTV USP, pela ECA\/USP.<\/p><p>\u00c9 videoartista, escritor, produtor, curador e diretor de audiovisual. Integra os coletivos C.O.B.A.I.A e Formigueiro, em que realiza trabalhos art\u00edsticos-intervencionais. Pesquisa Televis\u00e3o Digital, interatividade, v\u00eddeo, cinema, arte eletr\u00f4nica e cultura japonesa.<\/p><p><a href=\"mailto:alalmas@usp.br\">alalmas@usp.br<\/a><\/p><\/div><\/div><\/div><\/div><\/div><\/div>\t\t\t\t\t\t<\/div>\n\t\t\t\t<\/div>\n\t\t\t\t\t<\/div>\n\t\t<\/div>\n\t\t\t\t\t<\/div>\n\t\t<\/section>\n\t\t\t\t<\/div>\n\t\t","protected":false},"excerpt":{"rendered":"<p>Almir Almas \u00c9 Coordenador Geral do Grupo de Pesquisa LabArteMidia (Laborat\u00f3rio de Arte, M\u00eddia e Tecnologias Digitais), do Departamento de Cinema, R\u00e1dio e Televis\u00e3o (CTR), e do Programa de P\u00f3s-Gradua\u00e7\u00e3o em Meios e Processos Audiovisuais da Escola de Comunica\u00e7\u00f5es e Artes da Universidade de S\u00e3o Paulo (PPGMPA-ECA-USP), onde atua como professor Livre-Docente e pesquisador. \u00c9<a href=\"https:\/\/sites.usp.br\/xrealityusp\/almir-almas\/\">[&#8230;]<\/a><\/p>\n","protected":false},"author":856,"featured_media":341,"parent":0,"menu_order":1,"comment_status":"closed","ping_status":"closed","template":"template-fullwidth-no-title.php","meta":{"_monsterinsights_skip_tracking":false,"_monsterinsights_sitenote_active":false,"_monsterinsights_sitenote_note":"","_monsterinsights_sitenote_category":0,"footnotes":"","_links_to":"","_links_to_target":""},"class_list":["post-366","page","type-page","status-publish","has-post-thumbnail","hentry"],"_links":{"self":[{"href":"https:\/\/sites.usp.br\/xrealityusp\/wp-json\/wp\/v2\/pages\/366","targetHints":{"allow":["GET"]}}],"collection":[{"href":"https:\/\/sites.usp.br\/xrealityusp\/wp-json\/wp\/v2\/pages"}],"about":[{"href":"https:\/\/sites.usp.br\/xrealityusp\/wp-json\/wp\/v2\/types\/page"}],"author":[{"embeddable":true,"href":"https:\/\/sites.usp.br\/xrealityusp\/wp-json\/wp\/v2\/users\/856"}],"replies":[{"embeddable":true,"href":"https:\/\/sites.usp.br\/xrealityusp\/wp-json\/wp\/v2\/comments?post=366"}],"version-history":[{"count":4,"href":"https:\/\/sites.usp.br\/xrealityusp\/wp-json\/wp\/v2\/pages\/366\/revisions"}],"predecessor-version":[{"id":1358,"href":"https:\/\/sites.usp.br\/xrealityusp\/wp-json\/wp\/v2\/pages\/366\/revisions\/1358"}],"wp:featuredmedia":[{"embeddable":true,"href":"https:\/\/sites.usp.br\/xrealityusp\/wp-json\/wp\/v2\/media\/341"}],"wp:attachment":[{"href":"https:\/\/sites.usp.br\/xrealityusp\/wp-json\/wp\/v2\/media?parent=366"}],"curies":[{"name":"wp","href":"https:\/\/api.w.org\/{rel}","templated":true}]}}