{"id":111,"date":"2017-03-27T00:01:13","date_gmt":"2017-03-27T02:01:13","guid":{"rendered":"http:\/\/sites.usp.br\/yby\/?page_id=111"},"modified":"2025-10-14T14:14:13","modified_gmt":"2025-10-14T17:14:13","slug":"eixos","status":"publish","type":"page","link":"https:\/\/sites.usp.br\/yby\/eixos\/","title":{"rendered":"Eixos"},"content":{"rendered":"<div id=\"pl-111\"  class=\"panel-layout\" ><div id=\"pg-111-0\"  class=\"panel-grid panel-no-style\" ><div id=\"pgc-111-0-0\"  class=\"panel-grid-cell\" ><div id=\"panel-111-0-0-0\" class=\"so-panel widget widget_text panel-first-child panel-last-child\" data-index=\"0\" ><h3 class=\"widget-title\">YBY \u2013 Grupo de Estudos Fundi\u00e1rios, Pol\u00edticas P\u00fablicas e Produ\u00e7\u00e3o do Espa\u00e7o e da Paisagem<\/h3>\t\t\t<div class=\"textwidget\"><p>Foi criado e certificado em novembro de 2016 pelo CNPq.<\/p>\n<p>O nome \u201cYBY\u201d vem da l\u00edngua tupi-guarani, e significa \u201cterra\u201d (ch\u00e3o que se pisa). O Grupo de pesquisa est\u00e1 vinculado a \u00e1rea de concentra\u00e7\u00e3o de Teoria e Hist\u00f3ria da Arquitetura e Urbanismo do Programa de P\u00f3s-gradua\u00e7\u00e3o do Instituto de Arquitetura e Urbanismo da Universidade de S\u00e3o Paulo IAU.USP.<\/p>\n<p>Divide-se em tr\u00eas eixos principais:<\/p>\n<\/div>\n\t\t<\/div><\/div><\/div><div id=\"pg-111-1\"  class=\"panel-grid panel-no-style\" ><div id=\"pgc-111-1-0\"  class=\"panel-grid-cell\" ><div id=\"panel-111-1-0-0\" class=\"so-panel widget widget_text panel-first-child panel-last-child\" data-index=\"1\" ><h3 class=\"widget-title\">Estudos fundi\u00e1rios<\/h3>\t\t\t<div class=\"textwidget\"><\/div>\n\t\t<\/div><\/div><div id=\"pgc-111-1-1\"  class=\"panel-grid-cell\" ><div id=\"panel-111-1-1-0\" class=\"so-panel widget widget_text panel-first-child panel-last-child\" data-index=\"2\" >\t\t\t<div class=\"textwidget\"><p>O objetivo deste eixo de pesquisa \u00e9 investigar a quest\u00e3o fundi\u00e1ria urbana, no tocante \u00e0 fun\u00e7\u00e3o social da propriedade e da cidade, tendo como reflex\u00e3o os conflitos e media\u00e7\u00e3o entre atores sociais, o desenho institucional das pol\u00edticas urbanas, bem como as normas constitucionais e os instrumentos urban\u00edsticos e jur\u00eddicos processuais. O tema da governan\u00e7a fundi\u00e1ria \u00e9 o centro dos estudos desta linha.<\/p>\n<\/div>\n\t\t<\/div><\/div><\/div><div id=\"pg-111-2\"  class=\"panel-grid panel-no-style\" ><div id=\"pgc-111-2-0\"  class=\"panel-grid-cell\" ><div id=\"panel-111-2-0-0\" class=\"so-panel widget widget_text panel-first-child panel-last-child\" data-index=\"3\" ><h3 class=\"widget-title\">Pol\u00edticas Urbanas e Habita\u00e7\u00e3o Social<\/h3>\t\t\t<div class=\"textwidget\"><\/div>\n\t\t<\/div><\/div><div id=\"pgc-111-2-1\"  class=\"panel-grid-cell\" ><div id=\"panel-111-2-1-0\" class=\"so-panel widget widget_text panel-first-child panel-last-child\" data-index=\"4\" >\t\t\t<div class=\"textwidget\"><p>O objetivo est\u00e1 nos estudos sobre pol\u00edticas urbanas, sejam elas de habita\u00e7\u00e3o de interesse social ou de desenvolvimento urbano e regional, como pol\u00edticas de mobilidade e saneamento ambiental. S\u00e3o estimulados estudos sobre pol\u00edticas e planos habitacionais e suas articula\u00e7\u00f5es entre as inst\u00e2ncias comunit\u00e1ria, intermunicipal, metropolitana, estadual e nacional. As experi\u00eancias contempor\u00e2neas sobre as pol\u00edticas urbanas na Am\u00e9rica Latina comp\u00f5em o interesse desta linha.<\/p>\n<\/div>\n\t\t<\/div><\/div><\/div><div id=\"pg-111-3\"  class=\"panel-grid panel-no-style\" ><div id=\"pgc-111-3-0\"  class=\"panel-grid-cell\" ><div id=\"panel-111-3-0-0\" class=\"so-panel widget widget_text panel-first-child panel-last-child\" data-index=\"5\" ><h3 class=\"widget-title\">Produ\u00e7\u00e3o do Espa\u00e7o e da Paisagem<\/h3>\t\t\t<div class=\"textwidget\"><\/div>\n\t\t<\/div><\/div><div id=\"pgc-111-3-1\"  class=\"panel-grid-cell\" ><div id=\"panel-111-3-1-0\" class=\"so-panel widget widget_text panel-first-child panel-last-child\" data-index=\"6\" >\t\t\t<div class=\"textwidget\"><p>O objetivo est\u00e1 concentrado nos estudos sobre a rela\u00e7\u00e3o entre a produ\u00e7\u00e3o do espa\u00e7o, a forma urbana e a paisagem. A rela\u00e7\u00e3o que se estabelece entre essas chaves de investiga\u00e7\u00e3o tem na Pol\u00edtica Urbana uma perspectiva de gerar potenciais cen\u00e1rios e fortalecer existentes.<\/p>\n<\/div>\n\t\t<\/div><\/div><\/div><\/div>","protected":false},"excerpt":{"rendered":"<p>Foi criado e certificado em novembro de 2016 pelo CNPq. O nome \u201cYBY\u201d vem da l\u00edngua tupi-guarani, e significa \u201cterra\u201d (ch\u00e3o que se pisa). O Grupo de pesquisa est\u00e1 vinculado a \u00e1rea de concentra\u00e7\u00e3o de Teoria e Hist\u00f3ria da Arquitetura e Urbanismo do Programa de P\u00f3s-gradua\u00e7\u00e3o do Instituto de Arquitetura e Urbanismo da Universidade de &hellip; <\/p>\n<p class=\"link-more\"><a href=\"https:\/\/sites.usp.br\/yby\/eixos\/\" class=\"more-link\">Continue lendo<span class=\"screen-reader-text\"> &#8220;Eixos&#8221;<\/span><\/a><\/p>\n","protected":false},"author":309,"featured_media":0,"parent":0,"menu_order":0,"comment_status":"closed","ping_status":"closed","template":"","meta":{"footnotes":"","_links_to":"","_links_to_target":""},"class_list":["post-111","page","type-page","status-publish","hentry"],"_links":{"self":[{"href":"https:\/\/sites.usp.br\/yby\/wp-json\/wp\/v2\/pages\/111","targetHints":{"allow":["GET"]}}],"collection":[{"href":"https:\/\/sites.usp.br\/yby\/wp-json\/wp\/v2\/pages"}],"about":[{"href":"https:\/\/sites.usp.br\/yby\/wp-json\/wp\/v2\/types\/page"}],"author":[{"embeddable":true,"href":"https:\/\/sites.usp.br\/yby\/wp-json\/wp\/v2\/users\/309"}],"replies":[{"embeddable":true,"href":"https:\/\/sites.usp.br\/yby\/wp-json\/wp\/v2\/comments?post=111"}],"version-history":[{"count":6,"href":"https:\/\/sites.usp.br\/yby\/wp-json\/wp\/v2\/pages\/111\/revisions"}],"predecessor-version":[{"id":640,"href":"https:\/\/sites.usp.br\/yby\/wp-json\/wp\/v2\/pages\/111\/revisions\/640"}],"wp:attachment":[{"href":"https:\/\/sites.usp.br\/yby\/wp-json\/wp\/v2\/media?parent=111"}],"curies":[{"name":"wp","href":"https:\/\/api.w.org\/{rel}","templated":true}]}}