{"id":114,"date":"2017-03-27T00:01:58","date_gmt":"2017-03-27T02:01:58","guid":{"rendered":"http:\/\/sites.usp.br\/yby\/?page_id=114"},"modified":"2025-10-14T13:53:52","modified_gmt":"2025-10-14T16:53:52","slug":"equipe","status":"publish","type":"page","link":"https:\/\/sites.usp.br\/yby\/equipe\/","title":{"rendered":"Membros"},"content":{"rendered":"<div id=\"pl-114\"  class=\"panel-layout\" ><div id=\"pg-114-0\"  class=\"panel-grid panel-no-style\" ><div id=\"pgc-114-0-0\"  class=\"panel-grid-cell\" ><div id=\"panel-114-0-0-0\" class=\"so-panel widget widget_text panel-first-child panel-last-child\" data-index=\"0\" ><h3 class=\"widget-title\">Coordenadores<\/h3>\t\t\t<div class=\"textwidget\"><\/div>\n\t\t<\/div><\/div><\/div><div id=\"pg-114-1\"  class=\"panel-grid panel-no-style\" ><div id=\"pgc-114-1-0\"  class=\"panel-grid-cell\" ><div id=\"panel-114-1-0-0\" class=\"so-panel widget widget_media_image panel-first-child panel-last-child\" data-index=\"1\" ><img decoding=\"async\" width=\"200\" height=\"200\" src=\"https:\/\/sites.usp.br\/yby\/wp-content\/uploads\/sites\/386\/2020\/04\/images.jpg\" class=\"image wp-image-256  attachment-full size-full\" alt=\"\" style=\"max-width: 100%; height: auto;\" srcset=\"https:\/\/sites.usp.br\/yby\/wp-content\/uploads\/sites\/386\/2020\/04\/images.jpg 200w, https:\/\/sites.usp.br\/yby\/wp-content\/uploads\/sites\/386\/2020\/04\/images-150x150.jpg 150w, https:\/\/sites.usp.br\/yby\/wp-content\/uploads\/sites\/386\/2020\/04\/images-160x160.jpg 160w, https:\/\/sites.usp.br\/yby\/wp-content\/uploads\/sites\/386\/2020\/04\/images-320x320.jpg 320w, https:\/\/sites.usp.br\/yby\/wp-content\/uploads\/sites\/386\/2020\/04\/images-45x45.jpg 45w\" sizes=\"100vw\" \/><\/div><\/div><div id=\"pgc-114-1-1\"  class=\"panel-grid-cell\" ><div id=\"panel-114-1-1-0\" class=\"so-panel widget widget_text panel-first-child panel-last-child\" data-index=\"2\" ><h3 class=\"widget-title\">Tom\u00e1s Antonio Moreira<\/h3>\t\t\t<div class=\"textwidget\"><p><span style=\"font-weight: 400;\">Professor Doutor no Instituto de Arquitetura e Urbanismo da Universidade de S\u00e3o Paulo &#8211; IAU-USP &#8211; S\u00e3o Carlos &#8211; Brasil.\u00a0 Ph.D. em Estudos Urbanos, pela Universit\u00e9 du Qu\u00e9bec \u00e0 Montr\u00e9al &#8211; Canad\u00e1, sob a orienta\u00e7\u00e3o do Professor Ph.D. Richard Morin, com t\u00edtulo revalidado pela Universidade de S\u00e3o Paulo. Mestre em Ci\u00eancias Aplicadas &#8211; orienta\u00e7\u00e3o Habitat &amp; Desenvolvimento, pela Universit\u00e9 Catholique de Louvain &#8211; B\u00e9lgica, sob a orienta\u00e7\u00e3o do Professor Ph.D. Hermann Becker, com t\u00edtulo revalidado pela Universidade de S\u00e3o Paulo. Graduado em Arquitetura e Urbanismo pela Pontif\u00edcia Universidade Cat\u00f3lica de Campinas &#8211; Brasil.<\/span><\/p>\n<p><a href=\"http:\/\/lattes.cnpq.br\/7348817908541292\">Curr\u00edculo Lattes<\/a><\/p>\n<\/div>\n\t\t<\/div><\/div><\/div><div id=\"pg-114-2\"  class=\"panel-grid panel-no-style\" ><div id=\"pgc-114-2-0\"  class=\"panel-grid-cell\" ><div id=\"panel-114-2-0-0\" class=\"so-panel widget widget_media_image panel-first-child panel-last-child\" data-index=\"3\" ><img decoding=\"async\" width=\"200\" height=\"200\" src=\"https:\/\/sites.usp.br\/yby\/wp-content\/uploads\/sites\/386\/2020\/04\/download-_1_.jpg\" class=\"image wp-image-257  attachment-full size-full\" alt=\"\" style=\"max-width: 100%; height: auto;\" srcset=\"https:\/\/sites.usp.br\/yby\/wp-content\/uploads\/sites\/386\/2020\/04\/download-_1_.jpg 200w, https:\/\/sites.usp.br\/yby\/wp-content\/uploads\/sites\/386\/2020\/04\/download-_1_-150x150.jpg 150w, https:\/\/sites.usp.br\/yby\/wp-content\/uploads\/sites\/386\/2020\/04\/download-_1_-160x160.jpg 160w, https:\/\/sites.usp.br\/yby\/wp-content\/uploads\/sites\/386\/2020\/04\/download-_1_-320x320.jpg 320w, https:\/\/sites.usp.br\/yby\/wp-content\/uploads\/sites\/386\/2020\/04\/download-_1_-45x45.jpg 45w\" sizes=\"100vw\" \/><\/div><\/div><div id=\"pgc-114-2-1\"  class=\"panel-grid-cell\" ><div id=\"panel-114-2-1-0\" class=\"so-panel widget widget_text panel-first-child panel-last-child\" data-index=\"4\" ><h3 class=\"widget-title\">Luciana Bongiovanni Martins Schenk<\/h3>\t\t\t<div class=\"textwidget\"><p><span style=\"font-weight: 400;\">\u00a0Professora doutora junto ao Instituto de Arquitetura e Urbanismo. Graduada em Arquitetura e Urbanismo pela Faculdade de Arquitetura e Urbanismo da Universidade de S\u00e3o Paulo, FAU-USP (1990). Gradua\u00e7\u00e3o em Filosofia pela Faculdade de Filosofia, Letras e Ci\u00eancias Humanas FFLCH- USP (2001). Mestrado em Arquitetura e Urbanismo pela FAU-USP (1997). Doutorado em Arquitetura e Urbanismo pelo Programa de P\u00f3s Gradua\u00e7\u00e3o em Arquitetura e Urbanismo da EESC-USP(2008).<\/span><\/p>\n<p><a href=\"http:\/\/lattes.cnpq.br\/3384491853267540\">Curr\u00edculo Lattes<\/a><\/p>\n<\/div>\n\t\t<\/div><\/div><\/div><div id=\"pg-114-3\"  class=\"panel-grid panel-no-style\" ><div id=\"pgc-114-3-0\"  class=\"panel-grid-cell\" ><div id=\"panel-114-3-0-0\" class=\"so-panel widget widget_text panel-first-child panel-last-child\" data-index=\"5\" ><h3 class=\"widget-title\">Professores Pesquisadores<\/h3>\t\t\t<div class=\"textwidget\"><\/div>\n\t\t<\/div><\/div><\/div><div id=\"pg-114-4\"  class=\"panel-grid panel-no-style\" ><div id=\"pgc-114-4-0\"  class=\"panel-grid-cell\" ><div id=\"panel-114-4-0-0\" class=\"so-panel widget widget_media_image panel-first-child panel-last-child\" data-index=\"6\" ><img decoding=\"async\" width=\"200\" height=\"200\" src=\"https:\/\/sites.usp.br\/yby\/wp-content\/uploads\/sites\/386\/2021\/09\/s200_lucia.shimbo.jpg\" class=\"image wp-image-539  attachment-full size-full\" alt=\"\" style=\"max-width: 100%; height: auto;\" srcset=\"https:\/\/sites.usp.br\/yby\/wp-content\/uploads\/sites\/386\/2021\/09\/s200_lucia.shimbo.jpg 200w, https:\/\/sites.usp.br\/yby\/wp-content\/uploads\/sites\/386\/2021\/09\/s200_lucia.shimbo-150x150.jpg 150w, https:\/\/sites.usp.br\/yby\/wp-content\/uploads\/sites\/386\/2021\/09\/s200_lucia.shimbo-100x100.jpg 100w, https:\/\/sites.usp.br\/yby\/wp-content\/uploads\/sites\/386\/2021\/09\/s200_lucia.shimbo-45x45.jpg 45w\" sizes=\"100vw\" \/><\/div><\/div><div id=\"pgc-114-4-1\"  class=\"panel-grid-cell\" ><div id=\"panel-114-4-1-0\" class=\"so-panel widget widget_text panel-first-child panel-last-child\" data-index=\"7\" ><h3 class=\"widget-title\">Lucia Zanin Shimbo<\/h3>\t\t\t<div class=\"textwidget\"><p>Professora Livre-Docente no Instituto de Arquitetura e Urbanismo da Universidade de S\u00e3o Paulo (IAU-USP, S\u00e3o Carlos, Brasil), atuando em duas \u00e1reas de concentra\u00e7\u00e3o Arquitetura, Urbanismo e Tecnologia e Teoria e Hist\u00f3ria da Arquitetura e do Urbanismo. \u00a0\u00c9 graduada, mestre e doutora em arquitetura e urbanismo pela Universidade de S\u00e3o Paulo (USP). Fez est\u00e1gio de doutorado na Universidade de Paris 8 &#8211; Saint Denis (Fran\u00e7a) e p\u00f3s-doutorado em pol\u00edtica imobili\u00e1ria e habitacional no Laborat\u00f3rio de Habita\u00e7\u00e3o e Assentamentos Humanos (LabHab, Faculdade de Arquitetura e Urbanismo, FAU \/ USP) e sobre financeiriza\u00e7\u00e3o e produ\u00e7\u00e3o de habita\u00e7\u00e3o no Laborat\u00f3rio de Pesquisa Interdisciplinar Cidade, Espa\u00e7o, Sociedade (RIVES, \u00c9cole Nationale de Travaux Publics de l\u00c9tat, ENTPE &#8211; Fran\u00e7a).<\/p>\n<p><a href=\"http:\/\/lattes.cnpq.br\/3448342105966223\">Curr\u00edculo Lattes<\/a><\/p>\n<\/div>\n\t\t<\/div><\/div><\/div><div id=\"pg-114-5\"  class=\"panel-grid panel-no-style\" ><div id=\"pgc-114-5-0\"  class=\"panel-grid-cell\" ><div id=\"panel-114-5-0-0\" class=\"so-panel widget widget_media_image panel-first-child panel-last-child\" data-index=\"8\" ><img loading=\"lazy\" decoding=\"async\" width=\"352\" height=\"280\" src=\"https:\/\/sites.usp.br\/yby\/wp-content\/uploads\/sites\/386\/2021\/09\/unnamed.png\" class=\"image wp-image-540  attachment-full size-full\" alt=\"\" style=\"max-width: 100%; height: auto;\" srcset=\"https:\/\/sites.usp.br\/yby\/wp-content\/uploads\/sites\/386\/2021\/09\/unnamed.png 352w, https:\/\/sites.usp.br\/yby\/wp-content\/uploads\/sites\/386\/2021\/09\/unnamed-300x239.png 300w\" sizes=\"100vw\" \/><\/div><\/div><div id=\"pgc-114-5-1\"  class=\"panel-grid-cell\" ><div id=\"panel-114-5-1-0\" class=\"so-panel widget widget_text panel-first-child panel-last-child\" data-index=\"9\" ><h3 class=\"widget-title\">Marcel Fantin<\/h3>\t\t\t<div class=\"textwidget\"><p>Professor doutor no IAU-USP (curso de gradua\u00e7\u00e3o e no PPGAU-IAU). Possui gradua\u00e7\u00e3o em Direito pela Universidade do Vale do Para\u00edba (2002), especializa\u00e7\u00e3o em Direito Ambiental pela Universidade de S\u00e3o Paulo (2003) , mestrado em Planejamento Urbano e Regional pela Universidade do Vale do Para\u00edba (2005) e Doutorado em Geoci\u00eancias (sub\u00e1rea Pol\u00edtica e Gest\u00e3o de Recursos Naturais) pela Universidade Estadual de Campinas (2011) com PhD Sandu\u00edche pelo D\u00e9partement de g\u00e9nie des mines et de la m\u00e9tallurgie da Universit\u00e9 Laval (2010). Tamb\u00e9m possui curso-t\u00e9cnico-profissionalizante em cartografia pela Universidade do Vale do Para\u00edba (1997). \u00c9 autor do livro: Agregados Minerais, Meio Ambiente e Urbaniza\u00e7\u00e3o na Perspectiva das Pol\u00edticas P\u00fablicas Canadenses.<\/p>\n<p><a href=\"http:\/\/lattes.cnpq.br\/0466568768012496\">Curr\u00edculo Lattes<\/a><\/p>\n<\/div>\n\t\t<\/div><\/div><\/div><div id=\"pg-114-6\"  class=\"panel-grid panel-no-style\" ><div id=\"pgc-114-6-0\"  class=\"panel-grid-cell\" ><div id=\"panel-114-6-0-0\" class=\"so-panel widget widget_text panel-first-child panel-last-child\" data-index=\"10\" ><h3 class=\"widget-title\">Pesquisadores de p\u00f3s gradua\u00e7\u00e3o e gradua\u00e7\u00e3o<\/h3>\t\t\t<div class=\"textwidget\"><\/div>\n\t\t<\/div><\/div><div id=\"pgc-114-6-1\"  class=\"panel-grid-cell\" ><div id=\"panel-114-6-1-0\" class=\"so-panel widget widget_text panel-first-child panel-last-child\" data-index=\"11\" >\t\t\t<div class=\"textwidget\"><p>Aline V. Cavanus<br \/>\nAna Livia de Magalhaes Garbin<br \/>\nAndr\u00e9 Auguto Ara\u00fajo<br \/>\nAnna Laura P. Rossi<br \/>\nAnt\u00f4nio Edevaldo Pampana<br \/>\nCarlos Eduardo Mendes Galv\u00e3o<br \/>\nDaniel Nardini Marques<br \/>\nDonizete Corr\u00eaa Franco Pires<br \/>\nDouglas de Almeida Silva<br \/>\nEsther Silva Cardoso Amaral<br \/>\nFelipe Oliveira Carvalho<br \/>\nFernanda Mo\u00e7o Foloni<br \/>\nFilipe Maciel Paes Barreto<br \/>\nGabriel Baquero Teixeira da Rocha<br \/>\nGabriel Valentini Francisqueti<br \/>\nGuilherme Henrique Bueno de Freitas<br \/>\nGustavo Paixao Menezes<br \/>\nHelterson Ribeiro da Silva Leite<br \/>\nIsabella Tezzin<br \/>\nLauderico Ferreira Bastos Neto<br \/>\nLu\u00eds Gustavo Bet<br \/>\nManuella Maria de Souza Muller<br \/>\nMarcos Vinicius da Silva Ferreira<br \/>\nMarcos Vinicius Ribeiro<br \/>\nMaria Cec\u00edlia P. B. de Lima<br \/>\nMaria Sylvia Baptista Serra<br \/>\nMariana Cristina Ad\u00e3o<br \/>\nMariana Guarino<br \/>\nMatheus de Souza Oliveira da Veiga<br \/>\nPatricia Cereda de Azevedo<br \/>\nPatricia Maissa Ferragoni da Cruz<br \/>\nPollyana Machiavelli<br \/>\nRafael Braga de Souza<br \/>\nRenata Michelon Cocco<br \/>\nRyller Chrystian de Andrade Ver\u00edssimo<br \/>\nSamuel Correia Serejo<br \/>\nThais Vicente Santos<br \/>\nVit\u00f3ria Ribeiro<\/p>\n<\/div>\n\t\t<\/div><\/div><\/div><div id=\"pg-114-7\"  class=\"panel-grid panel-no-style\" ><div id=\"pgc-114-7-0\"  class=\"panel-grid-cell\" ><div id=\"panel-114-7-0-0\" class=\"so-panel widget widget_text panel-first-child panel-last-child\" data-index=\"12\" ><h3 class=\"widget-title\">Pesquisadores externos<\/h3>\t\t\t<div class=\"textwidget\"><\/div>\n\t\t<\/div><\/div><div id=\"pgc-114-7-1\"  class=\"panel-grid-cell\" ><div id=\"panel-114-7-1-0\" class=\"so-panel widget widget_text panel-first-child panel-last-child\" data-index=\"13\" >\t\t\t<div class=\"textwidget\"><p>Altair Rosa &#8211; Pontif\u00edcia Universidade Cat\u00f3lica, Paran\u00e1<br \/>\nAna Luz Quintanilla-Montoya &#8211; Universidade de Colima, M\u00e9xico<br \/>\nAnne Latendresse &#8211; Universit\u00e9 du Qu\u00e9bec \u00e0 Montr\u00e9al, Canad\u00e1<br \/>\nPaulo Nascimento Neto &#8211; Pontif\u00edcia Universidade Cat\u00f3lica, Paran\u00e1<br \/>\nPaulo Romano Reschilian &#8211; Universidade do Vale do Para\u00edba<br \/>\nRenata B. Peres &#8211; Universidade Federal de S\u00e3o Carlos<br \/>\nSylvia R. Leit\u00e3o &#8211; Pontif\u00edcia Universidade Cat\u00f3lica, Paran\u00e1<\/p>\n<\/div>\n\t\t<\/div><\/div><\/div><div id=\"pg-114-8\"  class=\"panel-grid panel-no-style\" ><div id=\"pgc-114-8-0\"  class=\"panel-grid-cell\" ><div id=\"panel-114-8-0-0\" class=\"so-panel widget widget_text panel-first-child panel-last-child\" data-index=\"14\" ><h3 class=\"widget-title\">Egressos<\/h3>\t\t\t<div class=\"textwidget\"><\/div>\n\t\t<\/div><\/div><div id=\"pgc-114-8-1\"  class=\"panel-grid-cell\" ><div id=\"panel-114-8-1-0\" class=\"so-panel widget widget_text panel-first-child panel-last-child\" data-index=\"15\" >\t\t\t<div class=\"textwidget\"><p>Alan Siqueira Deschamps<br \/>\nAlice Zamariolli Damianovic<br \/>\nAmanda Basso Morelli<br \/>\nAna Carolina Pires<br \/>\nAna Leopoldina Leminski Veiga<br \/>\nAna Luisa Mori Bovo<br \/>\nAna Moreira Borelli<br \/>\nBeatriz Carvalho Mega<br \/>\nBeatriz Medeiros Urbano<br \/>\nBianca Damasio Silva<br \/>\nBreno M. de Melo<br \/>\nBruna L. de Souza<br \/>\nBruno Sangali<br \/>\nCarlos Eduardo da Silva Santos<br \/>\nCarolina M. Horiquini<br \/>\nCarolina Mendon\u00e7a Marangoni<br \/>\nCau\u00ea M. Silva<br \/>\nCesar Andre Machado de Morais<br \/>\nCristiano Giansante<br \/>\nFernanda Assis<br \/>\nGabriel S. Machado<br \/>\nGabriel Valentini Francisqueti<br \/>\nGabriela Ferreira Coelho<br \/>\nGabrielle Gomes Coelho<br \/>\nIsaac Murillo Sierra<br \/>\nIsabella Godwin Coury<br \/>\nIsabella Mateus Lousao<br \/>\nIsadora Santilli Neves<br \/>\nIvan L. F. Coelho<br \/>\nJanaina Carbone Bianconcini<br \/>\nJ\u00e9ssica Ragonha<br \/>\nJo\u00e3o Batista Cavaroli Stivanin<br \/>\nJo\u00e3o Gabriel Osti Rosa<br \/>\nJo\u00e3o Marcelo Alves<br \/>\nJo\u00e3o Vitor de Aquino Ferreira<br \/>\nJos\u00e9 Eduardo Calijuri Hamra<br \/>\nJos\u00e9 Rafael de Lima<br \/>\nJulia F. Filgueiras<br \/>\nJulia Martins Pereira<br \/>\nJuliana C. D. Ribeiro<br \/>\nJuliana Yumi Takara<br \/>\nJulio Cesar Botega do Carmo<br \/>\nKamyla Jannine Costa Barros<br \/>\nKarina Setim Rodrigues<br \/>\nLara Lessa Filgueiras<br \/>\nLarissa Cardillo Acconcia Dias<br \/>\nLarissa Cunha Martins Rodrigues<br \/>\nLaura Vitoria Trudes Gato<br \/>\nLeonardo Batista de Andrade<br \/>\nLeticia Jardini Braulino de Melo<br \/>\nLet\u00edcia Lot\u00e9rio Ribas<br \/>\nL\u00edgia Maria Campos Juliano<br \/>\nLucas Ricardo Cestaro<br \/>\nMaiara Oliveira Silva de Aguiar<br \/>\nMarcela Fernandes da Costa<br \/>\nMarcos Vin\u00edcius Ribeiro<br \/>\nMaria Cec\u00edlia Pedro Bom de Lima<br \/>\nMaria Jos\u00e9 Reche Domingo<br \/>\nMarina Prado de Carlo<br \/>\nMarina Santos Priante Chaves<br \/>\nMatheus Augusto de Souza<br \/>\nMatheus Claudino Pinto Silveira Souza<br \/>\nMirandulina Maria Moreira Azevedo<br \/>\nNat\u00e1lia Salata Braga<br \/>\nPedro Manfrinato Pavani Andrade<br \/>\nPedro Souza Ferr\u00e3o<br \/>\nRafael Baldam<br \/>\nRaquel Gomes Valadares<br \/>\nRenan S. Gomez<br \/>\nRicardo Santhiago<br \/>\nRyller C. de A. Ver\u00edssimo<br \/>\nSara M. de Almeida<br \/>\nSofia F. R. da Costa<br \/>\nSoyani Tardiolli de Figueiredo<br \/>\nThais Vicente Santos<br \/>\nThiago P. Melo<br \/>\nTiago de M. C. Hindi<br \/>\nTom\u00e1s Carrera Massabki<br \/>\nValmir Ortega<br \/>\nVictoria N. Scussel<br \/>\nVitor Antonio de Almeida Lacerda<br \/>\nVitor Antonio de Almeida Lacerda<br \/>\nWesley da Silva Medeiros<\/p>\n<\/div>\n\t\t<\/div><\/div><\/div><\/div>","protected":false},"excerpt":{"rendered":"<p>Professor Doutor no Instituto de Arquitetura e Urbanismo da Universidade de S\u00e3o Paulo &#8211; IAU-USP &#8211; S\u00e3o Carlos &#8211; Brasil.\u00a0 Ph.D. em Estudos Urbanos, pela Universit\u00e9 du Qu\u00e9bec \u00e0 Montr\u00e9al &#8211; Canad\u00e1, sob a orienta\u00e7\u00e3o do Professor Ph.D. Richard Morin, com t\u00edtulo revalidado pela Universidade de S\u00e3o Paulo. Mestre em Ci\u00eancias Aplicadas &#8211; orienta\u00e7\u00e3o Habitat &hellip; <\/p>\n<p class=\"link-more\"><a href=\"https:\/\/sites.usp.br\/yby\/equipe\/\" class=\"more-link\">Continue lendo<span class=\"screen-reader-text\"> &#8220;Membros&#8221;<\/span><\/a><\/p>\n","protected":false},"author":309,"featured_media":0,"parent":0,"menu_order":0,"comment_status":"closed","ping_status":"closed","template":"","meta":{"footnotes":"","_links_to":"","_links_to_target":""},"class_list":["post-114","page","type-page","status-publish","hentry"],"_links":{"self":[{"href":"https:\/\/sites.usp.br\/yby\/wp-json\/wp\/v2\/pages\/114","targetHints":{"allow":["GET"]}}],"collection":[{"href":"https:\/\/sites.usp.br\/yby\/wp-json\/wp\/v2\/pages"}],"about":[{"href":"https:\/\/sites.usp.br\/yby\/wp-json\/wp\/v2\/types\/page"}],"author":[{"embeddable":true,"href":"https:\/\/sites.usp.br\/yby\/wp-json\/wp\/v2\/users\/309"}],"replies":[{"embeddable":true,"href":"https:\/\/sites.usp.br\/yby\/wp-json\/wp\/v2\/comments?post=114"}],"version-history":[{"count":6,"href":"https:\/\/sites.usp.br\/yby\/wp-json\/wp\/v2\/pages\/114\/revisions"}],"predecessor-version":[{"id":629,"href":"https:\/\/sites.usp.br\/yby\/wp-json\/wp\/v2\/pages\/114\/revisions\/629"}],"wp:attachment":[{"href":"https:\/\/sites.usp.br\/yby\/wp-json\/wp\/v2\/media?parent=114"}],"curies":[{"name":"wp","href":"https:\/\/api.w.org\/{rel}","templated":true}]}}