{"id":282,"date":"2020-04-05T16:35:09","date_gmt":"2020-04-05T19:35:09","guid":{"rendered":"http:\/\/sites.usp.br\/yby\/?page_id=282"},"modified":"2025-10-14T13:54:44","modified_gmt":"2025-10-14T16:54:44","slug":"seminarios","status":"publish","type":"page","link":"https:\/\/sites.usp.br\/yby\/seminarios\/","title":{"rendered":"Semin\u00e1rios"},"content":{"rendered":"<div id=\"pl-282\"  class=\"panel-layout\" ><div id=\"pg-282-0\"  class=\"panel-grid panel-no-style\" ><div id=\"pgc-282-0-0\"  class=\"panel-grid-cell\" ><div id=\"panel-282-0-0-0\" class=\"so-panel widget widget_sow-image panel-first-child panel-last-child\" data-index=\"0\" ><div\n\t\t\t\n\t\t\tclass=\"so-widget-sow-image so-widget-sow-image-default-8b5b6f678277-282\"\n\t\t\t\n\t\t>\n<div class=\"sow-image-container\">\n\t\t<img fetchpriority=\"high\" \n\tsrc=\"https:\/\/sites.usp.br\/yby\/wp-content\/uploads\/sites\/386\/2021\/06\/WhatsApp-Image-2021-06-17-at-20.34.54.jpeg\" width=\"905\" height=\"1280\" srcset=\"https:\/\/sites.usp.br\/yby\/wp-content\/uploads\/sites\/386\/2021\/06\/WhatsApp-Image-2021-06-17-at-20.34.54.jpeg 905w, https:\/\/sites.usp.br\/yby\/wp-content\/uploads\/sites\/386\/2021\/06\/WhatsApp-Image-2021-06-17-at-20.34.54-212x300.jpeg 212w, https:\/\/sites.usp.br\/yby\/wp-content\/uploads\/sites\/386\/2021\/06\/WhatsApp-Image-2021-06-17-at-20.34.54-724x1024.jpeg 724w, https:\/\/sites.usp.br\/yby\/wp-content\/uploads\/sites\/386\/2021\/06\/WhatsApp-Image-2021-06-17-at-20.34.54-768x1086.jpeg 768w, https:\/\/sites.usp.br\/yby\/wp-content\/uploads\/sites\/386\/2021\/06\/WhatsApp-Image-2021-06-17-at-20.34.54-400x566.jpeg 400w\" sizes=\"(max-width: 706px) 89vw, (max-width: 767px) 82vw, 740px\" title=\"WhatsApp Image 2021-06-17 at 20.34.54\" alt=\"\" \t\tclass=\"so-widget-image\"\/>\n\t<\/div>\n\n<\/div><\/div><\/div><div id=\"pgc-282-0-1\"  class=\"panel-grid-cell\" ><div id=\"panel-282-0-1-0\" class=\"so-panel widget widget_sow-editor panel-first-child panel-last-child\" data-index=\"1\" ><div\n\t\t\t\n\t\t\tclass=\"so-widget-sow-editor so-widget-sow-editor-base\"\n\t\t\t\n\t\t><h3 class=\"widget-title\">2\u00ba Semin\u00e1rio de Pesquisa do YBY<\/h3>\n<div class=\"siteorigin-widget-tinymce textwidget\">\n\t<p>O 2\u00ba Semin\u00e1rio de Pesquisa do YBY \u2013 Grupo de Estudos, Pol\u00edticas Urbanas, Produ\u00e7\u00e3o do Espa\u00e7o e da Paisagem teve como objetivo apresentar as pesquisas em desenvolvimento dos professores do grupo. As apresenta\u00e7\u00f5es ocorrer\u00e3o dia 16 de julho de 2021, de forma online.<\/p>\n<\/div>\n<\/div><\/div><\/div><\/div><div id=\"pg-282-1\"  class=\"panel-grid panel-no-style\" ><div id=\"pgc-282-1-0\"  class=\"panel-grid-cell\" ><div id=\"panel-282-1-0-0\" class=\"so-panel widget widget_sow-image panel-first-child panel-last-child\" data-index=\"2\" ><div\n\t\t\t\n\t\t\tclass=\"so-widget-sow-image so-widget-sow-image-default-c67d20f9f743-282\"\n\t\t\t\n\t\t>\n<div class=\"sow-image-container\">\n\t\t<img \n\tsrc=\"https:\/\/sites.usp.br\/yby\/wp-content\/uploads\/sites\/386\/2020\/11\/WhatsApp-Image-2020-11-09-at-20.52.59-e1618584590179.jpeg\" width=\"374\" height=\"588\" srcset=\"https:\/\/sites.usp.br\/yby\/wp-content\/uploads\/sites\/386\/2020\/11\/WhatsApp-Image-2020-11-09-at-20.52.59-e1618584590179.jpeg 374w, https:\/\/sites.usp.br\/yby\/wp-content\/uploads\/sites\/386\/2020\/11\/WhatsApp-Image-2020-11-09-at-20.52.59-e1618584590179-191x300.jpeg 191w\" sizes=\"(max-width: 374px) 100vw, 374px\" title=\"WhatsApp Image 2020-11-09 at 20.52.59\" alt=\"\" \t\tclass=\"so-widget-image\"\/>\n\t<\/div>\n\n<\/div><\/div><\/div><div id=\"pgc-282-1-1\"  class=\"panel-grid-cell\" ><div id=\"panel-282-1-1-0\" class=\"so-panel widget widget_sow-editor panel-first-child\" data-index=\"3\" ><div\n\t\t\t\n\t\t\tclass=\"so-widget-sow-editor so-widget-sow-editor-base\"\n\t\t\t\n\t\t><h3 class=\"widget-title\">1\u00ba Semin\u00e1rio de Pesquisa do YBY<\/h3>\n<div class=\"siteorigin-widget-tinymce textwidget\">\n\t<p>O 1\u00ba Semin\u00e1rio de Pesquisa do YBY \u2013 Grupo de Estudos, Pol\u00edticas Urbanas, Produ\u00e7\u00e3o do Espa\u00e7o e da Paisagem teve como objetivo apresentar os trabalhos em desenvolvimento por seus pesquisadores de gradua\u00e7\u00e3o e p\u00f3s-gradua\u00e7\u00e3o do IAU-USP. As apresenta\u00e7\u00f5es ocorreram em plataforma online, nos dias 08, 09 e 10 de dezembro, a partir das 18h30.<\/p>\n<p>Comiss\u00e3o organizadora: Aline Vicente Cavanus, Anna Laura Rossi, Cau\u00ea Martins Silva, J\u00e9ssica Ragonha, Maria Cec\u00edlia Pedro Bom de Lima, Raquel Valadares<\/p>\n<p>&nbsp;<\/p>\n<\/div>\n<\/div><\/div><div id=\"panel-282-1-1-1\" class=\"so-panel widget widget_sow-button panel-last-child\" data-index=\"4\" ><div\n\t\t\t\n\t\t\tclass=\"so-widget-sow-button so-widget-sow-button-atom-e5fc77050662-282\"\n\t\t\t\n\t\t><div class=\"ow-button-base ow-button-align-center\"\n>\n\t\t\t<a\n\t\t\t\t\thref=\"https:\/\/drive.google.com\/file\/d\/1PfD6EvTHvyNKdnMe6iJDiqheNVyh8BVH\/view?usp=sharing\"\n\t\t\t\t\tclass=\"sowb-button ow-icon-placement-left ow-button-hover\" target=\"_blank\" rel=\"noopener noreferrer\" download=\"\" \t>\n\t\t<span>\n\t\t\t<span class=\"sow-icon-fontawesome sow-far\" data-sow-icon=\"&#xf358;\"\n\t\tstyle=\"color: #ffffff\" \n\t\taria-hidden=\"true\"><\/span>\n\t\t\tAnais do evento\t\t<\/span>\n\t\t\t<\/a>\n\t<\/div>\n<\/div><\/div><\/div><\/div><\/div>","protected":false},"excerpt":{"rendered":"<p>O 2\u00ba Semin\u00e1rio de Pesquisa do YBY \u2013 Grupo de Estudos, Pol\u00edticas Urbanas, Produ\u00e7\u00e3o do Espa\u00e7o e da Paisagem teve como objetivo apresentar as pesquisas em desenvolvimento dos professores do grupo. As apresenta\u00e7\u00f5es ocorrer\u00e3o dia 16 de julho de 2021, de forma online. O 1\u00ba Semin\u00e1rio de Pesquisa do YBY \u2013 Grupo de Estudos, Pol\u00edticas &hellip; <\/p>\n<p class=\"link-more\"><a href=\"https:\/\/sites.usp.br\/yby\/seminarios\/\" class=\"more-link\">Continue lendo<span class=\"screen-reader-text\"> &#8220;Semin\u00e1rios&#8221;<\/span><\/a><\/p>\n","protected":false},"author":680,"featured_media":0,"parent":0,"menu_order":0,"comment_status":"closed","ping_status":"closed","template":"","meta":{"footnotes":"","_links_to":"","_links_to_target":""},"class_list":["post-282","page","type-page","status-publish","hentry"],"_links":{"self":[{"href":"https:\/\/sites.usp.br\/yby\/wp-json\/wp\/v2\/pages\/282","targetHints":{"allow":["GET"]}}],"collection":[{"href":"https:\/\/sites.usp.br\/yby\/wp-json\/wp\/v2\/pages"}],"about":[{"href":"https:\/\/sites.usp.br\/yby\/wp-json\/wp\/v2\/types\/page"}],"author":[{"embeddable":true,"href":"https:\/\/sites.usp.br\/yby\/wp-json\/wp\/v2\/users\/680"}],"replies":[{"embeddable":true,"href":"https:\/\/sites.usp.br\/yby\/wp-json\/wp\/v2\/comments?post=282"}],"version-history":[{"count":4,"href":"https:\/\/sites.usp.br\/yby\/wp-json\/wp\/v2\/pages\/282\/revisions"}],"predecessor-version":[{"id":601,"href":"https:\/\/sites.usp.br\/yby\/wp-json\/wp\/v2\/pages\/282\/revisions\/601"}],"wp:attachment":[{"href":"https:\/\/sites.usp.br\/yby\/wp-json\/wp\/v2\/media?parent=282"}],"curies":[{"name":"wp","href":"https:\/\/api.w.org\/{rel}","templated":true}]}}