{"id":602,"date":"2025-10-14T10:55:45","date_gmt":"2025-10-14T13:55:45","guid":{"rendered":"https:\/\/sites.usp.br\/yby\/?page_id=602"},"modified":"2025-10-14T13:26:46","modified_gmt":"2025-10-14T16:26:46","slug":"extensao","status":"publish","type":"page","link":"https:\/\/sites.usp.br\/yby\/extensao\/","title":{"rendered":"Extens\u00e3o"},"content":{"rendered":"<div id=\"pl-602\"  class=\"panel-layout\" ><div id=\"pg-602-0\"  class=\"panel-grid panel-no-style\" ><div id=\"pgc-602-0-0\"  class=\"panel-grid-cell\" ><div id=\"panel-602-0-0-0\" class=\"so-panel widget widget_text panel-first-child panel-last-child\" data-index=\"0\" ><h3 class=\"widget-title\">Projetos de extens\u00e3o em andamento<\/h3>\t\t\t<div class=\"textwidget\"><\/div>\n\t\t<\/div><\/div><div id=\"pgc-602-0-1\"  class=\"panel-grid-cell\" ><div id=\"panel-602-0-1-0\" class=\"so-panel widget widget_text panel-first-child\" data-index=\"1\" ><h3 class=\"widget-title\">Infraestrutura Verde, SbN e Paisagem: estrat\u00e9gias metodol\u00f3gicas para o planejamento de cidades resilientes e sustent\u00e1veis na bacia do Tiet\u00ea Jacar\u00e9<\/h3>\t\t\t<div class=\"textwidget\"><p>H\u00e1 n\u00e3o mais de duas d\u00e9cadas instalou-se um movimento que vem protagonizando as quest\u00f5es do planejamento urbano e regional no mundo todo. Ele diz respeito a alternativas t\u00e9cnicas, notadamente de car\u00e1ter infra estrutural, e tendo as l\u00f3gicas da natureza como paradigma de projeto, que buscam construir territ\u00f3rios em maior conson\u00e2ncia com essas l\u00f3gicas, mitigando o custo ambiental da ocupa\u00e7\u00e3o humana na Terra. A ideia de que nossos processos de ocupa\u00e7\u00e3o dos territ\u00f3rios tem um impacto negativo no meio ambiente natural, a constata\u00e7\u00e3o da finitude dos recursos e a prem\u00eancia de uma mudan\u00e7a de atitude propagada por documentos e pesquisas nacionais e internacionais nos levam a buscar alternativas que reduzam o conflito causado pelo desenvolvimento humano. Termos como sustentabilidade e resili\u00eancia passam a fazer parte do cotidiano das publica\u00e7\u00f5es que versam sobre o futuro do planeta e, uma vez que se constata que o processo de urbaniza\u00e7\u00e3o \u00e9 crescente, e os impactos se concentram. No Brasil, os dados demogr\u00e1ficos atuais acusam mais de 85 da popula\u00e7\u00e3o vive nas cidades, investigam-se as poss\u00edveis contribui\u00e7\u00f5es que o campo disciplinar da Arquitetura da Paisagem pode vir a formular acerca dessas quest\u00f5es que ocupam diversos outros campos e disciplinas. Historicamente tratando dos espa\u00e7os livres urbanos e regionais, a abordagem do campo disciplinar e profissional da Arquitetura da Paisagem re\u00fane aportes de diferentes matrizes: objetivos, f\u00edsico-geogr\u00e1ficos, documentais e t\u00e9cnicos bem como subjetivos, socioculturais e est\u00e9ticos. Tendo como premissa a ideia de que o tempo espa\u00e7o para o qual se pesquisa e prop\u00f5e \u00e9 o que se recorta a partir da Bacia Hidrogr\u00e1fica do Tiet\u00ea Jacar\u00e9, que contempla 34 Munic\u00edpios, a pesquisa procura replicar desenvolvimentos metodol\u00f3gicos j\u00e1 experimentados na cidade de S\u00e3o Carlos, que participa da bacia mencionada. Atrav\u00e9s de leituras e estrat\u00e9gias fundamentadas no campo disciplinar da Arquitetura da Paisagem, o que se procura experimentar \u00e9 a possibilidade desenvolver processos de planejamento que tenham a infraestrutura verde como princ\u00edpio e as chamadas SbNs, solu\u00e7\u00f5es baseadas na natureza como possibilidade de desenho. O horizonte \u00e9 constatar, a partir de aproxima\u00e7\u00f5es e diferen\u00e7as, se as estrat\u00e9gias podem ser replicadas, participando da constru\u00e7\u00e3o de cidades mais sustent\u00e1veis e resilientes.<\/p>\n<\/div>\n\t\t<\/div><div id=\"panel-602-0-1-1\" class=\"so-panel widget widget_text panel-last-child\" data-index=\"2\" ><h3 class=\"widget-title\">Educa\u00e7\u00e3o inclusiva de jovens moradores de comunidades vulner\u00e1veis: explorando a pot\u00eancia da pr\u00e9-inicia\u00e7\u00e3o cient\u00edfica para pensar o enfrentamento de problemas locais a partir dos Objetivos do Desenvolvimento Sustent\u00e1vel<\/h3>\t\t\t<div class=\"textwidget\"><p>Esta proposta envolve a realiza\u00e7\u00e3o de oficinas integradas e que tragam benef\u00edcios permanentes para comunidades vulner\u00e1veis e est\u00e1 voltada para as comunidades vizinhas ao Campus 2 da USP S\u00e3o Carlos: Santa Angelina, Santa Fel\u00edcia, Parque Sissi e Residencial Monsenhor Tortorelli. O territ\u00f3rio de abrang\u00eancia desses bairros integra o escopo de atua\u00e7\u00e3o do Polo de A\u00e7\u00f5es Sociais da USP Campus S\u00e3o Carlos (PAS). O projeto tem como objetivo principal a inclus\u00e3o social de jovens das comunidades vulner\u00e1veis que por meio da forma\u00e7\u00e3o em Pr\u00e9-inicia\u00e7\u00e3o cient\u00edfica, para o desenvolvimento de pesquisas que tratam da resolu\u00e7\u00e3o de problemas locais com foco nos ODS e desenvolvimento de projetos para submiss\u00e3o nos editais PIBIC-EM (Programa Institucional de Bolsas de Inicia\u00e7\u00e3o Cient\u00edfica no Ensino M\u00e9dio CNPq), resultando em uma continuidade do projeto proposto. O PIBIC-EM vem aumentando o interesse dos alunos participantes em ingressar no ensino superior. Para a constru\u00e7\u00e3o cr\u00edtica da realidade em que vivem e poss\u00edveis propostas para elabora\u00e7\u00e3o de projetos cient\u00edficos, ser\u00e3o realizadas oficinas participativas voltadas ao desenvolvimento local sustent\u00e1vel e a promo\u00e7\u00e3o da cidadania e ao fortalecimento de pol\u00edticas p\u00fablicas em di\u00e1logo com os diferentes agentes envolvidos: universidades, l\u00edderes comunit\u00e1rios e gestores p\u00fablicos. As oficinas visam a constru\u00e7\u00e3o de perspectivas de acesso ao ensino superior por meio da difus\u00e3o do conhecimento cient\u00edfico. Existem atualmente muitos jovens nessas comunidades em situa\u00e7\u00e3o de vulnerabilidade, envolvidos no consumo de entorpecentes, sujeitos ao aliciamento do tr\u00e1fico de drogas e sem perspectivas para um futuro melhor. A pesquisa sobre problemas vividos no dia a dia desses jovens poder\u00e1 despertar o interesse pela pesquisa. Por outro lado, existem alunos com grande potencial nas escolas p\u00fablicas que desconhecem a exist\u00eancia do Projeto PIBIC-EM e este projeto poder\u00e1 servir como impulsionador de talentos e voca\u00e7\u00f5es.<\/p>\n<\/div>\n\t\t<\/div><\/div><\/div><div id=\"pg-602-1\"  class=\"panel-grid panel-no-style\" ><div id=\"pgc-602-1-0\"  class=\"panel-grid-cell\" ><div id=\"panel-602-1-0-0\" class=\"so-panel widget widget_text panel-first-child panel-last-child\" data-index=\"3\" ><h3 class=\"widget-title\">Projetos de extens\u00e3o conclu\u00eddos<\/h3>\t\t\t<div class=\"textwidget\"><\/div>\n\t\t<\/div><\/div><div id=\"pgc-602-1-1\"  class=\"panel-grid-cell\" ><div id=\"panel-602-1-1-0\" class=\"so-panel widget widget_text panel-first-child\" data-index=\"4\" ><h3 class=\"widget-title\">A cidade, as \u00e1guas, o espa\u00e7o p\u00fablico e as pessoas: apoio \u00e0 formula\u00e7\u00e3o de pol\u00edticas p\u00fablicas preventivas \u00e0s mudan\u00e7as clim\u00e1ticas<\/h3>\t\t\t<div class=\"textwidget\"><p>Os impactos das altera\u00e7\u00f5es do clima, provocados pelos modos de produ\u00e7\u00e3o e pelos modelos de ocupa\u00e7\u00e3o em diversas escalas territoriais, s\u00e3o amplamente demonstrados e comprovados por estudos e pesquisas nacionais e internacionais. Eles indicam que o aumento da urbaniza\u00e7\u00e3o pode intensificar eventos extremos sobre as cidades. Na Am\u00e9rica Latina, o fen\u00f4meno \u00e9 particularmente agudo, conforme advertido pelo Painel Intergovernamental sobre Mudan\u00e7as Clim\u00e1ticas: 17 dos 50 pa\u00edses mais vulner\u00e1veis \u00e0s mudan\u00e7as clim\u00e1ticas s\u00e3o latino-americanos. No Brasil, a tem\u00e1tica ainda caminha a passos lentos, sendo pouco inserida como uma pauta nas pol\u00edticas p\u00fablicas, sobretudo, municipais. A maioria das cidades, a despeito dos reiterados desastres relacionados \u00e0 vulnerabilidade dos lugares e de suas popula\u00e7\u00f5es, n\u00e3o possui sistemas eficientes de planejamento, gest\u00e3o e avalia\u00e7\u00e3o de riscos. Em \u00e2mbito nacional, algumas pol\u00edticas foram aprovadas visando o aumento da resili\u00eancia nas cidades, por\u00e9m, poucos instrumentos e a\u00e7\u00f5es s\u00e3o concretizados, de modo a alterar as condi\u00e7\u00f5es das comunidades afetadas e da cidade e seu munic\u00edpio como totalidade. O Estado de S\u00e3o Paulo \u00e9 um dos que mais vem sendo afetado pelos efeitos das altera\u00e7\u00f5es clim\u00e1ticas, associados, principalmente, \u00e0s mudan\u00e7as do uso da terra e ao processo de urbaniza\u00e7\u00e3o. Embora as metr\u00f3poles protagonizem as preocupa\u00e7\u00f5es, as articula\u00e7\u00f5es necess\u00e1rias para a adapta\u00e7\u00e3o, s\u00e3o igualmente importantes nas cidades m\u00e9dias, em especial porque nelas encontramos a presen\u00e7a de espa\u00e7os livres pass\u00edveis de serem articulados numa a\u00e7\u00e3o de resili\u00eancia e pensamento num futuro alternativo \u00e0s condi\u00e7\u00f5es de vida presentes. A cidade de S\u00e3o Carlos, localizada na regi\u00e3o central do Estado de S\u00e3o Paulo, possui cerca de 250 mil habitantes e vem apresentando, a cada ano, aumento de situa\u00e7\u00f5es de riscos e vulnerabilidades. A an\u00e1lise cr\u00edtica desses fen\u00f4menos e a tentativa de cria\u00e7\u00e3o e de aprimoramento das pol\u00edticas p\u00fablicas locais fez com que a gest\u00e3o p\u00fablica promovesse algumas iniciativas, dentre elas a cria\u00e7\u00e3o do Grupo de Trabalho de Planejamento dos Parques Urbanos GTPU, sob a coordena\u00e7\u00e3o da Universidade, em parceria com o governo e a sociedade civil. A finalidade do GTPU \u00e9 propor estrat\u00e9gias, cen\u00e1rios, projetos e pol\u00edticas p\u00fablicas, com abordagens participativas, preventivas e sist\u00eamicas, que visem incentivar uma gest\u00e3o urbana atrelada aos riscos e que indiquem a\u00e7\u00f5es e instrumentos que alcancem a dimens\u00e3o dos problemas espec\u00edficos de cada situa\u00e7\u00e3o contribuindo na altera\u00e7\u00e3o de uma cultura de planejamento em rela\u00e7\u00e3o \u00e0s cidades e seus munic\u00edpios. A abordagem te\u00f3rico-metodol\u00f3gica do GTPU tem na Paisagem e no Sistema de Espa\u00e7os Livres um ponto de fundamental converg\u00eancia. A ideia de Planejar com a Paisagem a partir dos espa\u00e7os livres em uma abordagem sist\u00eamica v\u00eam sendo reconhecida como uma importante estrat\u00e9gia em rela\u00e7\u00e3o \u00e0s adapta\u00e7\u00f5es clim\u00e1ticas e de melhoria do desenvolvimento sustent\u00e1vel, bem como poss\u00edvel base metodol\u00f3gica para se propor um planejamento e desenho urbano que possam contribuir com uma perspectiva de desenvolvimento contempor\u00e2nea pautada pelas ideias de resili\u00eancia e adapta\u00e7\u00e3o. Todas essas a\u00e7\u00f5es ampliam o papel da Universidade, disseminando o conhecimento cient\u00edfico e fortalecendo a inova\u00e7\u00e3o acad\u00eamica na contribui\u00e7\u00e3o dos problemas locais em di\u00e1logo com as pol\u00edticas p\u00fablicas e com o contexto municipal, fazendo parte de uma nova cultura de planejamento contempor\u00e2nea<\/p>\n<\/div>\n\t\t<\/div><div id=\"panel-602-1-1-1\" class=\"so-panel widget widget_text panel-last-child\" data-index=\"5\" ><h3 class=\"widget-title\">Parques Urbanos e Sistema de Espa\u00e7os Livres: contribui\u00e7\u00f5es da universidade para a gest\u00e3o p\u00fablica de S\u00e3o Carlos, SP<\/h3>\t\t\t<div class=\"textwidget\"><p>A cidade de S\u00e3o Carlos possui um Sistema de Parques e Espa\u00e7os Livres pouco qualificado e desconectado. Considerando o potencial mitigador dos efeitos negativos da urbaniza\u00e7\u00e3o e de incremento da qualidade de vida, a gest\u00e3o p\u00fablica atual criou sete novos Parques Urbanos. O objetivo deste projeto \u00e9 contribuir com o debate e com o interc\u00e2mbio de conhecimentos sobre os Parques Urbanos e o Sistema de Espa\u00e7os Livres (SEL) em S\u00e3o Carlos, fortalecendo a inova\u00e7\u00e3o e o engajamento da universidade na solu\u00e7\u00e3o dos problemas locais em di\u00e1logo com as pol\u00edticas p\u00fablicas e com o contexto municipal. A metodologia prop\u00f5e espa\u00e7os de forma\u00e7\u00e3o; visitas aos parques; question\u00e1rios de percep\u00e7\u00e3o; debates com a popula\u00e7\u00e3o e em conselhos municipais e divulga\u00e7\u00e3o dos resultados. Espera-se, com isso, fomentar a troca do conhecimento acad\u00eamico e a aplica\u00e7\u00e3o de instrumentos de gest\u00e3o para diversos agentes externos, tendo em vista o atendimento de demandas da sociedade.<\/p>\n<\/div>\n\t\t<\/div><\/div><\/div><\/div>","protected":false},"excerpt":{"rendered":"<p>H\u00e1 n\u00e3o mais de duas d\u00e9cadas instalou-se um movimento que vem protagonizando as quest\u00f5es do planejamento urbano e regional no mundo todo. Ele diz respeito a alternativas t\u00e9cnicas, notadamente de car\u00e1ter infra estrutural, e tendo as l\u00f3gicas da natureza como paradigma de projeto, que buscam construir territ\u00f3rios em maior conson\u00e2ncia com essas l\u00f3gicas, mitigando o &hellip; <\/p>\n<p class=\"link-more\"><a href=\"https:\/\/sites.usp.br\/yby\/extensao\/\" class=\"more-link\">Continue lendo<span class=\"screen-reader-text\"> &#8220;Extens\u00e3o&#8221;<\/span><\/a><\/p>\n","protected":false},"author":680,"featured_media":0,"parent":0,"menu_order":0,"comment_status":"closed","ping_status":"closed","template":"","meta":{"footnotes":"","_links_to":"","_links_to_target":""},"class_list":["post-602","page","type-page","status-publish","hentry"],"_links":{"self":[{"href":"https:\/\/sites.usp.br\/yby\/wp-json\/wp\/v2\/pages\/602","targetHints":{"allow":["GET"]}}],"collection":[{"href":"https:\/\/sites.usp.br\/yby\/wp-json\/wp\/v2\/pages"}],"about":[{"href":"https:\/\/sites.usp.br\/yby\/wp-json\/wp\/v2\/types\/page"}],"author":[{"embeddable":true,"href":"https:\/\/sites.usp.br\/yby\/wp-json\/wp\/v2\/users\/680"}],"replies":[{"embeddable":true,"href":"https:\/\/sites.usp.br\/yby\/wp-json\/wp\/v2\/comments?post=602"}],"version-history":[{"count":3,"href":"https:\/\/sites.usp.br\/yby\/wp-json\/wp\/v2\/pages\/602\/revisions"}],"predecessor-version":[{"id":623,"href":"https:\/\/sites.usp.br\/yby\/wp-json\/wp\/v2\/pages\/602\/revisions\/623"}],"wp:attachment":[{"href":"https:\/\/sites.usp.br\/yby\/wp-json\/wp\/v2\/media?parent=602"}],"curies":[{"name":"wp","href":"https:\/\/api.w.org\/{rel}","templated":true}]}}