{"id":79,"date":"2014-02-24T16:51:20","date_gmt":"2014-02-24T18:51:20","guid":{"rendered":"http:\/\/sites.usp.br\/yby\/?page_id=79"},"modified":"2025-10-14T14:10:45","modified_gmt":"2025-10-14T17:10:45","slug":"pagina-inicial","status":"publish","type":"page","link":"https:\/\/sites.usp.br\/yby\/","title":{"rendered":"P\u00e1gina Inicial"},"content":{"rendered":"<div id=\"pl-79\"  class=\"panel-layout\" ><div id=\"pg-79-0\"  class=\"panel-grid panel-no-style\" ><div id=\"pgc-79-0-0\"  class=\"panel-grid-cell\" ><div id=\"panel-79-0-0-0\" class=\"so-panel widget widget_text panel-first-child panel-last-child\" data-index=\"0\" ><h3 class=\"widget-title\">Not\u00edcias<\/h3>\t\t\t<div class=\"textwidget\"><\/div>\n\t\t<\/div><\/div><div id=\"pgc-79-0-1\"  class=\"panel-grid-cell\" ><div id=\"panel-79-0-1-0\" class=\"so-panel widget widget_sow-slider panel-first-child panel-last-child\" data-index=\"1\" ><div\n\t\t\t\n\t\t\tclass=\"so-widget-sow-slider so-widget-sow-slider-default-6d39609536fd-79\"\n\t\t\t\n\t\t>\t\t\t\t<div class=\"sow-slider-base\" style=\"display: none\" tabindex=\"0\">\n\t\t\t\t\t<ul\n\t\t\t\t\tclass=\"sow-slider-images\"\n\t\t\t\t\tdata-settings=\"{&quot;pagination&quot;:true,&quot;speed&quot;:400,&quot;timeout&quot;:8000,&quot;paused&quot;:false,&quot;pause_on_hover&quot;:false,&quot;swipe&quot;:true,&quot;nav_always_show_desktop&quot;:&quot;&quot;,&quot;nav_always_show_mobile&quot;:&quot;&quot;,&quot;breakpoint&quot;:&quot;780px&quot;,&quot;unmute&quot;:false,&quot;anchor&quot;:null}\"\n\t\t\t\t\t\t\t\t\t\tdata-anchor-id=\"\"\n\t\t\t\t>\t\t<li class=\"sow-slider-image\" style=\"visibility: visible;;cursor: pointer;\" data-url=\"{&quot;url&quot;:&quot;https:\\\/\\\/www.iau.usp.br\\\/posgrad\\\/processo-seletivo-mestrado-doutorado-2026\\\/&quot;,&quot;new_window&quot;:true}\" >\n\t\t\t\t\t\t<div class=\"sow-slider-image-container\">\n\t\t\t\t<div class=\"sow-slider-image-wrapper\" style=\"max-width: 2000px\">\n\t\t\t\t\t\t\t\t\t\t\t<a href=\"https:\/\/www.iau.usp.br\/posgrad\/processo-seletivo-mestrado-doutorado-2026\/\"\n\t\t\t\t\t\t\t\t\t\t\t\t\t\t\t\t\t\t\t\t\ttarget=\"_blank\" \t\t\t\t\t\t\t\t\t\t\t\t\t\t\t\t\t\t\t\t\t\t\t\t\t\t\t\trel=\"noopener noreferrer\" \t\t\t\t\t\t\t\t\t\t\t\t\t>\n\t\t\t\t\t\t\t\t\t\t<div class=\"sow-slider-image-foreground-wrapper\">\n\t\t\t\t\t\t<img fetchpriority=\"high\" decoding=\"async\" width=\"2000\" height=\"600\" src=\"https:\/\/sites.usp.br\/yby\/wp-content\/uploads\/sites\/386\/2025\/10\/Cartaz_site.png\" class=\"sow-slider-foreground-image\" alt=\"\" style=\"\" srcset=\"https:\/\/sites.usp.br\/yby\/wp-content\/uploads\/sites\/386\/2025\/10\/Cartaz_site.png 2000w, https:\/\/sites.usp.br\/yby\/wp-content\/uploads\/sites\/386\/2025\/10\/Cartaz_site-300x90.png 300w, https:\/\/sites.usp.br\/yby\/wp-content\/uploads\/sites\/386\/2025\/10\/Cartaz_site-1024x307.png 1024w, https:\/\/sites.usp.br\/yby\/wp-content\/uploads\/sites\/386\/2025\/10\/Cartaz_site-768x230.png 768w, https:\/\/sites.usp.br\/yby\/wp-content\/uploads\/sites\/386\/2025\/10\/Cartaz_site-1536x461.png 1536w, https:\/\/sites.usp.br\/yby\/wp-content\/uploads\/sites\/386\/2025\/10\/Cartaz_site-400x120.png 400w\" sizes=\"100vw\" \/>\t\t\t\t\t<\/div>\n\t\t\t\t\t\t\t\t\t\t\t<\/a>\n\t\t\t\t\t\t\t\t\t<\/div>\n\t\t\t<\/div>\n\t\t\t\t\t<\/li>\n\t\t<\/ul>\t\t\t\t<ol class=\"sow-slider-pagination\">\n\t\t\t\t\t\t\t\t\t\t\t<li><a href=\"#\" data-goto=\"0\" aria-label=\"Display slide 1\"><\/a><\/li>\n\t\t\t\t\t\t\t\t\t<\/ol>\n\n\t\t\t\t<div class=\"sow-slide-nav sow-slide-nav-next\">\n\t\t\t\t\t<a href=\"#\" data-goto=\"next\" aria-label=\"Next slide\" data-action=\"next\">\n\t\t\t\t\t\t<em class=\"sow-sld-icon-thin-right\"><\/em>\n\t\t\t\t\t<\/a>\n\t\t\t\t<\/div>\n\n\t\t\t\t<div class=\"sow-slide-nav sow-slide-nav-prev\">\n\t\t\t\t\t<a href=\"#\" data-goto=\"previous\" aria-label=\"Previous slide\" data-action=\"prev\">\n\t\t\t\t\t\t<em class=\"sow-sld-icon-thin-left\"><\/em>\n\t\t\t\t\t<\/a>\n\t\t\t\t<\/div>\n\t\t\t\t<\/div><\/div><\/div><\/div><\/div><div id=\"pg-79-1\"  class=\"panel-grid panel-no-style\" ><div id=\"pgc-79-1-0\"  class=\"panel-grid-cell\" ><div id=\"panel-79-1-0-0\" class=\"so-panel widget widget_text panel-first-child panel-last-child\" data-index=\"2\" ><h3 class=\"widget-title\">YBY em n\u00fameros<\/h3>\t\t\t<div class=\"textwidget\"><p>Integrantes (42) Egressos (83)<br \/>\nPesquisas de P\u00f3s-doutorado em andamento (2) Conclu\u00eddas (2)<br \/>\nPesquisas de Doutorado em andamento (18) Conclu\u00eddas (4)<br \/>\nPesquisas de Mestrado em andamento (6) Conclu\u00eddas (22)<br \/>\nPesquisas de Inicia\u00e7\u00e3o Cient\u00edfica em andamento (12) Conclu\u00eddas (65)<br \/>\nProjetos de extens\u00e3o em andamento (2) Conclu\u00eddos (2)<\/p>\n<\/div>\n\t\t<\/div><\/div><\/div><\/div>","protected":false},"excerpt":{"rendered":"<p>Integrantes (42) Egressos (83) Pesquisas de P\u00f3s-doutorado em andamento (2) Conclu\u00eddas (2) Pesquisas de Doutorado em andamento (18) Conclu\u00eddas (4) Pesquisas de Mestrado em andamento (6) Conclu\u00eddas (22) Pesquisas de Inicia\u00e7\u00e3o Cient\u00edfica em andamento (12) Conclu\u00eddas (65) Projetos de extens\u00e3o em andamento (2) Conclu\u00eddos (2)<\/p>\n","protected":false},"author":1,"featured_media":0,"parent":0,"menu_order":0,"comment_status":"closed","ping_status":"closed","template":"","meta":{"footnotes":"","_links_to":"","_links_to_target":""},"class_list":["post-79","page","type-page","status-publish","hentry"],"_links":{"self":[{"href":"https:\/\/sites.usp.br\/yby\/wp-json\/wp\/v2\/pages\/79","targetHints":{"allow":["GET"]}}],"collection":[{"href":"https:\/\/sites.usp.br\/yby\/wp-json\/wp\/v2\/pages"}],"about":[{"href":"https:\/\/sites.usp.br\/yby\/wp-json\/wp\/v2\/types\/page"}],"author":[{"embeddable":true,"href":"https:\/\/sites.usp.br\/yby\/wp-json\/wp\/v2\/users\/1"}],"replies":[{"embeddable":true,"href":"https:\/\/sites.usp.br\/yby\/wp-json\/wp\/v2\/comments?post=79"}],"version-history":[{"count":7,"href":"https:\/\/sites.usp.br\/yby\/wp-json\/wp\/v2\/pages\/79\/revisions"}],"predecessor-version":[{"id":639,"href":"https:\/\/sites.usp.br\/yby\/wp-json\/wp\/v2\/pages\/79\/revisions\/639"}],"wp:attachment":[{"href":"https:\/\/sites.usp.br\/yby\/wp-json\/wp\/v2\/media?parent=79"}],"curies":[{"name":"wp","href":"https:\/\/api.w.org\/{rel}","templated":true}]}}