{"id":308,"date":"2024-03-21T10:53:49","date_gmt":"2024-03-21T13:53:49","guid":{"rendered":"https:\/\/sites.usp.br\/zonascinzentas\/sub-1-2\/"},"modified":"2024-04-11T21:48:27","modified_gmt":"2024-04-12T00:48:27","slug":"sub-3","status":"publish","type":"page","link":"https:\/\/sites.usp.br\/zonascinzentas\/sub-3\/","title":{"rendered":"Env\u00edos"},"content":{"rendered":"\t\t<div data-elementor-type=\"wp-page\" data-elementor-id=\"308\" class=\"elementor elementor-308\">\n\t\t\t\t\t\t<section class=\"elementor-section elementor-top-section elementor-element elementor-element-15f5bfe8 elementor-section-full_width elementor-section-height-default elementor-section-height-default\" data-id=\"15f5bfe8\" data-element_type=\"section\">\n\t\t\t\t\t\t<div class=\"elementor-container elementor-column-gap-no\">\n\t\t\t\t\t<div class=\"elementor-column elementor-col-100 elementor-top-column elementor-element elementor-element-3b599053\" data-id=\"3b599053\" data-element_type=\"column\">\n\t\t\t<div class=\"elementor-widget-wrap elementor-element-populated\">\n\t\t\t\t\t\t<div class=\"elementor-element elementor-element-f3f2739 elementor-align-right elementor-absolute elementor-widget elementor-widget-button\" data-id=\"f3f2739\" data-element_type=\"widget\" data-settings=\"{&quot;_position&quot;:&quot;absolute&quot;}\" data-widget_type=\"button.default\">\n\t\t\t\t<div class=\"elementor-widget-container\">\n\t\t\t\t\t\t\t<div class=\"elementor-button-wrapper\">\n\t\t\t\t\t<a class=\"elementor-button elementor-button-link elementor-size-sm\" href=\"https:\/\/sites.usp.br\/zonascinzentas\/sub-2\/%20\">\n\t\t\t\t\t\t<span class=\"elementor-button-content-wrapper\">\n\t\t\t\t\t\t\t\t\t<span class=\"elementor-button-text\">EN<\/span>\n\t\t\t\t\t<\/span>\n\t\t\t\t\t<\/a>\n\t\t\t\t<\/div>\n\t\t\t\t\t\t<\/div>\n\t\t\t\t<\/div>\n\t\t\t\t<div class=\"elementor-element elementor-element-6f196b0 elementor-align-right elementor-absolute elementor-widget elementor-widget-button\" data-id=\"6f196b0\" data-element_type=\"widget\" data-settings=\"{&quot;_position&quot;:&quot;absolute&quot;}\" data-widget_type=\"button.default\">\n\t\t\t\t<div class=\"elementor-widget-container\">\n\t\t\t\t\t\t\t<div class=\"elementor-button-wrapper\">\n\t\t\t\t\t<a class=\"elementor-button elementor-button-link elementor-size-sm\" href=\"https:\/\/sites.usp.br\/zonascinzentas\/sub-1\/%20\">\n\t\t\t\t\t\t<span class=\"elementor-button-content-wrapper\">\n\t\t\t\t\t\t\t\t\t<span class=\"elementor-button-text\">PT<\/span>\n\t\t\t\t\t<\/span>\n\t\t\t\t\t<\/a>\n\t\t\t\t<\/div>\n\t\t\t\t\t\t<\/div>\n\t\t\t\t<\/div>\n\t\t\t\t<div class=\"elementor-element elementor-element-efe949c elementor-align-right elementor-absolute elementor-widget elementor-widget-button\" data-id=\"efe949c\" data-element_type=\"widget\" data-settings=\"{&quot;_position&quot;:&quot;absolute&quot;}\" data-widget_type=\"button.default\">\n\t\t\t\t<div class=\"elementor-widget-container\">\n\t\t\t\t\t\t\t<div class=\"elementor-button-wrapper\">\n\t\t\t\t\t<a class=\"elementor-button elementor-button-link elementor-size-sm\" href=\"https:\/\/sites.usp.br\/zonascinzentas\/sub-3\/%20%20https:\/\/sites.usp.br\/zonascinzentas\/sub-4\/\">\n\t\t\t\t\t\t<span class=\"elementor-button-content-wrapper\">\n\t\t\t\t\t\t\t\t\t<span class=\"elementor-button-text\">FR<\/span>\n\t\t\t\t\t<\/span>\n\t\t\t\t\t<\/a>\n\t\t\t\t<\/div>\n\t\t\t\t\t\t<\/div>\n\t\t\t\t<\/div>\n\t\t\t\t<div class=\"elementor-element elementor-element-fbfb0b0 elementor-widget elementor-widget-heading\" data-id=\"fbfb0b0\" data-element_type=\"widget\" data-widget_type=\"heading.default\">\n\t\t\t\t<div class=\"elementor-widget-container\">\n\t\t\t<h2 class=\"elementor-heading-title elementor-size-default\">Env\u00edos<\/h2>\t\t<\/div>\n\t\t\t\t<\/div>\n\t\t\t\t<div class=\"elementor-element elementor-element-46332be elementor-widget elementor-widget-text-editor\" data-id=\"46332be\" data-element_type=\"widget\" data-widget_type=\"text-editor.default\">\n\t\t\t\t<div class=\"elementor-widget-container\">\n\t\t\t\t\t\t\t<p>El coloquio internacional busca comparar la experiencia de los trabajadores de plataforma a trav\u00e9s de las figuras emblem\u00e1ticas de choferes de aplicaciones y de personas que realizan \u201c<em>delivery\u201d <\/em>de comidas y compras.<\/p><p>Ser\u00e1n bienvenidas las contribuciones que se interesen, entre otras, en:<\/p><ul><li>Los casos de estudios situados que se interroguen sobre la epistemolog\u00eda de su enfoque;<\/li><li>La comparaci\u00f3n y circulaci\u00f3n de objetos, de normas, de regulaciones y de pr\u00e1cticas de trabajo de plataforma as\u00ed que sobre las evoluciones de los modelos de negocios de plataformas y su aceptaci\u00f3n de un pa\u00eds a otro, especialmente a partir de las experiencias del Sur;<\/li><li>La naturaleza de un capitalismo de plataforma, entre otros, bajo el \u00e1ngulo de la racializaci\u00f3n y de su articulaci\u00f3n con otras relaciones sociales (g\u00e9nero, clase, etc.);<\/li><li>El estudio de las zonas grises, de los espacios de las transformaciones y recomposiciones del trabajo y del empleo que provoca el trabajo de plataformas y su comparaci\u00f3n entre experiencias nacionales, entre el Norte y el Sur;<\/li><li>La aplicaci\u00f3n de las epistemolog\u00edas de la comparaci\u00f3n, es decir, una reflexi\u00f3n sobre la inter\u2013 y la transdisciplinariedad, concebidas en su \u201cglobalidad\u201d.<\/li><\/ul><p>\u00a0<\/p><p>Contribuciones te\u00f3ricas sobre paradigmas, que pueden traer apelaciones diferentes a realidades nuevas o renovadas producidas por el trabajo de plataforma en el Norte y en el Sur son tambi\u00e9n bienvenidas.<\/p><p>\u00bfC\u00faal o cu\u00e1les epistemolog\u00eda(s) para estudiar el trabajo de plataforma?<\/p>\t\t\t\t\t\t<\/div>\n\t\t\t\t<\/div>\n\t\t\t\t<div class=\"elementor-element elementor-element-6d4958b elementor-widget elementor-widget-heading\" data-id=\"6d4958b\" data-element_type=\"widget\" data-widget_type=\"heading.default\">\n\t\t\t\t<div class=\"elementor-widget-container\">\n\t\t\t<h5 class=\"elementor-heading-title elementor-size-default\">Instrucciones de env\u00edo<\/h5>\t\t<\/div>\n\t\t\t\t<\/div>\n\t\t\t\t<div class=\"elementor-element elementor-element-23202fa elementor-widget elementor-widget-text-editor\" data-id=\"23202fa\" data-element_type=\"widget\" data-widget_type=\"text-editor.default\">\n\t\t\t\t<div class=\"elementor-widget-container\">\n\t\t\t\t\t\t\t<p>Los res\u00famenes de ponencias deben tener un m\u00e1ximo de 3000 caracteres con espacios y pueden ser redactados en ingl\u00e9s, espa\u00f1ol, franc\u00e9s y portugu\u00e9s seguidos de un breve CV. Los mismos deben ser enviados a la siguiente direcci\u00f3n electr\u00f3nica col.zonascinzentas@ gmail.com.<\/p>\n<p><strong>Fecha l\u00edmite del env\u00edo de res\u00famenes: 15<\/strong><span style=\"font-variant-ligatures: normal; font-variant-caps: normal; font-family: Nunito, sans-serif; font-size: 16px; font-style: normal; font-weight: 600;\">&nbsp;de mayo <\/span><strong>de 2024.<\/strong><\/p>\n<p><span style=\"font-size: 16px; letter-spacing: var( --e-global-typography-text-letter-spacing ); text-transform: var( --e-global-typography-text-text-transform ); background-color: var( --e-global-color-secondary );\">El coloquio est\u00e1 organizado en modalidad presencial y en el caso de algunas ponencias, la participaci\u00f3n podr\u00e1 realizarse a distancia. Al realizar el env\u00edo de una propuesta, por favor, indicar la modalidad de participaci\u00f3n prevista para permitir asegurar los equilibrios cient\u00edficos y geogr\u00e1ficos.<\/span><\/p>\t\t\t\t\t\t<\/div>\n\t\t\t\t<\/div>\n\t\t\t\t\t<\/div>\n\t\t<\/div>\n\t\t\t\t\t<\/div>\n\t\t<\/section>\n\t\t\t\t<\/div>\n\t\t","protected":false},"excerpt":{"rendered":"<p>EN PT FR Env\u00edos El coloquio internacional busca comparar la experiencia de los trabajadores de plataforma a trav\u00e9s de las figuras emblem\u00e1ticas de choferes de aplicaciones y de personas que realizan \u201cdelivery\u201d de comidas y compras. Ser\u00e1n bienvenidas las contribuciones que se interesen, entre otras, en: Los casos de estudios situados que se interroguen sobre [&hellip;]<\/p>\n","protected":false},"author":680,"featured_media":0,"parent":0,"menu_order":0,"comment_status":"closed","ping_status":"closed","template":"elementor_header_footer","meta":{"footnotes":"","_links_to":"","_links_to_target":""},"class_list":["post-308","page","type-page","status-publish","hentry","entry"],"_links":{"self":[{"href":"https:\/\/sites.usp.br\/zonascinzentas\/wp-json\/wp\/v2\/pages\/308","targetHints":{"allow":["GET"]}}],"collection":[{"href":"https:\/\/sites.usp.br\/zonascinzentas\/wp-json\/wp\/v2\/pages"}],"about":[{"href":"https:\/\/sites.usp.br\/zonascinzentas\/wp-json\/wp\/v2\/types\/page"}],"author":[{"embeddable":true,"href":"https:\/\/sites.usp.br\/zonascinzentas\/wp-json\/wp\/v2\/users\/680"}],"replies":[{"embeddable":true,"href":"https:\/\/sites.usp.br\/zonascinzentas\/wp-json\/wp\/v2\/comments?post=308"}],"version-history":[{"count":4,"href":"https:\/\/sites.usp.br\/zonascinzentas\/wp-json\/wp\/v2\/pages\/308\/revisions"}],"predecessor-version":[{"id":742,"href":"https:\/\/sites.usp.br\/zonascinzentas\/wp-json\/wp\/v2\/pages\/308\/revisions\/742"}],"wp:attachment":[{"href":"https:\/\/sites.usp.br\/zonascinzentas\/wp-json\/wp\/v2\/media?parent=308"}],"curies":[{"name":"wp","href":"https:\/\/api.w.org\/{rel}","templated":true}]}}