{"id":41,"date":"2024-03-21T10:53:49","date_gmt":"2024-03-21T13:53:49","guid":{"rendered":"https:\/\/sites.usp.br\/zonascinzentas\/contact\/"},"modified":"2024-04-11T21:45:24","modified_gmt":"2024-04-12T00:45:24","slug":"sub-1","status":"publish","type":"page","link":"https:\/\/sites.usp.br\/zonascinzentas\/sub-1\/","title":{"rendered":"SUBMISS\u00d5ES"},"content":{"rendered":"\t\t<div data-elementor-type=\"wp-page\" data-elementor-id=\"41\" class=\"elementor elementor-41\">\n\t\t\t\t\t\t<section class=\"elementor-section elementor-top-section elementor-element elementor-element-15f5bfe8 elementor-section-full_width elementor-section-height-default elementor-section-height-default\" data-id=\"15f5bfe8\" data-element_type=\"section\">\n\t\t\t\t\t\t<div class=\"elementor-container elementor-column-gap-no\">\n\t\t\t\t\t<div class=\"elementor-column elementor-col-100 elementor-top-column elementor-element elementor-element-3b599053\" data-id=\"3b599053\" data-element_type=\"column\">\n\t\t\t<div class=\"elementor-widget-wrap elementor-element-populated\">\n\t\t\t\t\t\t<div class=\"elementor-element elementor-element-f3f2739 elementor-align-right elementor-absolute elementor-widget elementor-widget-button\" data-id=\"f3f2739\" data-element_type=\"widget\" data-settings=\"{&quot;_position&quot;:&quot;absolute&quot;}\" data-widget_type=\"button.default\">\n\t\t\t\t<div class=\"elementor-widget-container\">\n\t\t\t\t\t\t\t<div class=\"elementor-button-wrapper\">\n\t\t\t\t\t<a class=\"elementor-button elementor-button-link elementor-size-sm\" href=\"https:\/\/sites.usp.br\/zonascinzentas\/sub-2\/%20\">\n\t\t\t\t\t\t<span class=\"elementor-button-content-wrapper\">\n\t\t\t\t\t\t\t\t\t<span class=\"elementor-button-text\">EN<\/span>\n\t\t\t\t\t<\/span>\n\t\t\t\t\t<\/a>\n\t\t\t\t<\/div>\n\t\t\t\t\t\t<\/div>\n\t\t\t\t<\/div>\n\t\t\t\t<div class=\"elementor-element elementor-element-6f196b0 elementor-align-right elementor-absolute elementor-widget elementor-widget-button\" data-id=\"6f196b0\" data-element_type=\"widget\" data-settings=\"{&quot;_position&quot;:&quot;absolute&quot;}\" data-widget_type=\"button.default\">\n\t\t\t\t<div class=\"elementor-widget-container\">\n\t\t\t\t\t\t\t<div class=\"elementor-button-wrapper\">\n\t\t\t\t\t<a class=\"elementor-button elementor-button-link elementor-size-sm\" href=\"https:\/\/sites.usp.br\/zonascinzentas\/sub-3\/%20\">\n\t\t\t\t\t\t<span class=\"elementor-button-content-wrapper\">\n\t\t\t\t\t\t\t\t\t<span class=\"elementor-button-text\">ES<\/span>\n\t\t\t\t\t<\/span>\n\t\t\t\t\t<\/a>\n\t\t\t\t<\/div>\n\t\t\t\t\t\t<\/div>\n\t\t\t\t<\/div>\n\t\t\t\t<div class=\"elementor-element elementor-element-efe949c elementor-align-right elementor-absolute elementor-widget elementor-widget-button\" data-id=\"efe949c\" data-element_type=\"widget\" data-settings=\"{&quot;_position&quot;:&quot;absolute&quot;}\" data-widget_type=\"button.default\">\n\t\t\t\t<div class=\"elementor-widget-container\">\n\t\t\t\t\t\t\t<div class=\"elementor-button-wrapper\">\n\t\t\t\t\t<a class=\"elementor-button elementor-button-link elementor-size-sm\" href=\"https:\/\/sites.usp.br\/zonascinzentas\/sub-4\/\">\n\t\t\t\t\t\t<span class=\"elementor-button-content-wrapper\">\n\t\t\t\t\t\t\t\t\t<span class=\"elementor-button-text\">FR<\/span>\n\t\t\t\t\t<\/span>\n\t\t\t\t\t<\/a>\n\t\t\t\t<\/div>\n\t\t\t\t\t\t<\/div>\n\t\t\t\t<\/div>\n\t\t\t\t<div class=\"elementor-element elementor-element-fbfb0b0 elementor-widget elementor-widget-heading\" data-id=\"fbfb0b0\" data-element_type=\"widget\" data-widget_type=\"heading.default\">\n\t\t\t\t<div class=\"elementor-widget-container\">\n\t\t\t<h2 class=\"elementor-heading-title elementor-size-default\">Submiss\u00f5es<\/h2>\t\t<\/div>\n\t\t\t\t<\/div>\n\t\t\t\t<div class=\"elementor-element elementor-element-46332be elementor-widget elementor-widget-text-editor\" data-id=\"46332be\" data-element_type=\"widget\" data-widget_type=\"text-editor.default\">\n\t\t\t\t<div class=\"elementor-widget-container\">\n\t\t\t\t\t\t\t<p>O col\u00f3quio buscar\u00e1 comparar a experi\u00eancia dos trabalhadores plataformizados por meio das figuras emblem\u00e1ticas dos motoristas de aplicativos e dos entregadores de refei\u00e7\u00f5es e v\u00edveres.<\/p><p>Ser\u00e3o acolhidas as contribui\u00e7\u00f5es que se interessam entre outros temas:<\/p><ul><li>por casos de estudos situados que s\u00e3o examinados a partir das suas abordagens epistemol\u00f3gicas<\/li><li>pela compara\u00e7\u00e3o e circula\u00e7\u00e3o de objetos, normas, regula\u00e7\u00f5es, pr\u00e1ticas de trabalho plataformizado assim como pelas evolu\u00e7\u00f5es dos modelos de neg\u00f3cios das plataformas e sua aceita\u00e7\u00e3o de um pa\u00eds ao outro, especialmente a partir das experi\u00eancias do Sul;<\/li><li>pela natureza de um capitalismo de plataforma, entre outras designa\u00e7\u00f5es, sob o \u00e2ngulo da sua radicaliza\u00e7\u00e3o, da racializa\u00e7\u00e3o e de sua articula\u00e7\u00e3o com as outras rela\u00e7\u00f5es sociais (g\u00eanero, classe, etc.);<\/li><li>pelo estudo das zonas cinzentas relativas \u00e0s transforma\u00e7\u00f5es e recomposi\u00e7\u00f5es do trabalho e do emprego que impulsionam o trabalho plataformizado e sua compara\u00e7\u00e3o entre as experi\u00eancias nacionais do Norte e o Sul;<\/li><li>pela utiliza\u00e7\u00e3o das epistemologias da compara\u00e7\u00e3o, que podem se desdobram em uma reflex\u00e3o calcada na inter\u2013 e na transdisciplinaridade, concebidas em sua \u00ab\u00a0globalidade\u00a0\u00bb.<\/li><li>Qual ou quais epistemologia(s) para se estudar o trabalho de plataforma?<\/li><\/ul><p>As contribui\u00e7\u00f5es te\u00f3ricas sobre os paradigmas capazes de oferecer formas de identifica\u00e7\u00e3o e nomea\u00e7\u00e3o das novas realidades ou realidades renovadas pelo trabalho plataformizado no Norte e no Sul ser\u00e3o tamb\u00e9m aceitas.<\/p>\t\t\t\t\t\t<\/div>\n\t\t\t\t<\/div>\n\t\t\t\t<div class=\"elementor-element elementor-element-6d4958b elementor-widget elementor-widget-heading\" data-id=\"6d4958b\" data-element_type=\"widget\" data-widget_type=\"heading.default\">\n\t\t\t\t<div class=\"elementor-widget-container\">\n\t\t\t<h5 class=\"elementor-heading-title elementor-size-default\">Instru\u00e7\u00f5es de envio<\/h5>\t\t<\/div>\n\t\t\t\t<\/div>\n\t\t\t\t<div class=\"elementor-element elementor-element-23202fa elementor-widget elementor-widget-text-editor\" data-id=\"23202fa\" data-element_type=\"widget\" data-widget_type=\"text-editor.default\">\n\t\t\t\t<div class=\"elementor-widget-container\">\n\t\t\t\t\t\t\t<p>Os resumos dever\u00e3o ter no m\u00e1ximo 3.000 caracteres, incluindo os espa\u00e7os, e poder\u00e3o ser redigidas em ingl\u00eas, espanhol e portugu\u00eas, acompanhadas de um CV resumido, para o seguinte endere\u00e7o col.zonascinzentas@ gmail.com<\/p>\n<p><strong>Data limite para o envio: <b>15 de maio de 2024<\/b><\/strong><\/p>\n<p>O col\u00f3quio ser\u00e1 organizado presencialmente e <em>on line<\/em> para alguns de seus participantes. Favor indicar a forma de participa\u00e7\u00e3o (presencial ou <em>on line<\/em>) para que se possa garantir uma distribui\u00e7\u00e3o equitativa tanto do ponto de vista cient\u00edfico como do ponto de vista geogr\u00e1fico.<\/p>\t\t\t\t\t\t<\/div>\n\t\t\t\t<\/div>\n\t\t\t\t\t<\/div>\n\t\t<\/div>\n\t\t\t\t\t<\/div>\n\t\t<\/section>\n\t\t\t\t<\/div>\n\t\t","protected":false},"excerpt":{"rendered":"<p>EN ES FR Submiss\u00f5es O col\u00f3quio buscar\u00e1 comparar a experi\u00eancia dos trabalhadores plataformizados por meio das figuras emblem\u00e1ticas dos motoristas de aplicativos e dos entregadores de refei\u00e7\u00f5es e v\u00edveres. Ser\u00e3o acolhidas as contribui\u00e7\u00f5es que se interessam entre outros temas: por casos de estudos situados que s\u00e3o examinados a partir das suas abordagens epistemol\u00f3gicas pela compara\u00e7\u00e3o [&hellip;]<\/p>\n","protected":false},"author":680,"featured_media":0,"parent":0,"menu_order":0,"comment_status":"closed","ping_status":"closed","template":"elementor_header_footer","meta":{"footnotes":"","_links_to":"","_links_to_target":""},"class_list":["post-41","page","type-page","status-publish","hentry","entry"],"_links":{"self":[{"href":"https:\/\/sites.usp.br\/zonascinzentas\/wp-json\/wp\/v2\/pages\/41","targetHints":{"allow":["GET"]}}],"collection":[{"href":"https:\/\/sites.usp.br\/zonascinzentas\/wp-json\/wp\/v2\/pages"}],"about":[{"href":"https:\/\/sites.usp.br\/zonascinzentas\/wp-json\/wp\/v2\/types\/page"}],"author":[{"embeddable":true,"href":"https:\/\/sites.usp.br\/zonascinzentas\/wp-json\/wp\/v2\/users\/680"}],"replies":[{"embeddable":true,"href":"https:\/\/sites.usp.br\/zonascinzentas\/wp-json\/wp\/v2\/comments?post=41"}],"version-history":[{"count":4,"href":"https:\/\/sites.usp.br\/zonascinzentas\/wp-json\/wp\/v2\/pages\/41\/revisions"}],"predecessor-version":[{"id":730,"href":"https:\/\/sites.usp.br\/zonascinzentas\/wp-json\/wp\/v2\/pages\/41\/revisions\/730"}],"wp:attachment":[{"href":"https:\/\/sites.usp.br\/zonascinzentas\/wp-json\/wp\/v2\/media?parent=41"}],"curies":[{"name":"wp","href":"https:\/\/api.w.org\/{rel}","templated":true}]}}