{"id":59,"date":"2024-03-21T10:53:59","date_gmt":"2024-03-21T13:53:59","guid":{"rendered":"https:\/\/sites.usp.br\/zonascinzentas\/portfolio\/"},"modified":"2024-04-29T14:52:57","modified_gmt":"2024-04-29T17:52:57","slug":"org-1","status":"publish","type":"page","link":"https:\/\/sites.usp.br\/zonascinzentas\/org-1\/","title":{"rendered":"ORGANIZA\u00c7\u00c3O"},"content":{"rendered":"\t\t<div data-elementor-type=\"wp-page\" data-elementor-id=\"59\" class=\"elementor elementor-59\">\n\t\t\t\t\t\t<section class=\"elementor-section elementor-top-section elementor-element elementor-element-3ed8c9e7 elementor-section-height-min-height elementor-section-items-stretch elementor-section-content-middle elementor-section-boxed elementor-section-height-default\" data-id=\"3ed8c9e7\" data-element_type=\"section\">\n\t\t\t\t\t\t<div class=\"elementor-container elementor-column-gap-no\">\n\t\t\t\t\t<div class=\"elementor-column elementor-col-100 elementor-top-column elementor-element elementor-element-5734fdc1\" data-id=\"5734fdc1\" data-element_type=\"column\">\n\t\t\t<div class=\"elementor-widget-wrap elementor-element-populated\">\n\t\t\t\t\t\t<div class=\"elementor-element elementor-element-00a5a8d elementor-align-right elementor-absolute elementor-widget elementor-widget-button\" data-id=\"00a5a8d\" data-element_type=\"widget\" data-settings=\"{&quot;_position&quot;:&quot;absolute&quot;}\" data-widget_type=\"button.default\">\n\t\t\t\t<div class=\"elementor-widget-container\">\n\t\t\t\t\t\t\t<div class=\"elementor-button-wrapper\">\n\t\t\t\t\t<a class=\"elementor-button elementor-button-link elementor-size-sm\" href=\"https:\/\/sites.usp.br\/zonascinzentas\/org-2\/\">\n\t\t\t\t\t\t<span class=\"elementor-button-content-wrapper\">\n\t\t\t\t\t\t\t\t\t<span class=\"elementor-button-text\">EN<\/span>\n\t\t\t\t\t<\/span>\n\t\t\t\t\t<\/a>\n\t\t\t\t<\/div>\n\t\t\t\t\t\t<\/div>\n\t\t\t\t<\/div>\n\t\t\t\t<div class=\"elementor-element elementor-element-b4b660b elementor-align-right elementor-absolute elementor-widget elementor-widget-button\" data-id=\"b4b660b\" data-element_type=\"widget\" data-settings=\"{&quot;_position&quot;:&quot;absolute&quot;}\" data-widget_type=\"button.default\">\n\t\t\t\t<div class=\"elementor-widget-container\">\n\t\t\t\t\t\t\t<div class=\"elementor-button-wrapper\">\n\t\t\t\t\t<a class=\"elementor-button elementor-button-link elementor-size-sm\" href=\"https:\/\/sites.usp.br\/zonascinzentas\/org-3\/\">\n\t\t\t\t\t\t<span class=\"elementor-button-content-wrapper\">\n\t\t\t\t\t\t\t\t\t<span class=\"elementor-button-text\">ES<\/span>\n\t\t\t\t\t<\/span>\n\t\t\t\t\t<\/a>\n\t\t\t\t<\/div>\n\t\t\t\t\t\t<\/div>\n\t\t\t\t<\/div>\n\t\t\t\t<div class=\"elementor-element elementor-element-19cc8ac elementor-align-right elementor-absolute elementor-widget elementor-widget-button\" data-id=\"19cc8ac\" data-element_type=\"widget\" data-settings=\"{&quot;_position&quot;:&quot;absolute&quot;}\" data-widget_type=\"button.default\">\n\t\t\t\t<div class=\"elementor-widget-container\">\n\t\t\t\t\t\t\t<div class=\"elementor-button-wrapper\">\n\t\t\t\t\t<a class=\"elementor-button elementor-button-link elementor-size-sm\" href=\"https:\/\/sites.usp.br\/zonascinzentas\/org-4\/%20\">\n\t\t\t\t\t\t<span class=\"elementor-button-content-wrapper\">\n\t\t\t\t\t\t\t\t\t<span class=\"elementor-button-text\">FR<\/span>\n\t\t\t\t\t<\/span>\n\t\t\t\t\t<\/a>\n\t\t\t\t<\/div>\n\t\t\t\t\t\t<\/div>\n\t\t\t\t<\/div>\n\t\t\t\t<div class=\"elementor-element elementor-element-15be238 elementor-widget elementor-widget-heading\" data-id=\"15be238\" data-element_type=\"widget\" data-widget_type=\"heading.default\">\n\t\t\t\t<div class=\"elementor-widget-container\">\n\t\t\t<h1 class=\"elementor-heading-title elementor-size-default\"><br><br>ORGANIZA\u00c7\u00c3O<br><\/h1>\t\t<\/div>\n\t\t\t\t<\/div>\n\t\t\t\t<div class=\"elementor-element elementor-element-1c27e6eb elementor-widget elementor-widget-heading\" data-id=\"1c27e6eb\" data-element_type=\"widget\" data-widget_type=\"heading.default\">\n\t\t\t\t<div class=\"elementor-widget-container\">\n\t\t\t<h5 class=\"elementor-heading-title elementor-size-default\">Comit\u00e9 de organiza\u00e7\u00e3o<\/h5>\t\t<\/div>\n\t\t\t\t<\/div>\n\t\t\t\t<div class=\"elementor-element elementor-element-62841b8 elementor-widget elementor-widget-text-editor\" data-id=\"62841b8\" data-element_type=\"widget\" data-widget_type=\"text-editor.default\">\n\t\t\t\t<div class=\"elementor-widget-container\">\n\t\t\t\t\t\t\t<p><strong>Donna Kesselman<\/strong>, Universit\u00e9 Paris-Est Cr\u00e9teil (UPEC),\u00a0 <strong>Sidnei Machado Sidnei<\/strong>, Universidade Federal do Paran\u00e1 (UFPR), <strong>Tom\u00e1s Moreira<\/strong>,\u00a0 Instituto de Arquitetura e Urbanismo, Universidade de S\u00e3o Paulo (USP) \u00a0 <strong>Jo\u00e3o Pedro Perin<\/strong>, Universidade Federal de S\u00e3o Carlos\u00a0 (UFSCar) <strong>Aline Pires<\/strong>, Universidade Federal de S\u00e3o Carlos (UFSCar),\u00a0 <strong>Rangel Felipe, <\/strong>Universidade Federal de S\u00e3o Carlos (UFSCar)<\/p>\t\t\t\t\t\t<\/div>\n\t\t\t\t<\/div>\n\t\t\t\t<div class=\"elementor-element elementor-element-4aced80 elementor-widget elementor-widget-heading\" data-id=\"4aced80\" data-element_type=\"widget\" data-widget_type=\"heading.default\">\n\t\t\t\t<div class=\"elementor-widget-container\">\n\t\t\t<h5 class=\"elementor-heading-title elementor-size-default\">Comit\u00e9 cient\u00edfico<\/h5>\t\t<\/div>\n\t\t\t\t<\/div>\n\t\t\t\t<div class=\"elementor-element elementor-element-f396c6e elementor-widget elementor-widget-text-editor\" data-id=\"f396c6e\" data-element_type=\"widget\" data-widget_type=\"text-editor.default\">\n\t\t\t\t<div class=\"elementor-widget-container\">\n\t\t\t\t\t\t\t<p><strong>Ludmilla C. Ab\u00edlio<\/strong>, sociologia, Instituto de Estudos Avan\u00e7ados da USP (Brazil), <strong>Christian<\/strong> <strong>Aza\u00efs<\/strong>, sociologie, LISE-CNAM (France), <strong>Adam<\/strong> <strong>Badger<\/strong>, economic geography, Newcastle University (Great Britain), <strong>Natacha Borgeaud-Garciand\u00eda<\/strong> sociologia, Conicet\u00a0(Argentine), <strong>Rodrigo Carelli<\/strong>, direito do trabalho, Universidade Federal de Rio de Janeiro (Brasil), <strong>Antonio Casilli<\/strong>, sociologie, Institut Polytechnique de Paris (France), <strong>Patrick Cingolani<\/strong>, sociologie, Universit\u00e9 de Paris-Cit\u00e9 (France), <strong>Martine D\u2019Amours<\/strong>, sociologie, Universit\u00e9 Laval (Qu\u00e9bec), <strong>Patrick Dieuaide<\/strong>, \u00e9conomie, Sorbonne Nouvelle (France), <strong>Veena Dubal<\/strong>, Faculty of Law, University of California, Irvine (USA), <strong>Olivier Giraud<\/strong>, sciences politiques CNRS\/LISE-CNAM (France), <strong>Sayonara Grillo <\/strong><strong>Coutinho<\/strong>, direito do trabalho, Universidade Federal de Rio de Janeiro (Brasil), <strong>Rafael Grohmann<\/strong>, media studies, University of Toronto (Canada),<strong> Jacob Carlos Lima<\/strong>, sociologia, Universidade Federal de S\u00e3o Carlos (Brasil), <strong>Sidnei<\/strong> <strong>Machado<\/strong>, direito do trabalho, Universidade Federal do Paran\u00e1 (UFPR-Brasil) <strong>Gu\u00e9nol\u00e9 Marchadour<\/strong>,\u00a0sociologie, LISE-CNAM (France),\u00a0<strong>Claire Marzo<\/strong>, droit du travail (Universit\u00e9 Paris-Est\u00a0 Cr\u00e9teil), <strong>Sawmiya Rajaram<\/strong>,\u00a0Jindal Global Law School, O.P Jindal Global University (India), <strong>Cibele Rizek<\/strong>, sociologia, Instituto de Arquitetura e Urbanismo,\u00a0Universidade de S\u00e3o Paulo\u00a0(USP)\u00a0(Brasil), <strong>Maxime Schirrer<\/strong>, g\u00e9ographie, LIRSA CNAM\u00a0(France), <strong>Roberto V\u00e9ras de Oliveira<\/strong>, sociologia, Universidade Federal da Para\u00edba\u00a0(Brasil), <strong>Cheolki Yoon<\/strong>, School of Social Communication, Saint-Paul University (Canada, South Korea), <strong>Isabelle Berribi-Hoffmann<\/strong>, sociologa de CNRS\/LISE-CNAM (France), <strong>Ania Tizziani<\/strong>, sociologa da Universit\u00e9 General Sarmiento, Conicet\/UNGS (Argentine)<\/p>\t\t\t\t\t\t<\/div>\n\t\t\t\t<\/div>\n\t\t\t\t<div class=\"elementor-element elementor-element-a1e9864 elementor-widget elementor-widget-heading\" data-id=\"a1e9864\" data-element_type=\"widget\" data-widget_type=\"heading.default\">\n\t\t\t\t<div class=\"elementor-widget-container\">\n\t\t\t<h5 class=\"elementor-heading-title elementor-size-default\">Institui\u00e7\u00f5es de apoio<\/h5>\t\t<\/div>\n\t\t\t\t<\/div>\n\t\t\t\t<div class=\"elementor-element elementor-element-9f1f632 elementor-widget elementor-widget-text-editor\" data-id=\"9f1f632\" data-element_type=\"widget\" data-widget_type=\"text-editor.default\">\n\t\t\t\t<div class=\"elementor-widget-container\">\n\t\t\t\t\t\t\t<p>ANR (Agence nationale de la recherche), France<\/p><p>FAPESP (Funda\u00e7\u00e3o de Amparo \u00e0 Pesquisa do Estado de S\u00e3o Paulo)<\/p><p>IAU\/USP (Instituto de Arquitetura e Urbanismo, Universidade de S\u00e3o Paulo em S\u00e3o Carlos)<\/p><p>UFSCar (Universidade Federal de S\u00e3o Carlos, Departamento de Sociologia)<\/p><p>UFPR (Universidade Federal do Paran\u00e1, Faculdade de Direito, Curitiba)<\/p><p>Universit\u00e9 Paris-Est Cr\u00e9teil (UPEC)<\/p><p>Universidade Federal do Paran\u00e1 (UFPR)<\/p>\t\t\t\t\t\t<\/div>\n\t\t\t\t<\/div>\n\t\t\t\t\t<\/div>\n\t\t<\/div>\n\t\t\t\t\t<\/div>\n\t\t<\/section>\n\t\t\t\t<\/div>\n\t\t","protected":false},"excerpt":{"rendered":"<p>EN ES FR ORGANIZA\u00c7\u00c3O Comit\u00e9 de organiza\u00e7\u00e3o Donna Kesselman, Universit\u00e9 Paris-Est Cr\u00e9teil (UPEC),\u00a0 Sidnei Machado Sidnei, Universidade Federal do Paran\u00e1 (UFPR), Tom\u00e1s Moreira,\u00a0 Instituto de Arquitetura e Urbanismo, Universidade de S\u00e3o Paulo (USP) \u00a0 Jo\u00e3o Pedro Perin, Universidade Federal de S\u00e3o Carlos\u00a0 (UFSCar) Aline Pires, Universidade Federal de S\u00e3o Carlos (UFSCar),\u00a0 Rangel Felipe, Universidade Federal [&hellip;]<\/p>\n","protected":false},"author":680,"featured_media":0,"parent":0,"menu_order":0,"comment_status":"closed","ping_status":"closed","template":"elementor_header_footer","meta":{"footnotes":"","_links_to":"","_links_to_target":""},"class_list":["post-59","page","type-page","status-publish","hentry","entry"],"_links":{"self":[{"href":"https:\/\/sites.usp.br\/zonascinzentas\/wp-json\/wp\/v2\/pages\/59","targetHints":{"allow":["GET"]}}],"collection":[{"href":"https:\/\/sites.usp.br\/zonascinzentas\/wp-json\/wp\/v2\/pages"}],"about":[{"href":"https:\/\/sites.usp.br\/zonascinzentas\/wp-json\/wp\/v2\/types\/page"}],"author":[{"embeddable":true,"href":"https:\/\/sites.usp.br\/zonascinzentas\/wp-json\/wp\/v2\/users\/680"}],"replies":[{"embeddable":true,"href":"https:\/\/sites.usp.br\/zonascinzentas\/wp-json\/wp\/v2\/comments?post=59"}],"version-history":[{"count":4,"href":"https:\/\/sites.usp.br\/zonascinzentas\/wp-json\/wp\/v2\/pages\/59\/revisions"}],"predecessor-version":[{"id":749,"href":"https:\/\/sites.usp.br\/zonascinzentas\/wp-json\/wp\/v2\/pages\/59\/revisions\/749"}],"wp:attachment":[{"href":"https:\/\/sites.usp.br\/zonascinzentas\/wp-json\/wp\/v2\/media?parent=59"}],"curies":[{"name":"wp","href":"https:\/\/api.w.org\/{rel}","templated":true}]}}