{"id":871,"date":"2018-05-04T12:02:09","date_gmt":"2018-05-04T15:02:09","guid":{"rendered":"http:\/\/sites.usp.br\/zootjr\/?page_id=871"},"modified":"2018-07-16T11:39:44","modified_gmt":"2018-07-16T14:39:44","slug":"consultoria","status":"publish","type":"page","link":"https:\/\/sites.usp.br\/zootjr\/consultoria\/","title":{"rendered":"Consultoria"},"content":{"rendered":"<h2 style=\"text-align: left\"><span style=\"color: #008080\">Precisa de ajuda em seu neg\u00f3cio?<\/span><\/h2>\n<p>&nbsp;<\/p>\n<hr \/>\n<h3><span style=\"color: #4f4e4e\">Veja o portf\u00f3lio de servi\u00e7os e acompanhamentos que a Zoot Jr. oferece:<\/span><\/h3>\n<p>&nbsp;<\/p>\n<ul>\n<li><span style=\"color: #ffcc00\"><span style=\"color: #d6bd58\"><strong>Gest\u00e3o Organizacional:<\/strong><\/span>\u00a0<\/span>Garantir uma maior efic\u00e1cia na administra\u00e7\u00e3o das propriedades com a utiliza\u00e7\u00e3o de ferramentas espec\u00edficas de gest\u00e3o para o agroneg\u00f3cio, assim como a assist\u00eancia t\u00e9cnica e acompanhamentos de membros durante a aplica\u00e7\u00e3o da mesma.<\/li>\n<\/ul>\n<p>&nbsp;<\/p>\n<ul>\n<li style=\"font-weight: 400;text-align: left\"><span style=\"color: #d6bd58\"><b><a href=\"http:\/\/sites.usp.br\/zootjr\/wp-content\/uploads\/sites\/360\/2018\/05\/Consultoria.png\"><img loading=\"lazy\" decoding=\"async\" class=\" wp-image-1046 alignright\" src=\"http:\/\/sites.usp.br\/zootjr\/wp-content\/uploads\/sites\/360\/2018\/05\/Consultoria-300x150.png\" alt=\"\" width=\"372\" height=\"186\" srcset=\"https:\/\/sites.usp.br\/zootjr\/wp-content\/uploads\/sites\/360\/2018\/05\/Consultoria-300x150.png 300w, https:\/\/sites.usp.br\/zootjr\/wp-content\/uploads\/sites\/360\/2018\/05\/Consultoria-768x383.png 768w, https:\/\/sites.usp.br\/zootjr\/wp-content\/uploads\/sites\/360\/2018\/05\/Consultoria-1024x511.png 1024w, https:\/\/sites.usp.br\/zootjr\/wp-content\/uploads\/sites\/360\/2018\/05\/Consultoria-600x300.png 600w, https:\/\/sites.usp.br\/zootjr\/wp-content\/uploads\/sites\/360\/2018\/05\/Consultoria-400x199.png 400w\" sizes=\"auto, (max-width: 372px) 100vw, 372px\" \/><\/a>Planejamento Forrageiro<\/b><\/span><span style=\"font-weight: 400\"><span style=\"color: #d6bd58\">:<\/span> Oferecer ao produtor solu\u00e7\u00f5es que garantam a disponibilidade de alimento nas propriedades ao longo dos ciclos produtivos. Dentro do tema, s\u00e3o oferecidos an\u00e1lises de solo, recomenda\u00e7\u00e3o de pr\u00e1ticas corretivas e aduba\u00e7\u00e3o, indica\u00e7\u00e3o e manejo de esp\u00e9cies forrageiras, dimensionamento e indica\u00e7\u00f5es na constru\u00e7\u00e3o de silo, assim como a produ\u00e7\u00e3o de silagem.<\/span><\/li>\n<\/ul>\n<p>&nbsp;<\/p>\n<ul>\n<li style=\"font-weight: 400\"><span style=\"color: #d6bd58\"><b>Treinamentos<\/b><\/span><span style=\"font-weight: 400\"><span style=\"color: #d6bd58\">:<\/span> Oferecer treinamentos t\u00e9cnicos \u00e0 m\u00e3o de obra em propriedades leiteiras, incluindo capacita\u00e7\u00e3o em manejos de ordenha e pr\u00e1ticas higi\u00eanico-sanit\u00e1rias.<\/span><\/li>\n<\/ul>\n<p>&nbsp;<\/p>\n<ul>\n<li style=\"font-weight: 400\"><span style=\"color: #d6bd58\"><b>Formula\u00e7\u00e3o de dietas:<\/b><\/span><span style=\"font-weight: 400\">\u00a0Ser\u00e3o oferecidos formula\u00e7\u00e3o e adequa\u00e7\u00e3o de dietas e ajustes de plano alimentar para Ruminantes e Monog\u00e1stricos.<\/span><\/li>\n<\/ul>\n<p><a href=\"http:\/\/sites.usp.br\/zootjr\/wp-content\/uploads\/sites\/360\/2018\/05\/Consultoria-2.png\"><img loading=\"lazy\" decoding=\"async\" class=\" wp-image-1044 alignleft\" src=\"http:\/\/sites.usp.br\/zootjr\/wp-content\/uploads\/sites\/360\/2018\/05\/Consultoria-2-300x159.png\" alt=\"\" width=\"409\" height=\"217\" srcset=\"https:\/\/sites.usp.br\/zootjr\/wp-content\/uploads\/sites\/360\/2018\/05\/Consultoria-2-300x159.png 300w, https:\/\/sites.usp.br\/zootjr\/wp-content\/uploads\/sites\/360\/2018\/05\/Consultoria-2-768x408.png 768w, https:\/\/sites.usp.br\/zootjr\/wp-content\/uploads\/sites\/360\/2018\/05\/Consultoria-2-1024x544.png 1024w, https:\/\/sites.usp.br\/zootjr\/wp-content\/uploads\/sites\/360\/2018\/05\/Consultoria-2-400x213.png 400w, https:\/\/sites.usp.br\/zootjr\/wp-content\/uploads\/sites\/360\/2018\/05\/Consultoria-2.png 1630w\" sizes=\"auto, (max-width: 409px) 100vw, 409px\" \/><\/a><\/p>\n<ul>\n<li style=\"font-weight: 400\"><span style=\"color: #d6bd58\"><b>An\u00e1lise do Leite:<\/b><\/span><span style=\"font-weight: 400\"><span style=\"color: #d6bd58\">\u00a0<\/span>Inclui an\u00e1lise de antibiograma, visando verificar resist\u00eancia \u00e0 antibi\u00f3ticos e recomenda\u00e7\u00f5es, an\u00e1lise de qualidade e composi\u00e7\u00e3o do leite e an\u00e1lise de culturas microbianas.<\/span><\/li>\n<\/ul>\n<p>&nbsp;<\/p>\n<ul>\n<li style=\"font-weight: 400\"><span style=\"color: #d6bd58\"><b>An\u00e1lise de solo e Recomenda\u00e7\u00e3o de Aduba\u00e7\u00e3o<\/b><\/span><span style=\"font-weight: 400\"><span style=\"color: #d6bd58\">:<\/span> Dentro do t\u00f3pico, visa-se oferecer os servi\u00e7os para produtores agropecu\u00e1rios e empresas, incluindo coleta, an\u00e1lise laboratorial e recomenda\u00e7\u00e3o pr\u00e1tica.<\/span><\/li>\n<\/ul>\n<p>&nbsp;<\/p>\n<hr \/>\n<h3><strong>CONTATO: (19) 9 9712-7561\u00a0 \u00a0 \u00a0 \u00a0 \u00a0 \u00a0 \u00a0 \u00a0 \u00a0 \u00a0 \u00a0 \u00a0 <\/strong><strong>\u00a0 E-mail: zootjr@gmail.com<\/strong><\/h3>\n<h3><\/h3>\n<h3><strong><span style=\"color: #ff9900\"><span style=\"color: #008080\">CONTRATE NOSSOS SERVI\u00c7OS!<\/span><\/span><\/strong><\/h3>\n<p>&nbsp;<\/p>\n<hr \/>\n<p>&nbsp;<\/p>\n","protected":false},"excerpt":{"rendered":"<p>Precisa de ajuda em seu neg\u00f3cio? &nbsp; Veja o portf\u00f3lio de servi\u00e7os e acompanhamentos que a Zoot Jr. oferece: &nbsp; Gest\u00e3o Organizacional:\u00a0Garantir uma maior efic\u00e1cia na administra\u00e7\u00e3o das propriedades com a utiliza\u00e7\u00e3o de ferramentas espec\u00edficas de gest\u00e3o para o agroneg\u00f3cio, assim como a assist\u00eancia t\u00e9cnica e acompanhamentos de membros durante a aplica\u00e7\u00e3o da mesma. &nbsp; [&hellip;]<\/p>\n","protected":false},"author":646,"featured_media":0,"parent":0,"menu_order":0,"comment_status":"closed","ping_status":"closed","template":"","meta":{"_monsterinsights_skip_tracking":false,"_monsterinsights_sitenote_active":false,"_monsterinsights_sitenote_note":"","_monsterinsights_sitenote_category":0,"footnotes":"","_links_to":"","_links_to_target":""},"class_list":["post-871","page","type-page","status-publish","hentry","entry"],"_links":{"self":[{"href":"https:\/\/sites.usp.br\/zootjr\/wp-json\/wp\/v2\/pages\/871","targetHints":{"allow":["GET"]}}],"collection":[{"href":"https:\/\/sites.usp.br\/zootjr\/wp-json\/wp\/v2\/pages"}],"about":[{"href":"https:\/\/sites.usp.br\/zootjr\/wp-json\/wp\/v2\/types\/page"}],"author":[{"embeddable":true,"href":"https:\/\/sites.usp.br\/zootjr\/wp-json\/wp\/v2\/users\/646"}],"replies":[{"embeddable":true,"href":"https:\/\/sites.usp.br\/zootjr\/wp-json\/wp\/v2\/comments?post=871"}],"version-history":[{"count":4,"href":"https:\/\/sites.usp.br\/zootjr\/wp-json\/wp\/v2\/pages\/871\/revisions"}],"predecessor-version":[{"id":928,"href":"https:\/\/sites.usp.br\/zootjr\/wp-json\/wp\/v2\/pages\/871\/revisions\/928"}],"wp:attachment":[{"href":"https:\/\/sites.usp.br\/zootjr\/wp-json\/wp\/v2\/media?parent=871"}],"curies":[{"name":"wp","href":"https:\/\/api.w.org\/{rel}","templated":true}]}}